{"id":317098,"date":"2026-03-23T09:52:11","date_gmt":"2026-03-23T08:52:11","guid":{"rendered":"https:\/\/dev.freakuence.nl\/product\/accuphase-c-222\/"},"modified":"2026-03-23T09:52:11","modified_gmt":"2026-03-23T08:52:11","slug":"accuphase-c-222","status":"publish","type":"product","link":"https:\/\/dev.freakuence.nl\/de\/produkt\/accuphase-c-222\/","title":{"rendered":"Accuphase C-222"},"content":{"rendered":"<div class=\"product-specifications-list\">\n<div class=\"specification-item row-header\"><span class=\"spec-content\"><strong>Beschreibung Freakuence!<\/strong><\/span><\/div>\n<div class=\"specification-item row-even\"><span class=\"spec-content\">Lasst uns altmodisch werden, Mann! Alt aber gut. Dieses Ger\u00e4t spielt auf hohem Niveau. Sicher, zeitgen\u00f6ssische Accuphase-Modelle gehen gro\u00dfz\u00fcgig dar\u00fcber hinweg, aber zeitgen\u00f6ssische Midrange-Modelle haben es schwer, ihn zu h\u00f6ren. Der nat\u00fcrliche Mitteltonbereich, den er hinlegt, ist k\u00f6stlich. Eine nat\u00fcrliche Kreation von Instrumenten und Stimmen.     <\/span><\/div>\n<div class=\"specification-item row-header\"><span class=\"spec-content\"><strong>Allgemeine Beschreibung<\/strong><\/span><\/div>\n<div class=\"specification-item row-even\"><span class=\"spec-content\">Der Vorverst\u00e4rker ist mit mehreren Anschlussm\u00f6glichkeiten ausgestattet, darunter zwei Bandanschlussklemmen f\u00fcr Aufnahme, Wiedergabe und Monitoring. Der C-222 bietet eine Subsonic-Filterfunktion, die unerw\u00fcnschte tiefe Frequenzen reduziert, ohne das h\u00f6rbare Band zu beeintr\u00e4chtigen. Au\u00dferdem gibt es eine Kompensationsfunktion, die den Frequenzgang automatisch an die Lautst\u00e4rkeposition anpasst und so eine ausgewogene Wiedergabe bei unterschiedlichen H\u00f6rlautst\u00e4rken gew\u00e4hrleistet.  <\/span><\/div>\n<div class=\"specification-item row-header\"><span class=\"spec-content\"><strong>Hintergrundinformationen<\/strong><\/span><\/div>\n<div class=\"specification-item row-even\"><span class=\"spec-content\">Der Accuphase C-222 ist ein Vorverst\u00e4rker, der auf der Designphilosophie von klanglicher Reinheit und geringer Verzerrung aufbaut. Der C-222 wurde von Accuphases hauseigenem Team japanischer Ingenieure entwickelt und verf\u00fcgt \u00fcber sorgf\u00e4ltig ausgew\u00e4hlte diskrete Komponenten und ein vollst\u00e4ndig symmetrisches Schaltungsdesign. Die interne Verdrahtung besteht aus handgezogenem, hochreinem Kupfer und das Geh\u00e4use ist aus massivem Aluminium gefertigt. Alles wird in Japan nach den strengen Qualit\u00e4tsstandards von Accuphase in der eigenen Fabrik in Yokohama hergestellt.   <\/span><\/div>\n<div class=\"specification-item row-header\"><span class=\"spec-content\"><strong>Geschichte der Marke<\/strong><\/span><\/div>\n<div class=\"specification-item row-even\"><span class=\"spec-content\">Accuphase wurde 1972 in Tokio als Kensonic Laboratory von den Br\u00fcdern Nakaichi und Jiro Kasuga gegr\u00fcndet. Der Firmenname wurde 1982 in Accuphase Laboratory, Inc. ge\u00e4ndert, um den Markennamen und den Firmennamen zu vereinheitlichen. Die ersten Produkte der Marke, der Vorverst\u00e4rker C-200, der Endverst\u00e4rker P-300 und das Stimmger\u00e4t T-100, wurden 1973 eingef\u00fchrt. Diese Modelle wurden mit hochwertigen Komponenten und in anspruchsvoller Verarbeitung hergestellt und erhielten sofort positive Reaktionen und Auszeichnungen. Seit 1973 operiert Accuphase von Yokohama, Japan, aus, wo sich der Hauptsitz befindet, und die Marke hat ihr Sortiment um verschiedene Audioger\u00e4te erweitert.     <\/span><\/div>\n<\/div>\n","protected":false},"excerpt":{"rendered":"<p>Beschreibung Freakuence! Lasst uns altmodisch werden, Mann! Alt aber gut. Dieses Ger\u00e4t spielt auf hohem Niveau. Sicher, zeitgen\u00f6ssische Accuphase-Modelle gehen gro\u00dfz\u00fcgig dar\u00fcber hinweg, aber zeitgen\u00f6ssische Midrange-Modelle haben es schwer, ihn zu h\u00f6ren. Der nat\u00fcrliche Mitteltonbereich, den er hinlegt, ist k\u00f6stlich. Eine nat\u00fcrliche Kreation von Instrumenten und Stimmen. Allgemeine Beschreibung Der Vorverst\u00e4rker ist mit mehreren Anschlussm\u00f6glichkeiten [&hellip;]<\/p>\n","protected":false},"featured_media":317060,"template":"","meta":{"_acf_changed":false,"inline_featured_image":false},"product_brand":[],"product_cat":[576],"product_tag":[555],"class_list":{"0":"post-317098","1":"product","2":"type-product","3":"status-publish","4":"has-post-thumbnail","6":"product_cat-zubehor","7":"product_tag-benutzt","9":"first","10":"instock","11":"sold-individually","12":"purchasable","13":"product-type-simple"},"acf":[],"yoast_head":"<!-- This site is optimized with the Yoast SEO plugin v25.9 - https:\/\/yoast.com\/wordpress\/plugins\/seo\/ -->\n<title>Accuphase C-222 | Freakuence!<\/title>\n<meta name=\"robots\" content=\"noindex, follow, max-snippet:-1, max-image-preview:large, max-video-preview:-1\" \/>\n<meta property=\"og:locale\" content=\"de_DE\" \/>\n<meta property=\"og:type\" content=\"article\" \/>\n<meta property=\"og:title\" content=\"Accuphase C-222 | Freakuence!\" \/>\n<meta property=\"og:description\" content=\"Beschreibung Freakuence! Lasst uns altmodisch werden, Mann! Alt aber gut. Dieses Ger\u00e4t spielt auf hohem Niveau. Sicher, zeitgen\u00f6ssische Accuphase-Modelle gehen gro\u00dfz\u00fcgig dar\u00fcber hinweg, aber zeitgen\u00f6ssische Midrange-Modelle haben es schwer, ihn zu h\u00f6ren. Der nat\u00fcrliche Mitteltonbereich, den er hinlegt, ist k\u00f6stlich. Eine nat\u00fcrliche Kreation von Instrumenten und Stimmen. Allgemeine Beschreibung Der Vorverst\u00e4rker ist mit mehreren Anschlussm\u00f6glichkeiten [&hellip;]\" \/>\n<meta property=\"og:url\" content=\"https:\/\/dev.freakuence.nl\/de\/produkt\/accuphase-c-222\/\" \/>\n<meta property=\"og:site_name\" content=\"Freakuence!\" \/>\n<meta property=\"og:image\" content=\"https:\/\/dev.freakuence.nl\/wp-content\/uploads\/2026\/03\/17742491483019-3034-1.jpg\" \/>\n\t<meta property=\"og:image:width\" content=\"686\" \/>\n\t<meta property=\"og:image:height\" content=\"386\" \/>\n\t<meta property=\"og:image:type\" content=\"image\/jpeg\" \/>\n<meta name=\"twitter:card\" content=\"summary_large_image\" \/>\n<script type=\"application\/ld+json\" class=\"yoast-schema-graph\">{\"@context\":\"https:\/\/schema.org\",\"@graph\":[{\"@type\":\"WebPage\",\"@id\":\"https:\/\/dev.freakuence.nl\/de\/produkt\/accuphase-c-222\/\",\"url\":\"https:\/\/dev.freakuence.nl\/de\/produkt\/accuphase-c-222\/\",\"name\":\"Accuphase C-222 | Freakuence!\",\"isPartOf\":{\"@id\":\"https:\/\/dev.freakuence.nl\/de\/#website\"},\"primaryImageOfPage\":{\"@id\":\"https:\/\/dev.freakuence.nl\/de\/produkt\/accuphase-c-222\/#primaryimage\"},\"image\":{\"@id\":\"https:\/\/dev.freakuence.nl\/de\/produkt\/accuphase-c-222\/#primaryimage\"},\"thumbnailUrl\":\"https:\/\/dev.freakuence.nl\/wp-content\/uploads\/2026\/03\/17742491483019-3034-1.jpg\",\"datePublished\":\"2026-03-23T08:52:11+00:00\",\"breadcrumb\":{\"@id\":\"https:\/\/dev.freakuence.nl\/de\/produkt\/accuphase-c-222\/#breadcrumb\"},\"inLanguage\":\"de\",\"potentialAction\":[{\"@type\":\"ReadAction\",\"target\":[\"https:\/\/dev.freakuence.nl\/de\/produkt\/accuphase-c-222\/\"]}]},{\"@type\":\"ImageObject\",\"inLanguage\":\"de\",\"@id\":\"https:\/\/dev.freakuence.nl\/de\/produkt\/accuphase-c-222\/#primaryimage\",\"url\":\"https:\/\/dev.freakuence.nl\/wp-content\/uploads\/2026\/03\/17742491483019-3034-1.jpg\",\"contentUrl\":\"https:\/\/dev.freakuence.nl\/wp-content\/uploads\/2026\/03\/17742491483019-3034-1.jpg\",\"width\":686,\"height\":386},{\"@type\":\"BreadcrumbList\",\"@id\":\"https:\/\/dev.freakuence.nl\/de\/produkt\/accuphase-c-222\/#breadcrumb\",\"itemListElement\":[{\"@type\":\"ListItem\",\"position\":1,\"name\":\"Home\",\"item\":\"https:\/\/dev.freakuence.nl\/de\/\"},{\"@type\":\"ListItem\",\"position\":2,\"name\":\"Products\",\"item\":\"https:\/\/dev.freakuence.nl\/en\/products\/\"},{\"@type\":\"ListItem\",\"position\":3,\"name\":\"Accuphase C-222\"}]},{\"@type\":\"WebSite\",\"@id\":\"https:\/\/dev.freakuence.nl\/de\/#website\",\"url\":\"https:\/\/dev.freakuence.nl\/de\/\",\"name\":\"Freakuence!\",\"description\":\"Freakuence!\",\"alternateName\":\"Freakuence\",\"potentialAction\":[{\"@type\":\"SearchAction\",\"target\":{\"@type\":\"EntryPoint\",\"urlTemplate\":\"https:\/\/dev.freakuence.nl\/de\/?s={search_term_string}\"},\"query-input\":{\"@type\":\"PropertyValueSpecification\",\"valueRequired\":true,\"valueName\":\"search_term_string\"}}],\"inLanguage\":\"de\"}]}<\/script>\n<!-- \/ Yoast SEO plugin. -->","yoast_head_json":{"title":"Accuphase C-222 | Freakuence!","robots":{"index":"noindex","follow":"follow","max-snippet":"max-snippet:-1","max-image-preview":"max-image-preview:large","max-video-preview":"max-video-preview:-1"},"og_locale":"de_DE","og_type":"article","og_title":"Accuphase C-222 | Freakuence!","og_description":"Beschreibung Freakuence! Lasst uns altmodisch werden, Mann! Alt aber gut. Dieses Ger\u00e4t spielt auf hohem Niveau. Sicher, zeitgen\u00f6ssische Accuphase-Modelle gehen gro\u00dfz\u00fcgig dar\u00fcber hinweg, aber zeitgen\u00f6ssische Midrange-Modelle haben es schwer, ihn zu h\u00f6ren. Der nat\u00fcrliche Mitteltonbereich, den er hinlegt, ist k\u00f6stlich. Eine nat\u00fcrliche Kreation von Instrumenten und Stimmen. Allgemeine Beschreibung Der Vorverst\u00e4rker ist mit mehreren Anschlussm\u00f6glichkeiten [&hellip;]","og_url":"https:\/\/dev.freakuence.nl\/de\/produkt\/accuphase-c-222\/","og_site_name":"Freakuence!","og_image":[{"width":686,"height":386,"url":"https:\/\/dev.freakuence.nl\/wp-content\/uploads\/2026\/03\/17742491483019-3034-1.jpg","type":"image\/jpeg"}],"twitter_card":"summary_large_image","schema":{"@context":"https:\/\/schema.org","@graph":[{"@type":"WebPage","@id":"https:\/\/dev.freakuence.nl\/de\/produkt\/accuphase-c-222\/","url":"https:\/\/dev.freakuence.nl\/de\/produkt\/accuphase-c-222\/","name":"Accuphase C-222 | Freakuence!","isPartOf":{"@id":"https:\/\/dev.freakuence.nl\/de\/#website"},"primaryImageOfPage":{"@id":"https:\/\/dev.freakuence.nl\/de\/produkt\/accuphase-c-222\/#primaryimage"},"image":{"@id":"https:\/\/dev.freakuence.nl\/de\/produkt\/accuphase-c-222\/#primaryimage"},"thumbnailUrl":"https:\/\/dev.freakuence.nl\/wp-content\/uploads\/2026\/03\/17742491483019-3034-1.jpg","datePublished":"2026-03-23T08:52:11+00:00","breadcrumb":{"@id":"https:\/\/dev.freakuence.nl\/de\/produkt\/accuphase-c-222\/#breadcrumb"},"inLanguage":"de","potentialAction":[{"@type":"ReadAction","target":["https:\/\/dev.freakuence.nl\/de\/produkt\/accuphase-c-222\/"]}]},{"@type":"ImageObject","inLanguage":"de","@id":"https:\/\/dev.freakuence.nl\/de\/produkt\/accuphase-c-222\/#primaryimage","url":"https:\/\/dev.freakuence.nl\/wp-content\/uploads\/2026\/03\/17742491483019-3034-1.jpg","contentUrl":"https:\/\/dev.freakuence.nl\/wp-content\/uploads\/2026\/03\/17742491483019-3034-1.jpg","width":686,"height":386},{"@type":"BreadcrumbList","@id":"https:\/\/dev.freakuence.nl\/de\/produkt\/accuphase-c-222\/#breadcrumb","itemListElement":[{"@type":"ListItem","position":1,"name":"Home","item":"https:\/\/dev.freakuence.nl\/de\/"},{"@type":"ListItem","position":2,"name":"Products","item":"https:\/\/dev.freakuence.nl\/en\/products\/"},{"@type":"ListItem","position":3,"name":"Accuphase C-222"}]},{"@type":"WebSite","@id":"https:\/\/dev.freakuence.nl\/de\/#website","url":"https:\/\/dev.freakuence.nl\/de\/","name":"Freakuence!","description":"Freakuence!","alternateName":"Freakuence","potentialAction":[{"@type":"SearchAction","target":{"@type":"EntryPoint","urlTemplate":"https:\/\/dev.freakuence.nl\/de\/?s={search_term_string}"},"query-input":{"@type":"PropertyValueSpecification","valueRequired":true,"valueName":"search_term_string"}}],"inLanguage":"de"}]}},"_links":{"self":[{"href":"https:\/\/dev.freakuence.nl\/de\/wp-json\/wp\/v2\/product\/317098","targetHints":{"allow":["GET"]}}],"collection":[{"href":"https:\/\/dev.freakuence.nl\/de\/wp-json\/wp\/v2\/product"}],"about":[{"href":"https:\/\/dev.freakuence.nl\/de\/wp-json\/wp\/v2\/types\/product"}],"version-history":[{"count":0,"href":"https:\/\/dev.freakuence.nl\/de\/wp-json\/wp\/v2\/product\/317098\/revisions"}],"wp:featuredmedia":[{"embeddable":true,"href":"https:\/\/dev.freakuence.nl\/de\/wp-json\/wp\/v2\/media\/317060"}],"wp:attachment":[{"href":"https:\/\/dev.freakuence.nl\/de\/wp-json\/wp\/v2\/media?parent=317098"}],"wp:term":[{"taxonomy":"product_brand","embeddable":true,"href":"https:\/\/dev.freakuence.nl\/de\/wp-json\/wp\/v2\/product_brand?post=317098"},{"taxonomy":"product_cat","embeddable":true,"href":"https:\/\/dev.freakuence.nl\/de\/wp-json\/wp\/v2\/product_cat?post=317098"},{"taxonomy":"product_tag","embeddable":true,"href":"https:\/\/dev.freakuence.nl\/de\/wp-json\/wp\/v2\/product_tag?post=317098"}],"curies":[{"name":"wp","href":"https:\/\/api.w.org\/{rel}","templated":true}]}}