{"id":317351,"date":"2026-03-25T06:42:41","date_gmt":"2026-03-25T05:42:41","guid":{"rendered":"https:\/\/dev.freakuence.nl\/product\/bw-702-s2-2\/"},"modified":"2026-03-25T06:42:41","modified_gmt":"2026-03-25T05:42:41","slug":"bw-702-s2-2","status":"publish","type":"product","link":"https:\/\/dev.freakuence.nl\/de\/produkt\/bw-702-s2-2\/","title":{"rendered":"B&amp;W 702 S2"},"content":{"rendered":"<div class=\"product-specifications-list\">\n<div class=\"specification-item row-header\"><span class=\"spec-content\"><strong>Beschreibung Freakuence!<\/strong><\/span><\/div>\n<div class=\"specification-item row-even\"><span class=\"spec-content\">Wunderbares Top-Set aus der aktuellen 700er Serie. Sie spielen warm und offen und sind leicht zu spielen. Mit dem richtigen Verst\u00e4rker bleibt vielen der Mund offen stehen! Fragen Sie ruhig nach Tipps.   <\/span><\/div>\n<div class=\"specification-item row-odd\"><span class=\"spec-content\">Ladenpreis: 4998.00<\/span><\/div>\n<div class=\"specification-item row-header\"><span class=\"spec-content\"><strong>Geschichte der Marke<\/strong><\/span><\/div>\n<div class=\"specification-item row-even\"><span class=\"spec-content\">Bowers &amp; Wilkins wurde 1966 von John Bowers in Worthing, England, gegr\u00fcndet. Der erste Lautsprecher, der P1, wurde von Hand in einer Werkstatt hinter einem Elektronikgesch\u00e4ft zusammengebaut. Im Jahr 1968 wurde das Unternehmen offiziell als B&amp;W Loudspeakers Ltd. registriert. 1974 stellte die Marke den DM6 vor, gefolgt vom 801 im Jahr 1979, einem Modell, das in Aufnahmestudios eingesetzt wurde. In den folgenden Jahren entwickelte Bowers &amp; Wilkins mehrere Modelle der 800er Serie. Im Jahr 1998 er\u00f6ffnete das Unternehmen sein Forschungs- und Entwicklungszentrum, das Steyning Research Establishment. Im Jahr 2015 f\u00fchrte das Unternehmen die 800 Series Diamond ein. F\u00fchrende Designer wie Laurence Dickie und sp\u00e4ter John Dibb trugen zur Produktentwicklung bei. Im Jahr 2020 wurde Bowers &amp; Wilkins von Sound United LLC \u00fcbernommen. Der Hauptsitz des Unternehmens befindet sich in Gro\u00dfbritannien.         <\/span><\/div>\n<\/div>\n","protected":false},"excerpt":{"rendered":"<p>Beschreibung Freakuence! Wunderbares Top-Set aus der aktuellen 700er Serie. Sie spielen warm und offen und sind leicht zu spielen. Mit dem richtigen Verst\u00e4rker bleibt vielen der Mund offen stehen! Fragen Sie ruhig nach Tipps. Ladenpreis: 4998.00 Geschichte der Marke Bowers &amp; Wilkins wurde 1966 von John Bowers in Worthing, England, gegr\u00fcndet. Der erste Lautsprecher, der [&hellip;]<\/p>\n","protected":false},"featured_media":0,"template":"","meta":{"_acf_changed":false,"inline_featured_image":false},"product_brand":[],"product_cat":[553],"product_tag":[555],"class_list":{"0":"post-317351","1":"product","2":"type-product","3":"status-publish","5":"product_cat-redner","6":"product_tag-benutzt","7":"pa_kleur-weis","9":"first","10":"onbackorder","11":"sold-individually","12":"purchasable","13":"product-type-variable"},"acf":[],"yoast_head":"<!-- This site is optimized with the Yoast SEO plugin v25.9 - https:\/\/yoast.com\/wordpress\/plugins\/seo\/ -->\n<title>B&amp;W 702 S2 | Freakuence!<\/title>\n<meta name=\"robots\" content=\"noindex, follow, max-snippet:-1, max-image-preview:large, max-video-preview:-1\" \/>\n<meta property=\"og:locale\" content=\"de_DE\" \/>\n<meta property=\"og:type\" content=\"article\" \/>\n<meta property=\"og:title\" content=\"B&amp;W 702 S2 | Freakuence!\" \/>\n<meta property=\"og:description\" content=\"Beschreibung Freakuence! Wunderbares Top-Set aus der aktuellen 700er Serie. Sie spielen warm und offen und sind leicht zu spielen. Mit dem richtigen Verst\u00e4rker bleibt vielen der Mund offen stehen! Fragen Sie ruhig nach Tipps. Ladenpreis: 4998.00 Geschichte der Marke Bowers &amp; Wilkins wurde 1966 von John Bowers in Worthing, England, gegr\u00fcndet. Der erste Lautsprecher, der [&hellip;]\" \/>\n<meta property=\"og:url\" content=\"https:\/\/dev.freakuence.nl\/de\/produkt\/bw-702-s2-2\/\" \/>\n<meta property=\"og:site_name\" content=\"Freakuence!\" \/>\n<meta name=\"twitter:card\" content=\"summary_large_image\" \/>\n<script type=\"application\/ld+json\" class=\"yoast-schema-graph\">{\"@context\":\"https:\/\/schema.org\",\"@graph\":[{\"@type\":\"WebPage\",\"@id\":\"https:\/\/dev.freakuence.nl\/de\/produkt\/bw-702-s2-2\/\",\"url\":\"https:\/\/dev.freakuence.nl\/de\/produkt\/bw-702-s2-2\/\",\"name\":\"B&amp;W 702 S2 | Freakuence!\",\"isPartOf\":{\"@id\":\"https:\/\/dev.freakuence.nl\/de\/#website\"},\"datePublished\":\"2026-03-25T05:42:41+00:00\",\"breadcrumb\":{\"@id\":\"https:\/\/dev.freakuence.nl\/de\/produkt\/bw-702-s2-2\/#breadcrumb\"},\"inLanguage\":\"de\",\"potentialAction\":[{\"@type\":\"ReadAction\",\"target\":[\"https:\/\/dev.freakuence.nl\/de\/produkt\/bw-702-s2-2\/\"]}]},{\"@type\":\"BreadcrumbList\",\"@id\":\"https:\/\/dev.freakuence.nl\/de\/produkt\/bw-702-s2-2\/#breadcrumb\",\"itemListElement\":[{\"@type\":\"ListItem\",\"position\":1,\"name\":\"Home\",\"item\":\"https:\/\/dev.freakuence.nl\/de\/\"},{\"@type\":\"ListItem\",\"position\":2,\"name\":\"Products\",\"item\":\"https:\/\/dev.freakuence.nl\/en\/products\/\"},{\"@type\":\"ListItem\",\"position\":3,\"name\":\"SCHWARZWEISS 702 S2\"}]},{\"@type\":\"WebSite\",\"@id\":\"https:\/\/dev.freakuence.nl\/de\/#website\",\"url\":\"https:\/\/dev.freakuence.nl\/de\/\",\"name\":\"Freakuence!\",\"description\":\"Freakuence!\",\"alternateName\":\"Freakuence\",\"potentialAction\":[{\"@type\":\"SearchAction\",\"target\":{\"@type\":\"EntryPoint\",\"urlTemplate\":\"https:\/\/dev.freakuence.nl\/de\/?s={search_term_string}\"},\"query-input\":{\"@type\":\"PropertyValueSpecification\",\"valueRequired\":true,\"valueName\":\"search_term_string\"}}],\"inLanguage\":\"de\"}]}<\/script>\n<!-- \/ Yoast SEO plugin. -->","yoast_head_json":{"title":"B&amp;W 702 S2 | Freakuence!","robots":{"index":"noindex","follow":"follow","max-snippet":"max-snippet:-1","max-image-preview":"max-image-preview:large","max-video-preview":"max-video-preview:-1"},"og_locale":"de_DE","og_type":"article","og_title":"B&amp;W 702 S2 | Freakuence!","og_description":"Beschreibung Freakuence! Wunderbares Top-Set aus der aktuellen 700er Serie. Sie spielen warm und offen und sind leicht zu spielen. Mit dem richtigen Verst\u00e4rker bleibt vielen der Mund offen stehen! Fragen Sie ruhig nach Tipps. Ladenpreis: 4998.00 Geschichte der Marke Bowers &amp; Wilkins wurde 1966 von John Bowers in Worthing, England, gegr\u00fcndet. Der erste Lautsprecher, der [&hellip;]","og_url":"https:\/\/dev.freakuence.nl\/de\/produkt\/bw-702-s2-2\/","og_site_name":"Freakuence!","twitter_card":"summary_large_image","schema":{"@context":"https:\/\/schema.org","@graph":[{"@type":"WebPage","@id":"https:\/\/dev.freakuence.nl\/de\/produkt\/bw-702-s2-2\/","url":"https:\/\/dev.freakuence.nl\/de\/produkt\/bw-702-s2-2\/","name":"B&amp;W 702 S2 | Freakuence!","isPartOf":{"@id":"https:\/\/dev.freakuence.nl\/de\/#website"},"datePublished":"2026-03-25T05:42:41+00:00","breadcrumb":{"@id":"https:\/\/dev.freakuence.nl\/de\/produkt\/bw-702-s2-2\/#breadcrumb"},"inLanguage":"de","potentialAction":[{"@type":"ReadAction","target":["https:\/\/dev.freakuence.nl\/de\/produkt\/bw-702-s2-2\/"]}]},{"@type":"BreadcrumbList","@id":"https:\/\/dev.freakuence.nl\/de\/produkt\/bw-702-s2-2\/#breadcrumb","itemListElement":[{"@type":"ListItem","position":1,"name":"Home","item":"https:\/\/dev.freakuence.nl\/de\/"},{"@type":"ListItem","position":2,"name":"Products","item":"https:\/\/dev.freakuence.nl\/en\/products\/"},{"@type":"ListItem","position":3,"name":"SCHWARZWEISS 702 S2"}]},{"@type":"WebSite","@id":"https:\/\/dev.freakuence.nl\/de\/#website","url":"https:\/\/dev.freakuence.nl\/de\/","name":"Freakuence!","description":"Freakuence!","alternateName":"Freakuence","potentialAction":[{"@type":"SearchAction","target":{"@type":"EntryPoint","urlTemplate":"https:\/\/dev.freakuence.nl\/de\/?s={search_term_string}"},"query-input":{"@type":"PropertyValueSpecification","valueRequired":true,"valueName":"search_term_string"}}],"inLanguage":"de"}]}},"_links":{"self":[{"href":"https:\/\/dev.freakuence.nl\/de\/wp-json\/wp\/v2\/product\/317351","targetHints":{"allow":["GET"]}}],"collection":[{"href":"https:\/\/dev.freakuence.nl\/de\/wp-json\/wp\/v2\/product"}],"about":[{"href":"https:\/\/dev.freakuence.nl\/de\/wp-json\/wp\/v2\/types\/product"}],"version-history":[{"count":0,"href":"https:\/\/dev.freakuence.nl\/de\/wp-json\/wp\/v2\/product\/317351\/revisions"}],"wp:attachment":[{"href":"https:\/\/dev.freakuence.nl\/de\/wp-json\/wp\/v2\/media?parent=317351"}],"wp:term":[{"taxonomy":"product_brand","embeddable":true,"href":"https:\/\/dev.freakuence.nl\/de\/wp-json\/wp\/v2\/product_brand?post=317351"},{"taxonomy":"product_cat","embeddable":true,"href":"https:\/\/dev.freakuence.nl\/de\/wp-json\/wp\/v2\/product_cat?post=317351"},{"taxonomy":"product_tag","embeddable":true,"href":"https:\/\/dev.freakuence.nl\/de\/wp-json\/wp\/v2\/product_tag?post=317351"}],"curies":[{"name":"wp","href":"https:\/\/api.w.org\/{rel}","templated":true}]}}