{"id":317384,"date":"2026-03-25T07:50:04","date_gmt":"2026-03-25T06:50:04","guid":{"rendered":"https:\/\/dev.freakuence.nl\/product\/advance-akustik-x-i120\/"},"modified":"2026-03-25T07:50:04","modified_gmt":"2026-03-25T06:50:04","slug":"advance-akustik-x-i120","status":"publish","type":"product","link":"https:\/\/dev.freakuence.nl\/de\/produkt\/advance-akustik-x-i120\/","title":{"rendered":"Advance Akustik X-i120"},"content":{"rendered":"<div class=\"product-specifications-list\">\n<div class=\"specification-item row-header\"><span class=\"spec-content\"><strong>Beschreibung Freakuence!<\/strong><\/span><\/div>\n<div class=\"specification-item row-even\"><span class=\"spec-content\">Advance Acoustic bringt Musik mit einem lebendigen und dynamischen Flair. Ein flamboyantes franz\u00f6sisches Flair? Je ne sais pas. Eine tiefe, durchg\u00e4ngig tiefe Stimme voller Charakter. Vive la France!    <\/span><\/div>\n<div class=\"specification-item row-odd\"><span class=\"spec-content\">Ladenpreis: 1249.00<\/span><\/div>\n<div class=\"specification-item row-header\"><span class=\"spec-content\"><strong>Allgemeine Beschreibung<\/strong><\/span><\/div>\n<div class=\"specification-item row-even\"><span class=\"spec-content\">Der Advance Acoustic X-i120 ist ein Vollverst\u00e4rker, der 120 Watt pro Kanal an 8 Ohm und 160 Watt an 4 Ohm liefert. Er verf\u00fcgt \u00fcber acht analoge Eing\u00e4nge, darunter einen MM-Phonoeingang f\u00fcr Plattenspieler, und f\u00fcnf digitale Eing\u00e4nge: zwei koaxiale, einen optischen, einen USB-B und einen USB-A. Der Verst\u00e4rker ist mit einem 24-Bit\/192 kHz D\/A-Wandler von Cirrus Logic (CS8416) ausgestattet und verf\u00fcgt \u00fcber eine Gesamtfilterkapazit\u00e4t von 20.000 \u00b5F. Au\u00dferdem ist eine High-Bias-Schaltung vorhanden, die es dem Verst\u00e4rker erm\u00f6glicht, in voller Class-A-Qualit\u00e4t mit bis zu 25 Watt pro Kanal zu arbeiten. Der X-i120 verf\u00fcgt \u00fcber zwei 200 VA Ringkerntransformatoren und wird mit einer Fernbedienung geliefert. Seine Abmessungen sind 430 x 175 x 350 mm und sein Gewicht betr\u00e4gt 14,4 kg.     <\/span><\/div>\n<div class=\"specification-item row-header\"><span class=\"spec-content\"><strong>Geschichte der Marke<\/strong><\/span><\/div>\n<div class=\"specification-item row-even\"><span class=\"spec-content\">Advance Acoustic ist eine franz\u00f6sische Audiomarke, die 1995 gegr\u00fcndet wurde. Das Unternehmen hat seinen Sitz in Brie-Comte-Robert in der N\u00e4he von Paris. Im Jahr 2016 wurde der Markenname in Advance Paris ge\u00e4ndert. Die Produktpalette umfasst Verst\u00e4rker, CD-Player, Lautsprecher und andere Audiokomponenten. Die Produkte werden in Frankreich entworfen und entwickelt. Advance Paris hat einen weltweiten Vertrieb und ist in mehr als 80 L\u00e4ndern t\u00e4tig. Die Marke hat mehrere Auszeichnungen f\u00fcr ihre Produkte erhalten. Im Jahr 2018 f\u00fchrte Advance Paris die Smart Line Serie ein. Im Jahr 2020 brachte sie die MyConnect 150 auf den Markt. Im Jahr 2022 brachte die Marke den Vollverst\u00e4rker X-i1100 auf den Markt. Advance Paris erweitert seine Produktlinie st\u00e4ndig um neue Modelle.          <\/span><\/div>\n<\/div>\n","protected":false},"excerpt":{"rendered":"<p>Beschreibung Freakuence! Advance Acoustic bringt Musik mit einem lebendigen und dynamischen Flair. Ein flamboyantes franz\u00f6sisches Flair? Je ne sais pas. Eine tiefe, durchg\u00e4ngig tiefe Stimme voller Charakter. Vive la France! Ladenpreis: 1249.00 Allgemeine Beschreibung Der Advance Acoustic X-i120 ist ein Vollverst\u00e4rker, der 120 Watt pro Kanal an 8 Ohm und 160 Watt an 4 Ohm [&hellip;]<\/p>\n","protected":false},"featured_media":0,"template":"","meta":{"_acf_changed":false,"inline_featured_image":false},"product_brand":[],"product_cat":[560],"product_tag":[555],"class_list":{"0":"post-317384","1":"product","2":"type-product","3":"status-publish","5":"product_cat-verstarker","6":"product_tag-benutzt","7":"pa_kleur-schwarz","9":"first","10":"onbackorder","11":"sold-individually","12":"purchasable","13":"product-type-variable"},"acf":[],"yoast_head":"<!-- This site is optimized with the Yoast SEO plugin v25.9 - https:\/\/yoast.com\/wordpress\/plugins\/seo\/ -->\n<title>Advance Akustik X-i120 | Freakuence!<\/title>\n<meta name=\"robots\" content=\"noindex, follow, max-snippet:-1, max-image-preview:large, max-video-preview:-1\" \/>\n<meta property=\"og:locale\" content=\"de_DE\" \/>\n<meta property=\"og:type\" content=\"article\" \/>\n<meta property=\"og:title\" content=\"Advance Akustik X-i120 | Freakuence!\" \/>\n<meta property=\"og:description\" content=\"Beschreibung Freakuence! Advance Acoustic bringt Musik mit einem lebendigen und dynamischen Flair. Ein flamboyantes franz\u00f6sisches Flair? Je ne sais pas. Eine tiefe, durchg\u00e4ngig tiefe Stimme voller Charakter. Vive la France! Ladenpreis: 1249.00 Allgemeine Beschreibung Der Advance Acoustic X-i120 ist ein Vollverst\u00e4rker, der 120 Watt pro Kanal an 8 Ohm und 160 Watt an 4 Ohm [&hellip;]\" \/>\n<meta property=\"og:url\" content=\"https:\/\/dev.freakuence.nl\/de\/produkt\/advance-akustik-x-i120\/\" \/>\n<meta property=\"og:site_name\" content=\"Freakuence!\" \/>\n<meta name=\"twitter:card\" content=\"summary_large_image\" \/>\n<script type=\"application\/ld+json\" class=\"yoast-schema-graph\">{\"@context\":\"https:\/\/schema.org\",\"@graph\":[{\"@type\":\"WebPage\",\"@id\":\"https:\/\/dev.freakuence.nl\/de\/produkt\/advance-akustik-x-i120\/\",\"url\":\"https:\/\/dev.freakuence.nl\/de\/produkt\/advance-akustik-x-i120\/\",\"name\":\"Advance Akustik X-i120 | Freakuence!\",\"isPartOf\":{\"@id\":\"https:\/\/dev.freakuence.nl\/de\/#website\"},\"datePublished\":\"2026-03-25T06:50:04+00:00\",\"breadcrumb\":{\"@id\":\"https:\/\/dev.freakuence.nl\/de\/produkt\/advance-akustik-x-i120\/#breadcrumb\"},\"inLanguage\":\"de\",\"potentialAction\":[{\"@type\":\"ReadAction\",\"target\":[\"https:\/\/dev.freakuence.nl\/de\/produkt\/advance-akustik-x-i120\/\"]}]},{\"@type\":\"BreadcrumbList\",\"@id\":\"https:\/\/dev.freakuence.nl\/de\/produkt\/advance-akustik-x-i120\/#breadcrumb\",\"itemListElement\":[{\"@type\":\"ListItem\",\"position\":1,\"name\":\"Home\",\"item\":\"https:\/\/dev.freakuence.nl\/de\/\"},{\"@type\":\"ListItem\",\"position\":2,\"name\":\"Products\",\"item\":\"https:\/\/dev.freakuence.nl\/en\/products\/\"},{\"@type\":\"ListItem\",\"position\":3,\"name\":\"Advance Akustik X-i120\"}]},{\"@type\":\"WebSite\",\"@id\":\"https:\/\/dev.freakuence.nl\/de\/#website\",\"url\":\"https:\/\/dev.freakuence.nl\/de\/\",\"name\":\"Freakuence!\",\"description\":\"Freakuence!\",\"alternateName\":\"Freakuence\",\"potentialAction\":[{\"@type\":\"SearchAction\",\"target\":{\"@type\":\"EntryPoint\",\"urlTemplate\":\"https:\/\/dev.freakuence.nl\/de\/?s={search_term_string}\"},\"query-input\":{\"@type\":\"PropertyValueSpecification\",\"valueRequired\":true,\"valueName\":\"search_term_string\"}}],\"inLanguage\":\"de\"}]}<\/script>\n<!-- \/ Yoast SEO plugin. -->","yoast_head_json":{"title":"Advance Akustik X-i120 | Freakuence!","robots":{"index":"noindex","follow":"follow","max-snippet":"max-snippet:-1","max-image-preview":"max-image-preview:large","max-video-preview":"max-video-preview:-1"},"og_locale":"de_DE","og_type":"article","og_title":"Advance Akustik X-i120 | Freakuence!","og_description":"Beschreibung Freakuence! Advance Acoustic bringt Musik mit einem lebendigen und dynamischen Flair. Ein flamboyantes franz\u00f6sisches Flair? Je ne sais pas. Eine tiefe, durchg\u00e4ngig tiefe Stimme voller Charakter. Vive la France! Ladenpreis: 1249.00 Allgemeine Beschreibung Der Advance Acoustic X-i120 ist ein Vollverst\u00e4rker, der 120 Watt pro Kanal an 8 Ohm und 160 Watt an 4 Ohm [&hellip;]","og_url":"https:\/\/dev.freakuence.nl\/de\/produkt\/advance-akustik-x-i120\/","og_site_name":"Freakuence!","twitter_card":"summary_large_image","schema":{"@context":"https:\/\/schema.org","@graph":[{"@type":"WebPage","@id":"https:\/\/dev.freakuence.nl\/de\/produkt\/advance-akustik-x-i120\/","url":"https:\/\/dev.freakuence.nl\/de\/produkt\/advance-akustik-x-i120\/","name":"Advance Akustik X-i120 | Freakuence!","isPartOf":{"@id":"https:\/\/dev.freakuence.nl\/de\/#website"},"datePublished":"2026-03-25T06:50:04+00:00","breadcrumb":{"@id":"https:\/\/dev.freakuence.nl\/de\/produkt\/advance-akustik-x-i120\/#breadcrumb"},"inLanguage":"de","potentialAction":[{"@type":"ReadAction","target":["https:\/\/dev.freakuence.nl\/de\/produkt\/advance-akustik-x-i120\/"]}]},{"@type":"BreadcrumbList","@id":"https:\/\/dev.freakuence.nl\/de\/produkt\/advance-akustik-x-i120\/#breadcrumb","itemListElement":[{"@type":"ListItem","position":1,"name":"Home","item":"https:\/\/dev.freakuence.nl\/de\/"},{"@type":"ListItem","position":2,"name":"Products","item":"https:\/\/dev.freakuence.nl\/en\/products\/"},{"@type":"ListItem","position":3,"name":"Advance Akustik X-i120"}]},{"@type":"WebSite","@id":"https:\/\/dev.freakuence.nl\/de\/#website","url":"https:\/\/dev.freakuence.nl\/de\/","name":"Freakuence!","description":"Freakuence!","alternateName":"Freakuence","potentialAction":[{"@type":"SearchAction","target":{"@type":"EntryPoint","urlTemplate":"https:\/\/dev.freakuence.nl\/de\/?s={search_term_string}"},"query-input":{"@type":"PropertyValueSpecification","valueRequired":true,"valueName":"search_term_string"}}],"inLanguage":"de"}]}},"_links":{"self":[{"href":"https:\/\/dev.freakuence.nl\/de\/wp-json\/wp\/v2\/product\/317384","targetHints":{"allow":["GET"]}}],"collection":[{"href":"https:\/\/dev.freakuence.nl\/de\/wp-json\/wp\/v2\/product"}],"about":[{"href":"https:\/\/dev.freakuence.nl\/de\/wp-json\/wp\/v2\/types\/product"}],"version-history":[{"count":0,"href":"https:\/\/dev.freakuence.nl\/de\/wp-json\/wp\/v2\/product\/317384\/revisions"}],"wp:attachment":[{"href":"https:\/\/dev.freakuence.nl\/de\/wp-json\/wp\/v2\/media?parent=317384"}],"wp:term":[{"taxonomy":"product_brand","embeddable":true,"href":"https:\/\/dev.freakuence.nl\/de\/wp-json\/wp\/v2\/product_brand?post=317384"},{"taxonomy":"product_cat","embeddable":true,"href":"https:\/\/dev.freakuence.nl\/de\/wp-json\/wp\/v2\/product_cat?post=317384"},{"taxonomy":"product_tag","embeddable":true,"href":"https:\/\/dev.freakuence.nl\/de\/wp-json\/wp\/v2\/product_tag?post=317384"}],"curies":[{"name":"wp","href":"https:\/\/api.w.org\/{rel}","templated":true}]}}