{"id":317408,"date":"2026-03-25T08:00:56","date_gmt":"2026-03-25T07:00:56","guid":{"rendered":"https:\/\/dev.freakuence.nl\/product\/auralic-altair\/"},"modified":"2026-03-25T08:00:56","modified_gmt":"2026-03-25T07:00:56","slug":"auralic-altair","status":"publish","type":"product","link":"https:\/\/dev.freakuence.nl\/de\/produkt\/auralic-altair\/","title":{"rendered":"AURALiC Altair"},"content":{"rendered":"<div class=\"product-specifications-list\">\n<div class=\"specification-item row-header\"><span class=\"spec-content\"><strong>Beschreibung Freakuence!<\/strong><\/span><\/div>\n<div class=\"specification-item row-even\"><span class=\"spec-content\">Ein transparenter Streamer\/DAC, der ein klares Bild liefert, ohne dieses harte digitale &#8218;tsssss&#8216;.<\/span><\/div>\n<div class=\"specification-item row-header\"><span class=\"spec-content\"><strong>Allgemeine Beschreibung<\/strong><\/span><\/div>\n<div class=\"specification-item row-even\"><span class=\"spec-content\">Dieses Ger\u00e4t bietet umfangreiche Anschlussm\u00f6glichkeiten, darunter digitale Eing\u00e4nge wie AES\/EBU, Koaxial, Toslink und USB Audio. Streaming ist \u00fcber freigegebene Netzwerkordner, USB-Speicher, UPnP\/DLNA-Medienserver und verschiedene Streamingdienste wie Amazon Music Unlimited, Qobuz Sublime+ und TIDAL Connect m\u00f6glich. Er unterst\u00fctzt Dateiformate wie AIFF, FLAC und DSD bis zu DSD512. Die Ausg\u00e4nge umfassen symmetrische XLR- (4,4 Vrms) und unsymmetrische RCA-Anschl\u00fcsse (2,1 Vrms). Netzwerkkonnektivit\u00e4t wird \u00fcber Gigabit Ethernet und Tri-Band WiFi bereitgestellt. Optional kann ein interner Speicher hinzugef\u00fcgt werden. Das Ger\u00e4t wird \u00fcber die Lightning DS App f\u00fcr iOS oder den Webbrowser gesteuert.      <\/span><\/div>\n<div class=\"specification-item row-header\"><span class=\"spec-content\"><strong>Hintergrundinformationen<\/strong><\/span><\/div>\n<div class=\"specification-item row-even\"><span class=\"spec-content\">Der AURALiC VEGA G1 wurde mit der gleichen Philosophie entwickelt wie die High-End-Modelle von AURALiC: kompromisslose digitale Wiedergabe. Das Designteam st\u00fctzt sich auf seinen Hintergrund in Physik und Ingenieurwesen und geht von der \u00dcberzeugung aus, dass digitale Musik reich und nat\u00fcrlich klingen sollte. Das Geh\u00e4use besteht aus schwarzem, eloxiertem Aluminium und verwendet im Inneren die Tesla-Hardwareplattform von AURALiC. Diese bietet Rechenleistung f\u00fcr fortschrittliches DSP, Upsampling und Jitter-Reduktion. Der DAC arbeitet mit einem Femto-Takt und unterst\u00fctzt Aufl\u00f6sungen bis zu 32bit\/384kHz und DSD512.    <\/span><\/div>\n<div class=\"specification-item row-header\"><span class=\"spec-content\"><strong>Geschichte der Marke<\/strong><\/span><\/div>\n<div class=\"specification-item row-even\"><span class=\"spec-content\">AURALiC wurde 2009 von Wang Xuanqian und Yuan Wang gegr\u00fcndet, die sich bei einem Konzert in Berlin kennenlernten. Ihre gemeinsame Leidenschaft f\u00fcr Musik und hochwertige Klangwiedergabe f\u00fchrte zur Gr\u00fcndung des Unternehmens. AURALiC konzentriert sich auf das Design und die Entwicklung von Audioger\u00e4ten, die sich nahtlos in moderne Innenr\u00e4ume einf\u00fcgen und einfach zu bedienen sind. Das Ziel des Unternehmens ist es, dass die Benutzer die Vorteile digitaler Musikformate genie\u00dfen k\u00f6nnen, ohne die Komplexit\u00e4t herk\u00f6mmlicher Audioger\u00e4te in Kauf nehmen zu m\u00fcssen.    Im Jahr 2025 stellte das Unternehmen seine Aktivit\u00e4ten ein.<\/span><\/div>\n<\/div>\n","protected":false},"excerpt":{"rendered":"<p>Beschreibung Freakuence! Ein transparenter Streamer\/DAC, der ein klares Bild liefert, ohne dieses harte digitale &#8218;tsssss&#8216;. Allgemeine Beschreibung Dieses Ger\u00e4t bietet umfangreiche Anschlussm\u00f6glichkeiten, darunter digitale Eing\u00e4nge wie AES\/EBU, Koaxial, Toslink und USB Audio. Streaming ist \u00fcber freigegebene Netzwerkordner, USB-Speicher, UPnP\/DLNA-Medienserver und verschiedene Streamingdienste wie Amazon Music Unlimited, Qobuz Sublime+ und TIDAL Connect m\u00f6glich. Er unterst\u00fctzt Dateiformate [&hellip;]<\/p>\n","protected":false},"featured_media":0,"template":"","meta":{"_acf_changed":false,"inline_featured_image":false},"product_brand":[],"product_cat":[594],"product_tag":[555],"class_list":{"0":"post-317408","1":"product","2":"type-product","3":"status-publish","5":"product_cat-dac-streamer","6":"product_tag-benutzt","7":"pa_kleur-schwarz","9":"first","10":"onbackorder","11":"sold-individually","12":"purchasable","13":"product-type-variable"},"acf":[],"yoast_head":"<!-- This site is optimized with the Yoast SEO plugin v25.9 - https:\/\/yoast.com\/wordpress\/plugins\/seo\/ -->\n<title>AURALiC Altair | Freakuence!<\/title>\n<meta name=\"robots\" content=\"noindex, follow, max-snippet:-1, max-image-preview:large, max-video-preview:-1\" \/>\n<meta property=\"og:locale\" content=\"de_DE\" \/>\n<meta property=\"og:type\" content=\"article\" \/>\n<meta property=\"og:title\" content=\"AURALiC Altair | Freakuence!\" \/>\n<meta property=\"og:description\" content=\"Beschreibung Freakuence! Ein transparenter Streamer\/DAC, der ein klares Bild liefert, ohne dieses harte digitale &#8218;tsssss&#8216;. Allgemeine Beschreibung Dieses Ger\u00e4t bietet umfangreiche Anschlussm\u00f6glichkeiten, darunter digitale Eing\u00e4nge wie AES\/EBU, Koaxial, Toslink und USB Audio. Streaming ist \u00fcber freigegebene Netzwerkordner, USB-Speicher, UPnP\/DLNA-Medienserver und verschiedene Streamingdienste wie Amazon Music Unlimited, Qobuz Sublime+ und TIDAL Connect m\u00f6glich. Er unterst\u00fctzt Dateiformate [&hellip;]\" \/>\n<meta property=\"og:url\" content=\"https:\/\/dev.freakuence.nl\/de\/produkt\/auralic-altair\/\" \/>\n<meta property=\"og:site_name\" content=\"Freakuence!\" \/>\n<meta name=\"twitter:card\" content=\"summary_large_image\" \/>\n<script type=\"application\/ld+json\" class=\"yoast-schema-graph\">{\"@context\":\"https:\/\/schema.org\",\"@graph\":[{\"@type\":\"WebPage\",\"@id\":\"https:\/\/dev.freakuence.nl\/de\/produkt\/auralic-altair\/\",\"url\":\"https:\/\/dev.freakuence.nl\/de\/produkt\/auralic-altair\/\",\"name\":\"AURALiC Altair | Freakuence!\",\"isPartOf\":{\"@id\":\"https:\/\/dev.freakuence.nl\/de\/#website\"},\"datePublished\":\"2026-03-25T07:00:56+00:00\",\"breadcrumb\":{\"@id\":\"https:\/\/dev.freakuence.nl\/de\/produkt\/auralic-altair\/#breadcrumb\"},\"inLanguage\":\"de\",\"potentialAction\":[{\"@type\":\"ReadAction\",\"target\":[\"https:\/\/dev.freakuence.nl\/de\/produkt\/auralic-altair\/\"]}]},{\"@type\":\"BreadcrumbList\",\"@id\":\"https:\/\/dev.freakuence.nl\/de\/produkt\/auralic-altair\/#breadcrumb\",\"itemListElement\":[{\"@type\":\"ListItem\",\"position\":1,\"name\":\"Home\",\"item\":\"https:\/\/dev.freakuence.nl\/de\/\"},{\"@type\":\"ListItem\",\"position\":2,\"name\":\"Products\",\"item\":\"https:\/\/dev.freakuence.nl\/en\/products\/\"},{\"@type\":\"ListItem\",\"position\":3,\"name\":\"AURALiC Altair\"}]},{\"@type\":\"WebSite\",\"@id\":\"https:\/\/dev.freakuence.nl\/de\/#website\",\"url\":\"https:\/\/dev.freakuence.nl\/de\/\",\"name\":\"Freakuence!\",\"description\":\"Freakuence!\",\"alternateName\":\"Freakuence\",\"potentialAction\":[{\"@type\":\"SearchAction\",\"target\":{\"@type\":\"EntryPoint\",\"urlTemplate\":\"https:\/\/dev.freakuence.nl\/de\/?s={search_term_string}\"},\"query-input\":{\"@type\":\"PropertyValueSpecification\",\"valueRequired\":true,\"valueName\":\"search_term_string\"}}],\"inLanguage\":\"de\"}]}<\/script>\n<!-- \/ Yoast SEO plugin. -->","yoast_head_json":{"title":"AURALiC Altair | Freakuence!","robots":{"index":"noindex","follow":"follow","max-snippet":"max-snippet:-1","max-image-preview":"max-image-preview:large","max-video-preview":"max-video-preview:-1"},"og_locale":"de_DE","og_type":"article","og_title":"AURALiC Altair | Freakuence!","og_description":"Beschreibung Freakuence! Ein transparenter Streamer\/DAC, der ein klares Bild liefert, ohne dieses harte digitale &#8218;tsssss&#8216;. Allgemeine Beschreibung Dieses Ger\u00e4t bietet umfangreiche Anschlussm\u00f6glichkeiten, darunter digitale Eing\u00e4nge wie AES\/EBU, Koaxial, Toslink und USB Audio. Streaming ist \u00fcber freigegebene Netzwerkordner, USB-Speicher, UPnP\/DLNA-Medienserver und verschiedene Streamingdienste wie Amazon Music Unlimited, Qobuz Sublime+ und TIDAL Connect m\u00f6glich. Er unterst\u00fctzt Dateiformate [&hellip;]","og_url":"https:\/\/dev.freakuence.nl\/de\/produkt\/auralic-altair\/","og_site_name":"Freakuence!","twitter_card":"summary_large_image","schema":{"@context":"https:\/\/schema.org","@graph":[{"@type":"WebPage","@id":"https:\/\/dev.freakuence.nl\/de\/produkt\/auralic-altair\/","url":"https:\/\/dev.freakuence.nl\/de\/produkt\/auralic-altair\/","name":"AURALiC Altair | Freakuence!","isPartOf":{"@id":"https:\/\/dev.freakuence.nl\/de\/#website"},"datePublished":"2026-03-25T07:00:56+00:00","breadcrumb":{"@id":"https:\/\/dev.freakuence.nl\/de\/produkt\/auralic-altair\/#breadcrumb"},"inLanguage":"de","potentialAction":[{"@type":"ReadAction","target":["https:\/\/dev.freakuence.nl\/de\/produkt\/auralic-altair\/"]}]},{"@type":"BreadcrumbList","@id":"https:\/\/dev.freakuence.nl\/de\/produkt\/auralic-altair\/#breadcrumb","itemListElement":[{"@type":"ListItem","position":1,"name":"Home","item":"https:\/\/dev.freakuence.nl\/de\/"},{"@type":"ListItem","position":2,"name":"Products","item":"https:\/\/dev.freakuence.nl\/en\/products\/"},{"@type":"ListItem","position":3,"name":"AURALiC Altair"}]},{"@type":"WebSite","@id":"https:\/\/dev.freakuence.nl\/de\/#website","url":"https:\/\/dev.freakuence.nl\/de\/","name":"Freakuence!","description":"Freakuence!","alternateName":"Freakuence","potentialAction":[{"@type":"SearchAction","target":{"@type":"EntryPoint","urlTemplate":"https:\/\/dev.freakuence.nl\/de\/?s={search_term_string}"},"query-input":{"@type":"PropertyValueSpecification","valueRequired":true,"valueName":"search_term_string"}}],"inLanguage":"de"}]}},"_links":{"self":[{"href":"https:\/\/dev.freakuence.nl\/de\/wp-json\/wp\/v2\/product\/317408","targetHints":{"allow":["GET"]}}],"collection":[{"href":"https:\/\/dev.freakuence.nl\/de\/wp-json\/wp\/v2\/product"}],"about":[{"href":"https:\/\/dev.freakuence.nl\/de\/wp-json\/wp\/v2\/types\/product"}],"version-history":[{"count":0,"href":"https:\/\/dev.freakuence.nl\/de\/wp-json\/wp\/v2\/product\/317408\/revisions"}],"wp:attachment":[{"href":"https:\/\/dev.freakuence.nl\/de\/wp-json\/wp\/v2\/media?parent=317408"}],"wp:term":[{"taxonomy":"product_brand","embeddable":true,"href":"https:\/\/dev.freakuence.nl\/de\/wp-json\/wp\/v2\/product_brand?post=317408"},{"taxonomy":"product_cat","embeddable":true,"href":"https:\/\/dev.freakuence.nl\/de\/wp-json\/wp\/v2\/product_cat?post=317408"},{"taxonomy":"product_tag","embeddable":true,"href":"https:\/\/dev.freakuence.nl\/de\/wp-json\/wp\/v2\/product_tag?post=317408"}],"curies":[{"name":"wp","href":"https:\/\/api.w.org\/{rel}","templated":true}]}}