{"id":317416,"date":"2026-03-25T08:05:54","date_gmt":"2026-03-25T07:05:54","guid":{"rendered":"https:\/\/dev.freakuence.nl\/product\/kharma-der-geist\/"},"modified":"2026-03-25T08:05:54","modified_gmt":"2026-03-25T07:05:54","slug":"kharma-der-geist","status":"publish","type":"product","link":"https:\/\/dev.freakuence.nl\/de\/produkt\/kharma-der-geist\/","title":{"rendered":"Kharma Der Geist"},"content":{"rendered":"<div class=\"product-specifications-list\">\n<div class=\"specification-item row-header\"><span class=\"spec-content\"><strong>Beschreibung Freakuence!<\/strong><\/span><\/div>\n<div class=\"specification-item row-even\"><span class=\"spec-content\">Sch\u00f6nes 2-Wege-System mit Keramik-Mittelt\u00f6ner. Ergebnis: extrem einfache Wiedergabe des Eingangs. Keine Verzerrung in Sicht. Ein steriler Bass, keine Schl\u00e4ge auf die Ohren, sondern entspanntes und luftiges H\u00f6ren. Dies ist ein Kharma CRM 3.2 FE (Focal Inverted Dome und Enigma Gold Silber Innenverkabelung). Auf den optionalen SDSS-St\u00e4ndern. Ver\u00f6ffentlicht unter Rhapsody Edition.      <\/span><\/div>\n<div class=\"specification-item row-odd\"><span class=\"spec-content\">Ladenpreis: 16900.00<\/span><\/div>\n<div class=\"specification-item row-header\"><span class=\"spec-content\"><strong>Geschichte der Marke<\/strong><\/span><\/div>\n<div class=\"specification-item row-even\"><span class=\"spec-content\">Keine Marke<\/span><\/div>\n<\/div>\n","protected":false},"excerpt":{"rendered":"<p>Beschreibung Freakuence! Sch\u00f6nes 2-Wege-System mit Keramik-Mittelt\u00f6ner. Ergebnis: extrem einfache Wiedergabe des Eingangs. Keine Verzerrung in Sicht. Ein steriler Bass, keine Schl\u00e4ge auf die Ohren, sondern entspanntes und luftiges H\u00f6ren. Dies ist ein Kharma CRM 3.2 FE (Focal Inverted Dome und Enigma Gold Silber Innenverkabelung). Auf den optionalen SDSS-St\u00e4ndern. Ver\u00f6ffentlicht unter Rhapsody Edition. Ladenpreis: 16900.00 Geschichte [&hellip;]<\/p>\n","protected":false},"featured_media":0,"template":"","meta":{"_acf_changed":false,"inline_featured_image":false},"product_brand":[],"product_cat":[553],"product_tag":[555],"class_list":{"0":"post-317416","1":"product","2":"type-product","3":"status-publish","5":"product_cat-redner","6":"product_tag-benutzt","7":"pa_kleur-rot","9":"first","10":"onbackorder","11":"sold-individually","12":"purchasable","13":"product-type-variable"},"acf":[],"yoast_head":"<!-- This site is optimized with the Yoast SEO plugin v25.9 - https:\/\/yoast.com\/wordpress\/plugins\/seo\/ -->\n<title>Kharma Der Geist | Freakuence!<\/title>\n<meta name=\"robots\" content=\"noindex, follow, max-snippet:-1, max-image-preview:large, max-video-preview:-1\" \/>\n<meta property=\"og:locale\" content=\"de_DE\" \/>\n<meta property=\"og:type\" content=\"article\" \/>\n<meta property=\"og:title\" content=\"Kharma Der Geist | Freakuence!\" \/>\n<meta property=\"og:description\" content=\"Beschreibung Freakuence! Sch\u00f6nes 2-Wege-System mit Keramik-Mittelt\u00f6ner. Ergebnis: extrem einfache Wiedergabe des Eingangs. Keine Verzerrung in Sicht. Ein steriler Bass, keine Schl\u00e4ge auf die Ohren, sondern entspanntes und luftiges H\u00f6ren. Dies ist ein Kharma CRM 3.2 FE (Focal Inverted Dome und Enigma Gold Silber Innenverkabelung). Auf den optionalen SDSS-St\u00e4ndern. Ver\u00f6ffentlicht unter Rhapsody Edition. Ladenpreis: 16900.00 Geschichte [&hellip;]\" \/>\n<meta property=\"og:url\" content=\"https:\/\/dev.freakuence.nl\/de\/produkt\/kharma-der-geist\/\" \/>\n<meta property=\"og:site_name\" content=\"Freakuence!\" \/>\n<meta name=\"twitter:card\" content=\"summary_large_image\" \/>\n<script type=\"application\/ld+json\" class=\"yoast-schema-graph\">{\"@context\":\"https:\/\/schema.org\",\"@graph\":[{\"@type\":\"WebPage\",\"@id\":\"https:\/\/dev.freakuence.nl\/de\/produkt\/kharma-der-geist\/\",\"url\":\"https:\/\/dev.freakuence.nl\/de\/produkt\/kharma-der-geist\/\",\"name\":\"Kharma Der Geist | Freakuence!\",\"isPartOf\":{\"@id\":\"https:\/\/dev.freakuence.nl\/de\/#website\"},\"datePublished\":\"2026-03-25T07:05:54+00:00\",\"breadcrumb\":{\"@id\":\"https:\/\/dev.freakuence.nl\/de\/produkt\/kharma-der-geist\/#breadcrumb\"},\"inLanguage\":\"de\",\"potentialAction\":[{\"@type\":\"ReadAction\",\"target\":[\"https:\/\/dev.freakuence.nl\/de\/produkt\/kharma-der-geist\/\"]}]},{\"@type\":\"BreadcrumbList\",\"@id\":\"https:\/\/dev.freakuence.nl\/de\/produkt\/kharma-der-geist\/#breadcrumb\",\"itemListElement\":[{\"@type\":\"ListItem\",\"position\":1,\"name\":\"Home\",\"item\":\"https:\/\/dev.freakuence.nl\/de\/\"},{\"@type\":\"ListItem\",\"position\":2,\"name\":\"Products\",\"item\":\"https:\/\/dev.freakuence.nl\/en\/products\/\"},{\"@type\":\"ListItem\",\"position\":3,\"name\":\"Kharma Der Geist\"}]},{\"@type\":\"WebSite\",\"@id\":\"https:\/\/dev.freakuence.nl\/de\/#website\",\"url\":\"https:\/\/dev.freakuence.nl\/de\/\",\"name\":\"Freakuence!\",\"description\":\"Freakuence!\",\"alternateName\":\"Freakuence\",\"potentialAction\":[{\"@type\":\"SearchAction\",\"target\":{\"@type\":\"EntryPoint\",\"urlTemplate\":\"https:\/\/dev.freakuence.nl\/de\/?s={search_term_string}\"},\"query-input\":{\"@type\":\"PropertyValueSpecification\",\"valueRequired\":true,\"valueName\":\"search_term_string\"}}],\"inLanguage\":\"de\"}]}<\/script>\n<!-- \/ Yoast SEO plugin. -->","yoast_head_json":{"title":"Kharma Der Geist | Freakuence!","robots":{"index":"noindex","follow":"follow","max-snippet":"max-snippet:-1","max-image-preview":"max-image-preview:large","max-video-preview":"max-video-preview:-1"},"og_locale":"de_DE","og_type":"article","og_title":"Kharma Der Geist | Freakuence!","og_description":"Beschreibung Freakuence! Sch\u00f6nes 2-Wege-System mit Keramik-Mittelt\u00f6ner. Ergebnis: extrem einfache Wiedergabe des Eingangs. Keine Verzerrung in Sicht. Ein steriler Bass, keine Schl\u00e4ge auf die Ohren, sondern entspanntes und luftiges H\u00f6ren. Dies ist ein Kharma CRM 3.2 FE (Focal Inverted Dome und Enigma Gold Silber Innenverkabelung). Auf den optionalen SDSS-St\u00e4ndern. Ver\u00f6ffentlicht unter Rhapsody Edition. Ladenpreis: 16900.00 Geschichte [&hellip;]","og_url":"https:\/\/dev.freakuence.nl\/de\/produkt\/kharma-der-geist\/","og_site_name":"Freakuence!","twitter_card":"summary_large_image","schema":{"@context":"https:\/\/schema.org","@graph":[{"@type":"WebPage","@id":"https:\/\/dev.freakuence.nl\/de\/produkt\/kharma-der-geist\/","url":"https:\/\/dev.freakuence.nl\/de\/produkt\/kharma-der-geist\/","name":"Kharma Der Geist | Freakuence!","isPartOf":{"@id":"https:\/\/dev.freakuence.nl\/de\/#website"},"datePublished":"2026-03-25T07:05:54+00:00","breadcrumb":{"@id":"https:\/\/dev.freakuence.nl\/de\/produkt\/kharma-der-geist\/#breadcrumb"},"inLanguage":"de","potentialAction":[{"@type":"ReadAction","target":["https:\/\/dev.freakuence.nl\/de\/produkt\/kharma-der-geist\/"]}]},{"@type":"BreadcrumbList","@id":"https:\/\/dev.freakuence.nl\/de\/produkt\/kharma-der-geist\/#breadcrumb","itemListElement":[{"@type":"ListItem","position":1,"name":"Home","item":"https:\/\/dev.freakuence.nl\/de\/"},{"@type":"ListItem","position":2,"name":"Products","item":"https:\/\/dev.freakuence.nl\/en\/products\/"},{"@type":"ListItem","position":3,"name":"Kharma Der Geist"}]},{"@type":"WebSite","@id":"https:\/\/dev.freakuence.nl\/de\/#website","url":"https:\/\/dev.freakuence.nl\/de\/","name":"Freakuence!","description":"Freakuence!","alternateName":"Freakuence","potentialAction":[{"@type":"SearchAction","target":{"@type":"EntryPoint","urlTemplate":"https:\/\/dev.freakuence.nl\/de\/?s={search_term_string}"},"query-input":{"@type":"PropertyValueSpecification","valueRequired":true,"valueName":"search_term_string"}}],"inLanguage":"de"}]}},"_links":{"self":[{"href":"https:\/\/dev.freakuence.nl\/de\/wp-json\/wp\/v2\/product\/317416","targetHints":{"allow":["GET"]}}],"collection":[{"href":"https:\/\/dev.freakuence.nl\/de\/wp-json\/wp\/v2\/product"}],"about":[{"href":"https:\/\/dev.freakuence.nl\/de\/wp-json\/wp\/v2\/types\/product"}],"version-history":[{"count":0,"href":"https:\/\/dev.freakuence.nl\/de\/wp-json\/wp\/v2\/product\/317416\/revisions"}],"wp:attachment":[{"href":"https:\/\/dev.freakuence.nl\/de\/wp-json\/wp\/v2\/media?parent=317416"}],"wp:term":[{"taxonomy":"product_brand","embeddable":true,"href":"https:\/\/dev.freakuence.nl\/de\/wp-json\/wp\/v2\/product_brand?post=317416"},{"taxonomy":"product_cat","embeddable":true,"href":"https:\/\/dev.freakuence.nl\/de\/wp-json\/wp\/v2\/product_cat?post=317416"},{"taxonomy":"product_tag","embeddable":true,"href":"https:\/\/dev.freakuence.nl\/de\/wp-json\/wp\/v2\/product_tag?post=317416"}],"curies":[{"name":"wp","href":"https:\/\/api.w.org\/{rel}","templated":true}]}}