{"id":317424,"date":"2026-03-25T08:22:26","date_gmt":"2026-03-25T07:22:26","guid":{"rendered":"https:\/\/dev.freakuence.nl\/product\/rotel-1592-mk2\/"},"modified":"2026-03-25T08:22:26","modified_gmt":"2026-03-25T07:22:26","slug":"rotel-1592-mk2","status":"publish","type":"product","link":"https:\/\/dev.freakuence.nl\/de\/produkt\/rotel-1592-mk2\/","title":{"rendered":"Rotel 1592 MK2"},"content":{"rendered":"<div class=\"product-specifications-list\">\n<div class=\"specification-item row-header\"><span class=\"spec-content\"><strong>Beschreibung Freakuence!<\/strong><\/span><\/div>\n<div class=\"specification-item row-even\"><span class=\"spec-content\">Stabiler und gut aussehender Verst\u00e4rker. Besonders gute Leistungskapazit\u00e4t, und dadurch erhalten Sie eine echte Live-Performance, direkt vor Ihrer Nase. Eine Menge Tiefe! Dies ist nicht die MK1-Version&#8230;. nein nein, es ist die mk2 Version. Hoppa!     <\/span><\/div>\n<div class=\"specification-item row-odd\"><span class=\"spec-content\">Ladenpreis: 2999.00<\/span><\/div>\n<div class=\"specification-item row-header\"><span class=\"spec-content\"><strong>Hintergrundinformationen<\/strong><\/span><\/div>\n<div class=\"specification-item row-even\"><span class=\"spec-content\">Der Rotel RA-1592 MKII wurde vom hauseigenen Designteam von Rotel in Japan entwickelt, das auf \u00fcber 60 Jahre Erfahrung in der analogen Audiotechnik zur\u00fcckblicken kann. Der Vollverst\u00e4rker verwendet einen sorgf\u00e4ltig ausgew\u00e4hlten Ringkern-Transformator, der im eigenen Haus hergestellt wird, kombiniert mit hochwertigen Kondensatoren. Sowohl im Inneren als auch im \u00c4u\u00dferen wurden nur sorgf\u00e4ltig ausgew\u00e4hlte Komponenten verwendet. Das Geh\u00e4use ist robust gebaut, um optimale Leistung und Schutz vor St\u00f6rungen zu gew\u00e4hrleisten.   <\/span><\/div>\n<div class=\"specification-item row-header\"><span class=\"spec-content\"><strong>Geschichte der Marke<\/strong><\/span><\/div>\n<div class=\"specification-item row-even\"><span class=\"spec-content\">Rotel wurde offiziell 1961 gegr\u00fcndet und etablierte sich als Familienunternehmen in Japan. Entwicklung und Produktion werden seit jeher im eigenen Haus durchgef\u00fchrt, vor allem bei den Kernkomponenten wie den Ringkerntransformatoren, die f\u00fcr die Stromqualit\u00e4t unerl\u00e4sslich sind. Im Jahr 1981 begann Rotel eine langfristige Partnerschaft mit Bowers &amp; Wilkins, die zu einem exklusiven Vertrieb in Nordamerika und mehreren europ\u00e4ischen M\u00e4rkten f\u00fchrte. Diese Beziehung f\u00fchrte 2006 zu einem Joint Venture mit gemeinsamen Produktions- und Logistikeinrichtungen in Zhuhai, China.   <\/span><\/div>\n<\/div>\n","protected":false},"excerpt":{"rendered":"<p>Beschreibung Freakuence! Stabiler und gut aussehender Verst\u00e4rker. Besonders gute Leistungskapazit\u00e4t, und dadurch erhalten Sie eine echte Live-Performance, direkt vor Ihrer Nase. Eine Menge Tiefe! Dies ist nicht die MK1-Version&#8230;. nein nein, es ist die mk2 Version. Hoppa! Ladenpreis: 2999.00 Hintergrundinformationen Der Rotel RA-1592 MKII wurde vom hauseigenen Designteam von Rotel in Japan entwickelt, das auf [&hellip;]<\/p>\n","protected":false},"featured_media":0,"template":"","meta":{"_acf_changed":false,"inline_featured_image":false},"product_brand":[],"product_cat":[560],"product_tag":[555],"class_list":{"0":"post-317424","1":"product","2":"type-product","3":"status-publish","5":"product_cat-verstarker","6":"product_tag-benutzt","7":"pa_kleur-gelb","9":"first","10":"onbackorder","11":"sold-individually","12":"purchasable","13":"product-type-variable"},"acf":[],"yoast_head":"<!-- This site is optimized with the Yoast SEO plugin v25.9 - https:\/\/yoast.com\/wordpress\/plugins\/seo\/ -->\n<title>Rotel 1592 MK2 | Freakuence!<\/title>\n<meta name=\"robots\" content=\"noindex, follow, max-snippet:-1, max-image-preview:large, max-video-preview:-1\" \/>\n<meta property=\"og:locale\" content=\"de_DE\" \/>\n<meta property=\"og:type\" content=\"article\" \/>\n<meta property=\"og:title\" content=\"Rotel 1592 MK2 | Freakuence!\" \/>\n<meta property=\"og:description\" content=\"Beschreibung Freakuence! Stabiler und gut aussehender Verst\u00e4rker. Besonders gute Leistungskapazit\u00e4t, und dadurch erhalten Sie eine echte Live-Performance, direkt vor Ihrer Nase. Eine Menge Tiefe! Dies ist nicht die MK1-Version&#8230;. nein nein, es ist die mk2 Version. Hoppa! Ladenpreis: 2999.00 Hintergrundinformationen Der Rotel RA-1592 MKII wurde vom hauseigenen Designteam von Rotel in Japan entwickelt, das auf [&hellip;]\" \/>\n<meta property=\"og:url\" content=\"https:\/\/dev.freakuence.nl\/de\/produkt\/rotel-1592-mk2\/\" \/>\n<meta property=\"og:site_name\" content=\"Freakuence!\" \/>\n<meta name=\"twitter:card\" content=\"summary_large_image\" \/>\n<script type=\"application\/ld+json\" class=\"yoast-schema-graph\">{\"@context\":\"https:\/\/schema.org\",\"@graph\":[{\"@type\":\"WebPage\",\"@id\":\"https:\/\/dev.freakuence.nl\/de\/produkt\/rotel-1592-mk2\/\",\"url\":\"https:\/\/dev.freakuence.nl\/de\/produkt\/rotel-1592-mk2\/\",\"name\":\"Rotel 1592 MK2 | Freakuence!\",\"isPartOf\":{\"@id\":\"https:\/\/dev.freakuence.nl\/de\/#website\"},\"datePublished\":\"2026-03-25T07:22:26+00:00\",\"breadcrumb\":{\"@id\":\"https:\/\/dev.freakuence.nl\/de\/produkt\/rotel-1592-mk2\/#breadcrumb\"},\"inLanguage\":\"de\",\"potentialAction\":[{\"@type\":\"ReadAction\",\"target\":[\"https:\/\/dev.freakuence.nl\/de\/produkt\/rotel-1592-mk2\/\"]}]},{\"@type\":\"BreadcrumbList\",\"@id\":\"https:\/\/dev.freakuence.nl\/de\/produkt\/rotel-1592-mk2\/#breadcrumb\",\"itemListElement\":[{\"@type\":\"ListItem\",\"position\":1,\"name\":\"Home\",\"item\":\"https:\/\/dev.freakuence.nl\/de\/\"},{\"@type\":\"ListItem\",\"position\":2,\"name\":\"Products\",\"item\":\"https:\/\/dev.freakuence.nl\/en\/products\/\"},{\"@type\":\"ListItem\",\"position\":3,\"name\":\"Rotel 1592 MK2\"}]},{\"@type\":\"WebSite\",\"@id\":\"https:\/\/dev.freakuence.nl\/de\/#website\",\"url\":\"https:\/\/dev.freakuence.nl\/de\/\",\"name\":\"Freakuence!\",\"description\":\"Freakuence!\",\"alternateName\":\"Freakuence\",\"potentialAction\":[{\"@type\":\"SearchAction\",\"target\":{\"@type\":\"EntryPoint\",\"urlTemplate\":\"https:\/\/dev.freakuence.nl\/de\/?s={search_term_string}\"},\"query-input\":{\"@type\":\"PropertyValueSpecification\",\"valueRequired\":true,\"valueName\":\"search_term_string\"}}],\"inLanguage\":\"de\"}]}<\/script>\n<!-- \/ Yoast SEO plugin. -->","yoast_head_json":{"title":"Rotel 1592 MK2 | Freakuence!","robots":{"index":"noindex","follow":"follow","max-snippet":"max-snippet:-1","max-image-preview":"max-image-preview:large","max-video-preview":"max-video-preview:-1"},"og_locale":"de_DE","og_type":"article","og_title":"Rotel 1592 MK2 | Freakuence!","og_description":"Beschreibung Freakuence! Stabiler und gut aussehender Verst\u00e4rker. Besonders gute Leistungskapazit\u00e4t, und dadurch erhalten Sie eine echte Live-Performance, direkt vor Ihrer Nase. Eine Menge Tiefe! Dies ist nicht die MK1-Version&#8230;. nein nein, es ist die mk2 Version. Hoppa! Ladenpreis: 2999.00 Hintergrundinformationen Der Rotel RA-1592 MKII wurde vom hauseigenen Designteam von Rotel in Japan entwickelt, das auf [&hellip;]","og_url":"https:\/\/dev.freakuence.nl\/de\/produkt\/rotel-1592-mk2\/","og_site_name":"Freakuence!","twitter_card":"summary_large_image","schema":{"@context":"https:\/\/schema.org","@graph":[{"@type":"WebPage","@id":"https:\/\/dev.freakuence.nl\/de\/produkt\/rotel-1592-mk2\/","url":"https:\/\/dev.freakuence.nl\/de\/produkt\/rotel-1592-mk2\/","name":"Rotel 1592 MK2 | Freakuence!","isPartOf":{"@id":"https:\/\/dev.freakuence.nl\/de\/#website"},"datePublished":"2026-03-25T07:22:26+00:00","breadcrumb":{"@id":"https:\/\/dev.freakuence.nl\/de\/produkt\/rotel-1592-mk2\/#breadcrumb"},"inLanguage":"de","potentialAction":[{"@type":"ReadAction","target":["https:\/\/dev.freakuence.nl\/de\/produkt\/rotel-1592-mk2\/"]}]},{"@type":"BreadcrumbList","@id":"https:\/\/dev.freakuence.nl\/de\/produkt\/rotel-1592-mk2\/#breadcrumb","itemListElement":[{"@type":"ListItem","position":1,"name":"Home","item":"https:\/\/dev.freakuence.nl\/de\/"},{"@type":"ListItem","position":2,"name":"Products","item":"https:\/\/dev.freakuence.nl\/en\/products\/"},{"@type":"ListItem","position":3,"name":"Rotel 1592 MK2"}]},{"@type":"WebSite","@id":"https:\/\/dev.freakuence.nl\/de\/#website","url":"https:\/\/dev.freakuence.nl\/de\/","name":"Freakuence!","description":"Freakuence!","alternateName":"Freakuence","potentialAction":[{"@type":"SearchAction","target":{"@type":"EntryPoint","urlTemplate":"https:\/\/dev.freakuence.nl\/de\/?s={search_term_string}"},"query-input":{"@type":"PropertyValueSpecification","valueRequired":true,"valueName":"search_term_string"}}],"inLanguage":"de"}]}},"_links":{"self":[{"href":"https:\/\/dev.freakuence.nl\/de\/wp-json\/wp\/v2\/product\/317424","targetHints":{"allow":["GET"]}}],"collection":[{"href":"https:\/\/dev.freakuence.nl\/de\/wp-json\/wp\/v2\/product"}],"about":[{"href":"https:\/\/dev.freakuence.nl\/de\/wp-json\/wp\/v2\/types\/product"}],"version-history":[{"count":0,"href":"https:\/\/dev.freakuence.nl\/de\/wp-json\/wp\/v2\/product\/317424\/revisions"}],"wp:attachment":[{"href":"https:\/\/dev.freakuence.nl\/de\/wp-json\/wp\/v2\/media?parent=317424"}],"wp:term":[{"taxonomy":"product_brand","embeddable":true,"href":"https:\/\/dev.freakuence.nl\/de\/wp-json\/wp\/v2\/product_brand?post=317424"},{"taxonomy":"product_cat","embeddable":true,"href":"https:\/\/dev.freakuence.nl\/de\/wp-json\/wp\/v2\/product_cat?post=317424"},{"taxonomy":"product_tag","embeddable":true,"href":"https:\/\/dev.freakuence.nl\/de\/wp-json\/wp\/v2\/product_tag?post=317424"}],"curies":[{"name":"wp","href":"https:\/\/api.w.org\/{rel}","templated":true}]}}