{"id":317511,"date":"2026-03-27T07:36:53","date_gmt":"2026-03-27T06:36:53","guid":{"rendered":"https:\/\/dev.freakuence.nl\/product\/devialet-expert-pro-140\/"},"modified":"2026-03-27T07:55:48","modified_gmt":"2026-03-27T06:55:48","slug":"devialet-expert-pro-140","status":"publish","type":"product","link":"https:\/\/dev.freakuence.nl\/de\/produkt\/devialet-expert-pro-140\/","title":{"rendered":"Devialet Expert Pro 140"},"content":{"rendered":"<div class=\"product-specifications-list\">\n<div class=\"specification-item row-header\"><span class=\"spec-content\"><strong>Beschreibung Freakuence!<\/strong><\/span><\/div>\n<div class=\"specification-item row-even\"><span class=\"spec-content\">In Ordnung, liebe H\u00f6rer! Dieses franz\u00f6sische Meisterwerk liefert eine kristallklare Wiedergabe mit einer Dynamik, die Sie umhauen wird. Die H\u00f6hen sind brillant und die B\u00e4sse tief und straff. Die mittleren Frequenzen kommen nat\u00fcrlich und detailliert r\u00fcber. Ob Sie nun eine subtile Jazzsession oder ein bombastisches Orchesterst\u00fcck h\u00f6ren, alles wird mit Pr\u00e4zision und Finesse wiedergegeben. Die Balance zwischen den verschiedenen Frequenzen ist hervorragend, ohne dass ein Aspekt \u00fcberhand nimmt. Kurz gesagt, ein H\u00f6rerlebnis, das Sie nicht so schnell vergessen werden.      <\/span><\/div>\n<div class=\"specification-item row-header\"><span class=\"spec-content\"><strong>Allgemeine Beschreibung<\/strong><\/span><\/div>\n<div class=\"specification-item row-even\"><span class=\"spec-content\">Der Devialet Expert Pro 140 ist ein Vollverst\u00e4rker, der Vorverst\u00e4rker, Endstufe, DAC, Streamer und Phonovorverst\u00e4rker in einem kompakten Geh\u00e4use vereint. Mit einer Leistung von 2 x 140 Watt liefert der Devialet Expert Pro 140 eine pr\u00e4zise und nat\u00fcrliche Klangwiedergabe mit explosiver Dynamik und einem klaren Stereobild.   <\/p>\n<p>Dank exklusiver Devialet Technologien wie ADH\u00ae, SAM\u00ae, RAM\u00ae, AIR\u00ae und EVO\u00ae bietet der Devialet Expert Pro 140 ein unvergleichliches H\u00f6rerlebnis. Der integrierte DAC sorgt f\u00fcr detaillierten Klang und eine breite Klangb\u00fchne, w\u00e4hrend der Phonovorverst\u00e4rker sowohl MM- als auch MC-Tonabnehmer unterst\u00fctzt.   <\/p>\n<p>M\u00f6chten Sie den Devialet Expert Pro 140 selbst erleben? Vereinbaren Sie einen H\u00f6rtermin, um die Klangqualit\u00e4t zu entdecken, mit anderen Modellen zu vergleichen oder die Inzahlungnahme zu besprechen. <\/span><\/div>\n<div class=\"specification-item row-header\"><span class=\"spec-content\"><strong>Hintergrundinformationen<\/strong><\/span><\/div>\n<div class=\"specification-item row-even\"><span class=\"spec-content\">Der Devialet Expert Pro 140 wurde mit dem Fokus auf Pr\u00e4zision und Innovation von Devialets Ingenieurteam entwickelt, zu dem Thomas Lonchampt geh\u00f6rt. Der Verst\u00e4rker bietet fortschrittliche Audiotechnologien wie den ADH\u00ae-Verst\u00e4rker. Das Geh\u00e4use ist aus hochwertigem Aluminium gefertigt, das sowohl zum Design als auch zur thermischen Effizienz beitr\u00e4gt. Die interne Verkabelung und die Komponenten wurden sorgf\u00e4ltig ausgew\u00e4hlt, um das Rauschen zu minimieren und eine reine Klangqualit\u00e4t zu gew\u00e4hrleisten. Jedes Produkt wird in Frankreich von Hand zusammengebaut, wobei Komponenten von renommierten Lieferanten verwendet werden.    <\/span><\/div>\n<div class=\"specification-item row-header\"><span class=\"spec-content\"><strong>Geschichte der Marke<\/strong><\/span><\/div>\n<div class=\"specification-item row-even\"><span class=\"spec-content\">Devialet wurde 2007 in Paris von Pierre-Emmanuel Calmel, Quentin Sanni\u00e9 und Emmanuel Nardin gegr\u00fcndet. Im Jahr 2010 stellte das Unternehmen sein erstes Produkt vor, den D-Premier Verst\u00e4rker. Im Jahr 2015 brachte Devialet den Phantom auf den Markt, einen kabellosen Lautsprecher. Im Jahr 2016 wurde die Expert Pro-Serie mit Modellen wie dem Expert 220 Pro eingef\u00fchrt. Im Jahr 2017 er\u00f6ffnete Devialet sein erstes Gesch\u00e4ft in New York. Im Jahr 2019 ging das Unternehmen eine Partnerschaft mit Free ein, um die Freebox Delta zu entwickeln. 2020 f\u00fchrte Devialet die Gemini ein, kabellose Ohrh\u00f6rer. Im Jahr 2021 brachte Devialet den Phantom I auf den Markt, eine aktualisierte Version des Phantom-Lautsprechers. Im Jahr 2022 dehnte Devialet seine Pr\u00e4senz mit der Er\u00f6ffnung mehrerer Gesch\u00e4fte nach China aus. Im Jahr 2023 f\u00fchrte das Unternehmen die Dione ein, eine Soundbar.         <\/span><\/div>\n<\/div>\n","protected":false},"excerpt":{"rendered":"<p>Beschreibung Freakuence! In Ordnung, liebe H\u00f6rer! Dieses franz\u00f6sische Meisterwerk liefert eine kristallklare Wiedergabe mit einer Dynamik, die Sie umhauen wird. Die H\u00f6hen sind brillant und die B\u00e4sse tief und straff. Die mittleren Frequenzen kommen nat\u00fcrlich und detailliert r\u00fcber. Ob Sie nun eine subtile Jazzsession oder ein bombastisches Orchesterst\u00fcck h\u00f6ren, alles wird mit Pr\u00e4zision und Finesse [&hellip;]<\/p>\n","protected":false},"featured_media":0,"template":"","meta":{"_acf_changed":false,"inline_featured_image":false},"product_brand":[],"product_cat":[560],"product_tag":[555],"class_list":{"0":"post-317511","1":"product","2":"type-product","3":"status-publish","5":"product_cat-verstarker","6":"product_tag-benutzt","7":"pa_kleur-chrom","9":"first","10":"instock","11":"sold-individually","12":"purchasable","13":"product-type-simple"},"acf":[],"yoast_head":"<!-- This site is optimized with the Yoast SEO plugin v25.9 - https:\/\/yoast.com\/wordpress\/plugins\/seo\/ -->\n<title>Devialet Expert Pro 140 | Freakuence!<\/title>\n<meta name=\"description\" content=\"Devialet Expert Pro 140: leistungsstarker 2x140W Verst\u00e4rker mit ADH\u00ae und SAM\u00ae Technologien. \u2713 Neue &amp; gebrauchte HiFi-Ger\u00e4te \u2713 Kundenbewertung: 4.9 von 5 \u2713 Inzahlungnahme \u2713 H\u00f6rprobe\" \/>\n<meta name=\"robots\" content=\"noindex, follow, max-snippet:-1, max-image-preview:large, max-video-preview:-1\" \/>\n<meta property=\"og:locale\" content=\"de_DE\" \/>\n<meta property=\"og:type\" content=\"article\" \/>\n<meta property=\"og:title\" content=\"Devialet Expert Pro 140 | Freakuence!\" \/>\n<meta property=\"og:description\" content=\"Devialet Expert Pro 140: leistungsstarker 2x140W Verst\u00e4rker mit ADH\u00ae und SAM\u00ae Technologien. \u2713 Neue &amp; gebrauchte HiFi-Ger\u00e4te \u2713 Kundenbewertung: 4.9 von 5 \u2713 Inzahlungnahme \u2713 H\u00f6rprobe\" \/>\n<meta property=\"og:url\" content=\"https:\/\/dev.freakuence.nl\/de\/produkt\/devialet-expert-pro-140\/\" \/>\n<meta property=\"og:site_name\" content=\"Freakuence!\" \/>\n<meta property=\"article:modified_time\" content=\"2026-03-27T06:55:48+00:00\" \/>\n<meta name=\"twitter:card\" content=\"summary_large_image\" \/>\n<script type=\"application\/ld+json\" class=\"yoast-schema-graph\">{\"@context\":\"https:\/\/schema.org\",\"@graph\":[{\"@type\":\"WebPage\",\"@id\":\"https:\/\/dev.freakuence.nl\/de\/produkt\/devialet-expert-pro-140\/\",\"url\":\"https:\/\/dev.freakuence.nl\/de\/produkt\/devialet-expert-pro-140\/\",\"name\":\"Devialet Expert Pro 140 | Freakuence!\",\"isPartOf\":{\"@id\":\"https:\/\/dev.freakuence.nl\/de\/#website\"},\"datePublished\":\"2026-03-27T06:36:53+00:00\",\"dateModified\":\"2026-03-27T06:55:48+00:00\",\"description\":\"Devialet Expert Pro 140: leistungsstarker 2x140W Verst\u00e4rker mit ADH\u00ae und SAM\u00ae Technologien. \u2713 Neue & gebrauchte HiFi-Ger\u00e4te \u2713 Kundenbewertung: 4.9 von 5 \u2713 Inzahlungnahme \u2713 H\u00f6rprobe\",\"breadcrumb\":{\"@id\":\"https:\/\/dev.freakuence.nl\/de\/produkt\/devialet-expert-pro-140\/#breadcrumb\"},\"inLanguage\":\"de\",\"potentialAction\":[{\"@type\":\"ReadAction\",\"target\":[\"https:\/\/dev.freakuence.nl\/de\/produkt\/devialet-expert-pro-140\/\"]}]},{\"@type\":\"BreadcrumbList\",\"@id\":\"https:\/\/dev.freakuence.nl\/de\/produkt\/devialet-expert-pro-140\/#breadcrumb\",\"itemListElement\":[{\"@type\":\"ListItem\",\"position\":1,\"name\":\"Home\",\"item\":\"https:\/\/dev.freakuence.nl\/de\/\"},{\"@type\":\"ListItem\",\"position\":2,\"name\":\"Products\",\"item\":\"https:\/\/dev.freakuence.nl\/en\/products\/\"},{\"@type\":\"ListItem\",\"position\":3,\"name\":\"Devialet Expert Pro 140\"}]},{\"@type\":\"WebSite\",\"@id\":\"https:\/\/dev.freakuence.nl\/de\/#website\",\"url\":\"https:\/\/dev.freakuence.nl\/de\/\",\"name\":\"Freakuence!\",\"description\":\"Freakuence!\",\"alternateName\":\"Freakuence\",\"potentialAction\":[{\"@type\":\"SearchAction\",\"target\":{\"@type\":\"EntryPoint\",\"urlTemplate\":\"https:\/\/dev.freakuence.nl\/de\/?s={search_term_string}\"},\"query-input\":{\"@type\":\"PropertyValueSpecification\",\"valueRequired\":true,\"valueName\":\"search_term_string\"}}],\"inLanguage\":\"de\"}]}<\/script>\n<!-- \/ Yoast SEO plugin. -->","yoast_head_json":{"title":"Devialet Expert Pro 140 | Freakuence!","description":"Devialet Expert Pro 140: leistungsstarker 2x140W Verst\u00e4rker mit ADH\u00ae und SAM\u00ae Technologien. \u2713 Neue & gebrauchte HiFi-Ger\u00e4te \u2713 Kundenbewertung: 4.9 von 5 \u2713 Inzahlungnahme \u2713 H\u00f6rprobe","robots":{"index":"noindex","follow":"follow","max-snippet":"max-snippet:-1","max-image-preview":"max-image-preview:large","max-video-preview":"max-video-preview:-1"},"og_locale":"de_DE","og_type":"article","og_title":"Devialet Expert Pro 140 | Freakuence!","og_description":"Devialet Expert Pro 140: leistungsstarker 2x140W Verst\u00e4rker mit ADH\u00ae und SAM\u00ae Technologien. \u2713 Neue & gebrauchte HiFi-Ger\u00e4te \u2713 Kundenbewertung: 4.9 von 5 \u2713 Inzahlungnahme \u2713 H\u00f6rprobe","og_url":"https:\/\/dev.freakuence.nl\/de\/produkt\/devialet-expert-pro-140\/","og_site_name":"Freakuence!","article_modified_time":"2026-03-27T06:55:48+00:00","twitter_card":"summary_large_image","schema":{"@context":"https:\/\/schema.org","@graph":[{"@type":"WebPage","@id":"https:\/\/dev.freakuence.nl\/de\/produkt\/devialet-expert-pro-140\/","url":"https:\/\/dev.freakuence.nl\/de\/produkt\/devialet-expert-pro-140\/","name":"Devialet Expert Pro 140 | Freakuence!","isPartOf":{"@id":"https:\/\/dev.freakuence.nl\/de\/#website"},"datePublished":"2026-03-27T06:36:53+00:00","dateModified":"2026-03-27T06:55:48+00:00","description":"Devialet Expert Pro 140: leistungsstarker 2x140W Verst\u00e4rker mit ADH\u00ae und SAM\u00ae Technologien. \u2713 Neue & gebrauchte HiFi-Ger\u00e4te \u2713 Kundenbewertung: 4.9 von 5 \u2713 Inzahlungnahme \u2713 H\u00f6rprobe","breadcrumb":{"@id":"https:\/\/dev.freakuence.nl\/de\/produkt\/devialet-expert-pro-140\/#breadcrumb"},"inLanguage":"de","potentialAction":[{"@type":"ReadAction","target":["https:\/\/dev.freakuence.nl\/de\/produkt\/devialet-expert-pro-140\/"]}]},{"@type":"BreadcrumbList","@id":"https:\/\/dev.freakuence.nl\/de\/produkt\/devialet-expert-pro-140\/#breadcrumb","itemListElement":[{"@type":"ListItem","position":1,"name":"Home","item":"https:\/\/dev.freakuence.nl\/de\/"},{"@type":"ListItem","position":2,"name":"Products","item":"https:\/\/dev.freakuence.nl\/en\/products\/"},{"@type":"ListItem","position":3,"name":"Devialet Expert Pro 140"}]},{"@type":"WebSite","@id":"https:\/\/dev.freakuence.nl\/de\/#website","url":"https:\/\/dev.freakuence.nl\/de\/","name":"Freakuence!","description":"Freakuence!","alternateName":"Freakuence","potentialAction":[{"@type":"SearchAction","target":{"@type":"EntryPoint","urlTemplate":"https:\/\/dev.freakuence.nl\/de\/?s={search_term_string}"},"query-input":{"@type":"PropertyValueSpecification","valueRequired":true,"valueName":"search_term_string"}}],"inLanguage":"de"}]}},"_links":{"self":[{"href":"https:\/\/dev.freakuence.nl\/de\/wp-json\/wp\/v2\/product\/317511","targetHints":{"allow":["GET"]}}],"collection":[{"href":"https:\/\/dev.freakuence.nl\/de\/wp-json\/wp\/v2\/product"}],"about":[{"href":"https:\/\/dev.freakuence.nl\/de\/wp-json\/wp\/v2\/types\/product"}],"version-history":[{"count":1,"href":"https:\/\/dev.freakuence.nl\/de\/wp-json\/wp\/v2\/product\/317511\/revisions"}],"predecessor-version":[{"id":317527,"href":"https:\/\/dev.freakuence.nl\/de\/wp-json\/wp\/v2\/product\/317511\/revisions\/317527"}],"wp:attachment":[{"href":"https:\/\/dev.freakuence.nl\/de\/wp-json\/wp\/v2\/media?parent=317511"}],"wp:term":[{"taxonomy":"product_brand","embeddable":true,"href":"https:\/\/dev.freakuence.nl\/de\/wp-json\/wp\/v2\/product_brand?post=317511"},{"taxonomy":"product_cat","embeddable":true,"href":"https:\/\/dev.freakuence.nl\/de\/wp-json\/wp\/v2\/product_cat?post=317511"},{"taxonomy":"product_tag","embeddable":true,"href":"https:\/\/dev.freakuence.nl\/de\/wp-json\/wp\/v2\/product_tag?post=317511"}],"curies":[{"name":"wp","href":"https:\/\/api.w.org\/{rel}","templated":true}]}}