{"id":317731,"date":"2025-09-10T11:46:52","date_gmt":"2025-09-10T09:46:52","guid":{"rendered":"https:\/\/freakuence.nl\/product\/mark-levinson-nr-39\/"},"modified":"2026-03-31T15:23:45","modified_gmt":"2026-03-31T13:23:45","slug":"mark-levinson-nr-39","status":"publish","type":"product","link":"https:\/\/dev.freakuence.nl\/de\/produkt\/mark-levinson-nr-39\/","title":{"rendered":"Mark Levinson Nr. 39"},"content":{"rendered":"<div class=\"product-specifications-list\">\n<div class=\"specification-item row-header\"><span class=\"spec-content\"><strong>Beschreibung Freakuence!<\/strong><\/span><\/div>\n<div class=\"specification-item row-even\"><span class=\"spec-content\">Ein dicker Player! Dac-Laufwerk, auch als digitaler Vorverst\u00e4rker verwendbar. Direkt leise, Mark Levinson leise. Der Mitteltonbereich ist frei von Helligkeit, das Schlagzeug trocken, Stimmen m\u00fcssen nicht gez\u00e4hmt werden. B\u00e4sse und Mitten haben einen soliden Punch, ohne aufdringlich zu sein.    <\/span><\/div>\n<div class=\"specification-item row-header\"><span class=\"spec-content\"><strong>Allgemeine Beschreibung<\/strong><\/span><\/div>\n<div class=\"specification-item row-even\"><span class=\"spec-content\">Der Mark Levinson No. 39 ist ein vielseitiger CD-Player, der gleichzeitig als digitaler Prozessor und Vorverst\u00e4rker fungiert. Mit seinen digitalen Ein- und Ausg\u00e4ngen kann er verschiedene digitale Quellen verarbeiten und einen Endverst\u00e4rker direkt ansteuern. Der eingebaute Lautst\u00e4rkeregler arbeitet im analogen Bereich und bietet pr\u00e4zise Einstellm\u00f6glichkeiten. Das Design ist robust, mit einer schlanken Schublade aus massivem Aluminium, die sich leichtg\u00e4ngig auf polierten Lagern bewegt. Die Bedienung ist intuitiv, mit einem gro\u00dfen, leicht ablesbaren Display und einer soliden Fernbedienung. Der No. 39 ist bekannt f\u00fcr seine detailreiche und dynamische Klangwiedergabe mit einer weitr\u00e4umigen Klangb\u00fchne und scharfer Definition. Damit ist er f\u00fcr H\u00f6rer geeignet, die eine hochwertige und flexible digitale Audiokomponente suchen.      <\/span><\/div>\n<div class=\"specification-item row-header\"><span class=\"spec-content\"><strong>Hintergrundinformationen<\/strong><\/span><\/div>\n<div class=\"specification-item row-even\"><span class=\"spec-content\">Der Mark Levinson No 39 ist als integrierter CD-Player mit hochwertigen DAC- und Vorverst\u00e4rkerfunktionen konzipiert. Entwickelt vom Team der Madrigal Audio Labs, das von Ingenieuren wie Tom Colangelo geleitet wird, verwendet der No 39 ausschlie\u00dflich audiophile diskrete Komponenten und ein vollst\u00e4ndig symmetrisches Schaltungsdesign. Das Geh\u00e4use ist aus massivem Aluminium gefr\u00e4st, um maximale Vibrationsd\u00e4mpfung zu gew\u00e4hrleisten. Die interne Verkabelung und die Stromversorgung wurden im eigenen Haus mit minimalen Signalwegen f\u00fcr optimale Reinheit entwickelt.   <\/span><\/div>\n<div class=\"specification-item row-header\"><span class=\"spec-content\"><strong>Geschichte der Marke<\/strong><\/span><\/div>\n<div class=\"specification-item row-even\"><span class=\"spec-content\">Mark Levinson wurde 1972 in den Vereinigten Staaten gegr\u00fcndet. Die Marke wurde nach ihrem Gr\u00fcnder, Mark Levinson, benannt, der als Musiker und Toningenieur t\u00e4tig war. Die erste kommerzielle Einf\u00fchrung war der Vorverst\u00e4rker LNP-2, der f\u00fcr professionelle Anwendungen entwickelt wurde. Sp\u00e4ter folgten weitere Ger\u00e4te, darunter Verst\u00e4rker und Prozessoren. Im Jahr 1980 wurde die Marke von Madrigal Audio Laboratories \u00fcbernommen, woraufhin die Produktentwicklung weiterging. Seit 1999 ist Mark Levinson Teil von Harman International Industries. Die Marke f\u00fchrte 2001 in Zusammenarbeit mit Lexus erstmals ein Audiosystem f\u00fcr den Einsatz in einem Fahrzeug ein. Bei der Entwicklung aller Produkte liegt der Schwerpunkt auf den technischen Spezifikationen und der Verarbeitung. Die Produktion erfolgt in den Vereinigten Staaten unter Verwendung ausgew\u00e4hlter Komponenten. Mark Levinson-Ger\u00e4te werden \u00fcber ein ausgew\u00e4hltes Netzwerk von Distributoren und H\u00e4ndlern an Kunden in aller Welt geliefert.         <\/span><\/div>\n<\/div>\n","protected":false},"excerpt":{"rendered":"<p>Beschreibung Freakuence! Ein dicker Player! Dac-Laufwerk, auch als digitaler Vorverst\u00e4rker verwendbar. Direkt leise, Mark Levinson leise. Der Mitteltonbereich ist frei von Helligkeit, das Schlagzeug trocken, Stimmen m\u00fcssen nicht gez\u00e4hmt werden. B\u00e4sse und Mitten haben einen soliden Punch, ohne aufdringlich zu sein. Allgemeine Beschreibung Der Mark Levinson No. 39 ist ein vielseitiger CD-Player, der gleichzeitig als [&hellip;]<\/p>\n","protected":false},"featured_media":374233,"template":"","meta":{"_acf_changed":false,"inline_featured_image":false},"product_brand":[],"product_cat":[554,690],"product_tag":[534],"class_list":{"0":"post-317731","1":"product","2":"type-product","3":"status-publish","4":"has-post-thumbnail","6":"product_cat-cd-spieler","7":"product_cat-quellen","8":"product_tag-benutzt","9":"pa_kleur-schwarz","11":"first","12":"instock","13":"sold-individually","14":"purchasable","15":"product-type-simple"},"acf":{"website":true,"show_on_homepage":false,"brand_title":"Mark Levinson","product_type":"No 39","color":"","subcolor":"","reserved_status":"0"},"_links":{"self":[{"href":"https:\/\/dev.freakuence.nl\/de\/wp-json\/wp\/v2\/product\/317731","targetHints":{"allow":["GET"]}}],"collection":[{"href":"https:\/\/dev.freakuence.nl\/de\/wp-json\/wp\/v2\/product"}],"about":[{"href":"https:\/\/dev.freakuence.nl\/de\/wp-json\/wp\/v2\/types\/product"}],"wp:featuredmedia":[{"embeddable":true,"href":"https:\/\/dev.freakuence.nl\/de\/wp-json\/wp\/v2\/media\/374233"}],"wp:attachment":[{"href":"https:\/\/dev.freakuence.nl\/de\/wp-json\/wp\/v2\/media?parent=317731"}],"wp:term":[{"taxonomy":"product_brand","embeddable":true,"href":"https:\/\/dev.freakuence.nl\/de\/wp-json\/wp\/v2\/product_brand?post=317731"},{"taxonomy":"product_cat","embeddable":true,"href":"https:\/\/dev.freakuence.nl\/de\/wp-json\/wp\/v2\/product_cat?post=317731"},{"taxonomy":"product_tag","embeddable":true,"href":"https:\/\/dev.freakuence.nl\/de\/wp-json\/wp\/v2\/product_tag?post=317731"}],"curies":[{"name":"wp","href":"https:\/\/api.w.org\/{rel}","templated":true}]}}