{"id":317790,"date":"2025-09-10T11:43:28","date_gmt":"2025-09-10T09:43:28","guid":{"rendered":"https:\/\/freakuence.nl\/product\/linn-akurate-ds-0\/"},"modified":"2026-04-08T18:45:05","modified_gmt":"2026-04-08T16:45:05","slug":"linn-akurate-ds-0","status":"publish","type":"product","link":"https:\/\/dev.freakuence.nl\/de\/produkt\/linn-akurate-ds-0\/","title":{"rendered":"Linn Akurate DS\/0"},"content":{"rendered":"<div class=\"product-specifications-list\">\n<div class=\"specification-item row-header\"><span class=\"spec-content\"><strong>Beschreibung Freakuence!<\/strong><\/span><\/div>\n<div class=\"specification-item row-even\"><span class=\"spec-content\">Linn Streamer, ja, eigentlich ihrer Zeit voraus. Linn ist f\u00fcr seine Pr\u00e4zision bei der Verarbeitung digitaler Signale bekannt, dank seiner besonderen Expertise. Dieser Akurate geht bis zu 24-bit\/192 kHz und hat ein perfektes Timing. Sehr dynamisch, sehr sauber, sehr Linn. Und der Support von Linn scheint eine Ewigkeit zu dauern!    <\/span><\/div>\n<div class=\"specification-item row-odd\"><span class=\"spec-content\">Ladenpreis: 5117.00<\/span><\/div>\n<div class=\"specification-item row-header\"><span class=\"spec-content\"><strong>Allgemeine Beschreibung<\/strong><\/span><\/div>\n<div class=\"specification-item row-even\"><span class=\"spec-content\">Dieses Ger\u00e4t erm\u00f6glicht den Zugang zu digitaler Musik \u00fcber ein Netzwerk ohne bewegliche Teile, wodurch mechanische Ger\u00e4usche vermieden werden. Es wandelt digitale Musikformate wie WAV, FLAC und MP3 in hochwertigen analogen Sound um. Es ist mit Streaming-Diensten wie Tidal und Qobuz kompatibel und unterst\u00fctzt Musik mit bis zu 24 Bit\/192 kHz. Das System l\u00e4sst sich einfach \u00fcber eine App steuern und kann \u00fcber die Exakt-Technologie nahtlos mit externen Lautsprechern verbunden werden. Dar\u00fcber hinaus sorgt das Dynamik-Netzteil f\u00fcr eine stabile Stromversorgung und wird \u00fcber eine intuitive Schnittstelle f\u00fcr ein optimales Benutzererlebnis gesteuert. Das System bietet eine breite Palette von Anschlussm\u00f6glichkeiten f\u00fcr digitale und analoge Quellen.<\/span><\/div>\n<div class=\"specification-item row-header\"><span class=\"spec-content\"><strong>Hintergrundinformationen<\/strong><\/span><\/div>\n<div class=\"specification-item row-even\"><span class=\"spec-content\">Der Linn Akurate DS\/0 wurde gem\u00e4\u00df der Linn-Philosophie des minimalen Signalverlusts entwickelt. Der Streamer verf\u00fcgt \u00fcber einen Pr\u00e4zisionstaktgeber und sorgf\u00e4ltig ausgew\u00e4hlte DAC-Komponenten f\u00fcr optimales Timing und Detailwiedergabe. Alle wichtigen internen Verbindungen sind kurz und direkt, um Interferenzen zu minimieren.  <\/span><\/div>\n<div class=\"specification-item row-header\"><span class=\"spec-content\"><strong>Geschichte der Marke<\/strong><\/span><\/div>\n<div class=\"specification-item row-even\"><span class=\"spec-content\">Linn wurde 1973 von Ivor Tiefenbrun gegr\u00fcndet. Es begann mit der Produktion des Sondek LP12, eines Plattenspielers, der in den folgenden Jahren kontinuierlich verbessert wurde. Eine der ersten Innovationen war die Einf\u00fchrung eines externen Netzteils, des Valhalla, und weitere wichtige Entwicklungen folgten sp\u00e4ter, wie die Einf\u00fchrung des Lingo-Netzteils im Jahr 1990. Im Jahr 1986 brachte Linn den Troika-Tonabnehmer auf den Markt, der eine verbesserte Signalwiedergabe bot. In den 1990er Jahren erweiterte Linn sein Angebot um digitale Produkte, wie den Karik\/Numerik CD-Player, und brachte 1994 das Knekt Multiroom-System auf den Markt. Linn stellt fast alles selbst her. Schauen Sie sich ihre PCB-Baumaschine online an!      <\/span><\/div>\n<\/div>\n","protected":false},"excerpt":{"rendered":"<p>Beschreibung Freakuence! Linn Streamer, ja, eigentlich ihrer Zeit voraus. Linn ist f\u00fcr seine Pr\u00e4zision bei der Verarbeitung digitaler Signale bekannt, dank seiner besonderen Expertise. Dieser Akurate geht bis zu 24-bit\/192 kHz und hat ein perfektes Timing. Sehr dynamisch, sehr sauber, sehr Linn. Und der Support von Linn scheint eine Ewigkeit zu dauern! Ladenpreis: 5117.00 Allgemeine [&hellip;]<\/p>\n","protected":false},"featured_media":384077,"template":"","meta":{"_acf_changed":false,"inline_featured_image":false},"product_brand":[],"product_cat":[741,690],"product_tag":[534],"class_list":{"0":"post-317790","1":"product","2":"type-product","3":"status-publish","4":"has-post-thumbnail","6":"product_cat-luftschlangen","7":"product_cat-quellen","8":"product_tag-benutzt","9":"pa_kleur-grau","11":"first","12":"instock","13":"sold-individually","14":"purchasable","15":"product-type-simple"},"acf":{"website":true,"show_on_homepage":false,"brand_title":"Linn","product_type":"Akurate DS\/0","color":"Grau","subcolor":"","reserved_status":"0"},"_links":{"self":[{"href":"https:\/\/dev.freakuence.nl\/de\/wp-json\/wp\/v2\/product\/317790","targetHints":{"allow":["GET"]}}],"collection":[{"href":"https:\/\/dev.freakuence.nl\/de\/wp-json\/wp\/v2\/product"}],"about":[{"href":"https:\/\/dev.freakuence.nl\/de\/wp-json\/wp\/v2\/types\/product"}],"wp:featuredmedia":[{"embeddable":true,"href":"https:\/\/dev.freakuence.nl\/de\/wp-json\/wp\/v2\/media\/384077"}],"wp:attachment":[{"href":"https:\/\/dev.freakuence.nl\/de\/wp-json\/wp\/v2\/media?parent=317790"}],"wp:term":[{"taxonomy":"product_brand","embeddable":true,"href":"https:\/\/dev.freakuence.nl\/de\/wp-json\/wp\/v2\/product_brand?post=317790"},{"taxonomy":"product_cat","embeddable":true,"href":"https:\/\/dev.freakuence.nl\/de\/wp-json\/wp\/v2\/product_cat?post=317790"},{"taxonomy":"product_tag","embeddable":true,"href":"https:\/\/dev.freakuence.nl\/de\/wp-json\/wp\/v2\/product_tag?post=317790"}],"curies":[{"name":"wp","href":"https:\/\/api.w.org\/{rel}","templated":true}]}}