{"id":317826,"date":"2026-04-01T09:27:51","date_gmt":"2026-04-01T07:27:51","guid":{"rendered":"https:\/\/dev.freakuence.nl\/product\/esoterik-f-05\/"},"modified":"2026-04-01T09:27:51","modified_gmt":"2026-04-01T07:27:51","slug":"esoterik-f-05","status":"publish","type":"product","link":"https:\/\/dev.freakuence.nl\/de\/produkt\/esoterik-f-05\/","title":{"rendered":"Esoterik F-05"},"content":{"rendered":"<div class=\"product-specifications-list\">\n<div class=\"specification-item row-header\"><span class=\"spec-content\"><strong>Beschreibung Freakuence!<\/strong><\/span><\/div>\n<div class=\"specification-item row-even\"><span class=\"spec-content\">Ein hochwertiger Verst\u00e4rker. Unglaublich kontrolliert und hochdynamisch. Das ist verlockend, das lockt&#8230; ziehen Sie nicht und senden Sie eine Nachricht.  <\/span><\/div>\n<div class=\"specification-item row-odd\"><span class=\"spec-content\">Ladenpreis: 13000.00<\/span><\/div>\n<div class=\"specification-item row-header\"><span class=\"spec-content\"><strong>Geschichte der Marke<\/strong><\/span><\/div>\n<div class=\"specification-item row-even\"><span class=\"spec-content\">Esoteric wurde 1987 als Teil der TEAC Corporation gegr\u00fcndet. Von Anfang an konzentrierte sich die Marke auf die Entwicklung von Produkten mit dem Schwerpunkt auf Genauigkeit und Details. Zu Beginn vermarktete Esoteric Produkte, die hohen Leistungsstandards und technischer Perfektion entsprachen, wobei der Schwerpunkt auf der Verwendung hochwertiger Komponenten lag. Im Laufe der Jahre hat Esoteric sein Profil durch technische Innovationen gesch\u00e4rft, um die Bed\u00fcrfnisse anspruchsvoller Kunden zu erf\u00fcllen. Die Marke ist weltweit f\u00fcr ihre technische Kompetenz und ihr handwerkliches Geschick bei der Produktentwicklung anerkannt. Durch Zusammenarbeit und st\u00e4ndige Verbesserung haben sie sich einen Ruf erworben, der auf zuverl\u00e4ssiger Leistung und fundiertem technischen Wissen beruht, was ihre Position auf dem Markt weiter gest\u00e4rkt hat. Esoteric ist nach wie vor bestrebt, Produkte zu entwickeln, die den strengen Spezifikationen und Anforderungen seiner Kunden entsprechen.      <\/span><\/div>\n<\/div>\n","protected":false},"excerpt":{"rendered":"<p>Beschreibung Freakuence! Ein hochwertiger Verst\u00e4rker. Unglaublich kontrolliert und hochdynamisch. Das ist verlockend, das lockt&#8230; ziehen Sie nicht und senden Sie eine Nachricht. Ladenpreis: 13000.00 Geschichte der Marke Esoteric wurde 1987 als Teil der TEAC Corporation gegr\u00fcndet. Von Anfang an konzentrierte sich die Marke auf die Entwicklung von Produkten mit dem Schwerpunkt auf Genauigkeit und Details. [&hellip;]<\/p>\n","protected":false},"featured_media":0,"template":"","meta":{"_acf_changed":false,"inline_featured_image":false},"product_brand":[],"product_cat":[560],"product_tag":[555],"class_list":{"0":"post-317826","1":"product","2":"type-product","3":"status-publish","5":"product_cat-verstarker","6":"product_tag-benutzt","7":"pa_kleur-blau","9":"first","10":"onbackorder","11":"sold-individually","12":"purchasable","13":"product-type-variable"},"acf":[],"yoast_head":"<!-- This site is optimized with the Yoast SEO plugin v25.9 - https:\/\/yoast.com\/wordpress\/plugins\/seo\/ -->\n<title>Esoterik F-05 | Freakuence!<\/title>\n<meta name=\"robots\" content=\"noindex, follow, max-snippet:-1, max-image-preview:large, max-video-preview:-1\" \/>\n<meta property=\"og:locale\" content=\"de_DE\" \/>\n<meta property=\"og:type\" content=\"article\" \/>\n<meta property=\"og:title\" content=\"Esoterik F-05 | Freakuence!\" \/>\n<meta property=\"og:description\" content=\"Beschreibung Freakuence! Ein hochwertiger Verst\u00e4rker. Unglaublich kontrolliert und hochdynamisch. Das ist verlockend, das lockt&#8230; ziehen Sie nicht und senden Sie eine Nachricht. Ladenpreis: 13000.00 Geschichte der Marke Esoteric wurde 1987 als Teil der TEAC Corporation gegr\u00fcndet. Von Anfang an konzentrierte sich die Marke auf die Entwicklung von Produkten mit dem Schwerpunkt auf Genauigkeit und Details. [&hellip;]\" \/>\n<meta property=\"og:url\" content=\"https:\/\/dev.freakuence.nl\/de\/produkt\/esoterik-f-05\/\" \/>\n<meta property=\"og:site_name\" content=\"Freakuence!\" \/>\n<meta name=\"twitter:card\" content=\"summary_large_image\" \/>\n<script type=\"application\/ld+json\" class=\"yoast-schema-graph\">{\"@context\":\"https:\/\/schema.org\",\"@graph\":[{\"@type\":\"WebPage\",\"@id\":\"https:\/\/dev.freakuence.nl\/de\/produkt\/esoterik-f-05\/\",\"url\":\"https:\/\/dev.freakuence.nl\/de\/produkt\/esoterik-f-05\/\",\"name\":\"Esoterik F-05 | Freakuence!\",\"isPartOf\":{\"@id\":\"https:\/\/dev.freakuence.nl\/de\/#website\"},\"datePublished\":\"2026-04-01T07:27:51+00:00\",\"breadcrumb\":{\"@id\":\"https:\/\/dev.freakuence.nl\/de\/produkt\/esoterik-f-05\/#breadcrumb\"},\"inLanguage\":\"de\",\"potentialAction\":[{\"@type\":\"ReadAction\",\"target\":[\"https:\/\/dev.freakuence.nl\/de\/produkt\/esoterik-f-05\/\"]}]},{\"@type\":\"BreadcrumbList\",\"@id\":\"https:\/\/dev.freakuence.nl\/de\/produkt\/esoterik-f-05\/#breadcrumb\",\"itemListElement\":[{\"@type\":\"ListItem\",\"position\":1,\"name\":\"Startseite\",\"item\":\"https:\/\/dev.freakuence.nl\/de\/\"},{\"@type\":\"ListItem\",\"position\":2,\"name\":\"Products\",\"item\":\"https:\/\/dev.freakuence.nl\/en\/products\/\"},{\"@type\":\"ListItem\",\"position\":3,\"name\":\"Esoterisch F-05\"}]},{\"@type\":\"WebSite\",\"@id\":\"https:\/\/dev.freakuence.nl\/de\/#website\",\"url\":\"https:\/\/dev.freakuence.nl\/de\/\",\"name\":\"Freakuence!\",\"description\":\"Freakuence!\",\"alternateName\":\"Freakuence\",\"potentialAction\":[{\"@type\":\"SearchAction\",\"target\":{\"@type\":\"EntryPoint\",\"urlTemplate\":\"https:\/\/dev.freakuence.nl\/de\/?s={search_term_string}\"},\"query-input\":{\"@type\":\"PropertyValueSpecification\",\"valueRequired\":true,\"valueName\":\"search_term_string\"}}],\"inLanguage\":\"de\"}]}<\/script>\n<!-- \/ Yoast SEO plugin. -->","yoast_head_json":{"title":"Esoterik F-05 | Freakuence!","robots":{"index":"noindex","follow":"follow","max-snippet":"max-snippet:-1","max-image-preview":"max-image-preview:large","max-video-preview":"max-video-preview:-1"},"og_locale":"de_DE","og_type":"article","og_title":"Esoterik F-05 | Freakuence!","og_description":"Beschreibung Freakuence! Ein hochwertiger Verst\u00e4rker. Unglaublich kontrolliert und hochdynamisch. Das ist verlockend, das lockt&#8230; ziehen Sie nicht und senden Sie eine Nachricht. Ladenpreis: 13000.00 Geschichte der Marke Esoteric wurde 1987 als Teil der TEAC Corporation gegr\u00fcndet. Von Anfang an konzentrierte sich die Marke auf die Entwicklung von Produkten mit dem Schwerpunkt auf Genauigkeit und Details. [&hellip;]","og_url":"https:\/\/dev.freakuence.nl\/de\/produkt\/esoterik-f-05\/","og_site_name":"Freakuence!","twitter_card":"summary_large_image","schema":{"@context":"https:\/\/schema.org","@graph":[{"@type":"WebPage","@id":"https:\/\/dev.freakuence.nl\/de\/produkt\/esoterik-f-05\/","url":"https:\/\/dev.freakuence.nl\/de\/produkt\/esoterik-f-05\/","name":"Esoterik F-05 | Freakuence!","isPartOf":{"@id":"https:\/\/dev.freakuence.nl\/de\/#website"},"datePublished":"2026-04-01T07:27:51+00:00","breadcrumb":{"@id":"https:\/\/dev.freakuence.nl\/de\/produkt\/esoterik-f-05\/#breadcrumb"},"inLanguage":"de","potentialAction":[{"@type":"ReadAction","target":["https:\/\/dev.freakuence.nl\/de\/produkt\/esoterik-f-05\/"]}]},{"@type":"BreadcrumbList","@id":"https:\/\/dev.freakuence.nl\/de\/produkt\/esoterik-f-05\/#breadcrumb","itemListElement":[{"@type":"ListItem","position":1,"name":"Startseite","item":"https:\/\/dev.freakuence.nl\/de\/"},{"@type":"ListItem","position":2,"name":"Products","item":"https:\/\/dev.freakuence.nl\/en\/products\/"},{"@type":"ListItem","position":3,"name":"Esoterisch F-05"}]},{"@type":"WebSite","@id":"https:\/\/dev.freakuence.nl\/de\/#website","url":"https:\/\/dev.freakuence.nl\/de\/","name":"Freakuence!","description":"Freakuence!","alternateName":"Freakuence","potentialAction":[{"@type":"SearchAction","target":{"@type":"EntryPoint","urlTemplate":"https:\/\/dev.freakuence.nl\/de\/?s={search_term_string}"},"query-input":{"@type":"PropertyValueSpecification","valueRequired":true,"valueName":"search_term_string"}}],"inLanguage":"de"}]}},"_links":{"self":[{"href":"https:\/\/dev.freakuence.nl\/de\/wp-json\/wp\/v2\/product\/317826","targetHints":{"allow":["GET"]}}],"collection":[{"href":"https:\/\/dev.freakuence.nl\/de\/wp-json\/wp\/v2\/product"}],"about":[{"href":"https:\/\/dev.freakuence.nl\/de\/wp-json\/wp\/v2\/types\/product"}],"version-history":[{"count":0,"href":"https:\/\/dev.freakuence.nl\/de\/wp-json\/wp\/v2\/product\/317826\/revisions"}],"wp:attachment":[{"href":"https:\/\/dev.freakuence.nl\/de\/wp-json\/wp\/v2\/media?parent=317826"}],"wp:term":[{"taxonomy":"product_brand","embeddable":true,"href":"https:\/\/dev.freakuence.nl\/de\/wp-json\/wp\/v2\/product_brand?post=317826"},{"taxonomy":"product_cat","embeddable":true,"href":"https:\/\/dev.freakuence.nl\/de\/wp-json\/wp\/v2\/product_cat?post=317826"},{"taxonomy":"product_tag","embeddable":true,"href":"https:\/\/dev.freakuence.nl\/de\/wp-json\/wp\/v2\/product_tag?post=317826"}],"curies":[{"name":"wp","href":"https:\/\/api.w.org\/{rel}","templated":true}]}}