{"id":317845,"date":"2026-04-02T06:35:18","date_gmt":"2026-04-02T04:35:18","guid":{"rendered":"https:\/\/dev.freakuence.nl\/product\/primaluna-dialogue-premium-13\/"},"modified":"2026-04-02T06:35:18","modified_gmt":"2026-04-02T04:35:18","slug":"primaluna-dialogue-premium-13","status":"publish","type":"product","link":"https:\/\/dev.freakuence.nl\/de\/produkt\/primaluna-dialogue-premium-13\/","title":{"rendered":"PrimaLuna Dialogue Premium"},"content":{"rendered":"<div class=\"product-specifications-list\">\n<div class=\"specification-item row-header\"><span class=\"spec-content\"><strong>Beschreibung Freakuence!<\/strong><\/span><\/div>\n<div class=\"specification-item row-even\"><span class=\"spec-content\">Hochwertiger R\u00f6hrenverst\u00e4rker von PrimaLuna. Einschalten = genie\u00dfen. F\u00fcr Liebhaber einer satten, vollen und runden Wiedergabe. Leistungsstark, f\u00e4hrt also eine Menge. Kommen Sie f\u00fcr eine Vorf\u00fchrung vorbei!    <\/span><\/div>\n<div class=\"specification-item row-header\"><span class=\"spec-content\"><strong>Geschichte der Marke<\/strong><\/span><\/div>\n<div class=\"specification-item row-even\"><span class=\"spec-content\">PrimaLuna ist eine niederl\u00e4ndische Audiomarke, die im Jahr 2003 von Herman van den Dungen gegr\u00fcndet wurde. Die Marke ist f\u00fcr ihre R\u00f6hrenverst\u00e4rker bekannt und hat im Laufe der Jahre mehrere Produktlinien eingef\u00fchrt, darunter die Serien ProLogue, DiaLogue und Evo. Die Produkte werden in den Niederlanden entwickelt und in China hergestellt. PrimaLuna hat mehrere internationale Auszeichnungen f\u00fcr seine Produkte erhalten. Die Marke hat einen weltweiten Vertrieb und ist in mehreren L\u00e4ndern erh\u00e4ltlich.    <\/span><\/div>\n<\/div>\n","protected":false},"excerpt":{"rendered":"<p>Beschreibung Freakuence! Hochwertiger R\u00f6hrenverst\u00e4rker von PrimaLuna. Einschalten = genie\u00dfen. F\u00fcr Liebhaber einer satten, vollen und runden Wiedergabe. Leistungsstark, f\u00e4hrt also eine Menge. Kommen Sie f\u00fcr eine Vorf\u00fchrung vorbei! Geschichte der Marke PrimaLuna ist eine niederl\u00e4ndische Audiomarke, die im Jahr 2003 von Herman van den Dungen gegr\u00fcndet wurde. Die Marke ist f\u00fcr ihre R\u00f6hrenverst\u00e4rker bekannt und [&hellip;]<\/p>\n","protected":false},"featured_media":0,"template":"","meta":{"_acf_changed":false,"inline_featured_image":false},"product_brand":[],"product_cat":[582,560],"product_tag":[555],"class_list":{"0":"post-317845","1":"product","2":"type-product","3":"status-publish","5":"product_cat-rohrenverstarker","6":"product_cat-verstarker","7":"product_tag-benutzt","9":"first","10":"instock","11":"sold-individually","12":"purchasable","13":"product-type-simple"},"acf":[],"yoast_head":"<!-- This site is optimized with the Yoast SEO plugin v25.9 - https:\/\/yoast.com\/wordpress\/plugins\/seo\/ -->\n<title>PrimaLuna Dialogue Premium | Freakuence!<\/title>\n<meta name=\"robots\" content=\"noindex, follow, max-snippet:-1, max-image-preview:large, max-video-preview:-1\" \/>\n<meta property=\"og:locale\" content=\"de_DE\" \/>\n<meta property=\"og:type\" content=\"article\" \/>\n<meta property=\"og:title\" content=\"PrimaLuna Dialogue Premium | Freakuence!\" \/>\n<meta property=\"og:description\" content=\"Beschreibung Freakuence! Hochwertiger R\u00f6hrenverst\u00e4rker von PrimaLuna. Einschalten = genie\u00dfen. F\u00fcr Liebhaber einer satten, vollen und runden Wiedergabe. Leistungsstark, f\u00e4hrt also eine Menge. Kommen Sie f\u00fcr eine Vorf\u00fchrung vorbei! Geschichte der Marke PrimaLuna ist eine niederl\u00e4ndische Audiomarke, die im Jahr 2003 von Herman van den Dungen gegr\u00fcndet wurde. Die Marke ist f\u00fcr ihre R\u00f6hrenverst\u00e4rker bekannt und [&hellip;]\" \/>\n<meta property=\"og:url\" content=\"https:\/\/dev.freakuence.nl\/de\/produkt\/primaluna-dialogue-premium-13\/\" \/>\n<meta property=\"og:site_name\" content=\"Freakuence!\" \/>\n<meta name=\"twitter:card\" content=\"summary_large_image\" \/>\n<script type=\"application\/ld+json\" class=\"yoast-schema-graph\">{\"@context\":\"https:\/\/schema.org\",\"@graph\":[{\"@type\":\"WebPage\",\"@id\":\"https:\/\/dev.freakuence.nl\/de\/produkt\/primaluna-dialogue-premium-13\/\",\"url\":\"https:\/\/dev.freakuence.nl\/de\/produkt\/primaluna-dialogue-premium-13\/\",\"name\":\"PrimaLuna Dialogue Premium | Freakuence!\",\"isPartOf\":{\"@id\":\"https:\/\/dev.freakuence.nl\/de\/#website\"},\"datePublished\":\"2026-04-02T04:35:18+00:00\",\"breadcrumb\":{\"@id\":\"https:\/\/dev.freakuence.nl\/de\/produkt\/primaluna-dialogue-premium-13\/#breadcrumb\"},\"inLanguage\":\"de\",\"potentialAction\":[{\"@type\":\"ReadAction\",\"target\":[\"https:\/\/dev.freakuence.nl\/de\/produkt\/primaluna-dialogue-premium-13\/\"]}]},{\"@type\":\"BreadcrumbList\",\"@id\":\"https:\/\/dev.freakuence.nl\/de\/produkt\/primaluna-dialogue-premium-13\/#breadcrumb\",\"itemListElement\":[{\"@type\":\"ListItem\",\"position\":1,\"name\":\"Home\",\"item\":\"https:\/\/dev.freakuence.nl\/de\/\"},{\"@type\":\"ListItem\",\"position\":2,\"name\":\"Products\",\"item\":\"https:\/\/dev.freakuence.nl\/en\/products\/\"},{\"@type\":\"ListItem\",\"position\":3,\"name\":\"PrimaLuna Dialog Premium\"}]},{\"@type\":\"WebSite\",\"@id\":\"https:\/\/dev.freakuence.nl\/de\/#website\",\"url\":\"https:\/\/dev.freakuence.nl\/de\/\",\"name\":\"Freakuence!\",\"description\":\"Freakuence!\",\"alternateName\":\"Freakuence\",\"potentialAction\":[{\"@type\":\"SearchAction\",\"target\":{\"@type\":\"EntryPoint\",\"urlTemplate\":\"https:\/\/dev.freakuence.nl\/de\/?s={search_term_string}\"},\"query-input\":{\"@type\":\"PropertyValueSpecification\",\"valueRequired\":true,\"valueName\":\"search_term_string\"}}],\"inLanguage\":\"de\"}]}<\/script>\n<!-- \/ Yoast SEO plugin. -->","yoast_head_json":{"title":"PrimaLuna Dialogue Premium | Freakuence!","robots":{"index":"noindex","follow":"follow","max-snippet":"max-snippet:-1","max-image-preview":"max-image-preview:large","max-video-preview":"max-video-preview:-1"},"og_locale":"de_DE","og_type":"article","og_title":"PrimaLuna Dialogue Premium | Freakuence!","og_description":"Beschreibung Freakuence! Hochwertiger R\u00f6hrenverst\u00e4rker von PrimaLuna. Einschalten = genie\u00dfen. F\u00fcr Liebhaber einer satten, vollen und runden Wiedergabe. Leistungsstark, f\u00e4hrt also eine Menge. Kommen Sie f\u00fcr eine Vorf\u00fchrung vorbei! Geschichte der Marke PrimaLuna ist eine niederl\u00e4ndische Audiomarke, die im Jahr 2003 von Herman van den Dungen gegr\u00fcndet wurde. Die Marke ist f\u00fcr ihre R\u00f6hrenverst\u00e4rker bekannt und [&hellip;]","og_url":"https:\/\/dev.freakuence.nl\/de\/produkt\/primaluna-dialogue-premium-13\/","og_site_name":"Freakuence!","twitter_card":"summary_large_image","schema":{"@context":"https:\/\/schema.org","@graph":[{"@type":"WebPage","@id":"https:\/\/dev.freakuence.nl\/de\/produkt\/primaluna-dialogue-premium-13\/","url":"https:\/\/dev.freakuence.nl\/de\/produkt\/primaluna-dialogue-premium-13\/","name":"PrimaLuna Dialogue Premium | Freakuence!","isPartOf":{"@id":"https:\/\/dev.freakuence.nl\/de\/#website"},"datePublished":"2026-04-02T04:35:18+00:00","breadcrumb":{"@id":"https:\/\/dev.freakuence.nl\/de\/produkt\/primaluna-dialogue-premium-13\/#breadcrumb"},"inLanguage":"de","potentialAction":[{"@type":"ReadAction","target":["https:\/\/dev.freakuence.nl\/de\/produkt\/primaluna-dialogue-premium-13\/"]}]},{"@type":"BreadcrumbList","@id":"https:\/\/dev.freakuence.nl\/de\/produkt\/primaluna-dialogue-premium-13\/#breadcrumb","itemListElement":[{"@type":"ListItem","position":1,"name":"Home","item":"https:\/\/dev.freakuence.nl\/de\/"},{"@type":"ListItem","position":2,"name":"Products","item":"https:\/\/dev.freakuence.nl\/en\/products\/"},{"@type":"ListItem","position":3,"name":"PrimaLuna Dialog Premium"}]},{"@type":"WebSite","@id":"https:\/\/dev.freakuence.nl\/de\/#website","url":"https:\/\/dev.freakuence.nl\/de\/","name":"Freakuence!","description":"Freakuence!","alternateName":"Freakuence","potentialAction":[{"@type":"SearchAction","target":{"@type":"EntryPoint","urlTemplate":"https:\/\/dev.freakuence.nl\/de\/?s={search_term_string}"},"query-input":{"@type":"PropertyValueSpecification","valueRequired":true,"valueName":"search_term_string"}}],"inLanguage":"de"}]}},"_links":{"self":[{"href":"https:\/\/dev.freakuence.nl\/de\/wp-json\/wp\/v2\/product\/317845","targetHints":{"allow":["GET"]}}],"collection":[{"href":"https:\/\/dev.freakuence.nl\/de\/wp-json\/wp\/v2\/product"}],"about":[{"href":"https:\/\/dev.freakuence.nl\/de\/wp-json\/wp\/v2\/types\/product"}],"version-history":[{"count":0,"href":"https:\/\/dev.freakuence.nl\/de\/wp-json\/wp\/v2\/product\/317845\/revisions"}],"wp:attachment":[{"href":"https:\/\/dev.freakuence.nl\/de\/wp-json\/wp\/v2\/media?parent=317845"}],"wp:term":[{"taxonomy":"product_brand","embeddable":true,"href":"https:\/\/dev.freakuence.nl\/de\/wp-json\/wp\/v2\/product_brand?post=317845"},{"taxonomy":"product_cat","embeddable":true,"href":"https:\/\/dev.freakuence.nl\/de\/wp-json\/wp\/v2\/product_cat?post=317845"},{"taxonomy":"product_tag","embeddable":true,"href":"https:\/\/dev.freakuence.nl\/de\/wp-json\/wp\/v2\/product_tag?post=317845"}],"curies":[{"name":"wp","href":"https:\/\/api.w.org\/{rel}","templated":true}]}}