{"id":317851,"date":"2026-04-02T07:46:18","date_gmt":"2026-04-02T05:46:18","guid":{"rendered":"https:\/\/dev.freakuence.nl\/product\/quadral-aurum-9-5\/"},"modified":"2026-04-02T08:06:38","modified_gmt":"2026-04-02T06:06:38","slug":"quadral-aurum-9-5","status":"publish","type":"product","link":"https:\/\/dev.freakuence.nl\/de\/produkt\/quadral-aurum-9-5\/","title":{"rendered":"Quadral Aurum 9"},"content":{"rendered":"<div class=\"product-specifications-list\">\n<div class=\"specification-item row-header\"><span class=\"spec-content\"><strong>Beschreibung Freakuence!<\/strong><\/span><\/div>\n<div class=\"specification-item row-even\"><span class=\"spec-content\">Ein sehr sch\u00f6ner &#8218;Einstieg&#8216; in die Welt der ernsthaften Wiedergabe. Dank des Bandhocht\u00f6ners spielt diese Aurum sehr weitr\u00e4umig und tr\u00e4gt zu einem B\u00fchnenerlebnis bei. Sehr kraftvoll im unteren Bereich, mit einem ged\u00e4mpften und sauberen Mitteltonbereich.  <\/span><\/div>\n<div class=\"specification-item row-odd\"><span class=\"spec-content\">Ladenpreis: 1234.00<\/span><\/div>\n<\/div>\n","protected":false},"excerpt":{"rendered":"<p>Beschreibung Freakuence! Ein sehr sch\u00f6ner &#8218;Einstieg&#8216; in die Welt der ernsthaften Wiedergabe. Dank des Bandhocht\u00f6ners spielt diese Aurum sehr weitr\u00e4umig und tr\u00e4gt zu einem B\u00fchnenerlebnis bei. Sehr kraftvoll im unteren Bereich, mit einem ged\u00e4mpften und sauberen Mitteltonbereich. Ladenpreis: 1234.00<\/p>\n","protected":false},"featured_media":0,"template":"","meta":{"_acf_changed":false,"inline_featured_image":false},"product_brand":[],"product_cat":[562],"product_tag":[555],"class_list":{"0":"post-317851","1":"product","2":"type-product","3":"status-publish","5":"product_cat-audio","6":"product_tag-benutzt","7":"pa_kleur-schwarz","9":"first","10":"onbackorder","11":"sold-individually","12":"purchasable","13":"product-type-variable"},"acf":[],"yoast_head":"<!-- This site is optimized with the Yoast SEO plugin v25.9 - https:\/\/yoast.com\/wordpress\/plugins\/seo\/ -->\n<title>Quadral Aurum 9 | Freakuence!<\/title>\n<meta name=\"robots\" content=\"noindex, follow, max-snippet:-1, max-image-preview:large, max-video-preview:-1\" \/>\n<meta property=\"og:locale\" content=\"de_DE\" \/>\n<meta property=\"og:type\" content=\"article\" \/>\n<meta property=\"og:title\" content=\"Quadral Aurum 9 | Freakuence!\" \/>\n<meta property=\"og:description\" content=\"Beschreibung Freakuence! Ein sehr sch\u00f6ner &#8218;Einstieg&#8216; in die Welt der ernsthaften Wiedergabe. Dank des Bandhocht\u00f6ners spielt diese Aurum sehr weitr\u00e4umig und tr\u00e4gt zu einem B\u00fchnenerlebnis bei. Sehr kraftvoll im unteren Bereich, mit einem ged\u00e4mpften und sauberen Mitteltonbereich. Ladenpreis: 1234.00\" \/>\n<meta property=\"og:url\" content=\"https:\/\/dev.freakuence.nl\/de\/produkt\/quadral-aurum-9-5\/\" \/>\n<meta property=\"og:site_name\" content=\"Freakuence!\" \/>\n<meta property=\"article:modified_time\" content=\"2026-04-02T06:06:38+00:00\" \/>\n<meta name=\"twitter:card\" content=\"summary_large_image\" \/>\n<script type=\"application\/ld+json\" class=\"yoast-schema-graph\">{\"@context\":\"https:\/\/schema.org\",\"@graph\":[{\"@type\":\"WebPage\",\"@id\":\"https:\/\/dev.freakuence.nl\/de\/produkt\/quadral-aurum-9-5\/\",\"url\":\"https:\/\/dev.freakuence.nl\/de\/produkt\/quadral-aurum-9-5\/\",\"name\":\"Quadral Aurum 9 | Freakuence!\",\"isPartOf\":{\"@id\":\"https:\/\/dev.freakuence.nl\/de\/#website\"},\"datePublished\":\"2026-04-02T05:46:18+00:00\",\"dateModified\":\"2026-04-02T06:06:38+00:00\",\"breadcrumb\":{\"@id\":\"https:\/\/dev.freakuence.nl\/de\/produkt\/quadral-aurum-9-5\/#breadcrumb\"},\"inLanguage\":\"de\",\"potentialAction\":[{\"@type\":\"ReadAction\",\"target\":[\"https:\/\/dev.freakuence.nl\/de\/produkt\/quadral-aurum-9-5\/\"]}]},{\"@type\":\"BreadcrumbList\",\"@id\":\"https:\/\/dev.freakuence.nl\/de\/produkt\/quadral-aurum-9-5\/#breadcrumb\",\"itemListElement\":[{\"@type\":\"ListItem\",\"position\":1,\"name\":\"Startseite\",\"item\":\"https:\/\/dev.freakuence.nl\/de\/\"},{\"@type\":\"ListItem\",\"position\":2,\"name\":\"Products\",\"item\":\"https:\/\/dev.freakuence.nl\/en\/products\/\"},{\"@type\":\"ListItem\",\"position\":3,\"name\":\"Quadral Aurum 9\"}]},{\"@type\":\"WebSite\",\"@id\":\"https:\/\/dev.freakuence.nl\/de\/#website\",\"url\":\"https:\/\/dev.freakuence.nl\/de\/\",\"name\":\"Freakuence!\",\"description\":\"Freakuence!\",\"alternateName\":\"Freakuence\",\"potentialAction\":[{\"@type\":\"SearchAction\",\"target\":{\"@type\":\"EntryPoint\",\"urlTemplate\":\"https:\/\/dev.freakuence.nl\/de\/?s={search_term_string}\"},\"query-input\":{\"@type\":\"PropertyValueSpecification\",\"valueRequired\":true,\"valueName\":\"search_term_string\"}}],\"inLanguage\":\"de\"}]}<\/script>\n<!-- \/ Yoast SEO plugin. -->","yoast_head_json":{"title":"Quadral Aurum 9 | Freakuence!","robots":{"index":"noindex","follow":"follow","max-snippet":"max-snippet:-1","max-image-preview":"max-image-preview:large","max-video-preview":"max-video-preview:-1"},"og_locale":"de_DE","og_type":"article","og_title":"Quadral Aurum 9 | Freakuence!","og_description":"Beschreibung Freakuence! Ein sehr sch\u00f6ner &#8218;Einstieg&#8216; in die Welt der ernsthaften Wiedergabe. Dank des Bandhocht\u00f6ners spielt diese Aurum sehr weitr\u00e4umig und tr\u00e4gt zu einem B\u00fchnenerlebnis bei. Sehr kraftvoll im unteren Bereich, mit einem ged\u00e4mpften und sauberen Mitteltonbereich. Ladenpreis: 1234.00","og_url":"https:\/\/dev.freakuence.nl\/de\/produkt\/quadral-aurum-9-5\/","og_site_name":"Freakuence!","article_modified_time":"2026-04-02T06:06:38+00:00","twitter_card":"summary_large_image","schema":{"@context":"https:\/\/schema.org","@graph":[{"@type":"WebPage","@id":"https:\/\/dev.freakuence.nl\/de\/produkt\/quadral-aurum-9-5\/","url":"https:\/\/dev.freakuence.nl\/de\/produkt\/quadral-aurum-9-5\/","name":"Quadral Aurum 9 | Freakuence!","isPartOf":{"@id":"https:\/\/dev.freakuence.nl\/de\/#website"},"datePublished":"2026-04-02T05:46:18+00:00","dateModified":"2026-04-02T06:06:38+00:00","breadcrumb":{"@id":"https:\/\/dev.freakuence.nl\/de\/produkt\/quadral-aurum-9-5\/#breadcrumb"},"inLanguage":"de","potentialAction":[{"@type":"ReadAction","target":["https:\/\/dev.freakuence.nl\/de\/produkt\/quadral-aurum-9-5\/"]}]},{"@type":"BreadcrumbList","@id":"https:\/\/dev.freakuence.nl\/de\/produkt\/quadral-aurum-9-5\/#breadcrumb","itemListElement":[{"@type":"ListItem","position":1,"name":"Startseite","item":"https:\/\/dev.freakuence.nl\/de\/"},{"@type":"ListItem","position":2,"name":"Products","item":"https:\/\/dev.freakuence.nl\/en\/products\/"},{"@type":"ListItem","position":3,"name":"Quadral Aurum 9"}]},{"@type":"WebSite","@id":"https:\/\/dev.freakuence.nl\/de\/#website","url":"https:\/\/dev.freakuence.nl\/de\/","name":"Freakuence!","description":"Freakuence!","alternateName":"Freakuence","potentialAction":[{"@type":"SearchAction","target":{"@type":"EntryPoint","urlTemplate":"https:\/\/dev.freakuence.nl\/de\/?s={search_term_string}"},"query-input":{"@type":"PropertyValueSpecification","valueRequired":true,"valueName":"search_term_string"}}],"inLanguage":"de"}]}},"_links":{"self":[{"href":"https:\/\/dev.freakuence.nl\/de\/wp-json\/wp\/v2\/product\/317851","targetHints":{"allow":["GET"]}}],"collection":[{"href":"https:\/\/dev.freakuence.nl\/de\/wp-json\/wp\/v2\/product"}],"about":[{"href":"https:\/\/dev.freakuence.nl\/de\/wp-json\/wp\/v2\/types\/product"}],"version-history":[{"count":2,"href":"https:\/\/dev.freakuence.nl\/de\/wp-json\/wp\/v2\/product\/317851\/revisions"}],"predecessor-version":[{"id":317862,"href":"https:\/\/dev.freakuence.nl\/de\/wp-json\/wp\/v2\/product\/317851\/revisions\/317862"}],"wp:attachment":[{"href":"https:\/\/dev.freakuence.nl\/de\/wp-json\/wp\/v2\/media?parent=317851"}],"wp:term":[{"taxonomy":"product_brand","embeddable":true,"href":"https:\/\/dev.freakuence.nl\/de\/wp-json\/wp\/v2\/product_brand?post=317851"},{"taxonomy":"product_cat","embeddable":true,"href":"https:\/\/dev.freakuence.nl\/de\/wp-json\/wp\/v2\/product_cat?post=317851"},{"taxonomy":"product_tag","embeddable":true,"href":"https:\/\/dev.freakuence.nl\/de\/wp-json\/wp\/v2\/product_tag?post=317851"}],"curies":[{"name":"wp","href":"https:\/\/api.w.org\/{rel}","templated":true}]}}