{"id":317867,"date":"2026-04-02T08:08:57","date_gmt":"2026-04-02T06:08:57","guid":{"rendered":"https:\/\/dev.freakuence.nl\/product\/diapason-adamantes-iii\/"},"modified":"2026-04-02T09:16:57","modified_gmt":"2026-04-02T07:16:57","slug":"diapason-adamantes-iii","status":"publish","type":"product","link":"https:\/\/dev.freakuence.nl\/de\/produkt\/diapason-adamantes-iii\/","title":{"rendered":"Diapason Adamantes III"},"content":{"rendered":"<div class=\"product-specifications-list\">\n<div class=\"specification-item row-header\"><span class=\"spec-content\"><strong>Beschreibung Freakuence!<\/strong><\/span><\/div>\n<div class=\"specification-item row-even\"><span class=\"spec-content\">Wunderbarer Klang aus einer Kabine. Sehr sch\u00f6n. Italienische Monitore, die man ernst nehmen sollte. Lassen Sie sich von der Raffinesse in der Raffinesse \u00fcberzeugen. Was ist das denn? H\u00f6ren wir Sie denken und schreien&#8230;. nun, das ist, wenn eine ganze Menge unzusammenh\u00e4ngender Kl\u00e4nge genau zur gleichen Zeit auf Ihre Ohren geschleudert werden.     <\/span><\/div>\n<div class=\"specification-item row-odd\"><span class=\"spec-content\">Ladenpreis: 5395.00<\/span><\/div>\n<div class=\"specification-item row-header\"><span class=\"spec-content\"><strong>Geschichte der Marke<\/strong><\/span><\/div>\n<div class=\"specification-item row-even\"><span class=\"spec-content\">Diapason wurde 1987 von Alessandro Schiavi in Italien gegr\u00fcndet. Die Urspr\u00fcnge der Marke liegen in der Zusammenarbeit von Ingenieuren mit Erfahrung in der Messinstrumentierung. Das erste Modell, der Prelude, wurde mit dem Ziel entwickelt, eine nat\u00fcrliche Wiedergabe der Klangfarbe zu erreichen. Seitdem hat Diapason mehrere Modelle herausgebracht, darunter Adamantes im Jahr 1989 und Micra im Jahr 1991. Im Jahr 2001 stellte die Marke das Karis vor, gefolgt von Produkten wie dem Astera, Neos und Romagna. Bei der Gestaltung der Modelle wurde viel Wert auf die Auswahl der Materialien gelegt. Die Produktion findet in Italien statt, wobei Massivholz f\u00fcr die Geh\u00e4use verwendet wird. Die Entw\u00fcrfe zeichnen sich durch die Verwendung von spezifischen Geometrien aus. Diapason f\u00fchrt eine begrenzte Anzahl von Modellen und arbeitet mit Komponenten, die aufgrund ihrer akustischen Eigenschaften ausgew\u00e4hlt werden. Entwicklung und Montage werden im eigenen Haus durchgef\u00fchrt.         <\/span><\/div>\n<\/div>\n","protected":false},"excerpt":{"rendered":"<p>Beschreibung Freakuence! Wunderbarer Klang aus einer Kabine. Sehr sch\u00f6n. Italienische Monitore, die man ernst nehmen sollte. Lassen Sie sich von der Raffinesse in der Raffinesse \u00fcberzeugen. Was ist das denn? H\u00f6ren wir Sie denken und schreien&#8230;. nun, das ist, wenn eine ganze Menge unzusammenh\u00e4ngender Kl\u00e4nge genau zur gleichen Zeit auf Ihre Ohren geschleudert werden. Ladenpreis: [&hellip;]<\/p>\n","protected":false},"featured_media":0,"template":"","meta":{"_acf_changed":false,"inline_featured_image":false},"product_brand":[],"product_cat":[553],"product_tag":[555],"class_list":{"0":"post-317867","1":"product","2":"type-product","3":"status-publish","5":"product_cat-redner","6":"product_tag-benutzt","7":"pa_kleur-schwarz","9":"first","10":"onbackorder","11":"sold-individually","12":"purchasable","13":"product-type-variable"},"acf":[],"yoast_head":"<!-- This site is optimized with the Yoast SEO plugin v25.9 - https:\/\/yoast.com\/wordpress\/plugins\/seo\/ -->\n<title>Diapason Adamantes III | Freakuence!<\/title>\n<meta name=\"robots\" content=\"noindex, follow, max-snippet:-1, max-image-preview:large, max-video-preview:-1\" \/>\n<meta property=\"og:locale\" content=\"de_DE\" \/>\n<meta property=\"og:type\" content=\"article\" \/>\n<meta property=\"og:title\" content=\"Diapason Adamantes III | Freakuence!\" \/>\n<meta property=\"og:description\" content=\"Beschreibung Freakuence! Wunderbarer Klang aus einer Kabine. Sehr sch\u00f6n. Italienische Monitore, die man ernst nehmen sollte. Lassen Sie sich von der Raffinesse in der Raffinesse \u00fcberzeugen. Was ist das denn? H\u00f6ren wir Sie denken und schreien&#8230;. nun, das ist, wenn eine ganze Menge unzusammenh\u00e4ngender Kl\u00e4nge genau zur gleichen Zeit auf Ihre Ohren geschleudert werden. Ladenpreis: [&hellip;]\" \/>\n<meta property=\"og:url\" content=\"https:\/\/dev.freakuence.nl\/de\/produkt\/diapason-adamantes-iii\/\" \/>\n<meta property=\"og:site_name\" content=\"Freakuence!\" \/>\n<meta property=\"article:modified_time\" content=\"2026-04-02T07:16:57+00:00\" \/>\n<meta name=\"twitter:card\" content=\"summary_large_image\" \/>\n<script type=\"application\/ld+json\" class=\"yoast-schema-graph\">{\"@context\":\"https:\/\/schema.org\",\"@graph\":[{\"@type\":\"WebPage\",\"@id\":\"https:\/\/dev.freakuence.nl\/de\/produkt\/diapason-adamantes-iii\/\",\"url\":\"https:\/\/dev.freakuence.nl\/de\/produkt\/diapason-adamantes-iii\/\",\"name\":\"Diapason Adamantes III | Freakuence!\",\"isPartOf\":{\"@id\":\"https:\/\/dev.freakuence.nl\/de\/#website\"},\"datePublished\":\"2026-04-02T06:08:57+00:00\",\"dateModified\":\"2026-04-02T07:16:57+00:00\",\"breadcrumb\":{\"@id\":\"https:\/\/dev.freakuence.nl\/de\/produkt\/diapason-adamantes-iii\/#breadcrumb\"},\"inLanguage\":\"de\",\"potentialAction\":[{\"@type\":\"ReadAction\",\"target\":[\"https:\/\/dev.freakuence.nl\/de\/produkt\/diapason-adamantes-iii\/\"]}]},{\"@type\":\"BreadcrumbList\",\"@id\":\"https:\/\/dev.freakuence.nl\/de\/produkt\/diapason-adamantes-iii\/#breadcrumb\",\"itemListElement\":[{\"@type\":\"ListItem\",\"position\":1,\"name\":\"Home\",\"item\":\"https:\/\/dev.freakuence.nl\/de\/\"},{\"@type\":\"ListItem\",\"position\":2,\"name\":\"Products\",\"item\":\"https:\/\/dev.freakuence.nl\/en\/products\/\"},{\"@type\":\"ListItem\",\"position\":3,\"name\":\"Diapason Adamantes III\"}]},{\"@type\":\"WebSite\",\"@id\":\"https:\/\/dev.freakuence.nl\/de\/#website\",\"url\":\"https:\/\/dev.freakuence.nl\/de\/\",\"name\":\"Freakuence!\",\"description\":\"Freakuence!\",\"alternateName\":\"Freakuence\",\"potentialAction\":[{\"@type\":\"SearchAction\",\"target\":{\"@type\":\"EntryPoint\",\"urlTemplate\":\"https:\/\/dev.freakuence.nl\/de\/?s={search_term_string}\"},\"query-input\":{\"@type\":\"PropertyValueSpecification\",\"valueRequired\":true,\"valueName\":\"search_term_string\"}}],\"inLanguage\":\"de\"}]}<\/script>\n<!-- \/ Yoast SEO plugin. -->","yoast_head_json":{"title":"Diapason Adamantes III | Freakuence!","robots":{"index":"noindex","follow":"follow","max-snippet":"max-snippet:-1","max-image-preview":"max-image-preview:large","max-video-preview":"max-video-preview:-1"},"og_locale":"de_DE","og_type":"article","og_title":"Diapason Adamantes III | Freakuence!","og_description":"Beschreibung Freakuence! Wunderbarer Klang aus einer Kabine. Sehr sch\u00f6n. Italienische Monitore, die man ernst nehmen sollte. Lassen Sie sich von der Raffinesse in der Raffinesse \u00fcberzeugen. Was ist das denn? H\u00f6ren wir Sie denken und schreien&#8230;. nun, das ist, wenn eine ganze Menge unzusammenh\u00e4ngender Kl\u00e4nge genau zur gleichen Zeit auf Ihre Ohren geschleudert werden. Ladenpreis: [&hellip;]","og_url":"https:\/\/dev.freakuence.nl\/de\/produkt\/diapason-adamantes-iii\/","og_site_name":"Freakuence!","article_modified_time":"2026-04-02T07:16:57+00:00","twitter_card":"summary_large_image","schema":{"@context":"https:\/\/schema.org","@graph":[{"@type":"WebPage","@id":"https:\/\/dev.freakuence.nl\/de\/produkt\/diapason-adamantes-iii\/","url":"https:\/\/dev.freakuence.nl\/de\/produkt\/diapason-adamantes-iii\/","name":"Diapason Adamantes III | Freakuence!","isPartOf":{"@id":"https:\/\/dev.freakuence.nl\/de\/#website"},"datePublished":"2026-04-02T06:08:57+00:00","dateModified":"2026-04-02T07:16:57+00:00","breadcrumb":{"@id":"https:\/\/dev.freakuence.nl\/de\/produkt\/diapason-adamantes-iii\/#breadcrumb"},"inLanguage":"de","potentialAction":[{"@type":"ReadAction","target":["https:\/\/dev.freakuence.nl\/de\/produkt\/diapason-adamantes-iii\/"]}]},{"@type":"BreadcrumbList","@id":"https:\/\/dev.freakuence.nl\/de\/produkt\/diapason-adamantes-iii\/#breadcrumb","itemListElement":[{"@type":"ListItem","position":1,"name":"Home","item":"https:\/\/dev.freakuence.nl\/de\/"},{"@type":"ListItem","position":2,"name":"Products","item":"https:\/\/dev.freakuence.nl\/en\/products\/"},{"@type":"ListItem","position":3,"name":"Diapason Adamantes III"}]},{"@type":"WebSite","@id":"https:\/\/dev.freakuence.nl\/de\/#website","url":"https:\/\/dev.freakuence.nl\/de\/","name":"Freakuence!","description":"Freakuence!","alternateName":"Freakuence","potentialAction":[{"@type":"SearchAction","target":{"@type":"EntryPoint","urlTemplate":"https:\/\/dev.freakuence.nl\/de\/?s={search_term_string}"},"query-input":{"@type":"PropertyValueSpecification","valueRequired":true,"valueName":"search_term_string"}}],"inLanguage":"de"}]}},"_links":{"self":[{"href":"https:\/\/dev.freakuence.nl\/de\/wp-json\/wp\/v2\/product\/317867","targetHints":{"allow":["GET"]}}],"collection":[{"href":"https:\/\/dev.freakuence.nl\/de\/wp-json\/wp\/v2\/product"}],"about":[{"href":"https:\/\/dev.freakuence.nl\/de\/wp-json\/wp\/v2\/types\/product"}],"version-history":[{"count":1,"href":"https:\/\/dev.freakuence.nl\/de\/wp-json\/wp\/v2\/product\/317867\/revisions"}],"predecessor-version":[{"id":317871,"href":"https:\/\/dev.freakuence.nl\/de\/wp-json\/wp\/v2\/product\/317867\/revisions\/317871"}],"wp:attachment":[{"href":"https:\/\/dev.freakuence.nl\/de\/wp-json\/wp\/v2\/media?parent=317867"}],"wp:term":[{"taxonomy":"product_brand","embeddable":true,"href":"https:\/\/dev.freakuence.nl\/de\/wp-json\/wp\/v2\/product_brand?post=317867"},{"taxonomy":"product_cat","embeddable":true,"href":"https:\/\/dev.freakuence.nl\/de\/wp-json\/wp\/v2\/product_cat?post=317867"},{"taxonomy":"product_tag","embeddable":true,"href":"https:\/\/dev.freakuence.nl\/de\/wp-json\/wp\/v2\/product_tag?post=317867"}],"curies":[{"name":"wp","href":"https:\/\/api.w.org\/{rel}","templated":true}]}}