{"id":317887,"date":"2026-04-02T08:13:39","date_gmt":"2026-04-02T06:13:39","guid":{"rendered":"https:\/\/dev.freakuence.nl\/product\/hifi-rose-rs150-3\/"},"modified":"2026-04-02T08:13:39","modified_gmt":"2026-04-02T06:13:39","slug":"hifi-rose-rs150-3","status":"publish","type":"product","link":"https:\/\/dev.freakuence.nl\/de\/produkt\/hifi-rose-rs150-3\/","title":{"rendered":"Hifi Rose RS150"},"content":{"rendered":"<div class=\"product-specifications-list\">\n<div class=\"specification-item row-header\"><span class=\"spec-content\"><strong>Beschreibung Freakuence!<\/strong><\/span><\/div>\n<div class=\"specification-item row-even\"><span class=\"spec-content\">Anzeige: oben. Anzeige: oben: Bedienung: oben. Alles ist sch\u00f6n locker im Raum, das Stereobild ist sch\u00f6n und klar, die Inszenierung stimmt. Die Detaillierung l\u00e4sst wenig zu w\u00fcnschen \u00fcbrig.    Der RS150 ist also die &#8218;Nicht-B-Version&#8216;, er verf\u00fcgt \u00fcber den AKM-Chip.<\/span><\/div>\n<div class=\"specification-item row-header\"><span class=\"spec-content\"><strong>Allgemeine Beschreibung<\/strong><\/span><\/div>\n<div class=\"specification-item row-even\"><span class=\"spec-content\">Der HiFi Rose RS150 ist ein vielseitiger Netzwerkplayer, der Audio- und Videowiedergabe kombiniert. Das Ger\u00e4t verf\u00fcgt \u00fcber einen gro\u00dfen 14,9-Zoll-Touchscreen, der die gesamte Vorderseite bedeckt und eine intuitive Bedienung sowie eine klare Anzeige von Albumcovern, VU-Metern und sogar 4K-Videos erm\u00f6glicht.<\/span><\/div>\n<div class=\"specification-item row-odd\"><span class=\"spec-content\">Mit der Unterst\u00fctzung verschiedener Streaming-Dienste wie Spotify, Tidal und Qobuz bietet der RS150 Zugang zu einer gro\u00dfen Auswahl an Musik. Es ist auch m\u00f6glich, Musik \u00fcber AirPlay, DLNA oder Roon zu streamen.  Das Ger\u00e4t unterst\u00fctzt auch MQA-Dateien, so dass Sie die Tidal Master Collection in vollem Umfang genie\u00dfen k\u00f6nnen.<\/span><\/div>\n<div class=\"specification-item row-even\"><span class=\"spec-content\">Der RS150 ist mit einem hochwertigen DAC-Chip und einem linearen Netzteil ausgestattet, was zu einer klaren und detaillierten Klangwiedergabe beitr\u00e4gt. Das Chassis ist aus einem massiven Aluminiumblock gefertigt, der Vibrationen minimiert und die Haltbarkeit erh\u00f6ht.<\/span><\/div>\n<div class=\"specification-item row-odd\"><span class=\"spec-content\">Was die Anschlussm\u00f6glichkeiten betrifft, so bietet der RS150 verschiedene analoge und digitale Ein- und Ausg\u00e4nge, darunter symmetrische XLR-Ausg\u00e4nge, USB-Audioeing\u00e4nge und HDMI-Anschl\u00fcsse. Es besteht auch die M\u00f6glichkeit, eine interne SSD f\u00fcr die Speicherung von Musikdateien einzubauen.<\/span><\/div>\n<div class=\"specification-item row-even\"><span class=\"spec-content\">Der RS150 ist eine umfassende L\u00f6sung f\u00fcr Enthusiasten, die sowohl Audio als auch Video in ihr H\u00f6rerlebnis integrieren m\u00f6chten.<\/span><\/div>\n<div class=\"specification-item row-header\"><span class=\"spec-content\"><strong>Geschichte der Marke<\/strong><\/span><\/div>\n<div class=\"specification-item row-even\"><span class=\"spec-content\">Hifi Rose ist eine Marke des s\u00fcdkoreanischen Unternehmens Citech Co., Ltd, das sich seit 2017 der Entwicklung hochwertiger Audiokomponenten in der Kategorie Netzwerkstreamer und All-in-One-Player widmet. Die Marke verwendet propriet\u00e4re Hardware- und Software-Plattformen, darunter das auf Android basierende Betriebssystem ROSE OS. Die Ger\u00e4te von Hifi Rose verwenden einen LCD-Touchscreen, der \u00fcber die gesamte Breite der Frontplatte integriert ist. Dabei unterst\u00fctzt die Marke beliebte Streaming-Dienste wie TIDAL, Qobuz und Apple Music. Die Musikwiedergabe erfolgt je nach Modell sowohl \u00fcber analoge als auch digitale Ausg\u00e4nge. Die lokale Speicherung ist \u00fcber interne Speichereinheiten oder externe USB- und MicroSD-Schnittstellen m\u00f6glich. Die Ger\u00e4te k\u00f6nnen zus\u00e4tzlich als CD-Ripper fungieren, wenn Sie ein externes CD-ROM-Laufwerk anschlie\u00dfen. Die Musikwiedergabe ist kompatibel mit Formaten bis zu DSD512 und PCM 32-bit\/768 kHz.       <\/span><\/div>\n<\/div>\n","protected":false},"excerpt":{"rendered":"<p>Beschreibung Freakuence! Anzeige: oben. Anzeige: oben: Bedienung: oben. Alles ist sch\u00f6n locker im Raum, das Stereobild ist sch\u00f6n und klar, die Inszenierung stimmt. Die Detaillierung l\u00e4sst wenig zu w\u00fcnschen \u00fcbrig. Der RS150 ist also die &#8218;Nicht-B-Version&#8216;, er verf\u00fcgt \u00fcber den AKM-Chip. Allgemeine Beschreibung Der HiFi Rose RS150 ist ein vielseitiger Netzwerkplayer, der Audio- und Videowiedergabe [&hellip;]<\/p>\n","protected":false},"featured_media":0,"template":"","meta":{"_acf_changed":false,"inline_featured_image":false},"product_brand":[],"product_cat":[594],"product_tag":[555],"class_list":{"0":"post-317887","1":"product","2":"type-product","3":"status-publish","5":"product_cat-dac-streamer","6":"product_tag-benutzt","7":"pa_kleur-schwarz","9":"first","10":"instock","11":"sold-individually","12":"taxable","13":"shipping-taxable","14":"purchasable","15":"product-type-simple"},"acf":[],"yoast_head":"<!-- This site is optimized with the Yoast SEO plugin v25.9 - https:\/\/yoast.com\/wordpress\/plugins\/seo\/ -->\n<title>Hifi Rose RS150 | Freakuence!<\/title>\n<meta name=\"robots\" content=\"noindex, follow, max-snippet:-1, max-image-preview:large, max-video-preview:-1\" \/>\n<meta property=\"og:locale\" content=\"de_DE\" \/>\n<meta property=\"og:type\" content=\"article\" \/>\n<meta property=\"og:title\" content=\"Hifi Rose RS150 | Freakuence!\" \/>\n<meta property=\"og:description\" content=\"Beschreibung Freakuence! Anzeige: oben. Anzeige: oben: Bedienung: oben. Alles ist sch\u00f6n locker im Raum, das Stereobild ist sch\u00f6n und klar, die Inszenierung stimmt. Die Detaillierung l\u00e4sst wenig zu w\u00fcnschen \u00fcbrig. Der RS150 ist also die &#8218;Nicht-B-Version&#8216;, er verf\u00fcgt \u00fcber den AKM-Chip. Allgemeine Beschreibung Der HiFi Rose RS150 ist ein vielseitiger Netzwerkplayer, der Audio- und Videowiedergabe [&hellip;]\" \/>\n<meta property=\"og:url\" content=\"https:\/\/dev.freakuence.nl\/de\/produkt\/hifi-rose-rs150-3\/\" \/>\n<meta property=\"og:site_name\" content=\"Freakuence!\" \/>\n<meta name=\"twitter:card\" content=\"summary_large_image\" \/>\n<script type=\"application\/ld+json\" class=\"yoast-schema-graph\">{\"@context\":\"https:\/\/schema.org\",\"@graph\":[{\"@type\":\"WebPage\",\"@id\":\"https:\/\/dev.freakuence.nl\/de\/produkt\/hifi-rose-rs150-3\/\",\"url\":\"https:\/\/dev.freakuence.nl\/de\/produkt\/hifi-rose-rs150-3\/\",\"name\":\"Hifi Rose RS150 | Freakuence!\",\"isPartOf\":{\"@id\":\"https:\/\/dev.freakuence.nl\/de\/#website\"},\"datePublished\":\"2026-04-02T06:13:39+00:00\",\"breadcrumb\":{\"@id\":\"https:\/\/dev.freakuence.nl\/de\/produkt\/hifi-rose-rs150-3\/#breadcrumb\"},\"inLanguage\":\"de\",\"potentialAction\":[{\"@type\":\"ReadAction\",\"target\":[\"https:\/\/dev.freakuence.nl\/de\/produkt\/hifi-rose-rs150-3\/\"]}]},{\"@type\":\"BreadcrumbList\",\"@id\":\"https:\/\/dev.freakuence.nl\/de\/produkt\/hifi-rose-rs150-3\/#breadcrumb\",\"itemListElement\":[{\"@type\":\"ListItem\",\"position\":1,\"name\":\"Home\",\"item\":\"https:\/\/dev.freakuence.nl\/de\/\"},{\"@type\":\"ListItem\",\"position\":2,\"name\":\"Products\",\"item\":\"https:\/\/dev.freakuence.nl\/en\/products\/\"},{\"@type\":\"ListItem\",\"position\":3,\"name\":\"Hifi Rose RS150\"}]},{\"@type\":\"WebSite\",\"@id\":\"https:\/\/dev.freakuence.nl\/de\/#website\",\"url\":\"https:\/\/dev.freakuence.nl\/de\/\",\"name\":\"Freakuence!\",\"description\":\"Freakuence!\",\"alternateName\":\"Freakuence\",\"potentialAction\":[{\"@type\":\"SearchAction\",\"target\":{\"@type\":\"EntryPoint\",\"urlTemplate\":\"https:\/\/dev.freakuence.nl\/de\/?s={search_term_string}\"},\"query-input\":{\"@type\":\"PropertyValueSpecification\",\"valueRequired\":true,\"valueName\":\"search_term_string\"}}],\"inLanguage\":\"de\"}]}<\/script>\n<!-- \/ Yoast SEO plugin. -->","yoast_head_json":{"title":"Hifi Rose RS150 | Freakuence!","robots":{"index":"noindex","follow":"follow","max-snippet":"max-snippet:-1","max-image-preview":"max-image-preview:large","max-video-preview":"max-video-preview:-1"},"og_locale":"de_DE","og_type":"article","og_title":"Hifi Rose RS150 | Freakuence!","og_description":"Beschreibung Freakuence! Anzeige: oben. Anzeige: oben: Bedienung: oben. Alles ist sch\u00f6n locker im Raum, das Stereobild ist sch\u00f6n und klar, die Inszenierung stimmt. Die Detaillierung l\u00e4sst wenig zu w\u00fcnschen \u00fcbrig. Der RS150 ist also die &#8218;Nicht-B-Version&#8216;, er verf\u00fcgt \u00fcber den AKM-Chip. Allgemeine Beschreibung Der HiFi Rose RS150 ist ein vielseitiger Netzwerkplayer, der Audio- und Videowiedergabe [&hellip;]","og_url":"https:\/\/dev.freakuence.nl\/de\/produkt\/hifi-rose-rs150-3\/","og_site_name":"Freakuence!","twitter_card":"summary_large_image","schema":{"@context":"https:\/\/schema.org","@graph":[{"@type":"WebPage","@id":"https:\/\/dev.freakuence.nl\/de\/produkt\/hifi-rose-rs150-3\/","url":"https:\/\/dev.freakuence.nl\/de\/produkt\/hifi-rose-rs150-3\/","name":"Hifi Rose RS150 | Freakuence!","isPartOf":{"@id":"https:\/\/dev.freakuence.nl\/de\/#website"},"datePublished":"2026-04-02T06:13:39+00:00","breadcrumb":{"@id":"https:\/\/dev.freakuence.nl\/de\/produkt\/hifi-rose-rs150-3\/#breadcrumb"},"inLanguage":"de","potentialAction":[{"@type":"ReadAction","target":["https:\/\/dev.freakuence.nl\/de\/produkt\/hifi-rose-rs150-3\/"]}]},{"@type":"BreadcrumbList","@id":"https:\/\/dev.freakuence.nl\/de\/produkt\/hifi-rose-rs150-3\/#breadcrumb","itemListElement":[{"@type":"ListItem","position":1,"name":"Home","item":"https:\/\/dev.freakuence.nl\/de\/"},{"@type":"ListItem","position":2,"name":"Products","item":"https:\/\/dev.freakuence.nl\/en\/products\/"},{"@type":"ListItem","position":3,"name":"Hifi Rose RS150"}]},{"@type":"WebSite","@id":"https:\/\/dev.freakuence.nl\/de\/#website","url":"https:\/\/dev.freakuence.nl\/de\/","name":"Freakuence!","description":"Freakuence!","alternateName":"Freakuence","potentialAction":[{"@type":"SearchAction","target":{"@type":"EntryPoint","urlTemplate":"https:\/\/dev.freakuence.nl\/de\/?s={search_term_string}"},"query-input":{"@type":"PropertyValueSpecification","valueRequired":true,"valueName":"search_term_string"}}],"inLanguage":"de"}]}},"_links":{"self":[{"href":"https:\/\/dev.freakuence.nl\/de\/wp-json\/wp\/v2\/product\/317887","targetHints":{"allow":["GET"]}}],"collection":[{"href":"https:\/\/dev.freakuence.nl\/de\/wp-json\/wp\/v2\/product"}],"about":[{"href":"https:\/\/dev.freakuence.nl\/de\/wp-json\/wp\/v2\/types\/product"}],"version-history":[{"count":0,"href":"https:\/\/dev.freakuence.nl\/de\/wp-json\/wp\/v2\/product\/317887\/revisions"}],"wp:attachment":[{"href":"https:\/\/dev.freakuence.nl\/de\/wp-json\/wp\/v2\/media?parent=317887"}],"wp:term":[{"taxonomy":"product_brand","embeddable":true,"href":"https:\/\/dev.freakuence.nl\/de\/wp-json\/wp\/v2\/product_brand?post=317887"},{"taxonomy":"product_cat","embeddable":true,"href":"https:\/\/dev.freakuence.nl\/de\/wp-json\/wp\/v2\/product_cat?post=317887"},{"taxonomy":"product_tag","embeddable":true,"href":"https:\/\/dev.freakuence.nl\/de\/wp-json\/wp\/v2\/product_tag?post=317887"}],"curies":[{"name":"wp","href":"https:\/\/api.w.org\/{rel}","templated":true}]}}