{"id":317998,"date":"2026-04-03T07:21:31","date_gmt":"2026-04-03T05:21:31","guid":{"rendered":"https:\/\/dev.freakuence.nl\/product\/hegel-h150-2\/"},"modified":"2026-04-03T07:21:56","modified_gmt":"2026-04-03T05:21:56","slug":"hegel-h150-2","status":"publish","type":"product","link":"https:\/\/dev.freakuence.nl\/de\/produkt\/hegel-h150-2\/","title":{"rendered":"Hegel H150"},"content":{"rendered":"<div class=\"product-specifications-list\">\n<div class=\"specification-item row-header\"><span class=\"spec-content\"><strong>Beschreibung Freakuence!<\/strong><\/span><\/div>\n<div class=\"specification-item row-even\"><span class=\"spec-content\">Ladenpreis: 2995.00<\/span><\/div>\n<div class=\"specification-item row-header\"><span class=\"spec-content\"><strong>Geschichte der Marke<\/strong><\/span><\/div>\n<div class=\"specification-item row-even\"><span class=\"spec-content\">Hegel wurde in den sp\u00e4ten 1980er Jahren von Bent Holter in Norwegen gegr\u00fcndet. Im Rahmen seiner Abschlussarbeit an der Technischen Universit\u00e4t Trondheim entwickelte er eine L\u00f6sung zur Reduzierung von Verzerrungen in Transistorverst\u00e4rkern. Dies f\u00fchrte zu der Technologie, die sp\u00e4ter als SoundEngine bekannt wurde. Im Jahr 1988 wurde der Name Hegel erstmals f\u00fcr einen Verst\u00e4rker verwendet. In den 1990er Jahren brachte das Unternehmen mehrere CD-Player und Verst\u00e4rker heraus. Im Jahr 1996 wurde der erste vollsymmetrische Verst\u00e4rker vorgestellt. Um 2004 begann die Marke mit der Entwicklung von DA-Wandlern. Sp\u00e4ter wurden die Produkte mit Netzwerkfunktionen ausgestattet, um die digitale Musikwiedergabe zu unterst\u00fctzen. Hegel vermarktet ausschlie\u00dflich seine eigene Elektronik und entwickelt sowohl das Schaltungsdesign als auch die notwendige Software selbst. Das Unternehmen betreibt den internationalen Vertrieb seiner Produkte von Norwegen aus.         <\/span><\/div>\n<\/div>\n","protected":false},"excerpt":{"rendered":"<p>Beschreibung Freakuence! Ladenpreis: 2995.00 Geschichte der Marke Hegel wurde in den sp\u00e4ten 1980er Jahren von Bent Holter in Norwegen gegr\u00fcndet. Im Rahmen seiner Abschlussarbeit an der Technischen Universit\u00e4t Trondheim entwickelte er eine L\u00f6sung zur Reduzierung von Verzerrungen in Transistorverst\u00e4rkern. Dies f\u00fchrte zu der Technologie, die sp\u00e4ter als SoundEngine bekannt wurde. Im Jahr 1988 wurde der [&hellip;]<\/p>\n","protected":false},"featured_media":317977,"template":"","meta":{"_acf_changed":false,"inline_featured_image":false},"product_brand":[],"product_cat":[562],"product_tag":[555],"class_list":{"0":"post-317998","1":"product","2":"type-product","3":"status-publish","4":"has-post-thumbnail","6":"product_cat-audio","7":"product_tag-benutzt","9":"first","10":"instock","11":"sold-individually","12":"taxable","13":"shipping-taxable","14":"purchasable","15":"product-type-simple"},"acf":[],"yoast_head":"<!-- This site is optimized with the Yoast SEO plugin v25.9 - https:\/\/yoast.com\/wordpress\/plugins\/seo\/ -->\n<title>Hegel H150 | Freakuence!<\/title>\n<meta name=\"robots\" content=\"noindex, follow, max-snippet:-1, max-image-preview:large, max-video-preview:-1\" \/>\n<meta property=\"og:locale\" content=\"de_DE\" \/>\n<meta property=\"og:type\" content=\"article\" \/>\n<meta property=\"og:title\" content=\"Hegel H150 | Freakuence!\" \/>\n<meta property=\"og:description\" content=\"Beschreibung Freakuence! Ladenpreis: 2995.00 Geschichte der Marke Hegel wurde in den sp\u00e4ten 1980er Jahren von Bent Holter in Norwegen gegr\u00fcndet. Im Rahmen seiner Abschlussarbeit an der Technischen Universit\u00e4t Trondheim entwickelte er eine L\u00f6sung zur Reduzierung von Verzerrungen in Transistorverst\u00e4rkern. Dies f\u00fchrte zu der Technologie, die sp\u00e4ter als SoundEngine bekannt wurde. Im Jahr 1988 wurde der [&hellip;]\" \/>\n<meta property=\"og:url\" content=\"https:\/\/dev.freakuence.nl\/de\/produkt\/hegel-h150-2\/\" \/>\n<meta property=\"og:site_name\" content=\"Freakuence!\" \/>\n<meta property=\"article:modified_time\" content=\"2026-04-03T05:21:56+00:00\" \/>\n<meta property=\"og:image\" content=\"https:\/\/dev.freakuence.nl\/wp-content\/uploads\/2026\/04\/17751935157799-3121-575655da8cfe2e2c805x522-1.jpg\" \/>\n\t<meta property=\"og:image:width\" content=\"805\" \/>\n\t<meta property=\"og:image:height\" content=\"522\" \/>\n\t<meta property=\"og:image:type\" content=\"image\/jpeg\" \/>\n<meta name=\"twitter:card\" content=\"summary_large_image\" \/>\n<script type=\"application\/ld+json\" class=\"yoast-schema-graph\">{\"@context\":\"https:\/\/schema.org\",\"@graph\":[{\"@type\":\"WebPage\",\"@id\":\"https:\/\/dev.freakuence.nl\/de\/produkt\/hegel-h150-2\/\",\"url\":\"https:\/\/dev.freakuence.nl\/de\/produkt\/hegel-h150-2\/\",\"name\":\"Hegel H150 | Freakuence!\",\"isPartOf\":{\"@id\":\"https:\/\/dev.freakuence.nl\/de\/#website\"},\"primaryImageOfPage\":{\"@id\":\"https:\/\/dev.freakuence.nl\/de\/produkt\/hegel-h150-2\/#primaryimage\"},\"image\":{\"@id\":\"https:\/\/dev.freakuence.nl\/de\/produkt\/hegel-h150-2\/#primaryimage\"},\"thumbnailUrl\":\"https:\/\/dev.freakuence.nl\/wp-content\/uploads\/2026\/04\/17751935157799-3121-575655da8cfe2e2c805x522-1.jpg\",\"datePublished\":\"2026-04-03T05:21:31+00:00\",\"dateModified\":\"2026-04-03T05:21:56+00:00\",\"breadcrumb\":{\"@id\":\"https:\/\/dev.freakuence.nl\/de\/produkt\/hegel-h150-2\/#breadcrumb\"},\"inLanguage\":\"de\",\"potentialAction\":[{\"@type\":\"ReadAction\",\"target\":[\"https:\/\/dev.freakuence.nl\/de\/produkt\/hegel-h150-2\/\"]}]},{\"@type\":\"ImageObject\",\"inLanguage\":\"de\",\"@id\":\"https:\/\/dev.freakuence.nl\/de\/produkt\/hegel-h150-2\/#primaryimage\",\"url\":\"https:\/\/dev.freakuence.nl\/wp-content\/uploads\/2026\/04\/17751935157799-3121-575655da8cfe2e2c805x522-1.jpg\",\"contentUrl\":\"https:\/\/dev.freakuence.nl\/wp-content\/uploads\/2026\/04\/17751935157799-3121-575655da8cfe2e2c805x522-1.jpg\",\"width\":805,\"height\":522},{\"@type\":\"BreadcrumbList\",\"@id\":\"https:\/\/dev.freakuence.nl\/de\/produkt\/hegel-h150-2\/#breadcrumb\",\"itemListElement\":[{\"@type\":\"ListItem\",\"position\":1,\"name\":\"Home\",\"item\":\"https:\/\/dev.freakuence.nl\/de\/\"},{\"@type\":\"ListItem\",\"position\":2,\"name\":\"Products\",\"item\":\"https:\/\/dev.freakuence.nl\/en\/products\/\"},{\"@type\":\"ListItem\",\"position\":3,\"name\":\"Hegel H150\"}]},{\"@type\":\"WebSite\",\"@id\":\"https:\/\/dev.freakuence.nl\/de\/#website\",\"url\":\"https:\/\/dev.freakuence.nl\/de\/\",\"name\":\"Freakuence!\",\"description\":\"Freakuence!\",\"alternateName\":\"Freakuence\",\"potentialAction\":[{\"@type\":\"SearchAction\",\"target\":{\"@type\":\"EntryPoint\",\"urlTemplate\":\"https:\/\/dev.freakuence.nl\/de\/?s={search_term_string}\"},\"query-input\":{\"@type\":\"PropertyValueSpecification\",\"valueRequired\":true,\"valueName\":\"search_term_string\"}}],\"inLanguage\":\"de\"}]}<\/script>\n<!-- \/ Yoast SEO plugin. -->","yoast_head_json":{"title":"Hegel H150 | Freakuence!","robots":{"index":"noindex","follow":"follow","max-snippet":"max-snippet:-1","max-image-preview":"max-image-preview:large","max-video-preview":"max-video-preview:-1"},"og_locale":"de_DE","og_type":"article","og_title":"Hegel H150 | Freakuence!","og_description":"Beschreibung Freakuence! Ladenpreis: 2995.00 Geschichte der Marke Hegel wurde in den sp\u00e4ten 1980er Jahren von Bent Holter in Norwegen gegr\u00fcndet. Im Rahmen seiner Abschlussarbeit an der Technischen Universit\u00e4t Trondheim entwickelte er eine L\u00f6sung zur Reduzierung von Verzerrungen in Transistorverst\u00e4rkern. Dies f\u00fchrte zu der Technologie, die sp\u00e4ter als SoundEngine bekannt wurde. Im Jahr 1988 wurde der [&hellip;]","og_url":"https:\/\/dev.freakuence.nl\/de\/produkt\/hegel-h150-2\/","og_site_name":"Freakuence!","article_modified_time":"2026-04-03T05:21:56+00:00","og_image":[{"width":805,"height":522,"url":"https:\/\/dev.freakuence.nl\/wp-content\/uploads\/2026\/04\/17751935157799-3121-575655da8cfe2e2c805x522-1.jpg","type":"image\/jpeg"}],"twitter_card":"summary_large_image","schema":{"@context":"https:\/\/schema.org","@graph":[{"@type":"WebPage","@id":"https:\/\/dev.freakuence.nl\/de\/produkt\/hegel-h150-2\/","url":"https:\/\/dev.freakuence.nl\/de\/produkt\/hegel-h150-2\/","name":"Hegel H150 | Freakuence!","isPartOf":{"@id":"https:\/\/dev.freakuence.nl\/de\/#website"},"primaryImageOfPage":{"@id":"https:\/\/dev.freakuence.nl\/de\/produkt\/hegel-h150-2\/#primaryimage"},"image":{"@id":"https:\/\/dev.freakuence.nl\/de\/produkt\/hegel-h150-2\/#primaryimage"},"thumbnailUrl":"https:\/\/dev.freakuence.nl\/wp-content\/uploads\/2026\/04\/17751935157799-3121-575655da8cfe2e2c805x522-1.jpg","datePublished":"2026-04-03T05:21:31+00:00","dateModified":"2026-04-03T05:21:56+00:00","breadcrumb":{"@id":"https:\/\/dev.freakuence.nl\/de\/produkt\/hegel-h150-2\/#breadcrumb"},"inLanguage":"de","potentialAction":[{"@type":"ReadAction","target":["https:\/\/dev.freakuence.nl\/de\/produkt\/hegel-h150-2\/"]}]},{"@type":"ImageObject","inLanguage":"de","@id":"https:\/\/dev.freakuence.nl\/de\/produkt\/hegel-h150-2\/#primaryimage","url":"https:\/\/dev.freakuence.nl\/wp-content\/uploads\/2026\/04\/17751935157799-3121-575655da8cfe2e2c805x522-1.jpg","contentUrl":"https:\/\/dev.freakuence.nl\/wp-content\/uploads\/2026\/04\/17751935157799-3121-575655da8cfe2e2c805x522-1.jpg","width":805,"height":522},{"@type":"BreadcrumbList","@id":"https:\/\/dev.freakuence.nl\/de\/produkt\/hegel-h150-2\/#breadcrumb","itemListElement":[{"@type":"ListItem","position":1,"name":"Home","item":"https:\/\/dev.freakuence.nl\/de\/"},{"@type":"ListItem","position":2,"name":"Products","item":"https:\/\/dev.freakuence.nl\/en\/products\/"},{"@type":"ListItem","position":3,"name":"Hegel H150"}]},{"@type":"WebSite","@id":"https:\/\/dev.freakuence.nl\/de\/#website","url":"https:\/\/dev.freakuence.nl\/de\/","name":"Freakuence!","description":"Freakuence!","alternateName":"Freakuence","potentialAction":[{"@type":"SearchAction","target":{"@type":"EntryPoint","urlTemplate":"https:\/\/dev.freakuence.nl\/de\/?s={search_term_string}"},"query-input":{"@type":"PropertyValueSpecification","valueRequired":true,"valueName":"search_term_string"}}],"inLanguage":"de"}]}},"_links":{"self":[{"href":"https:\/\/dev.freakuence.nl\/de\/wp-json\/wp\/v2\/product\/317998","targetHints":{"allow":["GET"]}}],"collection":[{"href":"https:\/\/dev.freakuence.nl\/de\/wp-json\/wp\/v2\/product"}],"about":[{"href":"https:\/\/dev.freakuence.nl\/de\/wp-json\/wp\/v2\/types\/product"}],"version-history":[{"count":1,"href":"https:\/\/dev.freakuence.nl\/de\/wp-json\/wp\/v2\/product\/317998\/revisions"}],"predecessor-version":[{"id":317999,"href":"https:\/\/dev.freakuence.nl\/de\/wp-json\/wp\/v2\/product\/317998\/revisions\/317999"}],"wp:featuredmedia":[{"embeddable":true,"href":"https:\/\/dev.freakuence.nl\/de\/wp-json\/wp\/v2\/media\/317977"}],"wp:attachment":[{"href":"https:\/\/dev.freakuence.nl\/de\/wp-json\/wp\/v2\/media?parent=317998"}],"wp:term":[{"taxonomy":"product_brand","embeddable":true,"href":"https:\/\/dev.freakuence.nl\/de\/wp-json\/wp\/v2\/product_brand?post=317998"},{"taxonomy":"product_cat","embeddable":true,"href":"https:\/\/dev.freakuence.nl\/de\/wp-json\/wp\/v2\/product_cat?post=317998"},{"taxonomy":"product_tag","embeddable":true,"href":"https:\/\/dev.freakuence.nl\/de\/wp-json\/wp\/v2\/product_tag?post=317998"}],"curies":[{"name":"wp","href":"https:\/\/api.w.org\/{rel}","templated":true}]}}