{"id":318002,"date":"2026-04-03T11:52:08","date_gmt":"2026-04-03T09:52:08","guid":{"rendered":"https:\/\/dev.freakuence.nl\/product\/cambridge-audio-cxc-2\/"},"modified":"2026-04-03T11:52:08","modified_gmt":"2026-04-03T09:52:08","slug":"cambridge-audio-cxc-2","status":"publish","type":"product","link":"https:\/\/dev.freakuence.nl\/de\/produkt\/cambridge-audio-cxc-2\/","title":{"rendered":"Cambridge Audio CXC"},"content":{"rendered":"<div class=\"product-specifications-list\">\n<div class=\"specification-item row-header\"><span class=\"spec-content\"><strong>Beschreibung Freakuence!<\/strong><\/span><\/div>\n<div class=\"specification-item row-even\"><span class=\"spec-content\">Sch\u00f6ner CD-Transport. Besorgen Sie sich einen Dac und verzichten Sie auf die Bequemlichkeit. Streaming ist gro\u00dfartig, aber CDs klingen wirklich gut, wissen Sie.<\/span><\/div>\n<div class=\"specification-item row-odd\"><span class=\"spec-content\">Ladenpreis: 599.00<\/span><\/div>\n<div class=\"specification-item row-header\"><span class=\"spec-content\"><strong>Allgemeine Beschreibung<\/strong><\/span><\/div>\n<div class=\"specification-item row-even\"><span class=\"spec-content\">Dieser CD-Transporter wurde entwickelt, um digitale Audiosignale mit \u00e4u\u00dferster Pr\u00e4zision von CDs zu lesen und sie an einen externen DAC oder kompatiblen Verst\u00e4rker weiterzuleiten. Es verwendet den S3 Servo-Mechanismus, der eine genaue und konsistente Datenwiederherstellung gew\u00e4hrleistet. Das Geh\u00e4use ist akustisch ged\u00e4mpft, um externe Vibrationen zu minimieren. Mit digitalen Ausg\u00e4ngen, darunter S\/PDIF koaxial und TOSLINK optisch, bietet er flexible Anschlussm\u00f6glichkeiten. Die Leistungsaufnahme betr\u00e4gt bis zu 25 W im Betrieb und weniger als 0,5 W im Standby. Die Abmessungen sind 85 x 430 x 315 mm (H x B x T) und das Gewicht betr\u00e4gt 4,3 kg.     <\/span><\/div>\n<div class=\"specification-item row-header\"><span class=\"spec-content\"><strong>Hintergrundinformationen<\/strong><\/span><\/div>\n<div class=\"specification-item row-even\"><span class=\"spec-content\">Der Cambridge Audio CXC wurde in London von den hauseigenen Ingenieuren von Cambridge Audio entwickelt, wobei der Schwerpunkt auf dem reinen CD-Lesen ohne Rauschen oder Jitter lag. Der CXC verwendet den ber\u00fchmten S3-Servomechanismus aus ihren High-End-Modellen, der speziell f\u00fcr Audio-CDs entwickelt wurde. Das robuste Metallgeh\u00e4use verhindert Vibrationen. Alles dreht sich um reine digitale Pr\u00e4zision: kein DAC, nur digitales Signal \u00fcber Koax oder optisch.   <\/span><\/div>\n<div class=\"specification-item row-header\"><span class=\"spec-content\"><strong>Geschichte der Marke<\/strong><\/span><\/div>\n<div class=\"specification-item row-even\"><span class=\"spec-content\">Cambridge Audio wurde 1968 in Cambridge, England, gegr\u00fcndet. Im selben Jahr stellte das Unternehmen sein erstes Produkt vor, den P40, einen Vollverst\u00e4rker mit Ringkerntransformator. In den 1970er und 1980er Jahren folgten Produkte wie der Verst\u00e4rker P50 und der FM-Tuner T55. Im Jahr 1995 zog das Unternehmen nach London um. Im Jahr 1999 wurde das Azur-Entwicklungsprogramm ins Leben gerufen. Ab 2003 wurden Modelle der Azur-Serie produziert, darunter der 640A und der 640C. Im Jahr 2010 f\u00fchrte das Unternehmen die StreamMagic-Plattform ein. Im Jahr 2014 wurde die CX-Serie eingef\u00fchrt. Im Jahr 2016 erschien die Edge-Serie, benannt nach dem Mitbegr\u00fcnder Professor Gordon Edge. Im Jahr 2021 wurde eine v\u00f6llig neue EVO-Serie eingef\u00fchrt.         <\/span><\/div>\n<\/div>\n","protected":false},"excerpt":{"rendered":"<p>Beschreibung Freakuence! Sch\u00f6ner CD-Transport. Besorgen Sie sich einen Dac und verzichten Sie auf die Bequemlichkeit. Streaming ist gro\u00dfartig, aber CDs klingen wirklich gut, wissen Sie. Ladenpreis: 599.00 Allgemeine Beschreibung Dieser CD-Transporter wurde entwickelt, um digitale Audiosignale mit \u00e4u\u00dferster Pr\u00e4zision von CDs zu lesen und sie an einen externen DAC oder kompatiblen Verst\u00e4rker weiterzuleiten. Es verwendet [&hellip;]<\/p>\n","protected":false},"featured_media":0,"template":"","meta":{"_acf_changed":false,"inline_featured_image":false},"product_brand":[],"product_cat":[590],"product_tag":[555],"class_list":{"0":"post-318002","1":"product","2":"type-product","3":"status-publish","5":"product_cat-cd-spieler","6":"product_tag-benutzt","8":"first","9":"instock","10":"sold-individually","11":"purchasable","12":"product-type-simple"},"acf":[],"yoast_head":"<!-- This site is optimized with the Yoast SEO plugin v25.9 - https:\/\/yoast.com\/wordpress\/plugins\/seo\/ -->\n<title>Cambridge Audio CXC | Freakuence!<\/title>\n<meta name=\"robots\" content=\"noindex, follow, max-snippet:-1, max-image-preview:large, max-video-preview:-1\" \/>\n<meta property=\"og:locale\" content=\"de_DE\" \/>\n<meta property=\"og:type\" content=\"article\" \/>\n<meta property=\"og:title\" content=\"Cambridge Audio CXC | Freakuence!\" \/>\n<meta property=\"og:description\" content=\"Beschreibung Freakuence! Sch\u00f6ner CD-Transport. Besorgen Sie sich einen Dac und verzichten Sie auf die Bequemlichkeit. Streaming ist gro\u00dfartig, aber CDs klingen wirklich gut, wissen Sie. Ladenpreis: 599.00 Allgemeine Beschreibung Dieser CD-Transporter wurde entwickelt, um digitale Audiosignale mit \u00e4u\u00dferster Pr\u00e4zision von CDs zu lesen und sie an einen externen DAC oder kompatiblen Verst\u00e4rker weiterzuleiten. Es verwendet [&hellip;]\" \/>\n<meta property=\"og:url\" content=\"https:\/\/dev.freakuence.nl\/de\/produkt\/cambridge-audio-cxc-2\/\" \/>\n<meta property=\"og:site_name\" content=\"Freakuence!\" \/>\n<meta name=\"twitter:card\" content=\"summary_large_image\" \/>\n<script type=\"application\/ld+json\" class=\"yoast-schema-graph\">{\"@context\":\"https:\/\/schema.org\",\"@graph\":[{\"@type\":\"WebPage\",\"@id\":\"https:\/\/dev.freakuence.nl\/de\/produkt\/cambridge-audio-cxc-2\/\",\"url\":\"https:\/\/dev.freakuence.nl\/de\/produkt\/cambridge-audio-cxc-2\/\",\"name\":\"Cambridge Audio CXC | Freakuence!\",\"isPartOf\":{\"@id\":\"https:\/\/dev.freakuence.nl\/de\/#website\"},\"datePublished\":\"2026-04-03T09:52:08+00:00\",\"breadcrumb\":{\"@id\":\"https:\/\/dev.freakuence.nl\/de\/produkt\/cambridge-audio-cxc-2\/#breadcrumb\"},\"inLanguage\":\"de\",\"potentialAction\":[{\"@type\":\"ReadAction\",\"target\":[\"https:\/\/dev.freakuence.nl\/de\/produkt\/cambridge-audio-cxc-2\/\"]}]},{\"@type\":\"BreadcrumbList\",\"@id\":\"https:\/\/dev.freakuence.nl\/de\/produkt\/cambridge-audio-cxc-2\/#breadcrumb\",\"itemListElement\":[{\"@type\":\"ListItem\",\"position\":1,\"name\":\"Home\",\"item\":\"https:\/\/dev.freakuence.nl\/de\/\"},{\"@type\":\"ListItem\",\"position\":2,\"name\":\"Products\",\"item\":\"https:\/\/dev.freakuence.nl\/en\/products\/\"},{\"@type\":\"ListItem\",\"position\":3,\"name\":\"Cambridge Audio CXC\"}]},{\"@type\":\"WebSite\",\"@id\":\"https:\/\/dev.freakuence.nl\/de\/#website\",\"url\":\"https:\/\/dev.freakuence.nl\/de\/\",\"name\":\"Freakuence!\",\"description\":\"Freakuence!\",\"alternateName\":\"Freakuence\",\"potentialAction\":[{\"@type\":\"SearchAction\",\"target\":{\"@type\":\"EntryPoint\",\"urlTemplate\":\"https:\/\/dev.freakuence.nl\/de\/?s={search_term_string}\"},\"query-input\":{\"@type\":\"PropertyValueSpecification\",\"valueRequired\":true,\"valueName\":\"search_term_string\"}}],\"inLanguage\":\"de\"}]}<\/script>\n<!-- \/ Yoast SEO plugin. -->","yoast_head_json":{"title":"Cambridge Audio CXC | Freakuence!","robots":{"index":"noindex","follow":"follow","max-snippet":"max-snippet:-1","max-image-preview":"max-image-preview:large","max-video-preview":"max-video-preview:-1"},"og_locale":"de_DE","og_type":"article","og_title":"Cambridge Audio CXC | Freakuence!","og_description":"Beschreibung Freakuence! Sch\u00f6ner CD-Transport. Besorgen Sie sich einen Dac und verzichten Sie auf die Bequemlichkeit. Streaming ist gro\u00dfartig, aber CDs klingen wirklich gut, wissen Sie. Ladenpreis: 599.00 Allgemeine Beschreibung Dieser CD-Transporter wurde entwickelt, um digitale Audiosignale mit \u00e4u\u00dferster Pr\u00e4zision von CDs zu lesen und sie an einen externen DAC oder kompatiblen Verst\u00e4rker weiterzuleiten. Es verwendet [&hellip;]","og_url":"https:\/\/dev.freakuence.nl\/de\/produkt\/cambridge-audio-cxc-2\/","og_site_name":"Freakuence!","twitter_card":"summary_large_image","schema":{"@context":"https:\/\/schema.org","@graph":[{"@type":"WebPage","@id":"https:\/\/dev.freakuence.nl\/de\/produkt\/cambridge-audio-cxc-2\/","url":"https:\/\/dev.freakuence.nl\/de\/produkt\/cambridge-audio-cxc-2\/","name":"Cambridge Audio CXC | Freakuence!","isPartOf":{"@id":"https:\/\/dev.freakuence.nl\/de\/#website"},"datePublished":"2026-04-03T09:52:08+00:00","breadcrumb":{"@id":"https:\/\/dev.freakuence.nl\/de\/produkt\/cambridge-audio-cxc-2\/#breadcrumb"},"inLanguage":"de","potentialAction":[{"@type":"ReadAction","target":["https:\/\/dev.freakuence.nl\/de\/produkt\/cambridge-audio-cxc-2\/"]}]},{"@type":"BreadcrumbList","@id":"https:\/\/dev.freakuence.nl\/de\/produkt\/cambridge-audio-cxc-2\/#breadcrumb","itemListElement":[{"@type":"ListItem","position":1,"name":"Home","item":"https:\/\/dev.freakuence.nl\/de\/"},{"@type":"ListItem","position":2,"name":"Products","item":"https:\/\/dev.freakuence.nl\/en\/products\/"},{"@type":"ListItem","position":3,"name":"Cambridge Audio CXC"}]},{"@type":"WebSite","@id":"https:\/\/dev.freakuence.nl\/de\/#website","url":"https:\/\/dev.freakuence.nl\/de\/","name":"Freakuence!","description":"Freakuence!","alternateName":"Freakuence","potentialAction":[{"@type":"SearchAction","target":{"@type":"EntryPoint","urlTemplate":"https:\/\/dev.freakuence.nl\/de\/?s={search_term_string}"},"query-input":{"@type":"PropertyValueSpecification","valueRequired":true,"valueName":"search_term_string"}}],"inLanguage":"de"}]}},"_links":{"self":[{"href":"https:\/\/dev.freakuence.nl\/de\/wp-json\/wp\/v2\/product\/318002","targetHints":{"allow":["GET"]}}],"collection":[{"href":"https:\/\/dev.freakuence.nl\/de\/wp-json\/wp\/v2\/product"}],"about":[{"href":"https:\/\/dev.freakuence.nl\/de\/wp-json\/wp\/v2\/types\/product"}],"version-history":[{"count":0,"href":"https:\/\/dev.freakuence.nl\/de\/wp-json\/wp\/v2\/product\/318002\/revisions"}],"wp:attachment":[{"href":"https:\/\/dev.freakuence.nl\/de\/wp-json\/wp\/v2\/media?parent=318002"}],"wp:term":[{"taxonomy":"product_brand","embeddable":true,"href":"https:\/\/dev.freakuence.nl\/de\/wp-json\/wp\/v2\/product_brand?post=318002"},{"taxonomy":"product_cat","embeddable":true,"href":"https:\/\/dev.freakuence.nl\/de\/wp-json\/wp\/v2\/product_cat?post=318002"},{"taxonomy":"product_tag","embeddable":true,"href":"https:\/\/dev.freakuence.nl\/de\/wp-json\/wp\/v2\/product_tag?post=318002"}],"curies":[{"name":"wp","href":"https:\/\/api.w.org\/{rel}","templated":true}]}}