{"id":318059,"date":"2026-04-07T09:06:54","date_gmt":"2026-04-07T07:06:54","guid":{"rendered":"https:\/\/dev.freakuence.nl\/product\/primaluna-evo-300-hybrid-leistungsverstaerker-2\/"},"modified":"2026-04-07T09:06:54","modified_gmt":"2026-04-07T07:06:54","slug":"primaluna-evo-300-hybrid-leistungsverstaerker-2","status":"publish","type":"product","link":"https:\/\/dev.freakuence.nl\/de\/produkt\/primaluna-evo-300-hybrid-leistungsverstaerker-2\/","title":{"rendered":"PrimaLuna EVO 300 Hybrid-Leistungsverst\u00e4rker"},"content":{"rendered":"<div class=\"product-specifications-list\">\n<div class=\"specification-item row-header\"><span class=\"spec-content\"><strong>Geschichte der Marke<\/strong><\/span><\/div>\n<div class=\"specification-item row-even\"><span class=\"spec-content\">PrimaLuna ist eine niederl\u00e4ndische Audiomarke, die im Jahr 2003 von Herman van den Dungen gegr\u00fcndet wurde. Die Marke ist f\u00fcr ihre R\u00f6hrenverst\u00e4rker bekannt und hat im Laufe der Jahre mehrere Produktlinien eingef\u00fchrt, darunter die Serien ProLogue, DiaLogue und Evo. Die Produkte werden in den Niederlanden entwickelt und in China hergestellt. PrimaLuna hat mehrere internationale Auszeichnungen f\u00fcr seine Produkte erhalten. Die Marke hat einen weltweiten Vertrieb und ist in mehreren L\u00e4ndern erh\u00e4ltlich.    <\/span><\/div>\n<\/div>\n","protected":false},"excerpt":{"rendered":"<p>Geschichte der Marke PrimaLuna ist eine niederl\u00e4ndische Audiomarke, die im Jahr 2003 von Herman van den Dungen gegr\u00fcndet wurde. Die Marke ist f\u00fcr ihre R\u00f6hrenverst\u00e4rker bekannt und hat im Laufe der Jahre mehrere Produktlinien eingef\u00fchrt, darunter die Serien ProLogue, DiaLogue und Evo. Die Produkte werden in den Niederlanden entwickelt und in China hergestellt. PrimaLuna hat [&hellip;]<\/p>\n","protected":false},"featured_media":318007,"template":"","meta":{"_acf_changed":false,"inline_featured_image":false},"product_brand":[],"product_cat":[582,560],"product_tag":[555],"class_list":{"0":"post-318059","1":"product","2":"type-product","3":"status-publish","4":"has-post-thumbnail","6":"product_cat-rohrenverstarker","7":"product_cat-verstarker","8":"product_tag-benutzt","10":"first","11":"instock","12":"sold-individually","13":"purchasable","14":"product-type-simple"},"acf":[],"yoast_head":"<!-- This site is optimized with the Yoast SEO plugin v25.9 - https:\/\/yoast.com\/wordpress\/plugins\/seo\/ -->\n<title>PrimaLuna EVO 300 Hybrid-Leistungsverst\u00e4rker | Freakuence!<\/title>\n<meta name=\"robots\" content=\"noindex, follow, max-snippet:-1, max-image-preview:large, max-video-preview:-1\" \/>\n<meta property=\"og:locale\" content=\"de_DE\" \/>\n<meta property=\"og:type\" content=\"article\" \/>\n<meta property=\"og:title\" content=\"PrimaLuna EVO 300 Hybrid-Leistungsverst\u00e4rker | Freakuence!\" \/>\n<meta property=\"og:description\" content=\"Geschichte der Marke PrimaLuna ist eine niederl\u00e4ndische Audiomarke, die im Jahr 2003 von Herman van den Dungen gegr\u00fcndet wurde. Die Marke ist f\u00fcr ihre R\u00f6hrenverst\u00e4rker bekannt und hat im Laufe der Jahre mehrere Produktlinien eingef\u00fchrt, darunter die Serien ProLogue, DiaLogue und Evo. Die Produkte werden in den Niederlanden entwickelt und in China hergestellt. PrimaLuna hat [&hellip;]\" \/>\n<meta property=\"og:url\" content=\"https:\/\/dev.freakuence.nl\/de\/produkt\/primaluna-evo-300-hybrid-leistungsverstaerker-2\/\" \/>\n<meta property=\"og:site_name\" content=\"Freakuence!\" \/>\n<meta property=\"og:image\" content=\"https:\/\/dev.freakuence.nl\/wp-content\/uploads\/2026\/04\/17755455632019-19476-Screenshot2026-02-10at1.40.11PM.jpg\" \/>\n\t<meta property=\"og:image:width\" content=\"470\" \/>\n\t<meta property=\"og:image:height\" content=\"634\" \/>\n\t<meta property=\"og:image:type\" content=\"image\/jpeg\" \/>\n<meta name=\"twitter:card\" content=\"summary_large_image\" \/>\n<script type=\"application\/ld+json\" class=\"yoast-schema-graph\">{\"@context\":\"https:\/\/schema.org\",\"@graph\":[{\"@type\":\"WebPage\",\"@id\":\"https:\/\/dev.freakuence.nl\/de\/produkt\/primaluna-evo-300-hybrid-leistungsverstaerker-2\/\",\"url\":\"https:\/\/dev.freakuence.nl\/de\/produkt\/primaluna-evo-300-hybrid-leistungsverstaerker-2\/\",\"name\":\"PrimaLuna EVO 300 Hybrid-Leistungsverst\u00e4rker | Freakuence!\",\"isPartOf\":{\"@id\":\"https:\/\/dev.freakuence.nl\/de\/#website\"},\"primaryImageOfPage\":{\"@id\":\"https:\/\/dev.freakuence.nl\/de\/produkt\/primaluna-evo-300-hybrid-leistungsverstaerker-2\/#primaryimage\"},\"image\":{\"@id\":\"https:\/\/dev.freakuence.nl\/de\/produkt\/primaluna-evo-300-hybrid-leistungsverstaerker-2\/#primaryimage\"},\"thumbnailUrl\":\"https:\/\/dev.freakuence.nl\/wp-content\/uploads\/2026\/04\/17755455632019-19476-Screenshot2026-02-10at1.40.11PM.jpg\",\"datePublished\":\"2026-04-07T07:06:54+00:00\",\"breadcrumb\":{\"@id\":\"https:\/\/dev.freakuence.nl\/de\/produkt\/primaluna-evo-300-hybrid-leistungsverstaerker-2\/#breadcrumb\"},\"inLanguage\":\"de\",\"potentialAction\":[{\"@type\":\"ReadAction\",\"target\":[\"https:\/\/dev.freakuence.nl\/de\/produkt\/primaluna-evo-300-hybrid-leistungsverstaerker-2\/\"]}]},{\"@type\":\"ImageObject\",\"inLanguage\":\"de\",\"@id\":\"https:\/\/dev.freakuence.nl\/de\/produkt\/primaluna-evo-300-hybrid-leistungsverstaerker-2\/#primaryimage\",\"url\":\"https:\/\/dev.freakuence.nl\/wp-content\/uploads\/2026\/04\/17755455632019-19476-Screenshot2026-02-10at1.40.11PM.jpg\",\"contentUrl\":\"https:\/\/dev.freakuence.nl\/wp-content\/uploads\/2026\/04\/17755455632019-19476-Screenshot2026-02-10at1.40.11PM.jpg\",\"width\":470,\"height\":634},{\"@type\":\"BreadcrumbList\",\"@id\":\"https:\/\/dev.freakuence.nl\/de\/produkt\/primaluna-evo-300-hybrid-leistungsverstaerker-2\/#breadcrumb\",\"itemListElement\":[{\"@type\":\"ListItem\",\"position\":1,\"name\":\"Startseite\",\"item\":\"https:\/\/dev.freakuence.nl\/de\/\"},{\"@type\":\"ListItem\",\"position\":2,\"name\":\"Products\",\"item\":\"https:\/\/dev.freakuence.nl\/en\/products\/\"},{\"@type\":\"ListItem\",\"position\":3,\"name\":\"PrimaLuna EVO 300 Hybrid-Leistungsverst\u00e4rker\"}]},{\"@type\":\"WebSite\",\"@id\":\"https:\/\/dev.freakuence.nl\/de\/#website\",\"url\":\"https:\/\/dev.freakuence.nl\/de\/\",\"name\":\"Freakuence!\",\"description\":\"Freakuence!\",\"alternateName\":\"Freakuence\",\"potentialAction\":[{\"@type\":\"SearchAction\",\"target\":{\"@type\":\"EntryPoint\",\"urlTemplate\":\"https:\/\/dev.freakuence.nl\/de\/?s={search_term_string}\"},\"query-input\":{\"@type\":\"PropertyValueSpecification\",\"valueRequired\":true,\"valueName\":\"search_term_string\"}}],\"inLanguage\":\"de\"}]}<\/script>\n<!-- \/ Yoast SEO plugin. -->","yoast_head_json":{"title":"PrimaLuna EVO 300 Hybrid-Leistungsverst\u00e4rker | Freakuence!","robots":{"index":"noindex","follow":"follow","max-snippet":"max-snippet:-1","max-image-preview":"max-image-preview:large","max-video-preview":"max-video-preview:-1"},"og_locale":"de_DE","og_type":"article","og_title":"PrimaLuna EVO 300 Hybrid-Leistungsverst\u00e4rker | Freakuence!","og_description":"Geschichte der Marke PrimaLuna ist eine niederl\u00e4ndische Audiomarke, die im Jahr 2003 von Herman van den Dungen gegr\u00fcndet wurde. Die Marke ist f\u00fcr ihre R\u00f6hrenverst\u00e4rker bekannt und hat im Laufe der Jahre mehrere Produktlinien eingef\u00fchrt, darunter die Serien ProLogue, DiaLogue und Evo. Die Produkte werden in den Niederlanden entwickelt und in China hergestellt. PrimaLuna hat [&hellip;]","og_url":"https:\/\/dev.freakuence.nl\/de\/produkt\/primaluna-evo-300-hybrid-leistungsverstaerker-2\/","og_site_name":"Freakuence!","og_image":[{"width":470,"height":634,"url":"https:\/\/dev.freakuence.nl\/wp-content\/uploads\/2026\/04\/17755455632019-19476-Screenshot2026-02-10at1.40.11PM.jpg","type":"image\/jpeg"}],"twitter_card":"summary_large_image","schema":{"@context":"https:\/\/schema.org","@graph":[{"@type":"WebPage","@id":"https:\/\/dev.freakuence.nl\/de\/produkt\/primaluna-evo-300-hybrid-leistungsverstaerker-2\/","url":"https:\/\/dev.freakuence.nl\/de\/produkt\/primaluna-evo-300-hybrid-leistungsverstaerker-2\/","name":"PrimaLuna EVO 300 Hybrid-Leistungsverst\u00e4rker | Freakuence!","isPartOf":{"@id":"https:\/\/dev.freakuence.nl\/de\/#website"},"primaryImageOfPage":{"@id":"https:\/\/dev.freakuence.nl\/de\/produkt\/primaluna-evo-300-hybrid-leistungsverstaerker-2\/#primaryimage"},"image":{"@id":"https:\/\/dev.freakuence.nl\/de\/produkt\/primaluna-evo-300-hybrid-leistungsverstaerker-2\/#primaryimage"},"thumbnailUrl":"https:\/\/dev.freakuence.nl\/wp-content\/uploads\/2026\/04\/17755455632019-19476-Screenshot2026-02-10at1.40.11PM.jpg","datePublished":"2026-04-07T07:06:54+00:00","breadcrumb":{"@id":"https:\/\/dev.freakuence.nl\/de\/produkt\/primaluna-evo-300-hybrid-leistungsverstaerker-2\/#breadcrumb"},"inLanguage":"de","potentialAction":[{"@type":"ReadAction","target":["https:\/\/dev.freakuence.nl\/de\/produkt\/primaluna-evo-300-hybrid-leistungsverstaerker-2\/"]}]},{"@type":"ImageObject","inLanguage":"de","@id":"https:\/\/dev.freakuence.nl\/de\/produkt\/primaluna-evo-300-hybrid-leistungsverstaerker-2\/#primaryimage","url":"https:\/\/dev.freakuence.nl\/wp-content\/uploads\/2026\/04\/17755455632019-19476-Screenshot2026-02-10at1.40.11PM.jpg","contentUrl":"https:\/\/dev.freakuence.nl\/wp-content\/uploads\/2026\/04\/17755455632019-19476-Screenshot2026-02-10at1.40.11PM.jpg","width":470,"height":634},{"@type":"BreadcrumbList","@id":"https:\/\/dev.freakuence.nl\/de\/produkt\/primaluna-evo-300-hybrid-leistungsverstaerker-2\/#breadcrumb","itemListElement":[{"@type":"ListItem","position":1,"name":"Startseite","item":"https:\/\/dev.freakuence.nl\/de\/"},{"@type":"ListItem","position":2,"name":"Products","item":"https:\/\/dev.freakuence.nl\/en\/products\/"},{"@type":"ListItem","position":3,"name":"PrimaLuna EVO 300 Hybrid-Leistungsverst\u00e4rker"}]},{"@type":"WebSite","@id":"https:\/\/dev.freakuence.nl\/de\/#website","url":"https:\/\/dev.freakuence.nl\/de\/","name":"Freakuence!","description":"Freakuence!","alternateName":"Freakuence","potentialAction":[{"@type":"SearchAction","target":{"@type":"EntryPoint","urlTemplate":"https:\/\/dev.freakuence.nl\/de\/?s={search_term_string}"},"query-input":{"@type":"PropertyValueSpecification","valueRequired":true,"valueName":"search_term_string"}}],"inLanguage":"de"}]}},"_links":{"self":[{"href":"https:\/\/dev.freakuence.nl\/de\/wp-json\/wp\/v2\/product\/318059","targetHints":{"allow":["GET"]}}],"collection":[{"href":"https:\/\/dev.freakuence.nl\/de\/wp-json\/wp\/v2\/product"}],"about":[{"href":"https:\/\/dev.freakuence.nl\/de\/wp-json\/wp\/v2\/types\/product"}],"version-history":[{"count":0,"href":"https:\/\/dev.freakuence.nl\/de\/wp-json\/wp\/v2\/product\/318059\/revisions"}],"wp:featuredmedia":[{"embeddable":true,"href":"https:\/\/dev.freakuence.nl\/de\/wp-json\/wp\/v2\/media\/318007"}],"wp:attachment":[{"href":"https:\/\/dev.freakuence.nl\/de\/wp-json\/wp\/v2\/media?parent=318059"}],"wp:term":[{"taxonomy":"product_brand","embeddable":true,"href":"https:\/\/dev.freakuence.nl\/de\/wp-json\/wp\/v2\/product_brand?post=318059"},{"taxonomy":"product_cat","embeddable":true,"href":"https:\/\/dev.freakuence.nl\/de\/wp-json\/wp\/v2\/product_cat?post=318059"},{"taxonomy":"product_tag","embeddable":true,"href":"https:\/\/dev.freakuence.nl\/de\/wp-json\/wp\/v2\/product_tag?post=318059"}],"curies":[{"name":"wp","href":"https:\/\/api.w.org\/{rel}","templated":true}]}}