{"id":318069,"date":"2026-04-08T06:58:50","date_gmt":"2026-04-08T04:58:50","guid":{"rendered":"https:\/\/dev.freakuence.nl\/product\/accuphase-c-2150-2\/"},"modified":"2026-04-08T07:03:48","modified_gmt":"2026-04-08T05:03:48","slug":"accuphase-c-2150-2","status":"publish","type":"product","link":"https:\/\/dev.freakuence.nl\/de\/produkt\/accuphase-c-2150-2\/","title":{"rendered":"Accuphase C-2150"},"content":{"rendered":"<div class=\"product-specifications-list\">\n<div class=\"specification-item row-header\"><span class=\"spec-content\"><strong>Beschreibung Freakuence!<\/strong><\/span><\/div>\n<div class=\"specification-item row-even\"><span class=\"spec-content\">Dann kommen Sie&#8230; mit Ihrem Accuphase! \ud83d\ude42<\/span><\/div>\n<div class=\"specification-item row-odd\"><span class=\"spec-content\">Ladenpreis: 7800.00<\/span><\/div>\n<div class=\"specification-item row-header\"><span class=\"spec-content\"><strong>Allgemeine Beschreibung<\/strong><\/span><\/div>\n<div class=\"specification-item row-even\"><span class=\"spec-content\">Mit dem Schwerpunkt auf Genauigkeit und minimalem Rauschen bietet dieser Vorverst\u00e4rker eine AAVA-Lautst\u00e4rkeregelung, die ohne variable Widerst\u00e4nde im Signalpfad arbeitet. Dank der integrierten ANCC-Technologie werden unerw\u00fcnschtes Rauschen und Verzerrungen durch subtile Korrekturen sowohl im Hauptverst\u00e4rkungsschaltkreis als auch an den symmetrischen und Kopfh\u00f6rerausg\u00e4ngen reduziert. Unabh\u00e4ngige Stromversorgungen f\u00fcr den linken und rechten Kanal, jeweils mit einem eigenen Transformator, unterst\u00fctzen eine konsistente Signalverarbeitung. F\u00fcnf Line-Eing\u00e4nge und zwei symmetrische Eing\u00e4nge sorgen f\u00fcr Flexibilit\u00e4t, w\u00e4hrend optionale Erweiterungsmodule die digitale und analoge Wiedergabe erg\u00e4nzen. Die internen Schaltkreise und die Auswahl der Komponenten sind so konzipiert, dass sie ein nat\u00fcrliches und koh\u00e4rentes Klangbild liefern, das von Accuphase speziell auf ein hohes Ma\u00df an Musikalit\u00e4t abgestimmt wurde.    <\/span><\/div>\n<div class=\"specification-item row-header\"><span class=\"spec-content\"><strong>Hintergrundinformationen<\/strong><\/span><\/div>\n<div class=\"specification-item row-even\"><span class=\"spec-content\">Der Accuphase E-480 wurde nach der Accuphase-Philosophie des ultimativen musikalischen Ausdrucks und der Pr\u00e4zision entwickelt. Der Verst\u00e4rker verwendet eine getrennte MCS+ Topologie mit Current Feedback Technologie f\u00fcr eine optimale Signal\u00fcbertragung. Hochwertige Komponenten wurden sorgf\u00e4ltig ausgew\u00e4hlt, darunter spezielle Kondensatoren und eine interne Verkabelung aus reinem Kupfer. Das massive Aluminiumgeh\u00e4use d\u00e4mpft Vibrationen effektiv. Die Produktion und Abstimmung erfolgt manuell in Yokohama, Japan. Die Entwicklung wird von erfahrenen Accuphase-Ingenieuren wie Yamada und Nishio \u00fcberwacht.     <\/span><\/div>\n<div class=\"specification-item row-header\"><span class=\"spec-content\"><strong>Geschichte der Marke<\/strong><\/span><\/div>\n<div class=\"specification-item row-even\"><span class=\"spec-content\">Accuphase wurde 1972 in Tokio als Kensonic Laboratory von den Br\u00fcdern Nakaichi und Jiro Kasuga gegr\u00fcndet. Der Firmenname wurde 1982 in Accuphase Laboratory, Inc. ge\u00e4ndert, um den Markennamen und den Firmennamen zu vereinheitlichen. Die ersten Produkte der Marke, der Vorverst\u00e4rker C-200, der Endverst\u00e4rker P-300 und das Stimmger\u00e4t T-100, wurden 1973 eingef\u00fchrt. Diese Modelle wurden mit hochwertigen Komponenten und in anspruchsvoller Verarbeitung hergestellt und erhielten sofort positive Reaktionen und Auszeichnungen. Seit 1973 operiert Accuphase von Yokohama, Japan, aus, wo sich der Hauptsitz befindet, und die Marke hat ihr Sortiment um verschiedene Audioger\u00e4te erweitert.     <\/span><\/div>\n<\/div>\n","protected":false},"excerpt":{"rendered":"<p>Beschreibung Freakuence! Dann kommen Sie&#8230; mit Ihrem Accuphase! \ud83d\ude42 Ladenpreis: 7800.00 Allgemeine Beschreibung Mit dem Schwerpunkt auf Genauigkeit und minimalem Rauschen bietet dieser Vorverst\u00e4rker eine AAVA-Lautst\u00e4rkeregelung, die ohne variable Widerst\u00e4nde im Signalpfad arbeitet. Dank der integrierten ANCC-Technologie werden unerw\u00fcnschtes Rauschen und Verzerrungen durch subtile Korrekturen sowohl im Hauptverst\u00e4rkungsschaltkreis als auch an den symmetrischen und Kopfh\u00f6rerausg\u00e4ngen [&hellip;]<\/p>\n","protected":false},"featured_media":0,"template":"","meta":{"_acf_changed":false,"inline_featured_image":false},"product_brand":[],"product_cat":[560],"product_tag":[555],"class_list":{"0":"post-318069","1":"product","2":"type-product","3":"status-publish","5":"product_cat-verstarker","6":"product_tag-benutzt","7":"pa_kleur-schwarz","9":"first","10":"onbackorder","11":"sold-individually","12":"purchasable","13":"product-type-variable"},"acf":[],"yoast_head":"<!-- This site is optimized with the Yoast SEO plugin v25.9 - https:\/\/yoast.com\/wordpress\/plugins\/seo\/ -->\n<title>Accuphase C-2150 | Freakuence!<\/title>\n<meta name=\"robots\" content=\"noindex, follow, max-snippet:-1, max-image-preview:large, max-video-preview:-1\" \/>\n<meta property=\"og:locale\" content=\"de_DE\" \/>\n<meta property=\"og:type\" content=\"article\" \/>\n<meta property=\"og:title\" content=\"Accuphase C-2150 | Freakuence!\" \/>\n<meta property=\"og:description\" content=\"Beschreibung Freakuence! Dann kommen Sie&#8230; mit Ihrem Accuphase! \ud83d\ude42 Ladenpreis: 7800.00 Allgemeine Beschreibung Mit dem Schwerpunkt auf Genauigkeit und minimalem Rauschen bietet dieser Vorverst\u00e4rker eine AAVA-Lautst\u00e4rkeregelung, die ohne variable Widerst\u00e4nde im Signalpfad arbeitet. Dank der integrierten ANCC-Technologie werden unerw\u00fcnschtes Rauschen und Verzerrungen durch subtile Korrekturen sowohl im Hauptverst\u00e4rkungsschaltkreis als auch an den symmetrischen und Kopfh\u00f6rerausg\u00e4ngen [&hellip;]\" \/>\n<meta property=\"og:url\" content=\"https:\/\/dev.freakuence.nl\/de\/produkt\/accuphase-c-2150-2\/\" \/>\n<meta property=\"og:site_name\" content=\"Freakuence!\" \/>\n<meta property=\"article:modified_time\" content=\"2026-04-08T05:03:48+00:00\" \/>\n<meta name=\"twitter:card\" content=\"summary_large_image\" \/>\n<script type=\"application\/ld+json\" class=\"yoast-schema-graph\">{\"@context\":\"https:\/\/schema.org\",\"@graph\":[{\"@type\":\"WebPage\",\"@id\":\"https:\/\/dev.freakuence.nl\/de\/produkt\/accuphase-c-2150-2\/\",\"url\":\"https:\/\/dev.freakuence.nl\/de\/produkt\/accuphase-c-2150-2\/\",\"name\":\"Accuphase C-2150 | Freakuence!\",\"isPartOf\":{\"@id\":\"https:\/\/dev.freakuence.nl\/de\/#website\"},\"datePublished\":\"2026-04-08T04:58:50+00:00\",\"dateModified\":\"2026-04-08T05:03:48+00:00\",\"breadcrumb\":{\"@id\":\"https:\/\/dev.freakuence.nl\/de\/produkt\/accuphase-c-2150-2\/#breadcrumb\"},\"inLanguage\":\"de\",\"potentialAction\":[{\"@type\":\"ReadAction\",\"target\":[\"https:\/\/dev.freakuence.nl\/de\/produkt\/accuphase-c-2150-2\/\"]}]},{\"@type\":\"BreadcrumbList\",\"@id\":\"https:\/\/dev.freakuence.nl\/de\/produkt\/accuphase-c-2150-2\/#breadcrumb\",\"itemListElement\":[{\"@type\":\"ListItem\",\"position\":1,\"name\":\"Startseite\",\"item\":\"https:\/\/dev.freakuence.nl\/de\/\"},{\"@type\":\"ListItem\",\"position\":2,\"name\":\"Products\",\"item\":\"https:\/\/dev.freakuence.nl\/en\/products\/\"},{\"@type\":\"ListItem\",\"position\":3,\"name\":\"Accuphase C-2150\"}]},{\"@type\":\"WebSite\",\"@id\":\"https:\/\/dev.freakuence.nl\/de\/#website\",\"url\":\"https:\/\/dev.freakuence.nl\/de\/\",\"name\":\"Freakuence!\",\"description\":\"Freakuence!\",\"alternateName\":\"Freakuence\",\"potentialAction\":[{\"@type\":\"SearchAction\",\"target\":{\"@type\":\"EntryPoint\",\"urlTemplate\":\"https:\/\/dev.freakuence.nl\/de\/?s={search_term_string}\"},\"query-input\":{\"@type\":\"PropertyValueSpecification\",\"valueRequired\":true,\"valueName\":\"search_term_string\"}}],\"inLanguage\":\"de\"}]}<\/script>\n<!-- \/ Yoast SEO plugin. -->","yoast_head_json":{"title":"Accuphase C-2150 | Freakuence!","robots":{"index":"noindex","follow":"follow","max-snippet":"max-snippet:-1","max-image-preview":"max-image-preview:large","max-video-preview":"max-video-preview:-1"},"og_locale":"de_DE","og_type":"article","og_title":"Accuphase C-2150 | Freakuence!","og_description":"Beschreibung Freakuence! Dann kommen Sie&#8230; mit Ihrem Accuphase! \ud83d\ude42 Ladenpreis: 7800.00 Allgemeine Beschreibung Mit dem Schwerpunkt auf Genauigkeit und minimalem Rauschen bietet dieser Vorverst\u00e4rker eine AAVA-Lautst\u00e4rkeregelung, die ohne variable Widerst\u00e4nde im Signalpfad arbeitet. Dank der integrierten ANCC-Technologie werden unerw\u00fcnschtes Rauschen und Verzerrungen durch subtile Korrekturen sowohl im Hauptverst\u00e4rkungsschaltkreis als auch an den symmetrischen und Kopfh\u00f6rerausg\u00e4ngen [&hellip;]","og_url":"https:\/\/dev.freakuence.nl\/de\/produkt\/accuphase-c-2150-2\/","og_site_name":"Freakuence!","article_modified_time":"2026-04-08T05:03:48+00:00","twitter_card":"summary_large_image","schema":{"@context":"https:\/\/schema.org","@graph":[{"@type":"WebPage","@id":"https:\/\/dev.freakuence.nl\/de\/produkt\/accuphase-c-2150-2\/","url":"https:\/\/dev.freakuence.nl\/de\/produkt\/accuphase-c-2150-2\/","name":"Accuphase C-2150 | Freakuence!","isPartOf":{"@id":"https:\/\/dev.freakuence.nl\/de\/#website"},"datePublished":"2026-04-08T04:58:50+00:00","dateModified":"2026-04-08T05:03:48+00:00","breadcrumb":{"@id":"https:\/\/dev.freakuence.nl\/de\/produkt\/accuphase-c-2150-2\/#breadcrumb"},"inLanguage":"de","potentialAction":[{"@type":"ReadAction","target":["https:\/\/dev.freakuence.nl\/de\/produkt\/accuphase-c-2150-2\/"]}]},{"@type":"BreadcrumbList","@id":"https:\/\/dev.freakuence.nl\/de\/produkt\/accuphase-c-2150-2\/#breadcrumb","itemListElement":[{"@type":"ListItem","position":1,"name":"Startseite","item":"https:\/\/dev.freakuence.nl\/de\/"},{"@type":"ListItem","position":2,"name":"Products","item":"https:\/\/dev.freakuence.nl\/en\/products\/"},{"@type":"ListItem","position":3,"name":"Accuphase C-2150"}]},{"@type":"WebSite","@id":"https:\/\/dev.freakuence.nl\/de\/#website","url":"https:\/\/dev.freakuence.nl\/de\/","name":"Freakuence!","description":"Freakuence!","alternateName":"Freakuence","potentialAction":[{"@type":"SearchAction","target":{"@type":"EntryPoint","urlTemplate":"https:\/\/dev.freakuence.nl\/de\/?s={search_term_string}"},"query-input":{"@type":"PropertyValueSpecification","valueRequired":true,"valueName":"search_term_string"}}],"inLanguage":"de"}]}},"_links":{"self":[{"href":"https:\/\/dev.freakuence.nl\/de\/wp-json\/wp\/v2\/product\/318069","targetHints":{"allow":["GET"]}}],"collection":[{"href":"https:\/\/dev.freakuence.nl\/de\/wp-json\/wp\/v2\/product"}],"about":[{"href":"https:\/\/dev.freakuence.nl\/de\/wp-json\/wp\/v2\/types\/product"}],"version-history":[{"count":1,"href":"https:\/\/dev.freakuence.nl\/de\/wp-json\/wp\/v2\/product\/318069\/revisions"}],"predecessor-version":[{"id":318076,"href":"https:\/\/dev.freakuence.nl\/de\/wp-json\/wp\/v2\/product\/318069\/revisions\/318076"}],"wp:attachment":[{"href":"https:\/\/dev.freakuence.nl\/de\/wp-json\/wp\/v2\/media?parent=318069"}],"wp:term":[{"taxonomy":"product_brand","embeddable":true,"href":"https:\/\/dev.freakuence.nl\/de\/wp-json\/wp\/v2\/product_brand?post=318069"},{"taxonomy":"product_cat","embeddable":true,"href":"https:\/\/dev.freakuence.nl\/de\/wp-json\/wp\/v2\/product_cat?post=318069"},{"taxonomy":"product_tag","embeddable":true,"href":"https:\/\/dev.freakuence.nl\/de\/wp-json\/wp\/v2\/product_tag?post=318069"}],"curies":[{"name":"wp","href":"https:\/\/api.w.org\/{rel}","templated":true}]}}