{"id":318131,"date":"2026-04-10T09:50:00","date_gmt":"2026-04-10T07:50:00","guid":{"rendered":"https:\/\/dev.freakuence.nl\/product\/primaluna-prologue-eins-2\/"},"modified":"2026-04-10T09:50:00","modified_gmt":"2026-04-10T07:50:00","slug":"primaluna-prologue-eins-2","status":"publish","type":"product","link":"https:\/\/dev.freakuence.nl\/de\/produkt\/primaluna-prologue-eins-2\/","title":{"rendered":"PrimaLuna ProLogue Eins"},"content":{"rendered":"<div class=\"product-specifications-list\">\n<div class=\"specification-item row-header\"><span class=\"spec-content\"><strong>Beschreibung Freakuence!<\/strong><\/span><\/div>\n<div class=\"specification-item row-even\"><span class=\"spec-content\">Ah, PrimaLuna im Shop, das macht immer Spa\u00df. Und jetzt der ProLogue One! Dieser R\u00f6hrenverst\u00e4rker hat einen warmen, weichen und herrlich musikalischen Klang, der zum l\u00e4ngeren Verweilen&#8230; \u00e4h, Zuh\u00f6ren einl\u00e4dt. Der Mitteltonbereich ist reichhaltig und voll, w\u00e4hrend die H\u00f6hen weiterhin eine nat\u00fcrliche und abgerundete Klarheit bieten. Selbst bei mittlerer bis geringer Lautst\u00e4rke bleibt der Klang ausgewogen. Neugierig? Aagje!      <\/span><\/div>\n<div class=\"specification-item row-odd\"><span class=\"spec-content\">Ladenpreis: 1750.00<\/span><\/div>\n<div class=\"specification-item row-header\"><span class=\"spec-content\"><strong>Details<\/strong><\/span><\/div>\n<div class=\"specification-item row-even\"><span class=\"spec-content\">Test Test<\/span><\/div>\n<div class=\"specification-item row-header\"><span class=\"spec-content\"><strong>Allgemeine Beschreibung<\/strong><\/span><\/div>\n<div class=\"specification-item row-even\"><span class=\"spec-content\">Dieses integrierte R\u00f6hrenverst\u00e4rkersystem liefert dank der EL34-Ausgangsr\u00f6hren 35 Watt pro Kanal. Er ist handgefertigt mit Punkt-zu-Punkt-Verkabelung und hochwertigen Komponenten, darunter Keramikr\u00f6hrensockel, Nichicon und Realcap-Kondensatoren, WBT-Lautsprecherklemmen, ein ALPS-Lautst\u00e4rkeregler und vergoldete Eingangsanschl\u00fcsse. Die exklusive Adaptive AutoBias\u2122-Technologie \u00fcberwacht und regelt die Vorspannung kontinuierlich und sanft, was zu einer Reduzierung der Verzerrungen um 40 bis 50 % f\u00fchrt, ohne dass angepasste R\u00f6hren oder manuelle Vorspannungsanpassungen erforderlich sind. Eine SoftStart\u2122-Schaltung sch\u00fctzt kritische Komponenten und verl\u00e4ngert deren Lebensdauer. Das Geh\u00e4use ist aus robustem Stahl gefertigt und mit einer handgeriebenen, hochgl\u00e4nzenden Lackierung versehen. Optional kann eine PhonoLogue Phonostufe mit beweglichem Magneten hinzugef\u00fcgt werden.     <\/span><\/div>\n<div class=\"specification-item row-header\"><span class=\"spec-content\"><strong>Hintergrundinformationen<\/strong><\/span><\/div>\n<div class=\"specification-item row-even\"><span class=\"spec-content\">Der PrimaLuna ProLogue One wurde mit dem Schwerpunkt auf Qualit\u00e4t und Langlebigkeit entwickelt. Der Verst\u00e4rker verwendet eine hochwertige Punkt-zu-Punkt-Verkabelung und enth\u00e4lt handselektierte R\u00f6hren f\u00fcr eine optimale Audioleistung. Die Transformatoren sind speziell gewickelt f\u00fcr minimale Verzerrung und maximale Effizienz. Das Geh\u00e4use ist robust und hat eine klassische \u00c4sthetik mit solider Metallkonstruktion. Das Designteam, das von Ingenieuren wie Herman van den Dungen geleitet wird, hat daf\u00fcr gesorgt, dass die Materialien sorgf\u00e4ltig ausgew\u00e4hlt wurden, um eine hervorragende Klangqualit\u00e4t zu gew\u00e4hrleisten. PrimaLuna ist bestrebt, seine Komponenten von den besten Zulieferern weltweit zu beziehen.     <\/span><\/div>\n<div class=\"specification-item row-header\"><span class=\"spec-content\"><strong>Geschichte der Marke<\/strong><\/span><\/div>\n<div class=\"specification-item row-even\"><span class=\"spec-content\">PrimaLuna ist eine niederl\u00e4ndische Audiomarke, die im Jahr 2003 von Herman van den Dungen gegr\u00fcndet wurde. Die Marke ist f\u00fcr ihre R\u00f6hrenverst\u00e4rker bekannt und hat im Laufe der Jahre mehrere Produktlinien eingef\u00fchrt, darunter die Serien ProLogue, DiaLogue und Evo. Die Produkte werden in den Niederlanden entwickelt und in China hergestellt. PrimaLuna hat mehrere internationale Auszeichnungen f\u00fcr seine Produkte erhalten. Die Marke hat einen weltweiten Vertrieb und ist in mehreren L\u00e4ndern erh\u00e4ltlich.    <\/span><\/div>\n<\/div>\n","protected":false},"excerpt":{"rendered":"<p>Beschreibung Freakuence! Ah, PrimaLuna im Shop, das macht immer Spa\u00df. Und jetzt der ProLogue One! Dieser R\u00f6hrenverst\u00e4rker hat einen warmen, weichen und herrlich musikalischen Klang, der zum l\u00e4ngeren Verweilen&#8230; \u00e4h, Zuh\u00f6ren einl\u00e4dt. Der Mitteltonbereich ist reichhaltig und voll, w\u00e4hrend die H\u00f6hen weiterhin eine nat\u00fcrliche und abgerundete Klarheit bieten. Selbst bei mittlerer bis geringer Lautst\u00e4rke bleibt [&hellip;]<\/p>\n","protected":false},"featured_media":0,"template":"","meta":{"_acf_changed":false,"inline_featured_image":false},"product_brand":[],"product_cat":[720,582,560],"product_tag":[555],"class_list":{"0":"post-318131","1":"product","2":"type-product","3":"status-publish","5":"product_cat-kabel-stecker","6":"product_cat-rohrenverstarker","7":"product_cat-verstarker","8":"product_tag-benutzt","10":"first","11":"instock","12":"sold-individually","13":"purchasable","14":"product-type-simple"},"acf":[],"yoast_head":"<!-- This site is optimized with the Yoast SEO plugin v25.9 - https:\/\/yoast.com\/wordpress\/plugins\/seo\/ -->\n<title>PrimaLuna ProLogue Eins | Freakuence!<\/title>\n<meta name=\"description\" content=\"Entdecken Sie den PrimaLuna ProLogue One: ein 35W R\u00f6hrenverst\u00e4rker mit warmem, nat\u00fcrlichem Klang. \u2713 Neue &amp; gebrauchte HiFi-Ger\u00e4te \u2713 Kundenbewertung: 4.9 von 5 \u2713 Inzahlungnahme \u2713 H\u00f6rprobe\" \/>\n<meta name=\"robots\" content=\"noindex, follow, max-snippet:-1, max-image-preview:large, max-video-preview:-1\" \/>\n<meta property=\"og:locale\" content=\"de_DE\" \/>\n<meta property=\"og:type\" content=\"article\" \/>\n<meta property=\"og:title\" content=\"PrimaLuna ProLogue Eins | Freakuence!\" \/>\n<meta property=\"og:description\" content=\"Entdecken Sie den PrimaLuna ProLogue One: ein 35W R\u00f6hrenverst\u00e4rker mit warmem, nat\u00fcrlichem Klang. \u2713 Neue &amp; gebrauchte HiFi-Ger\u00e4te \u2713 Kundenbewertung: 4.9 von 5 \u2713 Inzahlungnahme \u2713 H\u00f6rprobe\" \/>\n<meta property=\"og:url\" content=\"https:\/\/dev.freakuence.nl\/de\/produkt\/primaluna-prologue-eins-2\/\" \/>\n<meta property=\"og:site_name\" content=\"Freakuence!\" \/>\n<meta name=\"twitter:card\" content=\"summary_large_image\" \/>\n<script type=\"application\/ld+json\" class=\"yoast-schema-graph\">{\"@context\":\"https:\/\/schema.org\",\"@graph\":[{\"@type\":\"WebPage\",\"@id\":\"https:\/\/dev.freakuence.nl\/de\/produkt\/primaluna-prologue-eins-2\/\",\"url\":\"https:\/\/dev.freakuence.nl\/de\/produkt\/primaluna-prologue-eins-2\/\",\"name\":\"PrimaLuna ProLogue Eins | Freakuence!\",\"isPartOf\":{\"@id\":\"https:\/\/dev.freakuence.nl\/de\/#website\"},\"datePublished\":\"2026-04-10T07:50:00+00:00\",\"description\":\"Entdecken Sie den PrimaLuna ProLogue One: ein 35W R\u00f6hrenverst\u00e4rker mit warmem, nat\u00fcrlichem Klang. \u2713 Neue & gebrauchte HiFi-Ger\u00e4te \u2713 Kundenbewertung: 4.9 von 5 \u2713 Inzahlungnahme \u2713 H\u00f6rprobe\",\"breadcrumb\":{\"@id\":\"https:\/\/dev.freakuence.nl\/de\/produkt\/primaluna-prologue-eins-2\/#breadcrumb\"},\"inLanguage\":\"de\",\"potentialAction\":[{\"@type\":\"ReadAction\",\"target\":[\"https:\/\/dev.freakuence.nl\/de\/produkt\/primaluna-prologue-eins-2\/\"]}]},{\"@type\":\"BreadcrumbList\",\"@id\":\"https:\/\/dev.freakuence.nl\/de\/produkt\/primaluna-prologue-eins-2\/#breadcrumb\",\"itemListElement\":[{\"@type\":\"ListItem\",\"position\":1,\"name\":\"Startseite\",\"item\":\"https:\/\/dev.freakuence.nl\/de\/\"},{\"@type\":\"ListItem\",\"position\":2,\"name\":\"Products\",\"item\":\"https:\/\/dev.freakuence.nl\/en\/products\/\"},{\"@type\":\"ListItem\",\"position\":3,\"name\":\"PrimaLuna ProLogue Eins\"}]},{\"@type\":\"WebSite\",\"@id\":\"https:\/\/dev.freakuence.nl\/de\/#website\",\"url\":\"https:\/\/dev.freakuence.nl\/de\/\",\"name\":\"Freakuence!\",\"description\":\"Freakuence!\",\"alternateName\":\"Freakuence\",\"potentialAction\":[{\"@type\":\"SearchAction\",\"target\":{\"@type\":\"EntryPoint\",\"urlTemplate\":\"https:\/\/dev.freakuence.nl\/de\/?s={search_term_string}\"},\"query-input\":{\"@type\":\"PropertyValueSpecification\",\"valueRequired\":true,\"valueName\":\"search_term_string\"}}],\"inLanguage\":\"de\"}]}<\/script>\n<!-- \/ Yoast SEO plugin. -->","yoast_head_json":{"title":"PrimaLuna ProLogue Eins | Freakuence!","description":"Entdecken Sie den PrimaLuna ProLogue One: ein 35W R\u00f6hrenverst\u00e4rker mit warmem, nat\u00fcrlichem Klang. \u2713 Neue & gebrauchte HiFi-Ger\u00e4te \u2713 Kundenbewertung: 4.9 von 5 \u2713 Inzahlungnahme \u2713 H\u00f6rprobe","robots":{"index":"noindex","follow":"follow","max-snippet":"max-snippet:-1","max-image-preview":"max-image-preview:large","max-video-preview":"max-video-preview:-1"},"og_locale":"de_DE","og_type":"article","og_title":"PrimaLuna ProLogue Eins | Freakuence!","og_description":"Entdecken Sie den PrimaLuna ProLogue One: ein 35W R\u00f6hrenverst\u00e4rker mit warmem, nat\u00fcrlichem Klang. \u2713 Neue & gebrauchte HiFi-Ger\u00e4te \u2713 Kundenbewertung: 4.9 von 5 \u2713 Inzahlungnahme \u2713 H\u00f6rprobe","og_url":"https:\/\/dev.freakuence.nl\/de\/produkt\/primaluna-prologue-eins-2\/","og_site_name":"Freakuence!","twitter_card":"summary_large_image","schema":{"@context":"https:\/\/schema.org","@graph":[{"@type":"WebPage","@id":"https:\/\/dev.freakuence.nl\/de\/produkt\/primaluna-prologue-eins-2\/","url":"https:\/\/dev.freakuence.nl\/de\/produkt\/primaluna-prologue-eins-2\/","name":"PrimaLuna ProLogue Eins | Freakuence!","isPartOf":{"@id":"https:\/\/dev.freakuence.nl\/de\/#website"},"datePublished":"2026-04-10T07:50:00+00:00","description":"Entdecken Sie den PrimaLuna ProLogue One: ein 35W R\u00f6hrenverst\u00e4rker mit warmem, nat\u00fcrlichem Klang. \u2713 Neue & gebrauchte HiFi-Ger\u00e4te \u2713 Kundenbewertung: 4.9 von 5 \u2713 Inzahlungnahme \u2713 H\u00f6rprobe","breadcrumb":{"@id":"https:\/\/dev.freakuence.nl\/de\/produkt\/primaluna-prologue-eins-2\/#breadcrumb"},"inLanguage":"de","potentialAction":[{"@type":"ReadAction","target":["https:\/\/dev.freakuence.nl\/de\/produkt\/primaluna-prologue-eins-2\/"]}]},{"@type":"BreadcrumbList","@id":"https:\/\/dev.freakuence.nl\/de\/produkt\/primaluna-prologue-eins-2\/#breadcrumb","itemListElement":[{"@type":"ListItem","position":1,"name":"Startseite","item":"https:\/\/dev.freakuence.nl\/de\/"},{"@type":"ListItem","position":2,"name":"Products","item":"https:\/\/dev.freakuence.nl\/en\/products\/"},{"@type":"ListItem","position":3,"name":"PrimaLuna ProLogue Eins"}]},{"@type":"WebSite","@id":"https:\/\/dev.freakuence.nl\/de\/#website","url":"https:\/\/dev.freakuence.nl\/de\/","name":"Freakuence!","description":"Freakuence!","alternateName":"Freakuence","potentialAction":[{"@type":"SearchAction","target":{"@type":"EntryPoint","urlTemplate":"https:\/\/dev.freakuence.nl\/de\/?s={search_term_string}"},"query-input":{"@type":"PropertyValueSpecification","valueRequired":true,"valueName":"search_term_string"}}],"inLanguage":"de"}]}},"_links":{"self":[{"href":"https:\/\/dev.freakuence.nl\/de\/wp-json\/wp\/v2\/product\/318131","targetHints":{"allow":["GET"]}}],"collection":[{"href":"https:\/\/dev.freakuence.nl\/de\/wp-json\/wp\/v2\/product"}],"about":[{"href":"https:\/\/dev.freakuence.nl\/de\/wp-json\/wp\/v2\/types\/product"}],"version-history":[{"count":0,"href":"https:\/\/dev.freakuence.nl\/de\/wp-json\/wp\/v2\/product\/318131\/revisions"}],"wp:attachment":[{"href":"https:\/\/dev.freakuence.nl\/de\/wp-json\/wp\/v2\/media?parent=318131"}],"wp:term":[{"taxonomy":"product_brand","embeddable":true,"href":"https:\/\/dev.freakuence.nl\/de\/wp-json\/wp\/v2\/product_brand?post=318131"},{"taxonomy":"product_cat","embeddable":true,"href":"https:\/\/dev.freakuence.nl\/de\/wp-json\/wp\/v2\/product_cat?post=318131"},{"taxonomy":"product_tag","embeddable":true,"href":"https:\/\/dev.freakuence.nl\/de\/wp-json\/wp\/v2\/product_tag?post=318131"}],"curies":[{"name":"wp","href":"https:\/\/api.w.org\/{rel}","templated":true}]}}