{"id":321480,"date":"2025-10-22T12:31:21","date_gmt":"2025-10-22T10:31:21","guid":{"rendered":"https:\/\/freakuence.nl\/product\/kef-tdm34ds\/"},"modified":"2026-04-08T17:58:56","modified_gmt":"2026-04-08T15:58:56","slug":"kef-tdm34ds","status":"publish","type":"product","link":"https:\/\/dev.freakuence.nl\/de\/produkt\/kef-tdm34ds\/","title":{"rendered":"KEF TDM34DS"},"content":{"rendered":"<div class=\"product-specifications-list\">\n<div class=\"specification-item row-header\"><span class=\"spec-content\"><strong>Beschreibung Freakuence!<\/strong><\/span><\/div>\n<div class=\"specification-item row-even\"><span class=\"spec-content\">Ein wandf\u00fcllender Klang, der Sie m\u00fchelos umgibt. Details werden aufgewirbelt, Stimmen erheben sich, und die R\u00e4umlichkeit ist kein nachtr\u00e4glicher Einfall. Nichts dr\u00e4ngt sich auf, alles flie\u00dft. Filme gewinnen an Spannung, Konzerte f\u00fchlen sich gro\u00dfartiger an. Links, rechts, hinten &#8211; \u00fcberall Bewegung, ohne dass es k\u00fcnstlich wirkt.    <\/span><\/div>\n<div class=\"specification-item row-header\"><span class=\"spec-content\"><strong>Details<\/strong><\/span><\/div>\n<div class=\"specification-item row-even\"><span class=\"spec-content\">Besch\u00e4digung, siehe Fotos dazu!<\/span><\/div>\n<div class=\"specification-item row-header\"><span class=\"spec-content\"><strong>Allgemeine Beschreibung<\/strong><\/span><\/div>\n<div class=\"specification-item row-even\"><span class=\"spec-content\">Der Lautsprecher wurde f\u00fcr Heimkinosysteme entwickelt und bietet eine Dipol-Konfiguration f\u00fcr ein beeindruckendes Surround-Erlebnis. Mit zwei 130-mm-Tieft\u00f6nern und zwei 25-mm-Hocht\u00f6nern bietet er einen Frequenzbereich von 80 Hz bis 20 kHz. Die Empfindlichkeit betr\u00e4gt 90 dB in 1 Meter Entfernung bei einer Eingangsspannung von 2,83 V und die Nennimpedanz betr\u00e4gt 4 Ohm. Die empfohlene Verst\u00e4rkerleistung liegt zwischen 50 und 200 Watt. Das Geh\u00e4use misst 400 mm in der Breite, 250 mm in der H\u00f6he und 160 mm in der Tiefe und wiegt 7,5 kg. Dank seiner magnetisch abgeschirmten Konstruktion kann es in der N\u00e4he eines Fernsehers aufgestellt werden, ohne St\u00f6rungen zu verursachen.     <\/span><\/div>\n<div class=\"specification-item row-header\"><span class=\"spec-content\"><strong>Hintergrundinformationen<\/strong><\/span><\/div>\n<div class=\"specification-item row-even\"><span class=\"spec-content\">Der TDM34DS von KEF ist ein Dipol-Lautsprecher, der f\u00fcr hochwertigen Surround-Sound konzipiert wurde. Dieses vom KEF-Ingenieurteam entwickelte Modell kombiniert ein schlankes Profil mit fortschrittlichen akustischen Technologien. Es verwendet Uni-Q-Treiber-Arrays f\u00fcr eine pr\u00e4zise Klangwiedergabe. Das Geh\u00e4use ist aus resonanzarmem MDF gefertigt, das Vibrationen minimiert. Die interne Verkabelung ist von hoher Qualit\u00e4t, um Signalverluste zu reduzieren. Die Lautsprecher werden in Gro\u00dfbritannien sorgf\u00e4ltig entwickelt und zusammengebaut.     <\/span><\/div>\n<div class=\"specification-item row-header\"><span class=\"spec-content\"><strong>Geschichte der Marke<\/strong><\/span><\/div>\n<div class=\"specification-item row-even\"><span class=\"spec-content\">KEF wurde 1961 in Maidstone, Kent, vom ehemaligen BBC-Ringmaster Raymond Cooke gegr\u00fcndet. Der Name leitet sich von Kent Engineering &amp; Foundry ab, dem Ort, an dem sich der erste Firmensitz befand. In den Anfangsjahren entwickelte das Unternehmen Produkte aus synthetischen Materialien und mathematischen Modellen. 1973 f\u00fchrte KEF das Reference-Konzept ein, bei dem jedes Paar von Systemen elektronisch aufeinander abgestimmt wurde. In den 1980er Jahren setzte KEF digitale Technologien ein, um die Produktion zu optimieren. Im Jahr 1988 wurde das erste computergest\u00fctzte akustische Messsystem eingesetzt. Die Uni-Q-Treibertechnologie wurde 1988 eingef\u00fchrt und seitdem in mehreren Modellen eingesetzt. KEF hat mit externen Designern zusammengearbeitet, darunter Ross Lovegrove. Im Jahr 2011 wurde der Blade ver\u00f6ffentlicht, das erste Modell, das auf dem Single-Point-Source-Konzept basiert. KEF hat weltweit Niederlassungen, unter anderem in Hongkong, Deutschland, Frankreich, Japan und den USA. Der Hauptsitz und die Abteilung f\u00fcr akustische Forschung befinden sich in Maidstone.          <\/span><\/div>\n<\/div>\n","protected":false},"excerpt":{"rendered":"<p>Beschreibung Freakuence! Ein wandf\u00fcllender Klang, der Sie m\u00fchelos umgibt. Details werden aufgewirbelt, Stimmen erheben sich, und die R\u00e4umlichkeit ist kein nachtr\u00e4glicher Einfall. Nichts dr\u00e4ngt sich auf, alles flie\u00dft. Filme gewinnen an Spannung, Konzerte f\u00fchlen sich gro\u00dfartiger an. Links, rechts, hinten &#8211; \u00fcberall Bewegung, ohne dass es k\u00fcnstlich wirkt. Details Besch\u00e4digung, siehe Fotos dazu! Allgemeine Beschreibung [&hellip;]<\/p>\n","protected":false},"featured_media":382765,"template":"","meta":{"_acf_changed":false,"inline_featured_image":false},"product_brand":[],"product_cat":[542],"product_tag":[534],"class_list":{"0":"post-321480","1":"product","2":"type-product","3":"status-publish","4":"has-post-thumbnail","6":"product_cat-redner","7":"product_tag-benutzt","8":"pa_kleur-weis","10":"first","11":"instock","12":"sold-individually","13":"purchasable","14":"product-type-simple"},"acf":{"website":true,"show_on_homepage":false,"brand_title":"KEF","product_type":"TDM34DS","color":"Wei\u00df","subcolor":"","reserved_status":"0"},"_links":{"self":[{"href":"https:\/\/dev.freakuence.nl\/de\/wp-json\/wp\/v2\/product\/321480","targetHints":{"allow":["GET"]}}],"collection":[{"href":"https:\/\/dev.freakuence.nl\/de\/wp-json\/wp\/v2\/product"}],"about":[{"href":"https:\/\/dev.freakuence.nl\/de\/wp-json\/wp\/v2\/types\/product"}],"wp:featuredmedia":[{"embeddable":true,"href":"https:\/\/dev.freakuence.nl\/de\/wp-json\/wp\/v2\/media\/382765"}],"wp:attachment":[{"href":"https:\/\/dev.freakuence.nl\/de\/wp-json\/wp\/v2\/media?parent=321480"}],"wp:term":[{"taxonomy":"product_brand","embeddable":true,"href":"https:\/\/dev.freakuence.nl\/de\/wp-json\/wp\/v2\/product_brand?post=321480"},{"taxonomy":"product_cat","embeddable":true,"href":"https:\/\/dev.freakuence.nl\/de\/wp-json\/wp\/v2\/product_cat?post=321480"},{"taxonomy":"product_tag","embeddable":true,"href":"https:\/\/dev.freakuence.nl\/de\/wp-json\/wp\/v2\/product_tag?post=321480"}],"curies":[{"name":"wp","href":"https:\/\/api.w.org\/{rel}","templated":true}]}}