{"id":321638,"date":"2025-10-22T11:39:20","date_gmt":"2025-10-22T09:39:20","guid":{"rendered":"https:\/\/freakuence.nl\/product\/linn-520\/"},"modified":"2026-03-27T11:42:09","modified_gmt":"2026-03-27T10:42:09","slug":"linn-520","status":"publish","type":"product","link":"https:\/\/dev.freakuence.nl\/de\/produkt\/linn-520\/","title":{"rendered":"Linn 520"},"content":{"rendered":"<div class=\"product-specifications-list\">\n<div class=\"specification-item row-header\"><span class=\"spec-content\"><strong>Beschreibung Freakuence!<\/strong><\/span><\/div>\n<div class=\"specification-item row-even\"><span class=\"spec-content\">Sehr sch\u00f6n. Schnell und voll. Ein riesiger Tunnel, in den Sie hinabschauen, wenn die Aufnahme Sie das erleben lassen will. Eine Quelle mit Linn Exakt-Ausg\u00e4ngen ist erforderlich, aber mit diesem Set verf\u00fcgbar.   <\/span><\/div>\n<div class=\"specification-item row-odd\"><span class=\"spec-content\">Einzelhandelspreis: 11.000,00<\/span><\/div>\n<div class=\"specification-item row-header\"><span class=\"spec-content\"><strong>Details<\/strong><\/span><\/div>\n<div class=\"specification-item row-even\"><span class=\"spec-content\">Andere Abdeckungen\/Bez\u00fcge sind in einer Vielzahl von Farben und Designs erh\u00e4ltlich.<\/span><\/div>\n<div class=\"specification-item row-header\"><span class=\"spec-content\"><strong>Allgemeine Beschreibung<\/strong><\/span><\/div>\n<div class=\"specification-item row-even\"><span class=\"spec-content\">Die Linn 520 ist ein Standlautsprecher, der sowohl in Bezug auf den Klang als auch auf das Design beeindruckt. Mit seiner kompakten Gr\u00f6\u00dfe passt er m\u00fchelos in eine Vielzahl von Innenr\u00e4umen. Mit den austauschbaren &#8218;Fabrik&#8216;-Abdeckungen k\u00f6nnen Sie den Look ganz einfach an Ihre pers\u00f6nlichen Vorlieben anpassen. Diese Bez\u00fcge sind in verschiedenen Farben und Mustern erh\u00e4ltlich, darunter Kollektionen von schottischen Designern wie Timorous Beasties und Harris Tweed.     <\/p>\n<p>Der 520 verwendet die Exakt-Technologie von Linn, die eine pr\u00e4zise, auf den Raum, in dem er aufgestellt wird, zugeschnittene Klangwiedergabe gew\u00e4hrleistet. Dar\u00fcber hinaus verf\u00fcgt der Lautsprecher \u00fcber eine integrierte Verst\u00e4rkung, die externe Verst\u00e4rker \u00fcberfl\u00fcssig macht. Die Kombination dieser Technologien sorgt f\u00fcr einen klaren und ausgewogenen Klang.    <\/p>\n<p>Mit seinem schlanken Design und der hochwertigen Verarbeitung ist der Linn 520 nicht nur ein Genuss f\u00fcr das Ohr, sondern auch f\u00fcr das Auge. Die M\u00f6glichkeit, den Lautsprecher mit verschiedenen Abdeckungen individuell zu gestalten, macht ihn zu einer vielseitigen Wahl f\u00fcr Musikliebhaber, die sowohl Wert auf Klangqualit\u00e4t als auch auf \u00c4sthetik legen.<\/span><\/div>\n<div class=\"specification-item row-header\"><span class=\"spec-content\"><strong>Hintergrundinformationen<\/strong><\/span><\/div>\n<div class=\"specification-item row-even\"><span class=\"spec-content\">Der Linn 520 ist ein kompakter und aktiver Lautsprecher. Er wurde mit der Exakt-Technologie entwickelt und bietet einen pr\u00e4zisen Zeit- und Frequenzgang. Das Geh\u00e4use ist akustisch optimiert und wird in Schottland aus d\u00e4mpfendem Verbundmaterial hergestellt. Jeder Kanal verf\u00fcgt \u00fcber einen eigenen, digital gesteuerten Verst\u00e4rker. Intern wird eine hochwertige Verkabelung verwendet. Das Design wurde von dem Linn-Team unter der Leitung von Gilad Tiefenbrun entwickelt.     <\/span><\/div>\n<div class=\"specification-item row-header\"><span class=\"spec-content\"><strong>Geschichte der Marke<\/strong><\/span><\/div>\n<div class=\"specification-item row-even\"><span class=\"spec-content\">Linn wurde 1973 von Ivor Tiefenbrun gegr\u00fcndet. Es begann mit der Produktion des Sondek LP12, eines Plattenspielers, der in den folgenden Jahren kontinuierlich verbessert wurde. Eine der ersten Innovationen war die Einf\u00fchrung eines externen Netzteils, des Valhalla, und weitere wichtige Entwicklungen folgten sp\u00e4ter, wie die Einf\u00fchrung des Lingo-Netzteils im Jahr 1990. Im Jahr 1986 brachte Linn den Troika-Tonabnehmer auf den Markt, der eine verbesserte Signalwiedergabe bot. In den 1990er Jahren erweiterte Linn sein Angebot um digitale Produkte, wie den Karik\/Numerik CD-Player, und brachte 1994 das Knekt Multiroom-System auf den Markt. Linn stellt fast alles selbst her. Schauen Sie sich ihre PCB-Baumaschine online an!      <\/span><\/div>\n<\/div>\n","protected":false},"excerpt":{"rendered":"<p>Beschreibung Freakuence! Sehr sch\u00f6n. Schnell und voll. Ein riesiger Tunnel, in den Sie hinabschauen, wenn die Aufnahme Sie das erleben lassen will. Eine Quelle mit Linn Exakt-Ausg\u00e4ngen ist erforderlich, aber mit diesem Set verf\u00fcgbar. Einzelhandelspreis: 11.000,00 Details Andere Abdeckungen\/Bez\u00fcge sind in einer Vielzahl von Farben und Designs erh\u00e4ltlich. Allgemeine Beschreibung Die Linn 520 ist ein [&hellip;]<\/p>\n","protected":false},"featured_media":321649,"template":"","meta":{"_acf_changed":false,"inline_featured_image":false},"product_brand":[],"product_cat":[542],"product_tag":[534],"class_list":{"0":"post-321638","1":"product","2":"type-product","3":"status-publish","4":"has-post-thumbnail","6":"product_cat-redner","7":"product_tag-benutzt","8":"pa_kleur-rot","10":"first","11":"instock","12":"sold-individually","13":"taxable","14":"shipping-taxable","15":"purchasable","16":"product-type-simple"},"acf":{"website":true,"show_on_homepage":false,"brand_title":"Linn","product_type":"520","color":"Rot","subcolor":"","reserved_status":"0"},"_links":{"self":[{"href":"https:\/\/dev.freakuence.nl\/de\/wp-json\/wp\/v2\/product\/321638","targetHints":{"allow":["GET"]}}],"collection":[{"href":"https:\/\/dev.freakuence.nl\/de\/wp-json\/wp\/v2\/product"}],"about":[{"href":"https:\/\/dev.freakuence.nl\/de\/wp-json\/wp\/v2\/types\/product"}],"wp:featuredmedia":[{"embeddable":true,"href":"https:\/\/dev.freakuence.nl\/de\/wp-json\/wp\/v2\/media\/321649"}],"wp:attachment":[{"href":"https:\/\/dev.freakuence.nl\/de\/wp-json\/wp\/v2\/media?parent=321638"}],"wp:term":[{"taxonomy":"product_brand","embeddable":true,"href":"https:\/\/dev.freakuence.nl\/de\/wp-json\/wp\/v2\/product_brand?post=321638"},{"taxonomy":"product_cat","embeddable":true,"href":"https:\/\/dev.freakuence.nl\/de\/wp-json\/wp\/v2\/product_cat?post=321638"},{"taxonomy":"product_tag","embeddable":true,"href":"https:\/\/dev.freakuence.nl\/de\/wp-json\/wp\/v2\/product_tag?post=321638"}],"curies":[{"name":"wp","href":"https:\/\/api.w.org\/{rel}","templated":true}]}}