{"id":321675,"date":"2025-10-22T11:38:47","date_gmt":"2025-10-22T09:38:47","guid":{"rendered":"https:\/\/freakuence.nl\/product\/linn-akurate-dsm-1-exakt\/"},"modified":"2026-02-24T15:45:48","modified_gmt":"2026-02-24T14:45:48","slug":"linn-akurate-dsm-1-exakt","status":"publish","type":"product","link":"https:\/\/dev.freakuence.nl\/de\/produkt\/linn-akurate-dsm-1-exakt\/","title":{"rendered":"Linn Akurate DSM\/1 Exakt"},"content":{"rendered":"<div class=\"product-specifications-list\">\n<div class=\"specification-item row-even\"><span class=\"spec-content\"><strong>Beschreibung Freakuence!<\/strong><\/span><\/div>\n<div class=\"specification-item row-odd\">\n<p>&nbsp;<\/p>\n<p>Wahnsinniger Vorverst\u00e4rker mit au\u00dfergew\u00f6hnlichem Streamer. Knackig und mit einem besonders straffen Punch. Die Streamer-Funktion und die Linn-App machen das Ganze zu einem Vergn\u00fcgen. Es besteht auch die M\u00f6glichkeit, andere digitale Ger\u00e4te anzuschlie\u00dfen. Noch besser: Sie k\u00f6nnen ein HDMI-Ger\u00e4t anschlie\u00dfen und es direkt auf Ihren Bildschirm leiten, ohne dass der Linn etwas mit dem Bildsignal macht. Nur f\u00fcr Linn-Exakt.     <\/p>\n<p>&nbsp;<\/p>\n<\/div>\n<div class=\"specification-item row-even\"><span class=\"spec-content\"><strong>Details<\/strong><\/span><\/div>\n<div class=\"specification-item row-odd\"><span class=\"spec-content\">Ladenpreis: 6090.00<\/span><\/div>\n<div class=\"specification-item row-even\"><span class=\"spec-content\"><strong>Hintergrundinformationen<\/strong><\/span><\/div>\n<div class=\"specification-item row-odd\">\n<p>&nbsp;<\/p>\n<p>Der Linn Akurate DS\/0 wurde gem\u00e4\u00df der Linn-Philosophie des minimalen Signalverlusts entwickelt. Der Streamer verf\u00fcgt \u00fcber einen Pr\u00e4zisionstaktgeber und sorgf\u00e4ltig ausgew\u00e4hlte DAC-Komponenten f\u00fcr optimales Timing und Detailwiedergabe. Alle wichtigen internen Verbindungen sind kurz und direkt, um Interferenzen zu minimieren.  <\/p>\n<p>&nbsp;<\/p>\n<\/div>\n<div class=\"specification-item row-even\"><span class=\"spec-content\"><strong>Geschichte der Marke<\/strong><\/span><\/div>\n<div class=\"specification-item row-odd\">\n<p>&nbsp;<\/p>\n<p>Linn wurde 1973 von Ivor Tiefenbrun gegr\u00fcndet. Es begann mit der Produktion des Sondek LP12, eines Plattenspielers, der in den folgenden Jahren kontinuierlich verbessert wurde. Eine der ersten Innovationen war die Einf\u00fchrung eines externen Netzteils, des Valhalla, und weitere wichtige Entwicklungen folgten sp\u00e4ter, wie die Einf\u00fchrung des Lingo-Netzteils im Jahr 1990. Im Jahr 1986 brachte Linn den Troika-Tonabnehmer auf den Markt, der eine verbesserte Signalwiedergabe bot. In den 1990er Jahren erweiterte Linn sein Angebot um digitale Produkte, wie den Karik\/Numerik CD-Player, und brachte 1994 das Knekt Multiroom-System auf den Markt. Linn stellt fast alles selbst her. Schauen Sie sich ihre PCB-Baumaschine online an!      <\/p>\n<p>&nbsp;<\/p>\n<\/div>\n<\/div>\n","protected":false},"excerpt":{"rendered":"<p>Beschreibung Freakuence! &nbsp; Wahnsinniger Vorverst\u00e4rker mit au\u00dfergew\u00f6hnlichem Streamer. Knackig und mit einem besonders straffen Punch. Die Streamer-Funktion und die Linn-App machen das Ganze zu einem Vergn\u00fcgen. Es besteht auch die M\u00f6glichkeit, andere digitale Ger\u00e4te anzuschlie\u00dfen. Noch besser: Sie k\u00f6nnen ein HDMI-Ger\u00e4t anschlie\u00dfen und es direkt auf Ihren Bildschirm leiten, ohne dass der Linn etwas mit [&hellip;]<\/p>\n","protected":false},"featured_media":352760,"template":"","meta":{"_acf_changed":false,"inline_featured_image":false},"product_brand":[],"product_cat":[549],"product_tag":[534],"class_list":{"0":"post-321675","1":"product","2":"type-product","3":"status-publish","4":"has-post-thumbnail","6":"product_cat-dac-streamer","7":"product_tag-benutzt","8":"pa_kleur-schwarz","10":"first","11":"instock","12":"taxable","13":"shipping-taxable","14":"purchasable","15":"product-type-simple"},"acf":{"website":true,"show_on_homepage":false,"brand_title":"Linn","product_type":"Akurate DSM\/1 Exakt","color":"Schwarz","subcolor":"","reserved_status":"0"},"yoast_head":"<!-- This site is optimized with the Yoast SEO plugin v25.9 - https:\/\/yoast.com\/wordpress\/plugins\/seo\/ -->\n<title>Linn Akurate DSM\/1 Exakt | Freakuence!<\/title>\n<meta name=\"robots\" content=\"noindex, follow, max-snippet:-1, max-image-preview:large, max-video-preview:-1\" \/>\n<meta property=\"og:locale\" content=\"de_DE\" \/>\n<meta property=\"og:type\" content=\"article\" \/>\n<meta property=\"og:title\" content=\"Linn Akurate DSM\/1 Exakt | Freakuence!\" \/>\n<meta property=\"og:description\" content=\"Beschreibung Freakuence! &nbsp; Wahnsinniger Vorverst\u00e4rker mit au\u00dfergew\u00f6hnlichem Streamer. Knackig und mit einem besonders straffen Punch. Die Streamer-Funktion und die Linn-App machen das Ganze zu einem Vergn\u00fcgen. Es besteht auch die M\u00f6glichkeit, andere digitale Ger\u00e4te anzuschlie\u00dfen. Noch besser: Sie k\u00f6nnen ein HDMI-Ger\u00e4t anschlie\u00dfen und es direkt auf Ihren Bildschirm leiten, ohne dass der Linn etwas mit [&hellip;]\" \/>\n<meta property=\"og:url\" content=\"https:\/\/dev.freakuence.nl\/de\/produkt\/linn-akurate-dsm-1-exakt\/\" \/>\n<meta property=\"og:site_name\" content=\"Freakuence!\" \/>\n<meta property=\"article:modified_time\" content=\"2026-02-24T14:45:48+00:00\" \/>\n<meta property=\"og:image\" content=\"https:\/\/dev.freakuence.nl\/wp-content\/uploads\/2025\/10\/17611258852593-17653-IMG8080-scaled.jpg\" \/>\n\t<meta property=\"og:image:width\" content=\"1800\" \/>\n\t<meta property=\"og:image:height\" content=\"1200\" \/>\n\t<meta property=\"og:image:type\" content=\"image\/jpeg\" \/>\n<meta name=\"twitter:card\" content=\"summary_large_image\" \/>\n<script type=\"application\/ld+json\" class=\"yoast-schema-graph\">{\"@context\":\"https:\/\/schema.org\",\"@graph\":[{\"@type\":\"WebPage\",\"@id\":\"https:\/\/dev.freakuence.nl\/de\/produkt\/linn-akurate-dsm-1-exakt\/\",\"url\":\"https:\/\/dev.freakuence.nl\/de\/produkt\/linn-akurate-dsm-1-exakt\/\",\"name\":\"Linn Akurate DSM\/1 Exakt | Freakuence!\",\"isPartOf\":{\"@id\":\"https:\/\/dev.freakuence.nl\/de\/#website\"},\"primaryImageOfPage\":{\"@id\":\"https:\/\/dev.freakuence.nl\/de\/produkt\/linn-akurate-dsm-1-exakt\/#primaryimage\"},\"image\":{\"@id\":\"https:\/\/dev.freakuence.nl\/de\/produkt\/linn-akurate-dsm-1-exakt\/#primaryimage\"},\"thumbnailUrl\":\"https:\/\/dev.freakuence.nl\/wp-content\/uploads\/2025\/10\/17611258852593-17653-IMG8080-scaled.jpg\",\"datePublished\":\"2025-10-22T09:38:47+00:00\",\"dateModified\":\"2026-02-24T14:45:48+00:00\",\"breadcrumb\":{\"@id\":\"https:\/\/dev.freakuence.nl\/de\/produkt\/linn-akurate-dsm-1-exakt\/#breadcrumb\"},\"inLanguage\":\"de\",\"potentialAction\":[{\"@type\":\"ReadAction\",\"target\":[\"https:\/\/dev.freakuence.nl\/de\/produkt\/linn-akurate-dsm-1-exakt\/\"]}]},{\"@type\":\"ImageObject\",\"inLanguage\":\"de\",\"@id\":\"https:\/\/dev.freakuence.nl\/de\/produkt\/linn-akurate-dsm-1-exakt\/#primaryimage\",\"url\":\"https:\/\/dev.freakuence.nl\/wp-content\/uploads\/2025\/10\/17611258852593-17653-IMG8080-scaled.jpg\",\"contentUrl\":\"https:\/\/dev.freakuence.nl\/wp-content\/uploads\/2025\/10\/17611258852593-17653-IMG8080-scaled.jpg\",\"width\":1800,\"height\":1200},{\"@type\":\"BreadcrumbList\",\"@id\":\"https:\/\/dev.freakuence.nl\/de\/produkt\/linn-akurate-dsm-1-exakt\/#breadcrumb\",\"itemListElement\":[{\"@type\":\"ListItem\",\"position\":1,\"name\":\"Startseite\",\"item\":\"https:\/\/dev.freakuence.nl\/de\/\"},{\"@type\":\"ListItem\",\"position\":2,\"name\":\"Produkte\",\"item\":\"https:\/\/dev.freakuence.nl\/de\/produkte\/\"},{\"@type\":\"ListItem\",\"position\":3,\"name\":\"Linn Akurate DSM\/1 Exakt\"}]},{\"@type\":\"WebSite\",\"@id\":\"https:\/\/dev.freakuence.nl\/de\/#website\",\"url\":\"https:\/\/dev.freakuence.nl\/de\/\",\"name\":\"Freakuence!\",\"description\":\"Freakuence!\",\"publisher\":{\"@id\":\"https:\/\/dev.freakuence.nl\/de\/#organization\"},\"alternateName\":\"Freakuence\",\"potentialAction\":[{\"@type\":\"SearchAction\",\"target\":{\"@type\":\"EntryPoint\",\"urlTemplate\":\"https:\/\/dev.freakuence.nl\/de\/?s={search_term_string}\"},\"query-input\":{\"@type\":\"PropertyValueSpecification\",\"valueRequired\":true,\"valueName\":\"search_term_string\"}}],\"inLanguage\":\"de\"},{\"@type\":\"Organization\",\"@id\":\"https:\/\/dev.freakuence.nl\/de\/#organization\",\"name\":\"Freakuence!\",\"url\":\"https:\/\/dev.freakuence.nl\/de\/\",\"logo\":{\"@type\":\"ImageObject\",\"inLanguage\":\"de\",\"@id\":\"https:\/\/dev.freakuence.nl\/de\/#\/schema\/logo\/image\/\",\"url\":\"https:\/\/dev.freakuence.nl\/wp-content\/uploads\/2022\/05\/Brown_3_RGB_Freakuence-1.png\",\"contentUrl\":\"https:\/\/dev.freakuence.nl\/wp-content\/uploads\/2022\/05\/Brown_3_RGB_Freakuence-1.png\",\"width\":2560,\"height\":684,\"caption\":\"Freakuence!\"},\"image\":{\"@id\":\"https:\/\/dev.freakuence.nl\/de\/#\/schema\/logo\/image\/\"},\"sameAs\":[\"https:\/\/www.instagram.com\/freakuence_notorious_audio\/\"]}]}<\/script>\n<!-- \/ Yoast SEO plugin. -->","yoast_head_json":{"title":"Linn Akurate DSM\/1 Exakt | Freakuence!","robots":{"index":"noindex","follow":"follow","max-snippet":"max-snippet:-1","max-image-preview":"max-image-preview:large","max-video-preview":"max-video-preview:-1"},"og_locale":"de_DE","og_type":"article","og_title":"Linn Akurate DSM\/1 Exakt | Freakuence!","og_description":"Beschreibung Freakuence! &nbsp; Wahnsinniger Vorverst\u00e4rker mit au\u00dfergew\u00f6hnlichem Streamer. Knackig und mit einem besonders straffen Punch. Die Streamer-Funktion und die Linn-App machen das Ganze zu einem Vergn\u00fcgen. Es besteht auch die M\u00f6glichkeit, andere digitale Ger\u00e4te anzuschlie\u00dfen. Noch besser: Sie k\u00f6nnen ein HDMI-Ger\u00e4t anschlie\u00dfen und es direkt auf Ihren Bildschirm leiten, ohne dass der Linn etwas mit [&hellip;]","og_url":"https:\/\/dev.freakuence.nl\/de\/produkt\/linn-akurate-dsm-1-exakt\/","og_site_name":"Freakuence!","article_modified_time":"2026-02-24T14:45:48+00:00","og_image":[{"width":1800,"height":1200,"url":"https:\/\/dev.freakuence.nl\/wp-content\/uploads\/2025\/10\/17611258852593-17653-IMG8080-scaled.jpg","type":"image\/jpeg"}],"twitter_card":"summary_large_image","schema":{"@context":"https:\/\/schema.org","@graph":[{"@type":"WebPage","@id":"https:\/\/dev.freakuence.nl\/de\/produkt\/linn-akurate-dsm-1-exakt\/","url":"https:\/\/dev.freakuence.nl\/de\/produkt\/linn-akurate-dsm-1-exakt\/","name":"Linn Akurate DSM\/1 Exakt | Freakuence!","isPartOf":{"@id":"https:\/\/dev.freakuence.nl\/de\/#website"},"primaryImageOfPage":{"@id":"https:\/\/dev.freakuence.nl\/de\/produkt\/linn-akurate-dsm-1-exakt\/#primaryimage"},"image":{"@id":"https:\/\/dev.freakuence.nl\/de\/produkt\/linn-akurate-dsm-1-exakt\/#primaryimage"},"thumbnailUrl":"https:\/\/dev.freakuence.nl\/wp-content\/uploads\/2025\/10\/17611258852593-17653-IMG8080-scaled.jpg","datePublished":"2025-10-22T09:38:47+00:00","dateModified":"2026-02-24T14:45:48+00:00","breadcrumb":{"@id":"https:\/\/dev.freakuence.nl\/de\/produkt\/linn-akurate-dsm-1-exakt\/#breadcrumb"},"inLanguage":"de","potentialAction":[{"@type":"ReadAction","target":["https:\/\/dev.freakuence.nl\/de\/produkt\/linn-akurate-dsm-1-exakt\/"]}]},{"@type":"ImageObject","inLanguage":"de","@id":"https:\/\/dev.freakuence.nl\/de\/produkt\/linn-akurate-dsm-1-exakt\/#primaryimage","url":"https:\/\/dev.freakuence.nl\/wp-content\/uploads\/2025\/10\/17611258852593-17653-IMG8080-scaled.jpg","contentUrl":"https:\/\/dev.freakuence.nl\/wp-content\/uploads\/2025\/10\/17611258852593-17653-IMG8080-scaled.jpg","width":1800,"height":1200},{"@type":"BreadcrumbList","@id":"https:\/\/dev.freakuence.nl\/de\/produkt\/linn-akurate-dsm-1-exakt\/#breadcrumb","itemListElement":[{"@type":"ListItem","position":1,"name":"Startseite","item":"https:\/\/dev.freakuence.nl\/de\/"},{"@type":"ListItem","position":2,"name":"Produkte","item":"https:\/\/dev.freakuence.nl\/de\/produkte\/"},{"@type":"ListItem","position":3,"name":"Linn Akurate DSM\/1 Exakt"}]},{"@type":"WebSite","@id":"https:\/\/dev.freakuence.nl\/de\/#website","url":"https:\/\/dev.freakuence.nl\/de\/","name":"Freakuence!","description":"Freakuence!","publisher":{"@id":"https:\/\/dev.freakuence.nl\/de\/#organization"},"alternateName":"Freakuence","potentialAction":[{"@type":"SearchAction","target":{"@type":"EntryPoint","urlTemplate":"https:\/\/dev.freakuence.nl\/de\/?s={search_term_string}"},"query-input":{"@type":"PropertyValueSpecification","valueRequired":true,"valueName":"search_term_string"}}],"inLanguage":"de"},{"@type":"Organization","@id":"https:\/\/dev.freakuence.nl\/de\/#organization","name":"Freakuence!","url":"https:\/\/dev.freakuence.nl\/de\/","logo":{"@type":"ImageObject","inLanguage":"de","@id":"https:\/\/dev.freakuence.nl\/de\/#\/schema\/logo\/image\/","url":"https:\/\/dev.freakuence.nl\/wp-content\/uploads\/2022\/05\/Brown_3_RGB_Freakuence-1.png","contentUrl":"https:\/\/dev.freakuence.nl\/wp-content\/uploads\/2022\/05\/Brown_3_RGB_Freakuence-1.png","width":2560,"height":684,"caption":"Freakuence!"},"image":{"@id":"https:\/\/dev.freakuence.nl\/de\/#\/schema\/logo\/image\/"},"sameAs":["https:\/\/www.instagram.com\/freakuence_notorious_audio\/"]}]}},"_links":{"self":[{"href":"https:\/\/dev.freakuence.nl\/de\/wp-json\/wp\/v2\/product\/321675","targetHints":{"allow":["GET"]}}],"collection":[{"href":"https:\/\/dev.freakuence.nl\/de\/wp-json\/wp\/v2\/product"}],"about":[{"href":"https:\/\/dev.freakuence.nl\/de\/wp-json\/wp\/v2\/types\/product"}],"wp:featuredmedia":[{"embeddable":true,"href":"https:\/\/dev.freakuence.nl\/de\/wp-json\/wp\/v2\/media\/352760"}],"wp:attachment":[{"href":"https:\/\/dev.freakuence.nl\/de\/wp-json\/wp\/v2\/media?parent=321675"}],"wp:term":[{"taxonomy":"product_brand","embeddable":true,"href":"https:\/\/dev.freakuence.nl\/de\/wp-json\/wp\/v2\/product_brand?post=321675"},{"taxonomy":"product_cat","embeddable":true,"href":"https:\/\/dev.freakuence.nl\/de\/wp-json\/wp\/v2\/product_cat?post=321675"},{"taxonomy":"product_tag","embeddable":true,"href":"https:\/\/dev.freakuence.nl\/de\/wp-json\/wp\/v2\/product_tag?post=321675"}],"curies":[{"name":"wp","href":"https:\/\/api.w.org\/{rel}","templated":true}]}}