{"id":321972,"date":"2025-10-15T16:43:02","date_gmt":"2025-10-15T14:43:02","guid":{"rendered":"https:\/\/freakuence.nl\/product\/rotel-ra-1592-mkii-2\/"},"modified":"2026-04-08T18:46:36","modified_gmt":"2026-04-08T16:46:36","slug":"rotel-ra-1592-mkii-2","status":"publish","type":"product","link":"https:\/\/dev.freakuence.nl\/de\/produkt\/rotel-ra-1592-mkii-2\/","title":{"rendered":"Rotel RA-1592 MKII"},"content":{"rendered":"<div class=\"product-specifications-list\">\n<div class=\"specification-item row-header\"><span class=\"spec-content\"><strong>Beschreibung Freakuence!<\/strong><\/span><\/div>\n<div class=\"specification-item row-even\"><span class=\"spec-content\">Schwer. Ein Verst\u00e4rker, der trifft. L\u00e4sst Sie alles h\u00f6ren, mit einem sch\u00f6nen, vollmundigen Klang. Das solide untere Ende und der weiche Mitteltonbereich sorgen f\u00fcr entspanntes H\u00f6ren.   <\/span><\/div>\n<div class=\"specification-item row-odd\"><span class=\"spec-content\">Ladenpreis: 2999.00<\/span><\/div>\n<div class=\"specification-item row-header\"><span class=\"spec-content\"><strong>Details<\/strong><\/span><\/div>\n<div class=\"specification-item row-even\"><span class=\"spec-content\">Da wir H\u00e4ndler dieser Marke sind, bieten wir Ihnen gerne die volle H\u00e4ndler-Garantie auf dieses Produkt an! Und warum? Wir sind zuversichtlich und diese Zusicherung macht es sicherlich angenehmer.  <\/span><\/div>\n<div class=\"specification-item row-header\"><span class=\"spec-content\"><strong>Allgemeine Beschreibung<\/strong><\/span><\/div>\n<div class=\"specification-item row-even\"><span class=\"spec-content\">Der Rotel RA-1592 MKII ist ein Vollverst\u00e4rker, der eine breite Palette von Anschlussm\u00f6glichkeiten bietet. Mit analogen und digitalen Eing\u00e4ngen, einschlie\u00dflich Bluetooth-Streaming und einem Phono-Eingang f\u00fcr Plattenspieler, ist dieser Verst\u00e4rker f\u00fcr eine Vielzahl von Audioquellen geeignet. Der integrierte Digital-Analog-Wandler (DAC) unterst\u00fctzt hohe Aufl\u00f6sungen und tr\u00e4gt so zu einer detaillierten Klangwiedergabe bei. Mit einer Ausgangsleistung von 200 Watt pro Kanal kann der RA-1592 MKII m\u00fchelos eine Vielzahl von Lautsprechern ansteuern. Der Verst\u00e4rker verf\u00fcgt \u00fcber ein robustes Netzteil und hochwertige Komponenten, die f\u00fcr einen dynamischen und kontrollierten Klang sorgen. Au\u00dferdem stehen verschiedene Anschl\u00fcsse zur Verf\u00fcgung, wie XLR-Eing\u00e4nge und mehrere digitale Eing\u00e4nge, die eine flexible Einrichtung erm\u00f6glichen. Der RA-1592 MKII wurde mit viel Liebe zum Detail entwickelt und bietet eine Kombination aus Leistung und Pr\u00e4zision bei der Klangwiedergabe.      <\/span><\/div>\n<div class=\"specification-item row-header\"><span class=\"spec-content\"><strong>Hintergrundinformationen<\/strong><\/span><\/div>\n<div class=\"specification-item row-even\"><span class=\"spec-content\">Der Rotel RA-1592 MKII wurde vom hauseigenen Designteam von Rotel in Japan entwickelt, das auf \u00fcber 60 Jahre Erfahrung in der analogen Audiotechnik zur\u00fcckblicken kann. Der Vollverst\u00e4rker verwendet einen sorgf\u00e4ltig ausgew\u00e4hlten Ringkern-Transformator, der im eigenen Haus hergestellt wird, kombiniert mit hochwertigen Kondensatoren. Sowohl im Inneren als auch im \u00c4u\u00dferen wurden nur sorgf\u00e4ltig ausgew\u00e4hlte Komponenten verwendet. Das Geh\u00e4use ist robust gebaut, um optimale Leistung und Schutz vor St\u00f6rungen zu gew\u00e4hrleisten.   <\/span><\/div>\n<div class=\"specification-item row-header\"><span class=\"spec-content\"><strong>Geschichte der Marke<\/strong><\/span><\/div>\n<div class=\"specification-item row-even\"><span class=\"spec-content\">Rotel wurde offiziell 1961 gegr\u00fcndet und etablierte sich als Familienunternehmen in Japan. Entwicklung und Produktion werden seit jeher im eigenen Haus durchgef\u00fchrt, vor allem bei den Kernkomponenten wie den Ringkerntransformatoren, die f\u00fcr die Stromqualit\u00e4t unerl\u00e4sslich sind. Im Jahr 1981 begann Rotel eine langfristige Partnerschaft mit Bowers &amp; Wilkins, die zu einem exklusiven Vertrieb in Nordamerika und mehreren europ\u00e4ischen M\u00e4rkten f\u00fchrte. Diese Beziehung f\u00fchrte 2006 zu einem Joint Venture mit gemeinsamen Produktions- und Logistikeinrichtungen in Zhuhai, China.   <\/span><\/div>\n<\/div>\n","protected":false},"excerpt":{"rendered":"<p>Beschreibung Freakuence! Schwer. Ein Verst\u00e4rker, der trifft. L\u00e4sst Sie alles h\u00f6ren, mit einem sch\u00f6nen, vollmundigen Klang. Das solide untere Ende und der weiche Mitteltonbereich sorgen f\u00fcr entspanntes H\u00f6ren. Ladenpreis: 2999.00 Details Da wir H\u00e4ndler dieser Marke sind, bieten wir Ihnen gerne die volle H\u00e4ndler-Garantie auf dieses Produkt an! Und warum? Wir sind zuversichtlich und diese [&hellip;]<\/p>\n","protected":false},"featured_media":384119,"template":"","meta":{"_acf_changed":false,"inline_featured_image":false},"product_brand":[],"product_cat":[774,744,532],"product_tag":[534],"class_list":{"0":"post-321972","1":"product","2":"type-product","3":"status-publish","4":"has-post-thumbnail","6":"product_cat-klasse-a-a-b-stereo-verstarker","7":"product_cat-stereo-verstarker","8":"product_cat-verstarker","9":"product_tag-benutzt","10":"pa_kleur-schwarz","12":"first","13":"instock","14":"sold-individually","15":"purchasable","16":"product-type-simple"},"acf":{"website":true,"show_on_homepage":false,"brand_title":"Rotel","product_type":"RA-1592 MKII","color":"Schwarz","subcolor":"","reserved_status":"0"},"_links":{"self":[{"href":"https:\/\/dev.freakuence.nl\/de\/wp-json\/wp\/v2\/product\/321972","targetHints":{"allow":["GET"]}}],"collection":[{"href":"https:\/\/dev.freakuence.nl\/de\/wp-json\/wp\/v2\/product"}],"about":[{"href":"https:\/\/dev.freakuence.nl\/de\/wp-json\/wp\/v2\/types\/product"}],"wp:featuredmedia":[{"embeddable":true,"href":"https:\/\/dev.freakuence.nl\/de\/wp-json\/wp\/v2\/media\/384119"}],"wp:attachment":[{"href":"https:\/\/dev.freakuence.nl\/de\/wp-json\/wp\/v2\/media?parent=321972"}],"wp:term":[{"taxonomy":"product_brand","embeddable":true,"href":"https:\/\/dev.freakuence.nl\/de\/wp-json\/wp\/v2\/product_brand?post=321972"},{"taxonomy":"product_cat","embeddable":true,"href":"https:\/\/dev.freakuence.nl\/de\/wp-json\/wp\/v2\/product_cat?post=321972"},{"taxonomy":"product_tag","embeddable":true,"href":"https:\/\/dev.freakuence.nl\/de\/wp-json\/wp\/v2\/product_tag?post=321972"}],"curies":[{"name":"wp","href":"https:\/\/api.w.org\/{rel}","templated":true}]}}