{"id":322210,"date":"2025-10-10T12:46:55","date_gmt":"2025-10-10T10:46:55","guid":{"rendered":"https:\/\/freakuence.nl\/product\/lumin-u2\/"},"modified":"2026-04-08T19:39:50","modified_gmt":"2026-04-08T17:39:50","slug":"lumin-u2","status":"publish","type":"product","link":"https:\/\/dev.freakuence.nl\/de\/produkt\/lumin-u2\/","title":{"rendered":"LUMIN U2"},"content":{"rendered":"<div class=\"product-specifications-list\">\n<div class=\"specification-item row-header\"><span class=\"spec-content\"><strong>Beschreibung Freakuence!<\/strong><\/span><\/div>\n<div class=\"specification-item row-even\"><span class=\"spec-content\">Mehr Informationen auf einen Schlag! Was besonders auff\u00e4llt, ist, dass jeder Sound\/jedes Instrument greifbarer ist. Nur ein Streamer, kein Dac, also eine saftige Summe, aber ein fettes Upgrade im Vergleich zu &#8218;billigeren&#8216; Streamern&#8230; Als ob Sie einen besseren Dac anschlie\u00dfen w\u00fcrden.   Ja!<\/span><\/div>\n<div class=\"specification-item row-odd\"><span class=\"spec-content\">Ladenpreis: 4999.00<\/span><\/div>\n<div class=\"specification-item row-header\"><span class=\"spec-content\"><strong>Details<\/strong><\/span><\/div>\n<div class=\"specification-item row-even\"><span class=\"spec-content\">Mehrwertsteuer-Produkt. Unternehmer, Menschen au\u00dferhalb der EU, nutzen den Vorteil. <\/span><\/div>\n<div class=\"specification-item row-odd\"><span class=\"spec-content\">Sie suchen ein anderes Modell aus der aktuellen Serie der Marke? Schicken Sie uns eine Nachricht!  Wir m\u00f6chten, dass es Spa\u00df macht.<\/span><\/div>\n<div class=\"specification-item row-even\"><span class=\"spec-content\">Wir nehmen gerne neue Ger\u00e4te in Zahlung, um daraus etwas zu machen! Bitte teilen Sie uns mit, ob und was Sie zum Eintauschen haben. Ohne Inzahlungnahme, versteht sich. Wir liefern 100% neu in versiegelter Verpackung, aber wir dachten, es w\u00e4re nett, ein Foto von unserem Vorf\u00fchrmodell zu machen. Kommen Sie f\u00fcr eine Vorf\u00fchrung in einem unserer 5 H\u00f6rr\u00e4ume vorbei! Andere Versionen sind ebenfalls m\u00f6glich.     <\/span><\/div>\n<div class=\"specification-item row-header\"><span class=\"spec-content\"><strong>Allgemeine Beschreibung<\/strong><\/span><\/div>\n<div class=\"specification-item row-even\"><span class=\"spec-content\">Der LUMIN U2 ist ein digitaler Musiktransporter, der sich auf eine rein digitale Leistung konzentriert. Er wurde f\u00fcr die Verwendung mit einem externen DAC entwickelt und bietet Unterst\u00fctzung f\u00fcr verschiedene Streaming-Dienste wie TIDAL, Qobuz und Spotify. Mit der LUMIN-App k\u00f6nnen Sie Ihre Musik ganz einfach verwalten und abspielen.  <\/span><\/div>\n<div class=\"specification-item row-header\"><span class=\"spec-content\"><strong>Hintergrundinformationen<\/strong><\/span><\/div>\n<div class=\"specification-item row-even\"><span class=\"spec-content\">Der LUMIN U2 wurde vom Team von Pixel Magic Systems in Hongkong entwickelt, wobei der Schwerpunkt auf minimaler Signalinterferenz und maximaler Pr\u00e4zision bei der digitalen Audiowiedergabe lag. Das vollst\u00e4ndig duale Netzteil, das CNC-gefr\u00e4ste Aluminiumgeh\u00e4use und die vollst\u00e4ndig abgeschirmte Digitalsektion zeugen von einer hohen Verarbeitungsqualit\u00e4t. Die internen Komponenten wurden sorgf\u00e4ltig ausgew\u00e4hlt, einschlie\u00dflich flacher interner Kabel f\u00fcr optimale Signalintegrit\u00e4t.  <\/span><\/div>\n<div class=\"specification-item row-header\"><span class=\"spec-content\"><strong>Geschichte der Marke<\/strong><\/span><\/div>\n<div class=\"specification-item row-even\"><span class=\"spec-content\">Im Jahr 2012 stellte LUMIN den weltweit ersten Netzwerkplayer vor, der DSD-Dateien abspielen kann. Nach zwei Jahren Entwicklungszeit und Hunderten von Stunden kritischen H\u00f6rens wurde dieses Produkt mit einem einzigen Forenbeitrag auf den Markt gebracht. Seitdem hat LUMIN sein Angebot auf neun Modelle in verschiedenen Preisklassen erweitert. Allen Produkten gemeinsam ist der Fokus auf nat\u00fcrliche Musikwiedergabe, kontinuierliche Softwareentwicklung und ein nahtloses Streaming-Erlebnis. In den letzten Jahren hat LUMIN die Unterst\u00fctzung f\u00fcr Dienste wie Roon, MQA und Spotify hinzugef\u00fcgt. Dar\u00fcber hinaus hat das Unternehmen Funktionen wie Leedh Processing, eine digitale Lautst\u00e4rkeregelungstechnologie, eingef\u00fchrt. LUMIN entwickelt Hardware, Firmware und Software intern, was eine schnelle Implementierung neuer Funktionen erm\u00f6glicht.      <\/span><\/div>\n<\/div>\n","protected":false},"excerpt":{"rendered":"<p>Beschreibung Freakuence! Mehr Informationen auf einen Schlag! Was besonders auff\u00e4llt, ist, dass jeder Sound\/jedes Instrument greifbarer ist. Nur ein Streamer, kein Dac, also eine saftige Summe, aber ein fettes Upgrade im Vergleich zu &#8218;billigeren&#8216; Streamern&#8230; Als ob Sie einen besseren Dac anschlie\u00dfen w\u00fcrden. Ja! Ladenpreis: 4999.00 Details Mehrwertsteuer-Produkt. Unternehmer, Menschen au\u00dferhalb der EU, nutzen den [&hellip;]<\/p>\n","protected":false},"featured_media":385242,"template":"","meta":{"_acf_changed":false,"inline_featured_image":false},"product_brand":[],"product_cat":[741,690],"product_tag":[571],"class_list":{"0":"post-322210","1":"product","2":"type-product","3":"status-publish","4":"has-post-thumbnail","6":"product_cat-luftschlangen","7":"product_cat-quellen","8":"product_tag-freakdemo","9":"pa_kleur-schwarz","11":"first","12":"instock","13":"sold-individually","14":"taxable","15":"shipping-taxable","16":"purchasable","17":"product-type-simple"},"acf":{"website":true,"show_on_homepage":false,"brand_title":"LUMIN","product_type":"U2","color":"Schwarz","subcolor":"","reserved_status":"0"},"_links":{"self":[{"href":"https:\/\/dev.freakuence.nl\/de\/wp-json\/wp\/v2\/product\/322210","targetHints":{"allow":["GET"]}}],"collection":[{"href":"https:\/\/dev.freakuence.nl\/de\/wp-json\/wp\/v2\/product"}],"about":[{"href":"https:\/\/dev.freakuence.nl\/de\/wp-json\/wp\/v2\/types\/product"}],"wp:featuredmedia":[{"embeddable":true,"href":"https:\/\/dev.freakuence.nl\/de\/wp-json\/wp\/v2\/media\/385242"}],"wp:attachment":[{"href":"https:\/\/dev.freakuence.nl\/de\/wp-json\/wp\/v2\/media?parent=322210"}],"wp:term":[{"taxonomy":"product_brand","embeddable":true,"href":"https:\/\/dev.freakuence.nl\/de\/wp-json\/wp\/v2\/product_brand?post=322210"},{"taxonomy":"product_cat","embeddable":true,"href":"https:\/\/dev.freakuence.nl\/de\/wp-json\/wp\/v2\/product_cat?post=322210"},{"taxonomy":"product_tag","embeddable":true,"href":"https:\/\/dev.freakuence.nl\/de\/wp-json\/wp\/v2\/product_tag?post=322210"}],"curies":[{"name":"wp","href":"https:\/\/api.w.org\/{rel}","templated":true}]}}