{"id":322593,"date":"2025-10-10T11:57:51","date_gmt":"2025-10-10T09:57:51","guid":{"rendered":"https:\/\/freakuence.nl\/product\/bw-fs-700\/"},"modified":"2026-03-10T06:08:13","modified_gmt":"2026-03-10T05:08:13","slug":"bw-fs-700","status":"publish","type":"product","link":"https:\/\/dev.freakuence.nl\/de\/produkt\/bw-fs-700\/","title":{"rendered":"B&amp;W FS 700"},"content":{"rendered":"<div class=\"product-specifications-list\">\n<div class=\"specification-item row-even\"><span class=\"spec-content\"><strong>Beschreibung Freakuence!<\/strong><\/span><\/div>\n<div class=\"specification-item row-odd\"><span class=\"spec-content\"><\/p>\n<p>Die FS-700 S3 St\u00e4nder heben Ihre Regallautsprecher auf die n\u00e4chste Stufe. Sie bieten eine stabile Basis und reduzieren unerw\u00fcnschte Resonanzen, was zu einer klaren und pr\u00e4zisen Wiedergabe f\u00fchrt. Mit ihrem schlanken Design und dem integrierten Kabelmanagement f\u00fcgen sie sich nahtlos in Ihr Setup ein.  <\/p>\n<p><\/span><\/div>\n<div class=\"specification-item row-even\"><span class=\"spec-content\"><strong>Allgemeine Beschreibung<\/strong><\/span><\/div>\n<div class=\"specification-item row-odd\"><span class=\"spec-content\"><\/p>\n<p>Der Bowers &amp; Wilkins FS-700 S3 Lautsprecherst\u00e4nder wurde speziell f\u00fcr die Regallautsprecher der 700er Serie entwickelt. Mit einer robusten Konstruktion aus Stahl, Aluminium und MDF bietet dieser St\u00e4nder eine solide Basis f\u00fcr Ihre Lautsprecher. Die S\u00e4ulen k\u00f6nnen mit Material gef\u00fcllt werden, um Resonanzen zu reduzieren und die Stabilit\u00e4t zu verbessern. Ein integriertes Kabelmanagement sorgt f\u00fcr Ordnung in Ihrem Setup. Der FS-700 S3 ist in Schwarz und Silber erh\u00e4ltlich und wird sowohl mit Gummif\u00fc\u00dfen als auch mit Spikes f\u00fcr die Aufstellung auf verschiedenen Bodenarten geliefert.    <\/p>\n<p><\/span><\/div>\n<div class=\"specification-item row-even\"><span class=\"spec-content\"><strong>Geschichte der Marke<\/strong><\/span><\/div>\n<div class=\"specification-item row-odd\"><span class=\"spec-content\"><\/p>\n<p>Bowers &amp; Wilkins wurde 1966 von John Bowers und Roy Wilkins in der englischen Stadt Worthing gegr\u00fcndet. Das Unternehmen entstand aus Bowers&#8216; Leidenschaft f\u00fcr Tontechnik, die er w\u00e4hrend seiner Arbeit in einem Elektronikgesch\u00e4ft entwickelte. John Bowers war ein Perfektionist mit einem starken Engagement f\u00fcr akustische Pr\u00e4zision. In den folgenden Jahren wuchs das Unternehmen unter der F\u00fchrung von Bowers, der bis zu seinem Tod im Jahr 1987 eine zentrale Rolle spielte. Der Schwerpunkt lag auf Forschung und Entwicklung, wobei das Team Innovationen in der Klangwiedergabetechnik einbrachte. Nach Bowers&#8216; Tod schlug das Unternehmen unter verschiedenen Eigent\u00fcmern neue Wege ein.     <\/p>\n<p><\/span><\/div>\n<\/div>\n","protected":false},"excerpt":{"rendered":"<p>Beschreibung Freakuence! Die FS-700 S3 St\u00e4nder heben Ihre Regallautsprecher auf die n\u00e4chste Stufe. Sie bieten eine stabile Basis und reduzieren unerw\u00fcnschte Resonanzen, was zu einer klaren und pr\u00e4zisen Wiedergabe f\u00fchrt. Mit ihrem schlanken Design und dem integrierten Kabelmanagement f\u00fcgen sie sich nahtlos in Ihr Setup ein. Allgemeine Beschreibung Der Bowers &amp; Wilkins FS-700 S3 Lautsprecherst\u00e4nder [&hellip;]<\/p>\n","protected":false},"featured_media":322595,"template":"","meta":{"_acf_changed":false,"inline_featured_image":false},"product_brand":[],"product_cat":[345],"product_tag":[534],"class_list":{"0":"post-322593","1":"product","2":"type-product","3":"status-publish","4":"has-post-thumbnail","6":"product_cat-speakers","7":"product_tag-benutzt","8":"pa_kleur-grau","10":"first","11":"instock","12":"purchasable","13":"product-type-simple"},"acf":{"website":true,"show_on_homepage":false,"brand_title":"B&W","product_type":"FS 700","color":"Grau","subcolor":"","reserved_status":"0"},"_links":{"self":[{"href":"https:\/\/dev.freakuence.nl\/de\/wp-json\/wp\/v2\/product\/322593","targetHints":{"allow":["GET"]}}],"collection":[{"href":"https:\/\/dev.freakuence.nl\/de\/wp-json\/wp\/v2\/product"}],"about":[{"href":"https:\/\/dev.freakuence.nl\/de\/wp-json\/wp\/v2\/types\/product"}],"wp:featuredmedia":[{"embeddable":true,"href":"https:\/\/dev.freakuence.nl\/de\/wp-json\/wp\/v2\/media\/322595"}],"wp:attachment":[{"href":"https:\/\/dev.freakuence.nl\/de\/wp-json\/wp\/v2\/media?parent=322593"}],"wp:term":[{"taxonomy":"product_brand","embeddable":true,"href":"https:\/\/dev.freakuence.nl\/de\/wp-json\/wp\/v2\/product_brand?post=322593"},{"taxonomy":"product_cat","embeddable":true,"href":"https:\/\/dev.freakuence.nl\/de\/wp-json\/wp\/v2\/product_cat?post=322593"},{"taxonomy":"product_tag","embeddable":true,"href":"https:\/\/dev.freakuence.nl\/de\/wp-json\/wp\/v2\/product_tag?post=322593"}],"curies":[{"name":"wp","href":"https:\/\/api.w.org\/{rel}","templated":true}]}}