{"id":322594,"date":"2025-10-09T12:14:18","date_gmt":"2025-10-09T10:14:18","guid":{"rendered":"https:\/\/freakuence.nl\/product\/atoll-in-100-se\/"},"modified":"2026-04-08T18:27:44","modified_gmt":"2026-04-08T16:27:44","slug":"atoll-in-100-se","status":"publish","type":"product","link":"https:\/\/dev.freakuence.nl\/de\/produkt\/atoll-in-100-se\/","title":{"rendered":"Atoll IN 100"},"content":{"rendered":"<div class=\"product-specifications-list\">\n<div class=\"specification-item row-header\"><span class=\"spec-content\"><strong>Beschreibung Freakuence!<\/strong><\/span><\/div>\n<div class=\"specification-item row-even\"><span class=\"spec-content\">Also, auf geht&#8217;s! Dieses franz\u00f6sische Ger\u00e4t l\u00e4sst Ihre (Musik) lebendig werden. Die Wiedergabe ist klar und detailliert, mit einem offenen Mitteltonbereich und funkelnden H\u00f6hen. Der Bass ist straff und ohne unerw\u00fcnschte Resonanzen. Stimmen kommen mit einer realistischen Pr\u00e4senz zum Vorschein, ohne \u00fcberm\u00e4chtig zu sein. Das Stereobild ist breit und tief.     <\/span><\/div>\n<div class=\"specification-item row-header\"><span class=\"spec-content\"><strong>Details<\/strong><\/span><\/div>\n<div class=\"specification-item row-even\"><span class=\"spec-content\">Sie suchen ein anderes Modell aus der aktuellen Serie der Marke? Schicken Sie uns eine Nachricht!  Wir m\u00f6chten, dass es Spa\u00df macht.<\/span><\/div>\n<div class=\"specification-item row-header\"><span class=\"spec-content\"><strong>Allgemeine Beschreibung<\/strong><\/span><\/div>\n<div class=\"specification-item row-even\"><span class=\"spec-content\">Der Atoll IN100 ist ein Vollverst\u00e4rker, der f\u00fcr seine F\u00e4higkeit bekannt ist, ein detailliertes und dynamisches Klangbild zu liefern. Mit einer Ausgangsleistung von 2&#215;100 W an 8\u03a9 bietet dieser Verst\u00e4rker genug Leistung, um eine Vielzahl von Lautsprechern zu betreiben. Seine diskreten Komponenten und MOS-FET-Ausgangsstufen sorgen f\u00fcr eine pr\u00e4zise und transparente Musikwiedergabe, die sowohl die feinsten Details als auch das Stereobild hervorhebt.  <\/p>\n<p>Dank seiner erstklassigen Verarbeitung und der Verwendung ausgew\u00e4hlter Komponenten liefert der Atoll IN100 Signature einen warmen und zugleich analytischen Klang. Zwei Ringkerntransformatoren und sorgf\u00e4ltig entwickelte Schaltkreise tragen zu einem stabilen und zuverl\u00e4ssigen Betrieb bei, was zu einem konsistenten H\u00f6rerlebnis f\u00fchrt. <\/p>\n<p>Sie \u00fcberlegen, Ihr Audiosystem mit dem Atoll IN100 zu erweitern? Vereinbaren Sie einen H\u00f6rtermin, um sich selbst von den Qualit\u00e4ten dieses Vollverst\u00e4rkers zu \u00fcberzeugen, oder kontaktieren Sie uns, um die Inzahlungnahme zu besprechen. <\/span><\/div>\n<div class=\"specification-item row-header\"><span class=\"spec-content\"><strong>Hintergrundinformationen<\/strong><\/span><\/div>\n<div class=\"specification-item row-even\"><span class=\"spec-content\">Der Atoll IN 100 ist ein Verst\u00e4rker, der mit viel Liebe zum audiophilen Detail entworfen wurde. Der franz\u00f6sische Hersteller Atoll ist bekannt f\u00fcr seine minimalistische Designphilosophie und verwendet nur hochwertige Materialien. Das Geh\u00e4use besteht aus robustem Metall f\u00fcr optimale Stabilit\u00e4t und Schutz. Die interne Verkabelung wurde sorgf\u00e4ltig mit kurzen Signalwegen ausgef\u00fchrt, um die Klangqualit\u00e4t zu verbessern. Die Komponenten werden nach Klangqualit\u00e4t und Langlebigkeit ausgew\u00e4hlt, und Atoll arbeitet mit lokalen Lieferanten f\u00fcr ihre Materialien zusammen. Ingenieure wie St\u00e9phane Dubreuil trugen zum Design bei und konzentrierten sich darauf, einen reinen und detaillierten Klang zu liefern.     <\/span><\/div>\n<div class=\"specification-item row-header\"><span class=\"spec-content\"><strong>Geschichte der Marke<\/strong><\/span><\/div>\n<div class=\"specification-item row-even\"><span class=\"spec-content\">Atoll Electronique wurde 1997 von den Br\u00fcdern St\u00e9phane und Emmanuel Dubreuil in Br\u00e9cey, Frankreich, gegr\u00fcndet. Ihr Ziel war es, hochwertige Audiokomponenten f\u00fcr ein breites Publikum zu entwickeln. St\u00e9phane und Emmanuel kombinieren ihr technisches Fachwissen und ihre Leidenschaft f\u00fcr Musik, um Produkte zu entwerfen und zu produzieren, die in Frankreich hergestellt werden. Die Philosophie von Atoll konzentriert sich auf die Einfachheit des Designs, die Verwendung von Qualit\u00e4tskomponenten und einen starken Fokus auf die manuelle Montage, um ein hohes Ma\u00df an Handwerkskunst zu gew\u00e4hrleisten. Ihr Ansatz spiegelt eine Verpflichtung zu Pr\u00e4zision und Gr\u00fcndlichkeit in jedem Aspekt des Produktionsprozesses wider.    <\/span><\/div>\n<\/div>\n","protected":false},"excerpt":{"rendered":"<p>Beschreibung Freakuence! Also, auf geht&#8217;s! Dieses franz\u00f6sische Ger\u00e4t l\u00e4sst Ihre (Musik) lebendig werden. Die Wiedergabe ist klar und detailliert, mit einem offenen Mitteltonbereich und funkelnden H\u00f6hen. Der Bass ist straff und ohne unerw\u00fcnschte Resonanzen. Stimmen kommen mit einer realistischen Pr\u00e4senz zum Vorschein, ohne \u00fcberm\u00e4chtig zu sein. Das Stereobild ist breit und tief. Details Sie suchen [&hellip;]<\/p>\n","protected":false},"featured_media":404009,"template":"","meta":{"_acf_changed":false,"inline_featured_image":false},"product_brand":[],"product_cat":[774,744,532],"product_tag":[534],"class_list":{"0":"post-322594","1":"product","2":"type-product","3":"status-publish","4":"has-post-thumbnail","6":"product_cat-klasse-a-a-b-stereo-verstarker","7":"product_cat-stereo-verstarker","8":"product_cat-verstarker","9":"product_tag-benutzt","10":"pa_kleur-schwarz","12":"first","13":"instock","14":"sold-individually","15":"purchasable","16":"product-type-simple"},"acf":{"website":true,"show_on_homepage":false,"brand_title":"Atoll","product_type":"IN 100","color":"Schwarz","subcolor":"","reserved_status":"1"},"_links":{"self":[{"href":"https:\/\/dev.freakuence.nl\/de\/wp-json\/wp\/v2\/product\/322594","targetHints":{"allow":["GET"]}}],"collection":[{"href":"https:\/\/dev.freakuence.nl\/de\/wp-json\/wp\/v2\/product"}],"about":[{"href":"https:\/\/dev.freakuence.nl\/de\/wp-json\/wp\/v2\/types\/product"}],"wp:featuredmedia":[{"embeddable":true,"href":"https:\/\/dev.freakuence.nl\/de\/wp-json\/wp\/v2\/media\/404009"}],"wp:attachment":[{"href":"https:\/\/dev.freakuence.nl\/de\/wp-json\/wp\/v2\/media?parent=322594"}],"wp:term":[{"taxonomy":"product_brand","embeddable":true,"href":"https:\/\/dev.freakuence.nl\/de\/wp-json\/wp\/v2\/product_brand?post=322594"},{"taxonomy":"product_cat","embeddable":true,"href":"https:\/\/dev.freakuence.nl\/de\/wp-json\/wp\/v2\/product_cat?post=322594"},{"taxonomy":"product_tag","embeddable":true,"href":"https:\/\/dev.freakuence.nl\/de\/wp-json\/wp\/v2\/product_tag?post=322594"}],"curies":[{"name":"wp","href":"https:\/\/api.w.org\/{rel}","templated":true}]}}