{"id":323071,"date":"2025-10-09T11:46:29","date_gmt":"2025-10-09T09:46:29","guid":{"rendered":"https:\/\/freakuence.nl\/product\/c-e-c-da3n\/"},"modified":"2026-03-10T04:44:21","modified_gmt":"2026-03-10T03:44:21","slug":"c-e-c-da3n","status":"publish","type":"product","link":"https:\/\/dev.freakuence.nl\/de\/produkt\/c-e-c-da3n\/","title":{"rendered":"C.E.C. DA3N"},"content":{"rendered":"<div class=\"product-specifications-list\">\n<div class=\"specification-item row-even\"><span class=\"spec-content\"><strong>Beschreibung Freakuence!<\/strong><\/span><\/div>\n<div class=\"specification-item row-odd\"><span class=\"spec-content\"><\/p>\n<p>C.E.C. ist f\u00fcr seine Laufwerke bekannt&#8230; aber auch seine Dacs sind erw\u00e4hnenswert. Der DA3N ist ein leistungsstarker, schneller Wandler. Er wei\u00df, wie man ein gutes Bild abgibt. Kommen Sie zu einer Vorf\u00fchrung! M\u00f6glicherweise mit C.E.C.-Laufwerken.    <\/p>\n<p><\/span><\/div>\n<div class=\"specification-item row-even\"><span class=\"spec-content\"><strong>Details<\/strong><\/span><\/div>\n<div class=\"specification-item row-odd\"><span class=\"spec-content\">Da wir H\u00e4ndler dieser Marke sind, freuen wir uns, Ihnen die volle H\u00e4ndler-Garantie auf dieses Produkt anbieten zu k\u00f6nnen! Und warum? Wir sind zuversichtlich, und diese Gewissheit macht sicherlich noch mehr Spa\u00df.Sie suchen nach einem anderen Modell aus der aktuellen Serie der Marke? Senden Sie eine Nachricht! Besch\u00e4digung, siehe Fotos dazu! Ladenpreis: 4195.00<\/span><\/div>\n<div class=\"specification-item row-even\"><span class=\"spec-content\"><strong>Allgemeine Beschreibung<\/strong><\/span><\/div>\n<div class=\"specification-item row-odd\"><span class=\"spec-content\"><\/p>\n<p><strong>Entdecken Sie die Vielseitigkeit des C.E.C. DA3N<\/strong><\/p>\n<p><\/p>\n<p><\/p>\n<p>Der C.E.C. DA3N ist ein Digital-Analog-Wandler, der Ihre Musiksammlung auf die n\u00e4chste Stufe hebt. Mit verschiedenen digitalen Eing\u00e4ngen, darunter koaxiales RCA, TOSLINK, AES\/EBU und USB, k\u00f6nnen Sie ganz einfach verschiedene Quellen anschlie\u00dfen. Der Super Link-Anschluss, bestehend aus vier BNC-Anschl\u00fcssen, sorgt f\u00fcr eine optimale \u00dcbertragung zwischen dem DA3N und kompatiblen C.E.C.-Schleifen wie dem TL3N.  <\/p>\n<p>Auf der R\u00fcckseite finden Sie vier analoge Ausg\u00e4nge: zwei Stereoausg\u00e4nge mit festen und einstellbaren Signalpegeln, die im symmetrischen (XLR) und unsymmetrischen (RCA) Format verf\u00fcgbar sind. Damit haben Sie die M\u00f6glichkeit, den DA3N direkt an einen Verst\u00e4rker oder Aktivlautsprecher anzuschlie\u00dfen. <\/p>\n<p>Im Inneren befindet sich der ES9008 Sabre Reference DAC Chip, der f\u00fcr seine professionelle Audioleistung bekannt ist. Dieser Chip tr\u00e4gt zu einer detaillierten und dynamischen Musikwiedergabe bei. <\/p>\n<p>Sie fragen sich, wie der C.E.C. DA3N Ihr H\u00f6rerlebnis bereichern kann? Kommen Sie vorbei und erleben Sie es selbst. <\/p>\n<p><\/span><\/div>\n<div class=\"specification-item row-even\"><span class=\"spec-content\"><strong>Hintergrundinformationen<\/strong><\/span><\/div>\n<div class=\"specification-item row-odd\"><span class=\"spec-content\"><\/p>\n<p>Der C.E.C. TL5 wurde mit der renommierten Riemenantriebstechnologie von C.E.C. entwickelt, die das Prinzip des Plattenspielers auf die CD-Wiedergabe anwendet und so f\u00fcr minimale Vibrationen und Jitter sorgt. Das Chassis ist solide und resonanzarm, mit einer Aluminiumfront und einer verst\u00e4rkten Innenstruktur. Die Laufwerkskomponenten werden in Japan hergestellt. Die Philosophie hinter dem Design ist die reine Signal\u00fcbertragung ohne Rauschen, entwickelt von einem kleinen spezialisierten Team bei C.E.C.   <\/p>\n<p><\/span><\/div>\n<div class=\"specification-item row-even\"><span class=\"spec-content\"><strong>Geschichte der Marke<\/strong><\/span><\/div>\n<div class=\"specification-item row-odd\"><span class=\"spec-content\"><\/p>\n<p>C.E.C. (Chuo Denki Co., Ltd.) wurde 1954 in Tokio, Japan, gegr\u00fcndet. Das Unternehmen begann mit der Herstellung von Phonographen, gefolgt von der Entwicklung elektrischer Plattenspieler. 1991 stellte C.E.C. seinen ersten riemengetriebenen CD-Player vor, den TL1. Dieser Player verwendete ein Antriebssystem, das Elemente herk\u00f6mmlicher analoger Plattenspieler mit digitaler CD-Technologie kombinierte. Der Hersteller entwickelte auch seine eigene digitale Schnittstelle, den Superlink Digital Link. C.E.C. produziert seine Ger\u00e4te selbst, darunter CD-Laufwerke, DA-Wandler und Verst\u00e4rker. Produktion und Montage finden in Japan statt, wobei die Komponenten im Haus hergestellt oder speziell ausgew\u00e4hlt werden. Das Unternehmen verfolgt einen modularen Designansatz, bei dem die Komponenten innerhalb bestimmter Produktlinien austauschbar sind.       <\/p>\n<p><\/span><\/div>\n<\/div>\n","protected":false},"excerpt":{"rendered":"<p>Beschreibung Freakuence! C.E.C. ist f\u00fcr seine Laufwerke bekannt&#8230; aber auch seine Dacs sind erw\u00e4hnenswert. Der DA3N ist ein leistungsstarker, schneller Wandler. Er wei\u00df, wie man ein gutes Bild abgibt. Kommen Sie zu einer Vorf\u00fchrung! M\u00f6glicherweise mit C.E.C.-Laufwerken. Details Da wir H\u00e4ndler dieser Marke sind, freuen wir uns, Ihnen die volle H\u00e4ndler-Garantie auf dieses Produkt anbieten [&hellip;]<\/p>\n","protected":false},"featured_media":323076,"template":"","meta":{"_acf_changed":false,"inline_featured_image":false},"product_brand":[],"product_cat":[549],"product_tag":[534],"class_list":{"0":"post-323071","1":"product","2":"type-product","3":"status-publish","4":"has-post-thumbnail","6":"product_cat-dac-streamer","7":"product_tag-benutzt","8":"pa_kleur-grau","10":"first","11":"instock","12":"purchasable","13":"product-type-simple"},"acf":{"website":true,"show_on_homepage":false,"brand_title":"C.E.C.","product_type":"DA3N","color":"Grau","subcolor":"","reserved_status":"0"},"_links":{"self":[{"href":"https:\/\/dev.freakuence.nl\/de\/wp-json\/wp\/v2\/product\/323071","targetHints":{"allow":["GET"]}}],"collection":[{"href":"https:\/\/dev.freakuence.nl\/de\/wp-json\/wp\/v2\/product"}],"about":[{"href":"https:\/\/dev.freakuence.nl\/de\/wp-json\/wp\/v2\/types\/product"}],"wp:featuredmedia":[{"embeddable":true,"href":"https:\/\/dev.freakuence.nl\/de\/wp-json\/wp\/v2\/media\/323076"}],"wp:attachment":[{"href":"https:\/\/dev.freakuence.nl\/de\/wp-json\/wp\/v2\/media?parent=323071"}],"wp:term":[{"taxonomy":"product_brand","embeddable":true,"href":"https:\/\/dev.freakuence.nl\/de\/wp-json\/wp\/v2\/product_brand?post=323071"},{"taxonomy":"product_cat","embeddable":true,"href":"https:\/\/dev.freakuence.nl\/de\/wp-json\/wp\/v2\/product_cat?post=323071"},{"taxonomy":"product_tag","embeddable":true,"href":"https:\/\/dev.freakuence.nl\/de\/wp-json\/wp\/v2\/product_tag?post=323071"}],"curies":[{"name":"wp","href":"https:\/\/api.w.org\/{rel}","templated":true}]}}