{"id":323127,"date":"2025-10-09T11:53:27","date_gmt":"2025-10-09T09:53:27","guid":{"rendered":"https:\/\/freakuence.nl\/product\/audio-research-d-76a\/"},"modified":"2026-04-08T18:55:21","modified_gmt":"2026-04-08T16:55:21","slug":"audio-research-d-76a","status":"publish","type":"product","link":"https:\/\/dev.freakuence.nl\/de\/produkt\/audio-research-d-76a\/","title":{"rendered":"Audio Research D-76A"},"content":{"rendered":"<div class=\"product-specifications-list\">\n<div class=\"specification-item row-header\"><span class=\"spec-content\"><strong>Beschreibung Freakuence!<\/strong><\/span><\/div>\n<div class=\"specification-item row-even\"><span class=\"spec-content\">Wir lieben es! Dies ist nicht nur ein Block Audiogeschichte, dies ist ein hypnotisierendes Verwelken. Eine gigantische Klangb\u00fchne und unendliche \u00dcberlagerungen, die Sie in ein kaleidoskopisches Klangbad eintauchen lassen, in dem jede Farbe nahtlos in die andere \u00fcbergeht. Nehmen Sie Platz, Sir&#8230;  <\/span><\/div>\n<div class=\"specification-item row-header\"><span class=\"spec-content\"><strong>Details<\/strong><\/span><\/div>\n<div class=\"specification-item row-even\"><span class=\"spec-content\">Ausgestattet mit au\u00dfergew\u00f6hnlichen New Old Stock R\u00f6hren. 4x die GeC 6550 N.O.S., von uns gemessen 85%. Vorstufenr\u00f6hren 95%. Und von uns eine neue KT66 Stabilisierungsr\u00f6hre.   <\/span><\/div>\n<div class=\"specification-item row-odd\"><span class=\"spec-content\">Der Verst\u00e4rker wurde vollst\u00e4ndig vermessen.<\/span><\/div>\n<div class=\"specification-item row-even\"><span class=\"spec-content\">Die Elektrolyte dieses Sammlerst\u00fccks sind perfekt, korrekter Wert und niedriger ESR. (Das Ger\u00e4t stammt aus einer Privatsammlung.) <\/span><\/div>\n<div class=\"specification-item row-odd\"><span class=\"spec-content\">Unser Techniker hat den Bias-Schaltkreis auf einen Stromwert von 240\/250 Filz eingestellt, 220 ist bei richtiger Anwendung keine Option mehr. Die AC- und DC-Balance ist f\u00fcr optimalen Betrieb und minimale Verzerrung eingestellt. <\/span><\/div>\n<div class=\"specification-item row-even\"><span class=\"spec-content\">Das Ding ist super! Und rechnen Sie damit, dass dieses Design viele zeitgen\u00f6ssische Verst\u00e4rkerdesigner in den Schatten stellt. <\/span><\/div>\n<div class=\"specification-item row-odd\"><span class=\"spec-content\">Heben Sie nicht an den Hebeln.<\/span><\/div>\n<div class=\"specification-item row-header\"><span class=\"spec-content\"><strong>Allgemeine Beschreibung<\/strong><\/span><\/div>\n<div class=\"specification-item row-even\"><span class=\"spec-content\">Der Audio Research D-76A ist ein R\u00f6hrenverst\u00e4rker, der f\u00fcr seine warme und musikalische Klangwiedergabe bekannt ist. Mit einer Ausgangsleistung von 75 Watt pro Kanal bietet dieser Verst\u00e4rker genug Leistung f\u00fcr die meisten Lautsprecher. Der D-76A ist mit einem symmetrischen Ausgang ausgestattet, was zu seiner hohen Klangqualit\u00e4t beitr\u00e4gt. Das bedeutet, dass die 4-Ohm-Anschl\u00fcsse als gemeinsame oder geerdete Anschl\u00fcsse fungieren, im Gegensatz zu den eher konventionellen &#8222;0&#8220;- oder &#8222;C&#8220;-Anschl\u00fcssen.    Dieses Design sorgt f\u00fcr eine bessere Signal\u00fcbertragung und weniger St\u00f6rungen.<\/span><\/div>\n<div class=\"specification-item row-odd\"><span class=\"spec-content\">Der Verst\u00e4rker ist mit 17 R\u00f6hren ausgestattet: f\u00fcnf 6550er (vier davon f\u00fcr die Stromversorgung und eine f\u00fcr die Vorspannungsregelung), acht 6CG\/FQ7 (Treiber) und vier 12AX7 (Phasensplitter). Diese Konfiguration tr\u00e4gt zu dem unverwechselbaren Klang der D-76A bei.<\/span><\/div>\n<div class=\"specification-item row-even\"><span class=\"spec-content\">Der D-76A ist mit einem symmetrischen Ausgang ausgestattet, was zu seiner hohen Klangqualit\u00e4t beitr\u00e4gt. Das bedeutet, dass die 4-Ohm-Anschl\u00fcsse als gemeinsame oder geerdete Anschl\u00fcsse fungieren, im Gegensatz zu den herk\u00f6mmlichen &#8222;0&#8220;- oder &#8222;C&#8220;-Anschl\u00fcssen.  Dieses Design sorgt f\u00fcr eine bessere Signal\u00fcbertragung und weniger St\u00f6rungen.<\/span><\/div>\n<div class=\"specification-item row-odd\"><span class=\"spec-content\">Mit einem Gewicht von \u00fcber 23 Kilogramm und einer robusten Bauweise ist der D-76A eine solide Erg\u00e4nzung f\u00fcr jede Audioeinrichtung. Der Verst\u00e4rker ist sowohl f\u00fcr den Stereo- als auch f\u00fcr den Monobetrieb geeignet, wobei in der Monokonfiguration eine 8-Ohm-Last empfohlen wird.<\/span><\/div>\n<div class=\"specification-item row-even\"><span class=\"spec-content\">Der D-76A ist ein Verst\u00e4rker, der die Essenz des R\u00f6hrensounds verk\u00f6rpert und ein reichhaltiges, detailliertes H\u00f6rerlebnis bietet.<\/span><\/div>\n<div class=\"specification-item row-header\"><span class=\"spec-content\"><strong>Hintergrundinformationen<\/strong><\/span><\/div>\n<div class=\"specification-item row-even\"><span class=\"spec-content\">Der Audio Research D-76A ist ein R\u00f6hrenverst\u00e4rker aus den 1970er Jahren, entworfen von William Z. Johnson, dem Gr\u00fcnder von Audio Research. Der D-76A spiegelt seine Philosophie wider: die Kombination von R\u00f6hrentechnologie mit moderner Leistung. Der Verst\u00e4rker verwendet hochwertige Komponenten wie Pr\u00e4zisionswiderst\u00e4nde und ausgew\u00e4hlte Vakuumr\u00f6hren. Intern ist er von Hand Punkt-zu-Punkt verdrahtet, um eine optimale Signalintegrit\u00e4t zu gew\u00e4hrleisten. Das Metallgeh\u00e4use ist solide und funktionell f\u00fcr die W\u00e4rmeableitung und Vibrationsd\u00e4mpfung ausgelegt.    <\/span><\/div>\n<div class=\"specification-item row-header\"><span class=\"spec-content\"><strong>Geschichte der Marke<\/strong><\/span><\/div>\n<div class=\"specification-item row-even\"><span class=\"spec-content\">Audio Research wurde 1970 in Minneapolis, Minnesota, USA, von William Zane Johnson gegr\u00fcndet. Das Unternehmen begann mit der Entwicklung elektronischer R\u00f6hrenger\u00e4te, beginnend mit dem Vorverst\u00e4rker SP-1. Im Laufe der Jahre brachte die Marke mehrere Produkte auf den Markt, darunter den Leistungsverst\u00e4rker D-150 im Jahr 1974 und den urspr\u00fcnglichen REF1 im Jahr 1995. Audio Research verlegte seinen Hauptsitz im Jahr 2007 nach Maple Grove, Minnesota. Im Jahr 2020 wurde das Unternehmen von der AR Tube Audio Corporation \u00fcbernommen, die von ehemaligen Mitarbeitern gef\u00fchrt wird. Audio Research stellt alle seine Produkte in den USA her und konzentriert sich auf den Zusammenbau der Ger\u00e4te von Hand. Reparaturen und Wartung k\u00f6nnen im Haus durchgef\u00fchrt werden. Das Unternehmen verwendet eine handverdrahtete Punkt-zu-Punkt-Verkabelung in Kombination mit gedruckten Leiterplatten. Die Dokumentation und die Schaltpl\u00e4ne der Produkte seit 1970 sind \u00fcber das Unternehmen erh\u00e4ltlich und die Teile werden im eigenen Lager aufbewahrt.        <\/span><\/div>\n<\/div>\n","protected":false},"excerpt":{"rendered":"<p>Beschreibung Freakuence! Wir lieben es! Dies ist nicht nur ein Block Audiogeschichte, dies ist ein hypnotisierendes Verwelken. Eine gigantische Klangb\u00fchne und unendliche \u00dcberlagerungen, die Sie in ein kaleidoskopisches Klangbad eintauchen lassen, in dem jede Farbe nahtlos in die andere \u00fcbergeht. Nehmen Sie Platz, Sir&#8230; Details Ausgestattet mit au\u00dfergew\u00f6hnlichen New Old Stock R\u00f6hren. 4x die GeC [&hellip;]<\/p>\n","protected":false},"featured_media":384488,"template":"","meta":{"_acf_changed":false,"inline_featured_image":false},"product_brand":[],"product_cat":[557,744,532],"product_tag":[534],"class_list":{"0":"post-323127","1":"product","2":"type-product","3":"status-publish","4":"has-post-thumbnail","6":"product_cat-rohrenverstarker","7":"product_cat-stereo-verstarker","8":"product_cat-verstarker","9":"product_tag-benutzt","10":"pa_kleur-gold","12":"first","13":"instock","14":"sold-individually","15":"purchasable","16":"product-type-simple"},"acf":{"website":true,"show_on_homepage":false,"brand_title":"Audio Research","product_type":"D-76A","color":"Gold","subcolor":"","reserved_status":"0"},"yoast_head":"<!-- This site is optimized with the Yoast SEO plugin v25.9 - https:\/\/yoast.com\/wordpress\/plugins\/seo\/ -->\n<title>Audio Research D-76A | Freakuence!<\/title>\n<meta name=\"description\" content=\"Audio Research D-76A R\u00f6hrenverst\u00e4rker mit warmem Klang und starker Leistung. \u2713 Neue &amp; gebrauchte HiFi-Ger\u00e4te \u2713 Kundenbewertung: 4.9 von 5 \u2713 Inzahlungnahme \u2713 H\u00f6rprobe\" \/>\n<meta name=\"robots\" content=\"noindex, follow, max-snippet:-1, max-image-preview:large, max-video-preview:-1\" \/>\n<meta property=\"og:locale\" content=\"de_DE\" \/>\n<meta property=\"og:type\" content=\"article\" \/>\n<meta property=\"og:title\" content=\"Audio Research D-76A | Freakuence!\" \/>\n<meta property=\"og:description\" content=\"Audio Research D-76A R\u00f6hrenverst\u00e4rker mit warmem Klang und starker Leistung. \u2713 Neue &amp; gebrauchte HiFi-Ger\u00e4te \u2713 Kundenbewertung: 4.9 von 5 \u2713 Inzahlungnahme \u2713 H\u00f6rprobe\" \/>\n<meta property=\"og:url\" content=\"https:\/\/dev.freakuence.nl\/de\/produkt\/audio-research-d-76a\/\" \/>\n<meta property=\"og:site_name\" content=\"Freakuence!\" \/>\n<meta property=\"article:modified_time\" content=\"2026-04-08T16:55:21+00:00\" \/>\n<meta property=\"og:image\" content=\"https:\/\/dev.freakuence.nl\/wp-content\/uploads\/2026\/04\/17600035000352-17891-IMG1366-2-scaled.jpg\" \/>\n\t<meta property=\"og:image:width\" content=\"1800\" \/>\n\t<meta property=\"og:image:height\" content=\"1200\" \/>\n\t<meta property=\"og:image:type\" content=\"image\/jpeg\" \/>\n<meta name=\"twitter:card\" content=\"summary_large_image\" \/>\n<script type=\"application\/ld+json\" class=\"yoast-schema-graph\">{\"@context\":\"https:\/\/schema.org\",\"@graph\":[{\"@type\":\"WebPage\",\"@id\":\"https:\/\/dev.freakuence.nl\/de\/produkt\/audio-research-d-76a\/\",\"url\":\"https:\/\/dev.freakuence.nl\/de\/produkt\/audio-research-d-76a\/\",\"name\":\"Audio Research D-76A | Freakuence!\",\"isPartOf\":{\"@id\":\"https:\/\/dev.freakuence.nl\/de\/#website\"},\"primaryImageOfPage\":{\"@id\":\"https:\/\/dev.freakuence.nl\/de\/produkt\/audio-research-d-76a\/#primaryimage\"},\"image\":{\"@id\":\"https:\/\/dev.freakuence.nl\/de\/produkt\/audio-research-d-76a\/#primaryimage\"},\"thumbnailUrl\":\"https:\/\/dev.freakuence.nl\/wp-content\/uploads\/2026\/04\/17600035000352-17891-IMG1366-2-scaled.jpg\",\"datePublished\":\"2025-10-09T09:53:27+00:00\",\"dateModified\":\"2026-04-08T16:55:21+00:00\",\"description\":\"Audio Research D-76A R\u00f6hrenverst\u00e4rker mit warmem Klang und starker Leistung. \u2713 Neue & gebrauchte HiFi-Ger\u00e4te \u2713 Kundenbewertung: 4.9 von 5 \u2713 Inzahlungnahme \u2713 H\u00f6rprobe\",\"breadcrumb\":{\"@id\":\"https:\/\/dev.freakuence.nl\/de\/produkt\/audio-research-d-76a\/#breadcrumb\"},\"inLanguage\":\"de\",\"potentialAction\":[{\"@type\":\"ReadAction\",\"target\":[\"https:\/\/dev.freakuence.nl\/de\/produkt\/audio-research-d-76a\/\"]}]},{\"@type\":\"ImageObject\",\"inLanguage\":\"de\",\"@id\":\"https:\/\/dev.freakuence.nl\/de\/produkt\/audio-research-d-76a\/#primaryimage\",\"url\":\"https:\/\/dev.freakuence.nl\/wp-content\/uploads\/2026\/04\/17600035000352-17891-IMG1366-2-scaled.jpg\",\"contentUrl\":\"https:\/\/dev.freakuence.nl\/wp-content\/uploads\/2026\/04\/17600035000352-17891-IMG1366-2-scaled.jpg\",\"width\":1800,\"height\":1200},{\"@type\":\"BreadcrumbList\",\"@id\":\"https:\/\/dev.freakuence.nl\/de\/produkt\/audio-research-d-76a\/#breadcrumb\",\"itemListElement\":[{\"@type\":\"ListItem\",\"position\":1,\"name\":\"Startseite\",\"item\":\"https:\/\/dev.freakuence.nl\/de\/\"},{\"@type\":\"ListItem\",\"position\":2,\"name\":\"Produkte\",\"item\":\"https:\/\/dev.freakuence.nl\/de\/produkte\/\"},{\"@type\":\"ListItem\",\"position\":3,\"name\":\"Audio Research D-76A\"}]},{\"@type\":\"WebSite\",\"@id\":\"https:\/\/dev.freakuence.nl\/de\/#website\",\"url\":\"https:\/\/dev.freakuence.nl\/de\/\",\"name\":\"Freakuence!\",\"description\":\"Freakuence!\",\"publisher\":{\"@id\":\"https:\/\/dev.freakuence.nl\/de\/#organization\"},\"alternateName\":\"Freakuence\",\"potentialAction\":[{\"@type\":\"SearchAction\",\"target\":{\"@type\":\"EntryPoint\",\"urlTemplate\":\"https:\/\/dev.freakuence.nl\/de\/?s={search_term_string}\"},\"query-input\":{\"@type\":\"PropertyValueSpecification\",\"valueRequired\":true,\"valueName\":\"search_term_string\"}}],\"inLanguage\":\"de\"},{\"@type\":\"Organization\",\"@id\":\"https:\/\/dev.freakuence.nl\/de\/#organization\",\"name\":\"Freakuence!\",\"url\":\"https:\/\/dev.freakuence.nl\/de\/\",\"logo\":{\"@type\":\"ImageObject\",\"inLanguage\":\"de\",\"@id\":\"https:\/\/dev.freakuence.nl\/de\/#\/schema\/logo\/image\/\",\"url\":\"https:\/\/dev.freakuence.nl\/wp-content\/uploads\/2022\/05\/Brown_3_RGB_Freakuence-1.png\",\"contentUrl\":\"https:\/\/dev.freakuence.nl\/wp-content\/uploads\/2022\/05\/Brown_3_RGB_Freakuence-1.png\",\"width\":2560,\"height\":684,\"caption\":\"Freakuence!\"},\"image\":{\"@id\":\"https:\/\/dev.freakuence.nl\/de\/#\/schema\/logo\/image\/\"},\"sameAs\":[\"https:\/\/www.instagram.com\/freakuence_notorious_audio\/\"]}]}<\/script>\n<!-- \/ Yoast SEO plugin. -->","yoast_head_json":{"title":"Audio Research D-76A | Freakuence!","description":"Audio Research D-76A R\u00f6hrenverst\u00e4rker mit warmem Klang und starker Leistung. \u2713 Neue & gebrauchte HiFi-Ger\u00e4te \u2713 Kundenbewertung: 4.9 von 5 \u2713 Inzahlungnahme \u2713 H\u00f6rprobe","robots":{"index":"noindex","follow":"follow","max-snippet":"max-snippet:-1","max-image-preview":"max-image-preview:large","max-video-preview":"max-video-preview:-1"},"og_locale":"de_DE","og_type":"article","og_title":"Audio Research D-76A | Freakuence!","og_description":"Audio Research D-76A R\u00f6hrenverst\u00e4rker mit warmem Klang und starker Leistung. \u2713 Neue & gebrauchte HiFi-Ger\u00e4te \u2713 Kundenbewertung: 4.9 von 5 \u2713 Inzahlungnahme \u2713 H\u00f6rprobe","og_url":"https:\/\/dev.freakuence.nl\/de\/produkt\/audio-research-d-76a\/","og_site_name":"Freakuence!","article_modified_time":"2026-04-08T16:55:21+00:00","og_image":[{"width":1800,"height":1200,"url":"https:\/\/dev.freakuence.nl\/wp-content\/uploads\/2026\/04\/17600035000352-17891-IMG1366-2-scaled.jpg","type":"image\/jpeg"}],"twitter_card":"summary_large_image","schema":{"@context":"https:\/\/schema.org","@graph":[{"@type":"WebPage","@id":"https:\/\/dev.freakuence.nl\/de\/produkt\/audio-research-d-76a\/","url":"https:\/\/dev.freakuence.nl\/de\/produkt\/audio-research-d-76a\/","name":"Audio Research D-76A | Freakuence!","isPartOf":{"@id":"https:\/\/dev.freakuence.nl\/de\/#website"},"primaryImageOfPage":{"@id":"https:\/\/dev.freakuence.nl\/de\/produkt\/audio-research-d-76a\/#primaryimage"},"image":{"@id":"https:\/\/dev.freakuence.nl\/de\/produkt\/audio-research-d-76a\/#primaryimage"},"thumbnailUrl":"https:\/\/dev.freakuence.nl\/wp-content\/uploads\/2026\/04\/17600035000352-17891-IMG1366-2-scaled.jpg","datePublished":"2025-10-09T09:53:27+00:00","dateModified":"2026-04-08T16:55:21+00:00","description":"Audio Research D-76A R\u00f6hrenverst\u00e4rker mit warmem Klang und starker Leistung. \u2713 Neue & gebrauchte HiFi-Ger\u00e4te \u2713 Kundenbewertung: 4.9 von 5 \u2713 Inzahlungnahme \u2713 H\u00f6rprobe","breadcrumb":{"@id":"https:\/\/dev.freakuence.nl\/de\/produkt\/audio-research-d-76a\/#breadcrumb"},"inLanguage":"de","potentialAction":[{"@type":"ReadAction","target":["https:\/\/dev.freakuence.nl\/de\/produkt\/audio-research-d-76a\/"]}]},{"@type":"ImageObject","inLanguage":"de","@id":"https:\/\/dev.freakuence.nl\/de\/produkt\/audio-research-d-76a\/#primaryimage","url":"https:\/\/dev.freakuence.nl\/wp-content\/uploads\/2026\/04\/17600035000352-17891-IMG1366-2-scaled.jpg","contentUrl":"https:\/\/dev.freakuence.nl\/wp-content\/uploads\/2026\/04\/17600035000352-17891-IMG1366-2-scaled.jpg","width":1800,"height":1200},{"@type":"BreadcrumbList","@id":"https:\/\/dev.freakuence.nl\/de\/produkt\/audio-research-d-76a\/#breadcrumb","itemListElement":[{"@type":"ListItem","position":1,"name":"Startseite","item":"https:\/\/dev.freakuence.nl\/de\/"},{"@type":"ListItem","position":2,"name":"Produkte","item":"https:\/\/dev.freakuence.nl\/de\/produkte\/"},{"@type":"ListItem","position":3,"name":"Audio Research D-76A"}]},{"@type":"WebSite","@id":"https:\/\/dev.freakuence.nl\/de\/#website","url":"https:\/\/dev.freakuence.nl\/de\/","name":"Freakuence!","description":"Freakuence!","publisher":{"@id":"https:\/\/dev.freakuence.nl\/de\/#organization"},"alternateName":"Freakuence","potentialAction":[{"@type":"SearchAction","target":{"@type":"EntryPoint","urlTemplate":"https:\/\/dev.freakuence.nl\/de\/?s={search_term_string}"},"query-input":{"@type":"PropertyValueSpecification","valueRequired":true,"valueName":"search_term_string"}}],"inLanguage":"de"},{"@type":"Organization","@id":"https:\/\/dev.freakuence.nl\/de\/#organization","name":"Freakuence!","url":"https:\/\/dev.freakuence.nl\/de\/","logo":{"@type":"ImageObject","inLanguage":"de","@id":"https:\/\/dev.freakuence.nl\/de\/#\/schema\/logo\/image\/","url":"https:\/\/dev.freakuence.nl\/wp-content\/uploads\/2022\/05\/Brown_3_RGB_Freakuence-1.png","contentUrl":"https:\/\/dev.freakuence.nl\/wp-content\/uploads\/2022\/05\/Brown_3_RGB_Freakuence-1.png","width":2560,"height":684,"caption":"Freakuence!"},"image":{"@id":"https:\/\/dev.freakuence.nl\/de\/#\/schema\/logo\/image\/"},"sameAs":["https:\/\/www.instagram.com\/freakuence_notorious_audio\/"]}]}},"_links":{"self":[{"href":"https:\/\/dev.freakuence.nl\/de\/wp-json\/wp\/v2\/product\/323127","targetHints":{"allow":["GET"]}}],"collection":[{"href":"https:\/\/dev.freakuence.nl\/de\/wp-json\/wp\/v2\/product"}],"about":[{"href":"https:\/\/dev.freakuence.nl\/de\/wp-json\/wp\/v2\/types\/product"}],"wp:featuredmedia":[{"embeddable":true,"href":"https:\/\/dev.freakuence.nl\/de\/wp-json\/wp\/v2\/media\/384488"}],"wp:attachment":[{"href":"https:\/\/dev.freakuence.nl\/de\/wp-json\/wp\/v2\/media?parent=323127"}],"wp:term":[{"taxonomy":"product_brand","embeddable":true,"href":"https:\/\/dev.freakuence.nl\/de\/wp-json\/wp\/v2\/product_brand?post=323127"},{"taxonomy":"product_cat","embeddable":true,"href":"https:\/\/dev.freakuence.nl\/de\/wp-json\/wp\/v2\/product_cat?post=323127"},{"taxonomy":"product_tag","embeddable":true,"href":"https:\/\/dev.freakuence.nl\/de\/wp-json\/wp\/v2\/product_tag?post=323127"}],"curies":[{"name":"wp","href":"https:\/\/api.w.org\/{rel}","templated":true}]}}