{"id":323237,"date":"2025-10-09T11:35:40","date_gmt":"2025-10-09T09:35:40","guid":{"rendered":"https:\/\/freakuence.nl\/product\/octave-mre-130\/"},"modified":"2026-02-21T04:53:29","modified_gmt":"2026-02-21T03:53:29","slug":"octave-mre-130","status":"publish","type":"product","link":"https:\/\/dev.freakuence.nl\/de\/produkt\/octave-mre-130\/","title":{"rendered":"Octave MRE 130"},"content":{"rendered":"<div class=\"product-specifications-list\">\n<div class=\"specification-item row-even\"><span class=\"spec-content\"><strong>Beschreibung Freakuence!<\/strong><\/span><\/div>\n<div class=\"specification-item row-odd\"><span class=\"spec-content\"><\/p>\n<p>Sehr viel Kraft, sehr viel Detail, ein Hoch zum Genie\u00dfen, das die Mitte in der Mitte l\u00e4sst. Sehr wunschabh\u00e4ngig. Fragen Sie vor allem, wir antworten gerne. Besonders gut zu lenken, mit gro\u00dfer Leichtigkeit.   <\/p>\n<p><\/span><\/div>\n<div class=\"specification-item row-even\"><span class=\"spec-content\"><strong>Details<\/strong><\/span><\/div>\n<div class=\"specification-item row-odd\"><span class=\"spec-content\">Wir haben die Super Black Boxen verf\u00fcgbar. Das macht einen sehr gro\u00dfen Unterschied in der Leistung. Bitte beachten Sie, nicht im Lieferumfang enthalten. Bitte fragen Sie nach!   <\/span><\/div>\n<div class=\"specification-item row-even\"><span class=\"spec-content\"><strong>Allgemeine Beschreibung<\/strong><\/span><\/div>\n<div class=\"specification-item row-odd\"><span class=\"spec-content\"><\/p>\n<p>Der Octave MRE 130 ist ein Monoblock-Verst\u00e4rker, der f\u00fcr seine F\u00e4higkeit bekannt ist, Musik mit beeindruckender Klarheit und Dynamik zu reproduzieren. Dieser Verst\u00e4rker wurde entwickelt, um selbst die komplexesten musikalischen Passagen m\u00fchelos wiederzugeben, von tiefen B\u00e4ssen bis hin zu funkelnden H\u00f6hen. <\/span><\/div>\n<div class=\"specification-item row-even\"><span class=\"spec-content\">Ein bemerkenswertes Merkmal des MRE 130 ist die M\u00f6glichkeit, die Black Box oder Super Black Box anzuschlie\u00dfen. Diese externen Module erh\u00f6hen die Kapazit\u00e4t der Stromversorgung, was zu einer verbesserten Dynamik und Stabilit\u00e4t f\u00fchrt, insbesondere beim Betrieb von anspruchsvollen Lautsprechern. Dadurch eignet sich der MRE 130 f\u00fcr eine breite Palette von Lautsprechern, darunter Modelle von Martin Logan, Avalon und Audio Physik.  <\/span><\/div>\n<div class=\"specification-item row-odd\"><span class=\"spec-content\">Der MRE 130 ist mit einem fortschrittlichen System zur Einstellung der Vorspannung ausgestattet, das durch LED-Anzeigen angezeigt wird, so dass ein optimaler R\u00f6hrenbetrieb gew\u00e4hrleistet ist. Dar\u00fcber hinaus verf\u00fcgt der Verst\u00e4rker sowohl \u00fcber RCA- als auch XLR-Eing\u00e4nge, die Flexibilit\u00e4t beim Anschluss verschiedener Audioquellen bieten. <\/span><\/div>\n<div class=\"specification-item row-even\"><span class=\"spec-content\">Mit seiner robusten Konstruktion und seinem durchdachten Design bietet der Octave MRE 130 ein H\u00f6rerlebnis, das sowohl kraftvoll als auch raffiniert ist, und ist eine wertvolle Erg\u00e4nzung f\u00fcr jeden ernsthaften Musikliebhaber.<\/p>\n<p><\/span><\/div>\n<div class=\"specification-item row-odd\"><span class=\"spec-content\"><strong>Hintergrundinformationen<\/strong><\/span><\/div>\n<div class=\"specification-item row-even\"><span class=\"spec-content\"><\/p>\n<p>Der Octave V110 wurde in Deutschland entwickelt und gebaut, wobei der Schwerpunkt auf Haltbarkeit, Musikalit\u00e4t und Pr\u00e4zision lag. Der Designer Andreas Hofmann kombinierte einen R\u00f6hrenverst\u00e4rker mit moderner Technologie und konzentrierte sich dabei auf optimalen Klang ohne unn\u00f6tige Funktionen. Das Geh\u00e4use besteht aus Stahl und Aluminium, im Inneren werden hochwertige Komponenten mit einem modulierten Schaltungsdesign verwendet. Eine symmetrische Stromversorgung und eine thermisch kontrollierte Vorspannung tragen zu einer stabilen Leistung bei.   <\/p>\n<p><\/span><\/div>\n<div class=\"specification-item row-odd\"><span class=\"spec-content\"><strong>Geschichte der Marke<\/strong><\/span><\/div>\n<div class=\"specification-item row-even\"><span class=\"spec-content\"><\/p>\n<p>Das deutsche Unternehmen Octave baut verr\u00fcckte Ger\u00e4te mit sehr gut gewickelten Transformatoren (hier liegt der Ursprung des Unternehmens). Zum Zeitpunkt der Er\u00f6ffnung war der Designer\/Eigent\u00fcmer Andreas noch ein Kind, aber er leistete seinen ersten Beitrag zur Entwicklung des Unternehmens seines Vaters und dessen strategischem \u00dcbergang zur Herstellung von Audiokomponenten im Jahr 1975, als er noch keine 20 Jahre alt war. Er pr\u00e4sentierte seine ersten Transistor- und R\u00f6hrenverst\u00e4rker.  <\/p>\n<p><\/span><\/div>\n<\/div>\n","protected":false},"excerpt":{"rendered":"<p>Beschreibung Freakuence! Sehr viel Kraft, sehr viel Detail, ein Hoch zum Genie\u00dfen, das die Mitte in der Mitte l\u00e4sst. Sehr wunschabh\u00e4ngig. Fragen Sie vor allem, wir antworten gerne. Besonders gut zu lenken, mit gro\u00dfer Leichtigkeit. Details Wir haben die Super Black Boxen verf\u00fcgbar. Das macht einen sehr gro\u00dfen Unterschied in der Leistung. Bitte beachten Sie, [&hellip;]<\/p>\n","protected":false},"featured_media":352898,"template":"","meta":{"_acf_changed":false,"inline_featured_image":false},"product_brand":[],"product_cat":[557],"product_tag":[534],"class_list":{"0":"post-323237","1":"product","2":"type-product","3":"status-publish","4":"has-post-thumbnail","6":"product_cat-rohrenverstarker","7":"product_tag-benutzt","8":"pa_kleur-silber","10":"first","11":"instock","12":"purchasable","13":"product-type-simple"},"acf":{"website":true,"show_on_homepage":false,"brand_title":"Octave","product_type":"MRE 130","color":"Silber","subcolor":"","reserved_status":"0"},"_links":{"self":[{"href":"https:\/\/dev.freakuence.nl\/de\/wp-json\/wp\/v2\/product\/323237","targetHints":{"allow":["GET"]}}],"collection":[{"href":"https:\/\/dev.freakuence.nl\/de\/wp-json\/wp\/v2\/product"}],"about":[{"href":"https:\/\/dev.freakuence.nl\/de\/wp-json\/wp\/v2\/types\/product"}],"wp:featuredmedia":[{"embeddable":true,"href":"https:\/\/dev.freakuence.nl\/de\/wp-json\/wp\/v2\/media\/352898"}],"wp:attachment":[{"href":"https:\/\/dev.freakuence.nl\/de\/wp-json\/wp\/v2\/media?parent=323237"}],"wp:term":[{"taxonomy":"product_brand","embeddable":true,"href":"https:\/\/dev.freakuence.nl\/de\/wp-json\/wp\/v2\/product_brand?post=323237"},{"taxonomy":"product_cat","embeddable":true,"href":"https:\/\/dev.freakuence.nl\/de\/wp-json\/wp\/v2\/product_cat?post=323237"},{"taxonomy":"product_tag","embeddable":true,"href":"https:\/\/dev.freakuence.nl\/de\/wp-json\/wp\/v2\/product_tag?post=323237"}],"curies":[{"name":"wp","href":"https:\/\/api.w.org\/{rel}","templated":true}]}}