{"id":323260,"date":"2025-10-09T11:40:37","date_gmt":"2025-10-09T09:40:37","guid":{"rendered":"https:\/\/freakuence.nl\/product\/auralic-altair-g1-1\/"},"modified":"2026-04-08T18:38:32","modified_gmt":"2026-04-08T16:38:32","slug":"auralic-altair-g1-1","status":"publish","type":"product","link":"https:\/\/dev.freakuence.nl\/de\/produkt\/auralic-altair-g1-1\/","title":{"rendered":"AURALiC Altair G1.1"},"content":{"rendered":"<div class=\"product-specifications-list\">\n<div class=\"specification-item row-header\"><span class=\"spec-content\"><strong>Beschreibung Freakuence!<\/strong><\/span><\/div>\n<div class=\"specification-item row-even\"><span class=\"spec-content\">Dicker DAC-Streamer. Voll, satt und rund, so klingen die Produkte dieses Herstellers. Der Hintergrund ist leise und sorgt f\u00fcr eine offene und klare Wiedergabe. Das Timing ist pr\u00e4zise, so dass Sie ohne Ablenkung h\u00f6ren k\u00f6nnen.   <\/span><\/div>\n<div class=\"specification-item row-header\"><span class=\"spec-content\"><strong>Details<\/strong><\/span><\/div>\n<div class=\"specification-item row-even\"><span class=\"spec-content\">AURALiC ist als Marke eingestellt worden. Schade! Wir waren H\u00e4ndler der Marke und immer sehr zufrieden mit der Verarbeitungsqualit\u00e4t, die nicht zu beanstanden ist. Das ist auch der Grund, warum wir sie hier noch in den Regalen stehen haben. Roon, Tidal Connect, Qobuz Connect, Spotify Connect, alles funktioniert weiterhin reibungslos mit der neuesten Software.    <\/span><\/div>\n<div class=\"specification-item row-odd\"><span class=\"spec-content\">Machen Sie sich keine Sorgen! Wir bieten eine sehr gute 12-monatige Garantie auf gebrauchte Produkte. <\/span><\/div>\n<div class=\"specification-item row-header\"><span class=\"spec-content\"><strong>Allgemeine Beschreibung<\/strong><\/span><\/div>\n<div class=\"specification-item row-even\"><span class=\"spec-content\">Der AURALiC ALTAIR G1.1 ist ein vielseitiger digitaler Audio-Streamer, der mehrere Funktionen in einem Ger\u00e4t vereint. Mit seiner robusten Wi-Fi-Konnektivit\u00e4t und den analogen Ausg\u00e4ngen bietet er Zugang zu einer Vielzahl von digitalen Musikquellen. Sie k\u00f6nnen Musik von lokalen Netzwerklaufwerken, USB-Speichern und \u00fcber Dienste wie Amazon Music, Qobuz, Tidal, KKBOX, Internetradio und Spotify Connect streamen.   Dar\u00fcber hinaus unterst\u00fctzt er AirPlay 2 und Bluetooth, so dass Sie ganz einfach Musik von Ihren mobilen Ger\u00e4ten abspielen k\u00f6nnen.  <\/p>\n<p>Der ALTAIR G1.1 verf\u00fcgt \u00fcber einen integrierten DAC mit einem verbesserten Femto-Taktgeber f\u00fcr eine pr\u00e4zise Digital-Analog-Wandlung. Au\u00dferdem verf\u00fcgt er \u00fcber einen leistungsstarken Kopfh\u00f6rerverst\u00e4rker, der f\u00fcr ein optimales H\u00f6rerlebnis \u00fcber Kopfh\u00f6rer sorgt.   <\/p>\n<p>Zum Design geh\u00f6rt ein 4-Zoll-Farbdisplay mit einer Aufl\u00f6sung von \u00fcber 300 ppi, das klare R\u00fcckmeldungen \u00fcber den Wiedergabestatus, die Einstellungen und Ihre Musikbibliothek liefert. Das Geh\u00e4use verf\u00fcgt \u00fcber eine solide Bodenplatte, die von der G2.1-Serie inspiriert wurde. Dies tr\u00e4gt zu einer verbesserten \u00c4sthetik und einer zus\u00e4tzlichen Vibrationsd\u00e4mpfung f\u00fcr eine bessere Klangqualit\u00e4t bei.   <\/p>\n<p>Mit dem ALTAIR G1.1 haben Sie eine umfassende L\u00f6sung f\u00fcr das Streaming und die Wiedergabe digitaler Musik, die sich f\u00fcr verschiedene H\u00f6rvorlieben und Systeme eignet.<\/span><\/div>\n<div class=\"specification-item row-header\"><span class=\"spec-content\"><strong>Hintergrundinformationen<\/strong><\/span><\/div>\n<div class=\"specification-item row-even\"><span class=\"spec-content\">Der AURALiC Altair G1.1 wurde von dem Team um den Gr\u00fcnder und Chefingenieur Xuanqian Wang als All-in-One Digital Audio Streamer entwickelt. Das Geh\u00e4use besteht aus massivem Aluminium mit hoher Abschirmung gegen EMI und Vibrationen. Intern verf\u00fcgt er \u00fcber eine Tesla G2 Streaming-Plattform, ein lineares Netzteil und hochwertige Komponenten wie einen ESS9038Q2M DAC. Alles ist auf kompromisslose Klangqualit\u00e4t und Zuverl\u00e4ssigkeit ausgerichtet.   <\/span><\/div>\n<div class=\"specification-item row-header\"><span class=\"spec-content\"><strong>Geschichte der Marke<\/strong><\/span><\/div>\n<div class=\"specification-item row-even\"><span class=\"spec-content\">AURALiC wurde 2009 von Wang Xuanqian und Yuan Wang gegr\u00fcndet, die sich bei einem Konzert in Berlin kennenlernten. Ihre gemeinsame Leidenschaft f\u00fcr Musik und hochwertige Klangwiedergabe f\u00fchrte zur Gr\u00fcndung des Unternehmens. AURALiC konzentriert sich auf das Design und die Entwicklung von Audioger\u00e4ten, die sich nahtlos in moderne Innenr\u00e4ume einf\u00fcgen und einfach zu bedienen sind. Das Ziel des Unternehmens ist es, dass die Benutzer die Vorteile digitaler Musikformate genie\u00dfen k\u00f6nnen, ohne die Komplexit\u00e4t herk\u00f6mmlicher Audioger\u00e4te in Kauf nehmen zu m\u00fcssen.    Im Jahr 2025 stellte das Unternehmen seine Aktivit\u00e4ten ein.<\/span><\/div>\n<\/div>\n","protected":false},"excerpt":{"rendered":"<p>Beschreibung Freakuence! Dicker DAC-Streamer. Voll, satt und rund, so klingen die Produkte dieses Herstellers. Der Hintergrund ist leise und sorgt f\u00fcr eine offene und klare Wiedergabe. Das Timing ist pr\u00e4zise, so dass Sie ohne Ablenkung h\u00f6ren k\u00f6nnen. Details AURALiC ist als Marke eingestellt worden. Schade! Wir waren H\u00e4ndler der Marke und immer sehr zufrieden mit [&hellip;]<\/p>\n","protected":false},"featured_media":383721,"template":"","meta":{"_acf_changed":false,"inline_featured_image":false},"product_brand":[],"product_cat":[741,690],"product_tag":[534],"class_list":{"0":"post-323260","1":"product","2":"type-product","3":"status-publish","4":"has-post-thumbnail","6":"product_cat-luftschlangen","7":"product_cat-quellen","8":"product_tag-benutzt","9":"pa_kleur-schwarz","11":"first","12":"instock","13":"sold-individually","14":"purchasable","15":"product-type-simple"},"acf":{"website":true,"show_on_homepage":false,"brand_title":"AURALiC","product_type":"Altair G1.1","color":"Schwarz","subcolor":"","reserved_status":"1"},"_links":{"self":[{"href":"https:\/\/dev.freakuence.nl\/de\/wp-json\/wp\/v2\/product\/323260","targetHints":{"allow":["GET"]}}],"collection":[{"href":"https:\/\/dev.freakuence.nl\/de\/wp-json\/wp\/v2\/product"}],"about":[{"href":"https:\/\/dev.freakuence.nl\/de\/wp-json\/wp\/v2\/types\/product"}],"wp:featuredmedia":[{"embeddable":true,"href":"https:\/\/dev.freakuence.nl\/de\/wp-json\/wp\/v2\/media\/383721"}],"wp:attachment":[{"href":"https:\/\/dev.freakuence.nl\/de\/wp-json\/wp\/v2\/media?parent=323260"}],"wp:term":[{"taxonomy":"product_brand","embeddable":true,"href":"https:\/\/dev.freakuence.nl\/de\/wp-json\/wp\/v2\/product_brand?post=323260"},{"taxonomy":"product_cat","embeddable":true,"href":"https:\/\/dev.freakuence.nl\/de\/wp-json\/wp\/v2\/product_cat?post=323260"},{"taxonomy":"product_tag","embeddable":true,"href":"https:\/\/dev.freakuence.nl\/de\/wp-json\/wp\/v2\/product_tag?post=323260"}],"curies":[{"name":"wp","href":"https:\/\/api.w.org\/{rel}","templated":true}]}}