{"id":323309,"date":"2025-10-03T14:04:28","date_gmt":"2025-10-03T12:04:28","guid":{"rendered":"https:\/\/freakuence.nl\/product\/mcintosh-ma5300\/"},"modified":"2026-04-08T11:01:12","modified_gmt":"2026-04-08T09:01:12","slug":"mcintosh-ma5300","status":"publish","type":"product","link":"https:\/\/dev.freakuence.nl\/de\/produkt\/mcintosh-ma5300\/","title":{"rendered":"McIntosh MA5300"},"content":{"rendered":"<div class=\"product-specifications-list\">\n<div class=\"specification-item row-header\"><span class=\"spec-content\"><strong>Beschreibung Freakuence!<\/strong><\/span><\/div>\n<div class=\"specification-item row-even\"><span class=\"spec-content\">Alles ist an der richtigen Stelle. Mit Strom! Aber beruhigen Sie sich, das ist McIntosh&#8230; und die stellen Verst\u00e4rker mit Spezifikationen her, auf die es ankommt. Diese 100 Watt sind herrlich stabil. Der Klang? Kein Schreien, keine Sch\u00e4rfe, kein Rauschen. Mit analogen UND digitalen Eing\u00e4ngen und, nat\u00fcrlich, dem Blue.      <\/span><\/div>\n<div class=\"specification-item row-odd\"><span class=\"spec-content\">Ladenpreis: 8490.00<\/span><\/div>\n<div class=\"specification-item row-header\"><span class=\"spec-content\"><strong>Details<\/strong><\/span><\/div>\n<div class=\"specification-item row-even\"><span class=\"spec-content\">Das ist Ihre Chance, endlich Demomaterial aus dem coolsten Laden der Welt zu bekommen. Ja! Aus diesem Grund eigentlich viel mehr wert als der Neupreis, aber wir werden uns zur\u00fcckhalten. Nur f\u00fcr H\u00f6rsessions mit unseren Besuchern verwendet, hatte also keinen privaten Besitzer. <\/span><\/div>\n<div class=\"specification-item row-odd\"><span class=\"spec-content\">Der Preis enth\u00e4lt die Mehrwertsteuer. Unternehmer, nutzen Sie den Vorteil. <\/span><\/div>\n<div class=\"specification-item row-even\"><span class=\"spec-content\">Wir sind gerne bereit, damit zu handeln. Schicken Sie uns bitte alles, was Sie zur Verf\u00fcgung haben, wir werden gerne pr\u00fcfen, ob wir es in den Shop stellen k\u00f6nnen. <\/span><\/div>\n<div class=\"specification-item row-odd\"><span class=\"spec-content\">Sie suchen ein anderes Modell aus der aktuellen Serie der Marke? Schicken Sie uns eine Nachricht!  Wir m\u00f6chten, dass es Spa\u00df macht.<\/span><\/div>\n<div class=\"specification-item row-header\"><span class=\"spec-content\"><strong>Allgemeine Beschreibung<\/strong><\/span><\/div>\n<div class=\"specification-item row-even\"><span class=\"spec-content\">Verf\u00fcgt \u00fcber eine Ausgangsleistung von 2 x 100 Watt an 8 Ohm und 2 x 160 Watt an 4 Ohm \u00fcber Autoformer-Technologie. Zu den digitalen Eing\u00e4ngen geh\u00f6ren koaxiale, optische, USB- und MCT-Eing\u00e4nge, die bis zu 32-bit\/384kHz und DSD256 unterst\u00fctzen. Die analogen Anschl\u00fcsse bestehen aus zwei symmetrischen und drei unsymmetrischen Eing\u00e4ngen, die durch einen f\u00fcr MM-Elemente geeigneten Phonoeingang erg\u00e4nzt werden. Ein Kopfh\u00f6rerausgang nutzt Headphone Crossfeed Director. Power Guard und Sentry Monitor sch\u00fctzen vor \u00dcberlastung. Die Steuerung ist \u00fcber eine optionale externe Schnittstelle m\u00f6glich. Auf der Vorderseite befinden sich ein Display und markante Wattz\u00e4hler. Die Konstruktion f\u00e4llt unter eine feste Geh\u00e4usegr\u00f6\u00dfe mit integrierten K\u00fchlprofilen.       <\/span><\/div>\n<div class=\"specification-item row-header\"><span class=\"spec-content\"><strong>Hintergrundinformationen<\/strong><\/span><\/div>\n<div class=\"specification-item row-even\"><span class=\"spec-content\">Der McIntosh MA5300 ist der kleinste Vollverst\u00e4rker von McIntosh, der in der Fabrik in Binghamton, New York, entwickelt und gebaut wird. Trotz seiner kompakten Gr\u00f6\u00dfe liefert er 2&#215;100 Watt mit den charakteristischen Autoformern von McIntosh. Der MA5300 verf\u00fcgt \u00fcber hochwertige Materialien wie vergoldete Anschl\u00fcsse und symmetrische Eing\u00e4nge. Das Geh\u00e4use ist aus rostfreiem Stahl gefertigt und auf Hochglanz poliert. Das Geh\u00e4use enth\u00e4lt die klassische Glasfront mit blauen VU-Metern. Design und Abstimmung wurden von McIntoshs hauseigenem Ingenieurteam durchgef\u00fchrt.     <\/span><\/div>\n<div class=\"specification-item row-header\"><span class=\"spec-content\"><strong>Geschichte der Marke<\/strong><\/span><\/div>\n<div class=\"specification-item row-even\"><span class=\"spec-content\">Das McIntosh Laboratory wurde 1949 von Frank H. McIntosh und Gordon Gow gegr\u00fcndet und hat seinen Sitz in Binghamton, New York. 1965 wurden McIntosh-Verst\u00e4rker bei der Rede zur Amtseinf\u00fchrung von Pr\u00e4sident Lyndon B. Johnson eingesetzt. 1969 sorgten zwanzig McIntosh MC3500 R\u00f6hrenverst\u00e4rker f\u00fcr den Sound beim Woodstock-Festival. 1974 verwendeten die Grateful Dead 48 McIntosh MC2300 Verst\u00e4rker f\u00fcr ihr &#8222;Wall of Sound&#8220;-System. 1990 wurde McIntosh von Clarion \u00fcbernommen, gefolgt von einer \u00dcbernahme durch D&amp;M Holdings im Jahr 2003. Im Jahr 2022 wurde das Unternehmen an eine private Beteiligungsgesellschaft verkauft. McIntosh ist bekannt f\u00fcr seine schwarzen Glasfronten und blauen VU-Meter.      <\/span><\/div>\n<\/div>\n","protected":false},"excerpt":{"rendered":"<p>Beschreibung Freakuence! Alles ist an der richtigen Stelle. Mit Strom! Aber beruhigen Sie sich, das ist McIntosh&#8230; und die stellen Verst\u00e4rker mit Spezifikationen her, auf die es ankommt. Diese 100 Watt sind herrlich stabil. Der Klang? Kein Schreien, keine Sch\u00e4rfe, kein Rauschen. Mit analogen UND digitalen Eing\u00e4ngen und, nat\u00fcrlich, dem Blue. Ladenpreis: 8490.00 Details Das [&hellip;]<\/p>\n","protected":false},"featured_media":379375,"template":"","meta":{"_acf_changed":false,"inline_featured_image":false},"product_brand":[],"product_cat":[774,744,532],"product_tag":[571],"class_list":{"0":"post-323309","1":"product","2":"type-product","3":"status-publish","4":"has-post-thumbnail","6":"product_cat-klasse-a-a-b-stereo-verstarker","7":"product_cat-stereo-verstarker","8":"product_cat-verstarker","9":"product_tag-freakdemo","11":"first","12":"instock","13":"sold-individually","14":"taxable","15":"shipping-taxable","16":"purchasable","17":"product-type-simple"},"acf":{"website":true,"show_on_homepage":false,"brand_title":"McIntosh","product_type":"MA5300","color":"","subcolor":"","reserved_status":"0"},"yoast_head":"<!-- This site is optimized with the Yoast SEO plugin v25.9 - https:\/\/yoast.com\/wordpress\/plugins\/seo\/ -->\n<title>McIntosh MA5300 | Freakuence!<\/title>\n<meta name=\"robots\" content=\"noindex, follow, max-snippet:-1, max-image-preview:large, max-video-preview:-1\" \/>\n<meta property=\"og:locale\" content=\"de_DE\" \/>\n<meta property=\"og:type\" content=\"article\" \/>\n<meta property=\"og:title\" content=\"McIntosh MA5300 | Freakuence!\" \/>\n<meta property=\"og:description\" content=\"Beschreibung Freakuence! Alles ist an der richtigen Stelle. Mit Strom! Aber beruhigen Sie sich, das ist McIntosh&#8230; und die stellen Verst\u00e4rker mit Spezifikationen her, auf die es ankommt. Diese 100 Watt sind herrlich stabil. Der Klang? Kein Schreien, keine Sch\u00e4rfe, kein Rauschen. Mit analogen UND digitalen Eing\u00e4ngen und, nat\u00fcrlich, dem Blue. Ladenpreis: 8490.00 Details Das [&hellip;]\" \/>\n<meta property=\"og:url\" content=\"https:\/\/dev.freakuence.nl\/de\/produkt\/mcintosh-ma5300\/\" \/>\n<meta property=\"og:site_name\" content=\"Freakuence!\" \/>\n<meta property=\"article:modified_time\" content=\"2026-04-08T09:01:12+00:00\" \/>\n<meta property=\"og:image\" content=\"https:\/\/dev.freakuence.nl\/wp-content\/uploads\/2026\/04\/17594929987394-11729-IMG8115-1-scaled.jpg\" \/>\n\t<meta property=\"og:image:width\" content=\"1800\" \/>\n\t<meta property=\"og:image:height\" content=\"1200\" \/>\n\t<meta property=\"og:image:type\" content=\"image\/jpeg\" \/>\n<meta name=\"twitter:card\" content=\"summary_large_image\" \/>\n<script type=\"application\/ld+json\" class=\"yoast-schema-graph\">{\"@context\":\"https:\/\/schema.org\",\"@graph\":[{\"@type\":\"WebPage\",\"@id\":\"https:\/\/dev.freakuence.nl\/de\/produkt\/mcintosh-ma5300\/\",\"url\":\"https:\/\/dev.freakuence.nl\/de\/produkt\/mcintosh-ma5300\/\",\"name\":\"McIntosh MA5300 | Freakuence!\",\"isPartOf\":{\"@id\":\"https:\/\/dev.freakuence.nl\/de\/#website\"},\"primaryImageOfPage\":{\"@id\":\"https:\/\/dev.freakuence.nl\/de\/produkt\/mcintosh-ma5300\/#primaryimage\"},\"image\":{\"@id\":\"https:\/\/dev.freakuence.nl\/de\/produkt\/mcintosh-ma5300\/#primaryimage\"},\"thumbnailUrl\":\"https:\/\/dev.freakuence.nl\/wp-content\/uploads\/2026\/04\/17594929987394-11729-IMG8115-1-scaled.jpg\",\"datePublished\":\"2025-10-03T12:04:28+00:00\",\"dateModified\":\"2026-04-08T09:01:12+00:00\",\"breadcrumb\":{\"@id\":\"https:\/\/dev.freakuence.nl\/de\/produkt\/mcintosh-ma5300\/#breadcrumb\"},\"inLanguage\":\"de\",\"potentialAction\":[{\"@type\":\"ReadAction\",\"target\":[\"https:\/\/dev.freakuence.nl\/de\/produkt\/mcintosh-ma5300\/\"]}]},{\"@type\":\"ImageObject\",\"inLanguage\":\"de\",\"@id\":\"https:\/\/dev.freakuence.nl\/de\/produkt\/mcintosh-ma5300\/#primaryimage\",\"url\":\"https:\/\/dev.freakuence.nl\/wp-content\/uploads\/2026\/04\/17594929987394-11729-IMG8115-1-scaled.jpg\",\"contentUrl\":\"https:\/\/dev.freakuence.nl\/wp-content\/uploads\/2026\/04\/17594929987394-11729-IMG8115-1-scaled.jpg\",\"width\":1800,\"height\":1200},{\"@type\":\"BreadcrumbList\",\"@id\":\"https:\/\/dev.freakuence.nl\/de\/produkt\/mcintosh-ma5300\/#breadcrumb\",\"itemListElement\":[{\"@type\":\"ListItem\",\"position\":1,\"name\":\"Startseite\",\"item\":\"https:\/\/dev.freakuence.nl\/de\/\"},{\"@type\":\"ListItem\",\"position\":2,\"name\":\"Produkte\",\"item\":\"https:\/\/dev.freakuence.nl\/de\/produkte\/\"},{\"@type\":\"ListItem\",\"position\":3,\"name\":\"McIntosh MA5300\"}]},{\"@type\":\"WebSite\",\"@id\":\"https:\/\/dev.freakuence.nl\/de\/#website\",\"url\":\"https:\/\/dev.freakuence.nl\/de\/\",\"name\":\"Freakuence!\",\"description\":\"Freakuence!\",\"publisher\":{\"@id\":\"https:\/\/dev.freakuence.nl\/de\/#organization\"},\"alternateName\":\"Freakuence\",\"potentialAction\":[{\"@type\":\"SearchAction\",\"target\":{\"@type\":\"EntryPoint\",\"urlTemplate\":\"https:\/\/dev.freakuence.nl\/de\/?s={search_term_string}\"},\"query-input\":{\"@type\":\"PropertyValueSpecification\",\"valueRequired\":true,\"valueName\":\"search_term_string\"}}],\"inLanguage\":\"de\"},{\"@type\":\"Organization\",\"@id\":\"https:\/\/dev.freakuence.nl\/de\/#organization\",\"name\":\"Freakuence!\",\"url\":\"https:\/\/dev.freakuence.nl\/de\/\",\"logo\":{\"@type\":\"ImageObject\",\"inLanguage\":\"de\",\"@id\":\"https:\/\/dev.freakuence.nl\/de\/#\/schema\/logo\/image\/\",\"url\":\"https:\/\/dev.freakuence.nl\/wp-content\/uploads\/2022\/05\/Brown_3_RGB_Freakuence-1.png\",\"contentUrl\":\"https:\/\/dev.freakuence.nl\/wp-content\/uploads\/2022\/05\/Brown_3_RGB_Freakuence-1.png\",\"width\":2560,\"height\":684,\"caption\":\"Freakuence!\"},\"image\":{\"@id\":\"https:\/\/dev.freakuence.nl\/de\/#\/schema\/logo\/image\/\"},\"sameAs\":[\"https:\/\/www.instagram.com\/freakuence_notorious_audio\/\"]}]}<\/script>\n<!-- \/ Yoast SEO plugin. -->","yoast_head_json":{"title":"McIntosh MA5300 | Freakuence!","robots":{"index":"noindex","follow":"follow","max-snippet":"max-snippet:-1","max-image-preview":"max-image-preview:large","max-video-preview":"max-video-preview:-1"},"og_locale":"de_DE","og_type":"article","og_title":"McIntosh MA5300 | Freakuence!","og_description":"Beschreibung Freakuence! Alles ist an der richtigen Stelle. Mit Strom! Aber beruhigen Sie sich, das ist McIntosh&#8230; und die stellen Verst\u00e4rker mit Spezifikationen her, auf die es ankommt. Diese 100 Watt sind herrlich stabil. Der Klang? Kein Schreien, keine Sch\u00e4rfe, kein Rauschen. Mit analogen UND digitalen Eing\u00e4ngen und, nat\u00fcrlich, dem Blue. Ladenpreis: 8490.00 Details Das [&hellip;]","og_url":"https:\/\/dev.freakuence.nl\/de\/produkt\/mcintosh-ma5300\/","og_site_name":"Freakuence!","article_modified_time":"2026-04-08T09:01:12+00:00","og_image":[{"width":1800,"height":1200,"url":"https:\/\/dev.freakuence.nl\/wp-content\/uploads\/2026\/04\/17594929987394-11729-IMG8115-1-scaled.jpg","type":"image\/jpeg"}],"twitter_card":"summary_large_image","schema":{"@context":"https:\/\/schema.org","@graph":[{"@type":"WebPage","@id":"https:\/\/dev.freakuence.nl\/de\/produkt\/mcintosh-ma5300\/","url":"https:\/\/dev.freakuence.nl\/de\/produkt\/mcintosh-ma5300\/","name":"McIntosh MA5300 | Freakuence!","isPartOf":{"@id":"https:\/\/dev.freakuence.nl\/de\/#website"},"primaryImageOfPage":{"@id":"https:\/\/dev.freakuence.nl\/de\/produkt\/mcintosh-ma5300\/#primaryimage"},"image":{"@id":"https:\/\/dev.freakuence.nl\/de\/produkt\/mcintosh-ma5300\/#primaryimage"},"thumbnailUrl":"https:\/\/dev.freakuence.nl\/wp-content\/uploads\/2026\/04\/17594929987394-11729-IMG8115-1-scaled.jpg","datePublished":"2025-10-03T12:04:28+00:00","dateModified":"2026-04-08T09:01:12+00:00","breadcrumb":{"@id":"https:\/\/dev.freakuence.nl\/de\/produkt\/mcintosh-ma5300\/#breadcrumb"},"inLanguage":"de","potentialAction":[{"@type":"ReadAction","target":["https:\/\/dev.freakuence.nl\/de\/produkt\/mcintosh-ma5300\/"]}]},{"@type":"ImageObject","inLanguage":"de","@id":"https:\/\/dev.freakuence.nl\/de\/produkt\/mcintosh-ma5300\/#primaryimage","url":"https:\/\/dev.freakuence.nl\/wp-content\/uploads\/2026\/04\/17594929987394-11729-IMG8115-1-scaled.jpg","contentUrl":"https:\/\/dev.freakuence.nl\/wp-content\/uploads\/2026\/04\/17594929987394-11729-IMG8115-1-scaled.jpg","width":1800,"height":1200},{"@type":"BreadcrumbList","@id":"https:\/\/dev.freakuence.nl\/de\/produkt\/mcintosh-ma5300\/#breadcrumb","itemListElement":[{"@type":"ListItem","position":1,"name":"Startseite","item":"https:\/\/dev.freakuence.nl\/de\/"},{"@type":"ListItem","position":2,"name":"Produkte","item":"https:\/\/dev.freakuence.nl\/de\/produkte\/"},{"@type":"ListItem","position":3,"name":"McIntosh MA5300"}]},{"@type":"WebSite","@id":"https:\/\/dev.freakuence.nl\/de\/#website","url":"https:\/\/dev.freakuence.nl\/de\/","name":"Freakuence!","description":"Freakuence!","publisher":{"@id":"https:\/\/dev.freakuence.nl\/de\/#organization"},"alternateName":"Freakuence","potentialAction":[{"@type":"SearchAction","target":{"@type":"EntryPoint","urlTemplate":"https:\/\/dev.freakuence.nl\/de\/?s={search_term_string}"},"query-input":{"@type":"PropertyValueSpecification","valueRequired":true,"valueName":"search_term_string"}}],"inLanguage":"de"},{"@type":"Organization","@id":"https:\/\/dev.freakuence.nl\/de\/#organization","name":"Freakuence!","url":"https:\/\/dev.freakuence.nl\/de\/","logo":{"@type":"ImageObject","inLanguage":"de","@id":"https:\/\/dev.freakuence.nl\/de\/#\/schema\/logo\/image\/","url":"https:\/\/dev.freakuence.nl\/wp-content\/uploads\/2022\/05\/Brown_3_RGB_Freakuence-1.png","contentUrl":"https:\/\/dev.freakuence.nl\/wp-content\/uploads\/2022\/05\/Brown_3_RGB_Freakuence-1.png","width":2560,"height":684,"caption":"Freakuence!"},"image":{"@id":"https:\/\/dev.freakuence.nl\/de\/#\/schema\/logo\/image\/"},"sameAs":["https:\/\/www.instagram.com\/freakuence_notorious_audio\/"]}]}},"_links":{"self":[{"href":"https:\/\/dev.freakuence.nl\/de\/wp-json\/wp\/v2\/product\/323309","targetHints":{"allow":["GET"]}}],"collection":[{"href":"https:\/\/dev.freakuence.nl\/de\/wp-json\/wp\/v2\/product"}],"about":[{"href":"https:\/\/dev.freakuence.nl\/de\/wp-json\/wp\/v2\/types\/product"}],"wp:featuredmedia":[{"embeddable":true,"href":"https:\/\/dev.freakuence.nl\/de\/wp-json\/wp\/v2\/media\/379375"}],"wp:attachment":[{"href":"https:\/\/dev.freakuence.nl\/de\/wp-json\/wp\/v2\/media?parent=323309"}],"wp:term":[{"taxonomy":"product_brand","embeddable":true,"href":"https:\/\/dev.freakuence.nl\/de\/wp-json\/wp\/v2\/product_brand?post=323309"},{"taxonomy":"product_cat","embeddable":true,"href":"https:\/\/dev.freakuence.nl\/de\/wp-json\/wp\/v2\/product_cat?post=323309"},{"taxonomy":"product_tag","embeddable":true,"href":"https:\/\/dev.freakuence.nl\/de\/wp-json\/wp\/v2\/product_tag?post=323309"}],"curies":[{"name":"wp","href":"https:\/\/api.w.org\/{rel}","templated":true}]}}