{"id":323322,"date":"2025-10-09T11:38:25","date_gmt":"2025-10-09T09:38:25","guid":{"rendered":"https:\/\/freakuence.nl\/product\/western-electric-we-91e\/"},"modified":"2026-04-08T19:11:46","modified_gmt":"2026-04-08T17:11:46","slug":"western-electric-we-91e","status":"publish","type":"product","link":"https:\/\/dev.freakuence.nl\/de\/produkt\/western-electric-we-91e\/","title":{"rendered":"Western Electric WE 91E"},"content":{"rendered":"<div class=\"product-specifications-list\">\n<div class=\"specification-item row-header\"><span class=\"spec-content\"><strong>Beschreibung Freakuence!<\/strong><\/span><\/div>\n<div class=\"specification-item row-even\"><span class=\"spec-content\">Oje oder wow! Kraftvoll und l\u00e4sst Sie alles mit einem Hauch von W\u00e4rme h\u00f6ren. Dieser Verst\u00e4rker wei\u00df genau, wie er einen Raum mit greifbaren Kl\u00e4ngen f\u00fcllen kann. Als ob diese Kl\u00e4nge sanft geatmet statt gepusht werden, ein Eigenleben haben. Er wird standardm\u00e4\u00dfig mit der bizarren 330B-R\u00f6hre geliefert, die wir als H\u00e4ndler hier im Laden haben. Und Sie k\u00f6nnen darauf wetten, dass unsere Besucher sich an diesem Oberrohr laben, wir haben schon viele gl\u00fccklich gemacht&#8230; aber wirklich gl\u00fccklich.      \ud83d\ude42<\/span><\/div>\n<div class=\"specification-item row-odd\"><span class=\"spec-content\">Ladenpreis: 10490.00<\/span><\/div>\n<div class=\"specification-item row-header\"><span class=\"spec-content\"><strong>Details<\/strong><\/span><\/div>\n<div class=\"specification-item row-even\"><span class=\"spec-content\">Wir sind gerne bereit, damit zu handeln. Schicken Sie uns bitte alles, was Sie zur Verf\u00fcgung haben, wir werden gerne pr\u00fcfen, ob wir es in den Shop stellen k\u00f6nnen. <\/p>\n<p>Die R\u00f6hren sind vermessen und in perfektem Zustand.<\/span><\/div>\n<div class=\"specification-item row-header\"><span class=\"spec-content\"><strong>Allgemeine Beschreibung<\/strong><\/span><\/div>\n<div class=\"specification-item row-even\"><span class=\"spec-content\">Dieser Vollverst\u00e4rker arbeitet in Class A und wurde speziell f\u00fcr die Verwendung mit der Western Electric 300B R\u00f6hre entwickelt. Dank eines patentierten Systems liefert er mehr als 20 Watt pro Kanal und liegt damit weit \u00fcber den traditionellen Werten f\u00fcr diese Art von Verst\u00e4rker. Er verf\u00fcgt \u00fcber vier RCA-Line-Eing\u00e4nge, einen umschaltbaren Phonoeingang (MC\/MM) und Bluetooth-Unterst\u00fctzung.  <\/p>\n<p>Ein zentrales TFT-Display zeigt klare Informationen an, und die Lautst\u00e4rkeregelung erfolgt \u00fcber einen gro\u00dfen, pr\u00e4zisen Drehgeber. Die Lautsprecherausg\u00e4nge verwenden austauschbare Trafobl\u00f6cke, die standardm\u00e4\u00dfig auf 8 Ohm eingestellt sind und optional mit 4 oder 16 Ohm konfiguriert werden k\u00f6nnen. <\/p>\n<p>Die Parallelschaltung reduziert die Hysterese und tr\u00e4gt zu einem sauberen Klang bei. Der Verst\u00e4rker verf\u00fcgt \u00fcber eine automatische Vorspannungsregelung, die es den angeschlossenen 300B-R\u00f6hren erm\u00f6glicht, optimal zu funktionieren. Dies tr\u00e4gt nicht nur zur Leistung, sondern auch zur Lebensdauer der R\u00f6hren bei.  <\/span><\/div>\n<div class=\"specification-item row-header\"><span class=\"spec-content\"><strong>Hintergrundinformationen<\/strong><\/span><\/div>\n<div class=\"specification-item row-even\"><span class=\"spec-content\">Der Western Electric WE 91E ist ein Single-Ended-R\u00f6hrenverst\u00e4rker, der auf der klassischen Schaltung des 91A von 1936 basiert und mit der 300B Leistungsr\u00f6hre ausgestattet ist. Jim Kreuz, Chefingenieur, leitete die Entwicklung. Der Verst\u00e4rker verwendet hochwertige Komponenten wie Vishay-Widerst\u00e4nde und Mundorf-Kondensatoren, die interne Verdrahtung besteht aus versilbertem Kupfer. Das Geh\u00e4use besteht aus CNC-gefr\u00e4stem Aluminium mit Seiten aus Massivholz. Die Herstellung und Montage erfolgt in den USA.    <\/span><\/div>\n<div class=\"specification-item row-header\"><span class=\"spec-content\"><strong>Geschichte der Marke<\/strong><\/span><\/div>\n<div class=\"specification-item row-even\"><span class=\"spec-content\">Western Electric wurde 1869 gegr\u00fcndet und spielte eine entscheidende Rolle bei der Entwicklung von elektronischen Komponenten. Im Jahr 1996 wurde das Unternehmen neu gegr\u00fcndet und konzentrierte sich auf die Produktion von Elektronenr\u00f6hren und hochwertigen Audioger\u00e4ten. Das Unternehmen blickt auf eine reiche Geschichte in der Produktion von Elektronenr\u00f6hren und Audioger\u00e4ten zur\u00fcck, insbesondere der 300B R\u00f6hre, die f\u00fcr ihre Klangqualit\u00e4t und Zuverl\u00e4ssigkeit bekannt ist. Western Electric ist nach wie vor bestrebt, H\u00f6rern auf der ganzen Welt hochwertige Audioprodukte zu liefern.   <\/span><\/div>\n<\/div>\n","protected":false},"excerpt":{"rendered":"<p>Beschreibung Freakuence! Oje oder wow! Kraftvoll und l\u00e4sst Sie alles mit einem Hauch von W\u00e4rme h\u00f6ren. Dieser Verst\u00e4rker wei\u00df genau, wie er einen Raum mit greifbaren Kl\u00e4ngen f\u00fcllen kann. Als ob diese Kl\u00e4nge sanft geatmet statt gepusht werden, ein Eigenleben haben. Er wird standardm\u00e4\u00dfig mit der bizarren 330B-R\u00f6hre geliefert, die wir als H\u00e4ndler hier im [&hellip;]<\/p>\n","protected":false},"featured_media":384729,"template":"","meta":{"_acf_changed":false,"inline_featured_image":false},"product_brand":[],"product_cat":[557,744,532],"product_tag":[534],"class_list":{"0":"post-323322","1":"product","2":"type-product","3":"status-publish","4":"has-post-thumbnail","6":"product_cat-rohrenverstarker","7":"product_cat-stereo-verstarker","8":"product_cat-verstarker","9":"product_tag-benutzt","10":"pa_kleur-nickel","12":"first","13":"instock","14":"sold-individually","15":"purchasable","16":"product-type-simple"},"acf":{"website":true,"show_on_homepage":false,"brand_title":"Western Electric","product_type":"WE 91E","color":"Nickel","subcolor":"","reserved_status":"0"},"_links":{"self":[{"href":"https:\/\/dev.freakuence.nl\/de\/wp-json\/wp\/v2\/product\/323322","targetHints":{"allow":["GET"]}}],"collection":[{"href":"https:\/\/dev.freakuence.nl\/de\/wp-json\/wp\/v2\/product"}],"about":[{"href":"https:\/\/dev.freakuence.nl\/de\/wp-json\/wp\/v2\/types\/product"}],"wp:featuredmedia":[{"embeddable":true,"href":"https:\/\/dev.freakuence.nl\/de\/wp-json\/wp\/v2\/media\/384729"}],"wp:attachment":[{"href":"https:\/\/dev.freakuence.nl\/de\/wp-json\/wp\/v2\/media?parent=323322"}],"wp:term":[{"taxonomy":"product_brand","embeddable":true,"href":"https:\/\/dev.freakuence.nl\/de\/wp-json\/wp\/v2\/product_brand?post=323322"},{"taxonomy":"product_cat","embeddable":true,"href":"https:\/\/dev.freakuence.nl\/de\/wp-json\/wp\/v2\/product_cat?post=323322"},{"taxonomy":"product_tag","embeddable":true,"href":"https:\/\/dev.freakuence.nl\/de\/wp-json\/wp\/v2\/product_tag?post=323322"}],"curies":[{"name":"wp","href":"https:\/\/api.w.org\/{rel}","templated":true}]}}