{"id":323383,"date":"2025-10-03T14:02:57","date_gmt":"2025-10-03T12:02:57","guid":{"rendered":"https:\/\/freakuence.nl\/product\/tom-evans-der-groove-plus-srx-mkii\/"},"modified":"2026-04-08T18:15:02","modified_gmt":"2026-04-08T16:15:02","slug":"tom-evans-der-groove-plus-srx-mkii","status":"publish","type":"product","link":"https:\/\/dev.freakuence.nl\/de\/produkt\/tom-evans-der-groove-plus-srx-mkii\/","title":{"rendered":"Tom Evans Der Groove Plus SRX MKII"},"content":{"rendered":"<div class=\"product-specifications-list\">\n<div class=\"specification-item row-header\"><span class=\"spec-content\"><strong>Beschreibung Freakuence!<\/strong><\/span><\/div>\n<div class=\"specification-item row-even\"><span class=\"spec-content\">Verst\u00e4rken Sie Ihren Sound. Rein und kraftvoll mit noch nie dagewesener Dynamik. Dieses Ding hat eine au\u00dfergew\u00f6hnliche Wirkung.  <\/span><\/div>\n<div class=\"specification-item row-header\"><span class=\"spec-content\"><strong>Allgemeine Beschreibung<\/strong><\/span><\/div>\n<div class=\"specification-item row-even\"><span class=\"spec-content\">Der Tom Evans The Groove Plus SRX bietet dank des exklusiven &#8222;Lithos&#8220;-Regulierungssystems besonders niedrige Rauschwerte. Mit Pr\u00e4zision und Genauigkeit ist der Vorverst\u00e4rker auf optimale Signalintegrit\u00e4t ausgelegt. Das fortschrittliche Netzteil ist eingebaut und sorgt f\u00fcr eine stabile Stromversorgung. Optional ist ein Upgrade auf das SRX-Netzteil erh\u00e4ltlich, das eine verbesserte Stromversorgung bietet. Diese Spezifikationen machen den Groove Plus SRX zu einer fortschrittlichen Komponente f\u00fcr jedes analoge Setup, das auf hohe Genauigkeit und Zuverl\u00e4ssigkeit ausgerichtet ist.    <\/span><\/div>\n<div class=\"specification-item row-header\"><span class=\"spec-content\"><strong>Hintergrundinformationen<\/strong><\/span><\/div>\n<div class=\"specification-item row-even\"><span class=\"spec-content\">Der Tom Evans The Groove Plus SRX MKII wurde von Tom Evans selbst entwickelt, einem bekannten Tontechniker mit dem Fokus auf absolute Klangreinheit. Der Phono-Verst\u00e4rker verwendet superstabile, rauscharme Spannungsregler (Silent Running SRX) und ma\u00dfgeschneiderte Operationsverst\u00e4rker. Die Verkabelung ist Punkt-zu-Punkt und das Geh\u00e4use besteht aus resonanzarmen Materialien. Alle Komponenten werden nach der Klangqualit\u00e4t und nicht nach dem Preis ausgew\u00e4hlt. Die Herstellung erfolgt vollst\u00e4ndig in Gro\u00dfbritannien.    <\/span><\/div>\n<div class=\"specification-item row-header\"><span class=\"spec-content\"><strong>Geschichte der Marke<\/strong><\/span><\/div>\n<div class=\"specification-item row-even\"><span class=\"spec-content\">Tom Evans ist eine Marke, die sich auf die Herstellung hochwertiger Audiokomponenten konzentriert. Die Marke wurde von Tom Evans gegr\u00fcndet, der sich als Toningenieur auf die Optimierung der Audiowiedergabe und die Verbesserung der Signalverarbeitung spezialisiert hat. Tom Evans begann seine Karriere als Designer in der Audiobranche und konzentrierte sich auf die technisch anspruchsvollen Aspekte des Klangs. Die Marke hat eine Reihe von Produkten entwickelt, die auf tiefgreifenden physikalischen und elektrotechnischen Prinzipien basieren. Das Hauptaugenmerk von Tom Evans liegt auf der Entwicklung von Komponenten, die den Klang mit \u00e4u\u00dferster Pr\u00e4zision und Klarheit wiedergeben. Das Unternehmen verwendet fortschrittliche Materialien und Technologien, um die h\u00f6chste Qualit\u00e4t zu gew\u00e4hrleisten. Die Produkte zeichnen sich durch ihre technische Konstruktion und Zuverl\u00e4ssigkeit aus. Tom Evans ist bestrebt, eine pr\u00e4zise musikalische Balance zu schaffen, bei der jedes Detail der Musik voll zur Geltung kommt.       <\/span><\/div>\n<\/div>\n","protected":false},"excerpt":{"rendered":"<p>Beschreibung Freakuence! Verst\u00e4rken Sie Ihren Sound. Rein und kraftvoll mit noch nie dagewesener Dynamik. Dieses Ding hat eine au\u00dfergew\u00f6hnliche Wirkung. Allgemeine Beschreibung Der Tom Evans The Groove Plus SRX bietet dank des exklusiven &#8222;Lithos&#8220;-Regulierungssystems besonders niedrige Rauschwerte. Mit Pr\u00e4zision und Genauigkeit ist der Vorverst\u00e4rker auf optimale Signalintegrit\u00e4t ausgelegt. Das fortschrittliche Netzteil ist eingebaut und sorgt [&hellip;]<\/p>\n","protected":false},"featured_media":383015,"template":"","meta":{"_acf_changed":false,"inline_featured_image":false},"product_brand":[],"product_cat":[585,693],"product_tag":[534],"class_list":{"0":"post-323383","1":"product","2":"type-product","3":"status-publish","4":"has-post-thumbnail","6":"product_cat-drehteller","7":"product_cat-phono-verstarker","8":"product_tag-benutzt","9":"pa_kleur-schwarz","11":"first","12":"instock","13":"sold-individually","14":"purchasable","15":"product-type-simple"},"acf":{"website":true,"show_on_homepage":false,"brand_title":"Tom Evans","product_type":"The Groove Plus SRX MKII","color":"Schwarz","subcolor":"","reserved_status":"0"},"_links":{"self":[{"href":"https:\/\/dev.freakuence.nl\/de\/wp-json\/wp\/v2\/product\/323383","targetHints":{"allow":["GET"]}}],"collection":[{"href":"https:\/\/dev.freakuence.nl\/de\/wp-json\/wp\/v2\/product"}],"about":[{"href":"https:\/\/dev.freakuence.nl\/de\/wp-json\/wp\/v2\/types\/product"}],"wp:featuredmedia":[{"embeddable":true,"href":"https:\/\/dev.freakuence.nl\/de\/wp-json\/wp\/v2\/media\/383015"}],"wp:attachment":[{"href":"https:\/\/dev.freakuence.nl\/de\/wp-json\/wp\/v2\/media?parent=323383"}],"wp:term":[{"taxonomy":"product_brand","embeddable":true,"href":"https:\/\/dev.freakuence.nl\/de\/wp-json\/wp\/v2\/product_brand?post=323383"},{"taxonomy":"product_cat","embeddable":true,"href":"https:\/\/dev.freakuence.nl\/de\/wp-json\/wp\/v2\/product_cat?post=323383"},{"taxonomy":"product_tag","embeddable":true,"href":"https:\/\/dev.freakuence.nl\/de\/wp-json\/wp\/v2\/product_tag?post=323383"}],"curies":[{"name":"wp","href":"https:\/\/api.w.org\/{rel}","templated":true}]}}