{"id":323407,"date":"2025-10-03T12:04:15","date_gmt":"2025-10-03T10:04:15","guid":{"rendered":"https:\/\/freakuence.nl\/product\/silent-angel-muenchen-m1\/"},"modified":"2026-04-08T11:10:51","modified_gmt":"2026-04-08T09:10:51","slug":"silent-angel-muenchen-m1","status":"publish","type":"product","link":"https:\/\/dev.freakuence.nl\/de\/produkt\/silent-angel-muenchen-m1\/","title":{"rendered":"Silent Angel M\u00fcnchen M1"},"content":{"rendered":"<div class=\"product-specifications-list\">\n<div class=\"specification-item row-header\"><span class=\"spec-content\"><strong>Beschreibung Freakuence!<\/strong><\/span><\/div>\n<div class=\"specification-item row-even\"><span class=\"spec-content\">Top Streamer! Spielt warm, ohne Detailverluste. <\/span><\/div>\n<div class=\"specification-item row-odd\"><span class=\"spec-content\">Ladenpreis: 1099.00<\/span><\/div>\n<div class=\"specification-item row-header\"><span class=\"spec-content\"><strong>Details<\/strong><\/span><\/div>\n<div class=\"specification-item row-even\"><span class=\"spec-content\">Eine Freakreturn! ist eine Webshop-R\u00fcckgabe, aber eine von Freakuence! Es geht um eine Online-Bestellung, die zur\u00fcckgeschickt wurde. Das kann wegen einer Farbe sein, die Ihnen nicht gef\u00e4llt, aber auch wegen des Charakters. Diese Produkte sind also nicht mehr als ein paar Tage alt und kommen mit der vollen Herstellergarantie UND&#8230;. was noch viel wichtiger ist, mit 100% Freakservice, hupsakee.   <\/span><\/div>\n<div class=\"specification-item row-odd\"><span class=\"spec-content\">Der Preis enth\u00e4lt die Mehrwertsteuer. Unternehmer, nutzen Sie den Vorteil. <\/span><\/div>\n<div class=\"specification-item row-header\"><span class=\"spec-content\"><strong>Allgemeine Beschreibung<\/strong><\/span><\/div>\n<div class=\"specification-item row-even\"><span class=\"spec-content\">Der Silent Angel Munich M1 ist ein vielseitiger Netzwerkplayer, der das Musikstreaming auf die n\u00e4chste Stufe hebt. Mit der Unterst\u00fctzung von Diensten wie Qobuz, Spotify Connect, Airplay und DLNA bietet der M1 Zugang zu einer Vielzahl von Musikquellen. Dank des eingebauten DAC und der Lautst\u00e4rkeregelung kann der M1 direkt an Aktivlautsprecher oder einen Verst\u00e4rker angeschlossen werden, was eine flexible Aufstellung erm\u00f6glicht. F\u00fcr Liebhaber pers\u00f6nlicher H\u00f6rerlebnisse ist ein 6,35-mm-Kopfh\u00f6reranschluss vorhanden. Der M1 verf\u00fcgt \u00fcber ein elegantes Metallgeh\u00e4use und eine solide Aluminiumfront, was nicht nur zu seiner \u00c4sthetik, sondern auch zu seiner Haltbarkeit beitr\u00e4gt. Das l\u00fcfterlose Design mit effizienter W\u00e4rmeableitung sorgt f\u00fcr einen leisen Betrieb, w\u00e4hrend hochwertige Komponenten und ein EMI-Absorber elektrische Interferenzen minimieren. Mit der VitOS Orbiter App ist die Bedienung intuitiv und einfach. So k\u00f6nnen Sie m\u00fchelos durch Ihre Musiksammlung navigieren und Ihre Lieblingstitel genie\u00dfen.      <\/span><\/div>\n<div class=\"specification-item row-header\"><span class=\"spec-content\"><strong>Hintergrundinformationen<\/strong><\/span><\/div>\n<div class=\"specification-item row-even\"><span class=\"spec-content\">Der Silent Angel Munich M1 wurde von Thunder Data mit dem Fokus auf hochwertige digitale Musikwiedergabe entwickelt. Entwickelt wurde er von einem Team unter der Leitung des Ingenieurs Dr. Eric Jian Huang. Das kompakte Geh\u00e4use ist aus einer Aluminiumlegierung zur elektromagnetischen Abschirmung gefertigt. Zu den internen Komponenten geh\u00f6ren ein Low-Jitter-Taktgeber, eine lineare Stromversorgung und eine abgeschirmte Verkabelung. Die Fertigung findet in China statt, mit Teilen aus Deutschland und Japan.    <\/span><\/div>\n<div class=\"specification-item row-header\"><span class=\"spec-content\"><strong>Geschichte der Marke<\/strong><\/span><\/div>\n<div class=\"specification-item row-even\"><span class=\"spec-content\">Silent Angel begann seine Reise im Jahr 2014 mit dem Schwerpunkt auf der Verbesserung digitaler Musiksysteme. Die Marke wurde von Fachleuten mit Erfahrungen in den Bereichen Netzwerke, Speicher und Computer gegr\u00fcndet. Die Gr\u00fcnder, darunter Eric Jian Huang und Chorus Chuang, kombinierten ihr Fachwissen, um Technologiel\u00f6sungen zu entwickeln, die ein hochwertiges digitales Musikerlebnis erm\u00f6glichen. Die Marke brachte mehrere Produkte auf den Markt, darunter Netzwerk-Switches und Musikserver, die die Signalqualit\u00e4t verbessern und Rauschen und Jitter in Audiosystemen minimieren sollen.   <\/span><\/div>\n<\/div>\n","protected":false},"excerpt":{"rendered":"<p>Beschreibung Freakuence! Top Streamer! Spielt warm, ohne Detailverluste. Ladenpreis: 1099.00 Details Eine Freakreturn! ist eine Webshop-R\u00fcckgabe, aber eine von Freakuence! Es geht um eine Online-Bestellung, die zur\u00fcckgeschickt wurde. Das kann wegen einer Farbe sein, die Ihnen nicht gef\u00e4llt, aber auch wegen des Charakters. Diese Produkte sind also nicht mehr als ein paar Tage alt und [&hellip;]<\/p>\n","protected":false},"featured_media":379562,"template":"","meta":{"_acf_changed":false,"inline_featured_image":false},"product_brand":[],"product_cat":[741,690],"product_tag":[571],"class_list":{"0":"post-323407","1":"product","2":"type-product","3":"status-publish","4":"has-post-thumbnail","6":"product_cat-luftschlangen","7":"product_cat-quellen","8":"product_tag-freakdemo","9":"pa_kleur-schwarz","11":"first","12":"instock","13":"sold-individually","14":"taxable","15":"shipping-taxable","16":"purchasable","17":"product-type-simple"},"acf":{"website":true,"show_on_homepage":false,"brand_title":"Silent Angel","product_type":"Munich M1","color":"Schwarz","subcolor":"","reserved_status":"1"},"_links":{"self":[{"href":"https:\/\/dev.freakuence.nl\/de\/wp-json\/wp\/v2\/product\/323407","targetHints":{"allow":["GET"]}}],"collection":[{"href":"https:\/\/dev.freakuence.nl\/de\/wp-json\/wp\/v2\/product"}],"about":[{"href":"https:\/\/dev.freakuence.nl\/de\/wp-json\/wp\/v2\/types\/product"}],"wp:featuredmedia":[{"embeddable":true,"href":"https:\/\/dev.freakuence.nl\/de\/wp-json\/wp\/v2\/media\/379562"}],"wp:attachment":[{"href":"https:\/\/dev.freakuence.nl\/de\/wp-json\/wp\/v2\/media?parent=323407"}],"wp:term":[{"taxonomy":"product_brand","embeddable":true,"href":"https:\/\/dev.freakuence.nl\/de\/wp-json\/wp\/v2\/product_brand?post=323407"},{"taxonomy":"product_cat","embeddable":true,"href":"https:\/\/dev.freakuence.nl\/de\/wp-json\/wp\/v2\/product_cat?post=323407"},{"taxonomy":"product_tag","embeddable":true,"href":"https:\/\/dev.freakuence.nl\/de\/wp-json\/wp\/v2\/product_tag?post=323407"}],"curies":[{"name":"wp","href":"https:\/\/api.w.org\/{rel}","templated":true}]}}