{"id":323453,"date":"2025-10-03T11:58:47","date_gmt":"2025-10-03T09:58:47","guid":{"rendered":"https:\/\/freakuence.nl\/product\/naim-ndx-3\/"},"modified":"2026-04-08T18:53:28","modified_gmt":"2026-04-08T16:53:28","slug":"naim-ndx-3","status":"publish","type":"product","link":"https:\/\/dev.freakuence.nl\/de\/produkt\/naim-ndx-3\/","title":{"rendered":"Naim NDX"},"content":{"rendered":"<div class=\"product-specifications-list\">\n<div class=\"specification-item row-header\"><span class=\"spec-content\"><strong>Beschreibung Freakuence!<\/strong><\/span><\/div>\n<div class=\"specification-item row-even\"><span class=\"spec-content\">Kraftvoll, \u00fcberzeugend und besonders analog. Ein gro\u00dfes und ruhiges Bild. Eine Saite ist eine Saite und nicht ein Schrei. Voll und rund. Sein dynamischer Charakter und die straffen Basslinien geben Ihnen das Gef\u00fchl, mitten im Geschehen zu sein.    <\/span><\/div>\n<div class=\"specification-item row-odd\"><span class=\"spec-content\">Ladenpreis: 4775.00<\/span><\/div>\n<div class=\"specification-item row-header\"><span class=\"spec-content\"><strong>Details<\/strong><\/span><\/div>\n<div class=\"specification-item row-even\"><span class=\"spec-content\">Der Importeur hat ein neues Display eingebaut. Es brennt wieder mit voller Kraft. <\/span><\/div>\n<div class=\"specification-item row-header\"><span class=\"spec-content\"><strong>Allgemeine Beschreibung<\/strong><\/span><\/div>\n<div class=\"specification-item row-even\"><span class=\"spec-content\">Der Naim NDX ist ein vielseitiger Netzwerkplayer, der Ihr Musikerlebnis auf die n\u00e4chste Stufe hebt. Mit der Unterst\u00fctzung verschiedener Streaming-Dienste wie TIDAL und Spotify Connect bietet der NDX unz\u00e4hlige M\u00f6glichkeiten, Ihre Lieblingsmusik zu h\u00f6ren. Der NDX ist mit einem 5-Zoll-Display ausgestattet, auf dem Albumcover und Titelinformationen angezeigt werden, was die Bedienung noch einfacher macht. Dank der UPnP-Funktionalit\u00e4t k\u00f6nnen Sie problemlos Audiodaten von Naim Audio-Festplattenservern, NAS-Ger\u00e4ten oder Computern in Ihrem Heimnetzwerk streamen. Der Player unterst\u00fctzt eine breite Palette von Audioformaten und bietet eine l\u00fcckenlose Wiedergabe f\u00fcr ein nahtloses H\u00f6rerlebnis. \u00dcber vier digitale Eing\u00e4nge k\u00f6nnen Sie externe Quellen anschlie\u00dfen, so dass der NDX eine zentrale Rolle in Ihrem Audiosystem spielen kann. Der NDX wurde mit viel Liebe zum Detail entwickelt, von der mechanischen Konstruktion \u00fcber die Auswahl der Komponenten bis hin zum Platinenlayout, was zu einer satten, detaillierten und beeindruckenden Klangwiedergabe f\u00fchrt. F\u00fcr alle, die einen hochwertigen Netzwerkplayer suchen, der Flexibilit\u00e4t und herausragende Audioleistung vereint, ist der Naim NDX eine ausgezeichnete Wahl.       <\/span><\/div>\n<div class=\"specification-item row-header\"><span class=\"spec-content\"><strong>Hintergrundinformationen<\/strong><\/span><\/div>\n<div class=\"specification-item row-even\"><span class=\"spec-content\">Der Naim NDX wurde vom Forschungs- und Entwicklungsteam in Salisbury entwickelt, das von Ingenieuren wie Steve Sells geleitet wird. Der Streamer kombiniert digitale Pr\u00e4zision mit analoger Musikalit\u00e4t. Naim verwendet ausgew\u00e4hlte Komponenten, darunter ein separates Netzteil mit Ringkerntransformator. Das Geh\u00e4use ist f\u00fcr eine optimale Abschirmung aus massivem Aluminium gefr\u00e4st. Die interne Verkabelung ist auf minimale Interferenzen ausgerichtet.    <\/span><\/div>\n<div class=\"specification-item row-header\"><span class=\"spec-content\"><strong>Geschichte der Marke<\/strong><\/span><\/div>\n<div class=\"specification-item row-even\"><span class=\"spec-content\">Naim Audio wurde 1973 von Julian Vereker gegr\u00fcndet, einem britischen Ingenieur mit einer Leidenschaft f\u00fcr Elektronik und Musik. 1985 erhielt das Unternehmen zum ersten Mal den prestigetr\u00e4chtigen Queen&#8217;s Award, eine Auszeichnung, die sp\u00e4ter noch zweimal verliehen wurde. 1991 stellte das Unternehmen seinen ersten CD-Player, den CDS, mit einem zweiteiligen Geh\u00e4use f\u00fcr eine verbesserte Leistung vor. Im Jahr 2000 wurde der kultige NAP 500 Verst\u00e4rker auf den Markt gebracht, gefolgt von der Entwicklung des Statement Verst\u00e4rkersystems im Jahr 2014, einem Meilenstein in der Entwicklung des Unternehmens.   <\/span><\/div>\n<\/div>\n","protected":false},"excerpt":{"rendered":"<p>Beschreibung Freakuence! Kraftvoll, \u00fcberzeugend und besonders analog. Ein gro\u00dfes und ruhiges Bild. Eine Saite ist eine Saite und nicht ein Schrei. Voll und rund. Sein dynamischer Charakter und die straffen Basslinien geben Ihnen das Gef\u00fchl, mitten im Geschehen zu sein. Ladenpreis: 4775.00 Details Der Importeur hat ein neues Display eingebaut. Es brennt wieder mit voller [&hellip;]<\/p>\n","protected":false},"featured_media":384447,"template":"","meta":{"_acf_changed":false,"inline_featured_image":false},"product_brand":[],"product_cat":[741,690],"product_tag":[534],"class_list":{"0":"post-323453","1":"product","2":"type-product","3":"status-publish","4":"has-post-thumbnail","6":"product_cat-luftschlangen","7":"product_cat-quellen","8":"product_tag-benutzt","9":"pa_kleur-schwarz","11":"first","12":"instock","13":"sold-individually","14":"purchasable","15":"product-type-simple"},"acf":{"website":true,"show_on_homepage":false,"brand_title":"Naim","product_type":"NDX","color":"Schwarz","subcolor":"","reserved_status":"0"},"_links":{"self":[{"href":"https:\/\/dev.freakuence.nl\/de\/wp-json\/wp\/v2\/product\/323453","targetHints":{"allow":["GET"]}}],"collection":[{"href":"https:\/\/dev.freakuence.nl\/de\/wp-json\/wp\/v2\/product"}],"about":[{"href":"https:\/\/dev.freakuence.nl\/de\/wp-json\/wp\/v2\/types\/product"}],"wp:featuredmedia":[{"embeddable":true,"href":"https:\/\/dev.freakuence.nl\/de\/wp-json\/wp\/v2\/media\/384447"}],"wp:attachment":[{"href":"https:\/\/dev.freakuence.nl\/de\/wp-json\/wp\/v2\/media?parent=323453"}],"wp:term":[{"taxonomy":"product_brand","embeddable":true,"href":"https:\/\/dev.freakuence.nl\/de\/wp-json\/wp\/v2\/product_brand?post=323453"},{"taxonomy":"product_cat","embeddable":true,"href":"https:\/\/dev.freakuence.nl\/de\/wp-json\/wp\/v2\/product_cat?post=323453"},{"taxonomy":"product_tag","embeddable":true,"href":"https:\/\/dev.freakuence.nl\/de\/wp-json\/wp\/v2\/product_tag?post=323453"}],"curies":[{"name":"wp","href":"https:\/\/api.w.org\/{rel}","templated":true}]}}