{"id":323465,"date":"2025-10-03T13:40:59","date_gmt":"2025-10-03T11:40:59","guid":{"rendered":"https:\/\/freakuence.nl\/product\/hegel-mohikaner\/"},"modified":"2026-04-08T11:40:10","modified_gmt":"2026-04-08T09:40:10","slug":"hegel-mohikaner","status":"publish","type":"product","link":"https:\/\/dev.freakuence.nl\/de\/produkt\/hegel-mohikaner\/","title":{"rendered":"Hegel Mohikaner"},"content":{"rendered":"<div class=\"product-specifications-list\">\n<div class=\"specification-item row-header\"><span class=\"spec-content\"><strong>Beschreibung Freakuence!<\/strong><\/span><\/div>\n<div class=\"specification-item row-even\"><span class=\"spec-content\">Der Mohican-Player spielt zweifelsohne auf einem viel h\u00f6heren Niveau als die internen Dacs, die Hegel in seinen Verst\u00e4rkern hat. Das Abspielen von CDs in der Freizeit ist etwas anderes als das Streaming. Immer wieder sch\u00f6n, das zu erleben.  <\/span><\/div>\n<div class=\"specification-item row-odd\"><span class=\"spec-content\">Ladenpreis: 4595.00<\/span><\/div>\n<div class=\"specification-item row-header\"><span class=\"spec-content\"><strong>Details<\/strong><\/span><\/div>\n<div class=\"specification-item row-even\"><span class=\"spec-content\">Aus einem gro\u00dfen Stapel von Ausstellungsmodellen aus dem europ\u00e4ischen Vertrieb. Wir haben viele Hegel-Ger\u00e4te (auch Duplikate). Sie wurden alle von Audio Service Elst (der offiziellen Stelle) gepr\u00fcft, bevor der H\u00e4ndler sie hierher liefern lie\u00df. Volle Garantie!   <\/span><\/div>\n<div class=\"specification-item row-header\"><span class=\"spec-content\"><strong>Allgemeine Beschreibung<\/strong><\/span><\/div>\n<div class=\"specification-item row-even\"><span class=\"spec-content\">Der Hegel Mohican ist ein CD-Player, der sich ganz der CD-Wiedergabe verschrieben hat. Im Gegensatz zu vielen anderen Playern, die alle m\u00f6glichen Zusatzfunktionen bieten, wurde der Mohican mit einem einzigen Ziel entwickelt: die bestm\u00f6gliche Klangqualit\u00e4t bei der Wiedergabe von CDs zu liefern.   <\/p>\n<p>Das Ger\u00e4t verwendet ein CD-Laufwerk von Sanyo, das mit speziell entwickelten Servo-Schaltungen optimiert wurde. Der eingebaute DAC arbeitet mit einer nativen Aufl\u00f6sung von 16 Bit\/44,1 kHz und gew\u00e4hrleistet eine reine und pr\u00e4zise Wiedergabe ohne Re-Sampling.  Dank der patentierten SoundEngine-Technologie wird das Zittern minimiert, was zu einer nat\u00fcrlichen und gleichm\u00e4\u00dfigen Klangwiedergabe f\u00fchrt.  <\/p>\n<p>Das Design des Mohican ist schlank und funktional, mit einer soliden Konstruktion und intuitiver Bedienung. Der Player bietet sowohl RCA- als auch XLR-Ausg\u00e4nge, so dass er leicht an verschiedene Verst\u00e4rker und Audiosysteme angeschlossen werden kann.   <\/p>\n<p>F\u00fcr CD-Liebhaber, die einen Player ohne \u00fcberfl\u00fcssige Funktionen suchen, bei dem die Klangqualit\u00e4t im Vordergrund steht, ist der Hegel Mohican eine ausgezeichnete Wahl.<\/span><\/div>\n<div class=\"specification-item row-header\"><span class=\"spec-content\"><strong>Hintergrundinformationen<\/strong><\/span><\/div>\n<div class=\"specification-item row-even\"><span class=\"spec-content\">Der Hegel Mohican ist ein High-End-CD-Player, der speziell f\u00fcr eine Aufgabe entwickelt wurde: die perfekte Wiedergabe von Red Book CDs. Nach Angaben von Hegel selbst hat dieser Fokus zu einer \u00fcberragenden Klangqualit\u00e4t gef\u00fchrt. Der Mohican wurde von dem norwegischen Ingenieurteam unter der Leitung von Bent Holter entwickelt und verwendet hochwertige DAC-Chips und eine hochpr\u00e4zise Clock-Sektion. Das Metallgeh\u00e4use und die getrennten Schaltkreise minimieren Rauschen und Interferenzen.   <\/span><\/div>\n<div class=\"specification-item row-header\"><span class=\"spec-content\"><strong>Geschichte der Marke<\/strong><\/span><\/div>\n<div class=\"specification-item row-even\"><span class=\"spec-content\">Hegel wurde in den sp\u00e4ten 1980er Jahren von Bent Holter in Norwegen gegr\u00fcndet. Im Rahmen seiner Abschlussarbeit an der Technischen Universit\u00e4t Trondheim entwickelte er eine L\u00f6sung zur Reduzierung von Verzerrungen in Transistorverst\u00e4rkern. Dies f\u00fchrte zu der Technologie, die sp\u00e4ter als SoundEngine bekannt wurde. Im Jahr 1988 wurde der Name Hegel erstmals f\u00fcr einen Verst\u00e4rker verwendet. In den 1990er Jahren brachte das Unternehmen mehrere CD-Player und Verst\u00e4rker heraus. Im Jahr 1996 wurde der erste vollsymmetrische Verst\u00e4rker vorgestellt. Um 2004 begann die Marke mit der Entwicklung von DA-Wandlern. Sp\u00e4ter wurden die Produkte mit Netzwerkfunktionen ausgestattet, um die digitale Musikwiedergabe zu unterst\u00fctzen. Hegel vermarktet ausschlie\u00dflich seine eigene Elektronik und entwickelt sowohl das Schaltungsdesign als auch die notwendige Software selbst. Das Unternehmen betreibt den internationalen Vertrieb seiner Produkte von Norwegen aus.         <\/span><\/div>\n<\/div>\n","protected":false},"excerpt":{"rendered":"<p>Beschreibung Freakuence! Der Mohican-Player spielt zweifelsohne auf einem viel h\u00f6heren Niveau als die internen Dacs, die Hegel in seinen Verst\u00e4rkern hat. Das Abspielen von CDs in der Freizeit ist etwas anderes als das Streaming. Immer wieder sch\u00f6n, das zu erleben. Ladenpreis: 4595.00 Details Aus einem gro\u00dfen Stapel von Ausstellungsmodellen aus dem europ\u00e4ischen Vertrieb. Wir haben [&hellip;]<\/p>\n","protected":false},"featured_media":380184,"template":"","meta":{"_acf_changed":false,"inline_featured_image":false},"product_brand":[],"product_cat":[554,690],"product_tag":[555],"class_list":{"0":"post-323465","1":"product","2":"type-product","3":"status-publish","4":"has-post-thumbnail","6":"product_cat-cd-spieler","7":"product_cat-quellen","8":"product_tag-demo","9":"pa_kleur-silber","11":"first","12":"instock","13":"sold-individually","14":"purchasable","15":"product-type-simple"},"acf":{"website":true,"show_on_homepage":false,"brand_title":"Hegel","product_type":"Mohican","color":"Silber","subcolor":"","reserved_status":"0"},"_links":{"self":[{"href":"https:\/\/dev.freakuence.nl\/de\/wp-json\/wp\/v2\/product\/323465","targetHints":{"allow":["GET"]}}],"collection":[{"href":"https:\/\/dev.freakuence.nl\/de\/wp-json\/wp\/v2\/product"}],"about":[{"href":"https:\/\/dev.freakuence.nl\/de\/wp-json\/wp\/v2\/types\/product"}],"wp:featuredmedia":[{"embeddable":true,"href":"https:\/\/dev.freakuence.nl\/de\/wp-json\/wp\/v2\/media\/380184"}],"wp:attachment":[{"href":"https:\/\/dev.freakuence.nl\/de\/wp-json\/wp\/v2\/media?parent=323465"}],"wp:term":[{"taxonomy":"product_brand","embeddable":true,"href":"https:\/\/dev.freakuence.nl\/de\/wp-json\/wp\/v2\/product_brand?post=323465"},{"taxonomy":"product_cat","embeddable":true,"href":"https:\/\/dev.freakuence.nl\/de\/wp-json\/wp\/v2\/product_cat?post=323465"},{"taxonomy":"product_tag","embeddable":true,"href":"https:\/\/dev.freakuence.nl\/de\/wp-json\/wp\/v2\/product_tag?post=323465"}],"curies":[{"name":"wp","href":"https:\/\/api.w.org\/{rel}","templated":true}]}}