{"id":323528,"date":"2025-10-02T13:12:28","date_gmt":"2025-10-02T11:12:28","guid":{"rendered":"https:\/\/freakuence.nl\/product\/arcam-radia-a25\/"},"modified":"2026-04-08T17:40:07","modified_gmt":"2026-04-08T15:40:07","slug":"arcam-radia-a25","status":"publish","type":"product","link":"https:\/\/dev.freakuence.nl\/de\/produkt\/arcam-radia-a25\/","title":{"rendered":"ARCAM Radia A25"},"content":{"rendered":"<div class=\"product-specifications-list\">\n<div class=\"specification-item row-header\"><span class=\"spec-content\"><strong>Beschreibung Freakuence!<\/strong><\/span><\/div>\n<div class=\"specification-item row-even\"><span class=\"spec-content\">Arcam macht es. Mit seinem warmen und charmanten Klang setzt er Ihren Fu\u00df in Bewegung. Verlassen Sie sich darauf! Mit einem Gef\u00fchl der N\u00e4he, der Greifbarkeit. Die B\u00fchne, die er schafft, ist tief, weit \u00fcber die Lautsprecher hinaus.    <\/span><\/div>\n<div class=\"specification-item row-odd\"><span class=\"spec-content\">Ladenpreis: 1799.00<\/span><\/div>\n<div class=\"specification-item row-header\"><span class=\"spec-content\"><strong>Details<\/strong><\/span><\/div>\n<div class=\"specification-item row-even\"><span class=\"spec-content\">Wir nehmen gerne neue Ger\u00e4te in Zahlung, um daraus etwas zu machen! Bitte teilen Sie uns mit, ob und was Sie zum Eintauschen haben. Ohne Inzahlungnahme, versteht sich. Wir liefern 100% neu in versiegelter Verpackung, aber wir dachten, es w\u00e4re nett, ein Foto von unserem Vorf\u00fchrmodell zu machen. Kommen Sie f\u00fcr eine Vorf\u00fchrung in einem unserer 5 H\u00f6rr\u00e4ume vorbei! Andere Versionen sind ebenfalls m\u00f6glich.     <\/p>\n<p>Sie suchen ein anderes Modell aus der aktuellen Serie der Marke? Schicken Sie uns eine Nachricht!  Wir m\u00f6chten, dass es Spa\u00df macht.<\/p>\n<p>Mehrwertsteuer-Produkt. Unternehmer, Menschen au\u00dferhalb der EU, nutzen den Vorteil. <\/span><\/div>\n<div class=\"specification-item row-header\"><span class=\"spec-content\"><strong>Allgemeine Beschreibung<\/strong><\/span><\/div>\n<div class=\"specification-item row-even\"><span class=\"spec-content\">Dieses Ger\u00e4t liefert 100 Watt pro Kanal an 8 Ohm und 165 Watt an 4 Ohm, mit einer harmonischen Verzerrung von 0,002% bei 80% Leistung. Es verf\u00fcgt \u00fcber drei analoge RCA-Eing\u00e4nge, einen Phono-Eingang f\u00fcr MM-Tonabnehmer und digitale Eing\u00e4nge: zwei koaxiale, einen optischen und einen USB-C-Anschluss. Der interne DAC unterst\u00fctzt PCM-Sampling bis zu 384 kHz und DSD bis zu DSD1024. Bluetooth 5.2 mit aptX Adaptive Technologie ist vorhanden. Kopfh\u00f6rer k\u00f6nnen entweder kabelgebunden oder kabellos angeschlossen werden. Die Abmessungen sind 431 x 344 x 83 mm und das Gewicht betr\u00e4gt 9 kg.     <\/span><\/div>\n<div class=\"specification-item row-header\"><span class=\"spec-content\"><strong>Hintergrundinformationen<\/strong><\/span><\/div>\n<div class=\"specification-item row-even\"><span class=\"spec-content\">Das Arcam Radia A25 wurde vom Ingenieurteam in Cambridge entwickelt, wobei der Schwerpunkt auf audiophiler Klangqualit\u00e4t und schlanker \u00c4sthetik lag. Das Aluminiumgeh\u00e4use reduziert Vibrationen und verbessert die Signalintegrit\u00e4t. Der A25 verwendet die ESS Sabre DAC-Technologie und hochwertige interne Komponenten f\u00fcr eine pr\u00e4zise Signalverarbeitung. Arcam hat sich der britischen Designphilosophie verschrieben: reiner Klang, minimale F\u00e4rbung, maximale Musikalit\u00e4t.   <\/span><\/div>\n<div class=\"specification-item row-header\"><span class=\"spec-content\"><strong>Geschichte der Marke<\/strong><\/span><\/div>\n<div class=\"specification-item row-even\"><span class=\"spec-content\">Arcam wurde 1976 in Cambridge, Gro\u00dfbritannien, gegr\u00fcndet. Das erste Produkt, das das Unternehmen auf den Markt brachte, war der A60, ein Vollverst\u00e4rker, der Kultstatus erlangte und mehr als 30.000 Mal verkauft wurde. 1986 erweiterte Arcam seine Produktpalette um den ersten CD-Player, der vollst\u00e4ndig in Gro\u00dfbritannien entwickelt und hergestellt wurde. 1988 brachte Arcam die Black Box heraus, einen der ersten eigenst\u00e4ndigen DACs (Digital-Analog-Wandler) f\u00fcr die CD-Wiedergabe. In den 1990er Jahren f\u00fchrte Arcam den Xeta 1 ein, den ersten AV-Verst\u00e4rker f\u00fcr Audiophile, und entwickelte 1999 den weltweit ersten DAB-Tuner f\u00fcr den Heimgebrauch.    <\/span><\/div>\n<\/div>\n","protected":false},"excerpt":{"rendered":"<p>Beschreibung Freakuence! Arcam macht es. Mit seinem warmen und charmanten Klang setzt er Ihren Fu\u00df in Bewegung. Verlassen Sie sich darauf! Mit einem Gef\u00fchl der N\u00e4he, der Greifbarkeit. Die B\u00fchne, die er schafft, ist tief, weit \u00fcber die Lautsprecher hinaus. Ladenpreis: 1799.00 Details Wir nehmen gerne neue Ger\u00e4te in Zahlung, um daraus etwas zu machen! [&hellip;]<\/p>\n","protected":false},"featured_media":382413,"template":"","meta":{"_acf_changed":false,"inline_featured_image":false},"product_brand":[],"product_cat":[774,744,532],"product_tag":[571],"class_list":{"0":"post-323528","1":"product","2":"type-product","3":"status-publish","4":"has-post-thumbnail","6":"product_cat-klasse-a-a-b-stereo-verstarker","7":"product_cat-stereo-verstarker","8":"product_cat-verstarker","9":"product_tag-freakdemo","10":"pa_kleur-schwarz","12":"first","13":"instock","14":"sold-individually","15":"taxable","16":"shipping-taxable","17":"purchasable","18":"product-type-simple"},"acf":{"website":true,"show_on_homepage":false,"brand_title":"ARCAM","product_type":"Radia A25","color":"Schwarz","subcolor":"","reserved_status":"0"},"_links":{"self":[{"href":"https:\/\/dev.freakuence.nl\/de\/wp-json\/wp\/v2\/product\/323528","targetHints":{"allow":["GET"]}}],"collection":[{"href":"https:\/\/dev.freakuence.nl\/de\/wp-json\/wp\/v2\/product"}],"about":[{"href":"https:\/\/dev.freakuence.nl\/de\/wp-json\/wp\/v2\/types\/product"}],"wp:featuredmedia":[{"embeddable":true,"href":"https:\/\/dev.freakuence.nl\/de\/wp-json\/wp\/v2\/media\/382413"}],"wp:attachment":[{"href":"https:\/\/dev.freakuence.nl\/de\/wp-json\/wp\/v2\/media?parent=323528"}],"wp:term":[{"taxonomy":"product_brand","embeddable":true,"href":"https:\/\/dev.freakuence.nl\/de\/wp-json\/wp\/v2\/product_brand?post=323528"},{"taxonomy":"product_cat","embeddable":true,"href":"https:\/\/dev.freakuence.nl\/de\/wp-json\/wp\/v2\/product_cat?post=323528"},{"taxonomy":"product_tag","embeddable":true,"href":"https:\/\/dev.freakuence.nl\/de\/wp-json\/wp\/v2\/product_tag?post=323528"}],"curies":[{"name":"wp","href":"https:\/\/api.w.org\/{rel}","templated":true}]}}