{"id":323622,"date":"2025-10-02T13:06:08","date_gmt":"2025-10-02T11:06:08","guid":{"rendered":"https:\/\/freakuence.nl\/product\/van-medevoort-cd-250\/"},"modified":"2026-03-10T06:02:17","modified_gmt":"2026-03-10T05:02:17","slug":"van-medevoort-cd-250","status":"publish","type":"product","link":"https:\/\/dev.freakuence.nl\/de\/produkt\/van-medevoort-cd-250\/","title":{"rendered":"Van Medevoort CD 250"},"content":{"rendered":"<div class=\"product-specifications-list\">\n<div class=\"specification-item row-header\"><span class=\"spec-content\"><strong>Beschreibung Freakuence!<\/strong><\/span><\/div>\n<div class=\"specification-item row-even\"><span class=\"spec-content\">Die Wiedergabe ist klar und detailliert, mit einem breiten Frequenzbereich und minimaler Verzerrung. Die Konstruktion ist solide, mit einer massiven Aluminium-Frontplatte und professionellen Digital-Analog-Wandlern. Dies sorgt f\u00fcr ein optimales Musikerlebnis.  <\/span><\/div>\n<div class=\"specification-item row-odd\"><span class=\"spec-content\">Einzelhandelspreis: 1.250,00<\/span><\/div>\n<div class=\"specification-item row-header\"><span class=\"spec-content\"><strong>Allgemeine Beschreibung<\/strong><\/span><\/div>\n<div class=\"specification-item row-even\"><span class=\"spec-content\">Der Van Medevoort CD 250 ist ein CD-Player, der f\u00fcr Musikliebhaber entwickelt wurde. Das robuste Geh\u00e4use hilft, Resonanzen und mechanische Verzerrungen zu minimieren.  Der Transportmechanismus ist auf einem Subchassis mit federbelasteter Aufh\u00e4ngung montiert, was akustische R\u00fcckkopplungen reduziert.  <\/p>\n<p>F\u00fcr die Stromversorgung und die digitalen und analogen Schaltungen wurden hochwertige Audiokomponenten verwendet. Die vM-Superclock sorgt f\u00fcr genaues Timing und minimalen Jitter im digitalen Bereich.   <\/p>\n<p>Zus\u00e4tzliche Steuerungsoptionen wie Wiederholung oder Zufallswiedergabe sind \u00fcber die Fernbedienung verf\u00fcgbar. Neben vergoldeten digitalen und analogen koaxialen Cinch-Ausg\u00e4ngen gibt es auch einen optischen Digitalausgang. <\/span><\/div>\n<div class=\"specification-item row-header\"><span class=\"spec-content\"><strong>Hintergrundinformationen<\/strong><\/span><\/div>\n<div class=\"specification-item row-even\"><span class=\"spec-content\">Der Van Medevoort CD 250 ist ein High-End-CD-Player, der von dem Ingenieur Ben van Medevoort entwickelt wurde. Das Design folgt seiner Philosophie der maximalen Signalintegrit\u00e4t: kurze Signalwege, diskrete Komponentenauswahl und eine sehr stabile Stromversorgung. Das Geh\u00e4use ist resonanzarm und aus dickem Stahl gefertigt. Die interne Verkabelung und die Komponenten wurden nach klanglichen Gesichtspunkten ausgew\u00e4hlt, darunter hochwertige Audiokondensatoren und ein speziell angepasster DA-Wandler. Handgefertigt in den Niederlanden.    <\/span><\/div>\n<div class=\"specification-item row-header\"><span class=\"spec-content\"><strong>Geschichte der Marke<\/strong><\/span><\/div>\n<div class=\"specification-item row-even\"><span class=\"spec-content\">Van Medevoort wurde 1985 von dem Audiodesigner Ben van Medevoort gegr\u00fcndet. Die Marke entwickelt, montiert und testet alle ihre Produkte in den Niederlanden. 1986 brachte das Unternehmen seinen ersten Verst\u00e4rker, den vM MA100, auf den Markt, gefolgt von der Stereo-Endstufe vM SA100 mit dem dazu passenden Vorverst\u00e4rker vM PA100. In den 1990er Jahren kamen digitale Produkte wie D\/A-Wandler und CD-Player hinzu. Damit wurde das Lieferprogramm auf analoge und digitale Komponenten erweitert. Nachfolgende Produktlinien erhielten die Bezeichnung &#8218;vM&#8216;, gefolgt von einer Typennummer. Die Designs basieren auf diskreter Elektronik, ohne Verwendung von Operationsverst\u00e4rkern oder digitaler Lautst\u00e4rkeregelung. Die Geh\u00e4use sind vollst\u00e4ndig aus Metall gefertigt. Van Medevoort f\u00fchrt die Produktion, die Endmontage, das Testen und den Service selbst an seinem Hauptsitz in IJsselstein durch.        <\/span><\/div>\n<\/div>\n","protected":false},"excerpt":{"rendered":"<p>Beschreibung Freakuence! Die Wiedergabe ist klar und detailliert, mit einem breiten Frequenzbereich und minimaler Verzerrung. Die Konstruktion ist solide, mit einer massiven Aluminium-Frontplatte und professionellen Digital-Analog-Wandlern. Dies sorgt f\u00fcr ein optimales Musikerlebnis. Einzelhandelspreis: 1.250,00 Allgemeine Beschreibung Der Van Medevoort CD 250 ist ein CD-Player, der f\u00fcr Musikliebhaber entwickelt wurde. Das robuste Geh\u00e4use hilft, Resonanzen und [&hellip;]<\/p>\n","protected":false},"featured_media":0,"template":"","meta":{"_acf_changed":false,"inline_featured_image":false},"product_brand":[],"product_cat":[345],"product_tag":[],"class_list":{"0":"post-323622","1":"product","2":"type-product","3":"status-publish","5":"product_cat-speakers","7":"first","8":"instock","9":"sold-individually","10":"purchasable","11":"product-type-simple"},"acf":{"website":true,"show_on_homepage":false,"brand_title":"Van Medevoort","product_type":"CD 250","color":"Silber","subcolor":"","reserved_status":"0"},"_links":{"self":[{"href":"https:\/\/dev.freakuence.nl\/de\/wp-json\/wp\/v2\/product\/323622","targetHints":{"allow":["GET"]}}],"collection":[{"href":"https:\/\/dev.freakuence.nl\/de\/wp-json\/wp\/v2\/product"}],"about":[{"href":"https:\/\/dev.freakuence.nl\/de\/wp-json\/wp\/v2\/types\/product"}],"wp:attachment":[{"href":"https:\/\/dev.freakuence.nl\/de\/wp-json\/wp\/v2\/media?parent=323622"}],"wp:term":[{"taxonomy":"product_brand","embeddable":true,"href":"https:\/\/dev.freakuence.nl\/de\/wp-json\/wp\/v2\/product_brand?post=323622"},{"taxonomy":"product_cat","embeddable":true,"href":"https:\/\/dev.freakuence.nl\/de\/wp-json\/wp\/v2\/product_cat?post=323622"},{"taxonomy":"product_tag","embeddable":true,"href":"https:\/\/dev.freakuence.nl\/de\/wp-json\/wp\/v2\/product_tag?post=323622"}],"curies":[{"name":"wp","href":"https:\/\/api.w.org\/{rel}","templated":true}]}}