{"id":323715,"date":"2025-10-02T12:51:55","date_gmt":"2025-10-02T10:51:55","guid":{"rendered":"https:\/\/freakuence.nl\/product\/mcintosh-c8\/"},"modified":"2026-04-16T11:13:23","modified_gmt":"2026-04-16T09:13:23","slug":"mcintosh-c8","status":"publish","type":"product","link":"https:\/\/dev.freakuence.nl\/de\/produkt\/mcintosh-c8\/","title":{"rendered":"McIntosh C8"},"content":{"rendered":"<div class=\"product-specifications-list\">\n<div class=\"specification-item row-header\"><span class=\"spec-content\"><strong>Beschreibung Freakuence!<\/strong><\/span><\/div>\n<div class=\"specification-item row-even\"><span class=\"spec-content\">McIntosh, wer hat da nicht schon einmal heimlich davon getr\u00e4umt. Selbst die Neinsager fangen oft an, dar\u00fcber zu reden, wenn sie die Marke sehen. Hassen Sie sie oder lieben Sie sie! Dann noch ein Wort zum Display&#8230; dieses ist besonders farbenfroh, mit einer soliden Verst\u00e4rkung. Die Autorit\u00e4t ist klar, dieses Ding kann es. Sehr offen, sehr weich in den H\u00f6hen.     <\/span><\/div>\n<div class=\"specification-item row-odd\"><span class=\"spec-content\">Ladenpreis: 6.190,00<\/span><\/div>\n<div class=\"specification-item row-header\"><span class=\"spec-content\"><strong>Details<\/strong><\/span><\/div>\n<div class=\"specification-item row-even\"><span class=\"spec-content\">Ausgestattet mit dem optionalen DAC2-Modul. Es geht auch ohne, in diesem Fall k\u00f6nnen wir 500,00 vom Preis abziehen. <\/span><\/div>\n<div class=\"specification-item row-odd\"><span class=\"spec-content\">Da wir H\u00e4ndler dieser Marke sind, bieten wir Ihnen gerne die volle H\u00e4ndler-Garantie auf dieses Produkt an! Und warum? Wir sind zuversichtlich und diese Zusicherung macht es sicherlich angenehmer.  <\/span><\/div>\n<div class=\"specification-item row-even\"><span class=\"spec-content\">Sie suchen ein anderes Modell aus der aktuellen Serie der Marke? Schicken Sie uns eine Nachricht!  Wir m\u00f6chten, dass es Spa\u00df macht.<\/span><\/div>\n<div class=\"specification-item row-header\"><span class=\"spec-content\"><strong>Allgemeine Beschreibung<\/strong><\/span><\/div>\n<div class=\"specification-item row-even\"><span class=\"spec-content\">Der McIntosh C8 ist ein R\u00f6hrenvorverst\u00e4rker, der f\u00fcr seine warme und nat\u00fcrliche Klangwiedergabe bekannt ist. Mit vier 12AX7a Vakuumr\u00f6hren liefert er den unverwechselbaren McIntosh-Sound, der seit Generationen gesch\u00e4tzt wird. Sein offenes Geh\u00e4use und das industrielle Design erinnern an den klassischen R\u00f6hrenverst\u00e4rker MC275 und die Vollverst\u00e4rker MA252 und MA352.  <\/p>\n<p>Der C8 verf\u00fcgt \u00fcber mehrere analoge Eing\u00e4nge, darunter symmetrische und unsymmetrische Optionen, sowie Phonoeing\u00e4nge f\u00fcr Moving Coil- und Moving Magnet-Elemente. So k\u00f6nnen Sie verschiedene Audioquellen anschlie\u00dfen, von Plattenspielern bis hin zu CD-Playern. Alle Eing\u00e4nge k\u00f6nnen f\u00fcr eine benutzerfreundliche Bedienung einfach benannt werden. Au\u00dferdem gibt es Bass- und H\u00f6henregler, um den Klang an Ihre pers\u00f6nlichen Vorlieben anzupassen.   <\/p>\n<p>F\u00fcr diejenigen, die digitale Konnektivit\u00e4t w\u00fcnschen, kann der C8 mit dem optionalen DA2 Digital Audio Module erweitert werden. Dieses Modul f\u00fcgt sieben digitale Eing\u00e4nge hinzu, darunter HDMI (ARC), USB und optische Eing\u00e4nge, und unterst\u00fctzt hochaufl\u00f6sende Audioformate bis zu DSD512 und DXD 384 kHz. Dies macht den C8 sowohl in analogen als auch in digitalen Audiokonfigurationen flexibel.  <\/p>\n<p>Der Vorverst\u00e4rker ist mit einem hochwertigen Kopfh\u00f6rerverst\u00e4rker ausgestattet, der f\u00fcr eine breite Palette von Kopfh\u00f6rern geeignet ist. \u00dcber die Stromversorgungsanschl\u00fcsse lassen sich andere McIntosh-Komponenten einfach ein- und ausschalten. Das klassische McIntosh-Design mit schwarzer Glasfront, beleuchtetem Logo und Metalltasten sorgt f\u00fcr einen zeitlosen Look, der in jede Einrichtung passt.  <\/span><\/div>\n<div class=\"specification-item row-header\"><span class=\"spec-content\"><strong>Hintergrundinformationen<\/strong><\/span><\/div>\n<div class=\"specification-item row-even\"><span class=\"spec-content\">Der McIntosh C8 R\u00f6hrenvorverst\u00e4rker ist vom klassischen C8 aus dem Jahr 1950 inspiriert, aber mit moderner Technologie komplett \u00fcberarbeitet. Er wurde in Binghamton, New York, von McIntoshs hauseigenem Ingenieurteam entwickelt und kombiniert Retro-Design mit High-End-Komponenten wie R\u00f6hren in audiophiler Qualit\u00e4t, vergoldeten Anschl\u00fcssen und McIntoshs internen K\u00fchlk\u00f6rpern mit Monogramm. Das Geh\u00e4use ist aus geb\u00fcrstetem Aluminium und Stahl gefertigt.  <\/span><\/div>\n<div class=\"specification-item row-header\"><span class=\"spec-content\"><strong>Geschichte der Marke<\/strong><\/span><\/div>\n<div class=\"specification-item row-even\"><span class=\"spec-content\">Das McIntosh Laboratory wurde 1949 von Frank H. McIntosh und Gordon Gow gegr\u00fcndet und hat seinen Sitz in Binghamton, New York. 1965 wurden McIntosh-Verst\u00e4rker bei der Rede zur Amtseinf\u00fchrung von Pr\u00e4sident Lyndon B. Johnson eingesetzt. 1969 sorgten zwanzig McIntosh MC3500 R\u00f6hrenverst\u00e4rker f\u00fcr den Sound beim Woodstock-Festival. 1974 verwendeten die Grateful Dead 48 McIntosh MC2300 Verst\u00e4rker f\u00fcr ihr &#8222;Wall of Sound&#8220;-System. 1990 wurde McIntosh von Clarion \u00fcbernommen, gefolgt von einer \u00dcbernahme durch D&amp;M Holdings im Jahr 2003. Im Jahr 2022 wurde das Unternehmen an eine private Beteiligungsgesellschaft verkauft. McIntosh ist bekannt f\u00fcr seine schwarzen Glasfronten und blauen VU-Meter.      <\/span><\/div>\n<\/div>\n","protected":false},"excerpt":{"rendered":"<p>Beschreibung Freakuence! McIntosh, wer hat da nicht schon einmal heimlich davon getr\u00e4umt. Selbst die Neinsager fangen oft an, dar\u00fcber zu reden, wenn sie die Marke sehen. Hassen Sie sie oder lieben Sie sie! Dann noch ein Wort zum Display&#8230; dieses ist besonders farbenfroh, mit einer soliden Verst\u00e4rkung. Die Autorit\u00e4t ist klar, dieses Ding kann es. [&hellip;]<\/p>\n","protected":false},"featured_media":404359,"template":"","meta":{"_acf_changed":false,"inline_featured_image":false},"product_brand":[],"product_cat":[557,744,532],"product_tag":[534],"class_list":{"0":"post-323715","1":"product","2":"type-product","3":"status-publish","4":"has-post-thumbnail","6":"product_cat-rohrenverstarker","7":"product_cat-stereo-verstarker","8":"product_cat-verstarker","9":"product_tag-benutzt","10":"pa_kleur-schwarz","12":"first","13":"instock","14":"sold-individually","15":"purchasable","16":"product-type-simple"},"acf":{"website":true,"show_on_homepage":false,"brand_title":"McIntosh","product_type":"C8","color":"Schwarz","subcolor":"","reserved_status":"0"},"_links":{"self":[{"href":"https:\/\/dev.freakuence.nl\/de\/wp-json\/wp\/v2\/product\/323715","targetHints":{"allow":["GET"]}}],"collection":[{"href":"https:\/\/dev.freakuence.nl\/de\/wp-json\/wp\/v2\/product"}],"about":[{"href":"https:\/\/dev.freakuence.nl\/de\/wp-json\/wp\/v2\/types\/product"}],"wp:featuredmedia":[{"embeddable":true,"href":"https:\/\/dev.freakuence.nl\/de\/wp-json\/wp\/v2\/media\/404359"}],"wp:attachment":[{"href":"https:\/\/dev.freakuence.nl\/de\/wp-json\/wp\/v2\/media?parent=323715"}],"wp:term":[{"taxonomy":"product_brand","embeddable":true,"href":"https:\/\/dev.freakuence.nl\/de\/wp-json\/wp\/v2\/product_brand?post=323715"},{"taxonomy":"product_cat","embeddable":true,"href":"https:\/\/dev.freakuence.nl\/de\/wp-json\/wp\/v2\/product_cat?post=323715"},{"taxonomy":"product_tag","embeddable":true,"href":"https:\/\/dev.freakuence.nl\/de\/wp-json\/wp\/v2\/product_tag?post=323715"}],"curies":[{"name":"wp","href":"https:\/\/api.w.org\/{rel}","templated":true}]}}