{"id":324369,"date":"2025-10-01T11:14:46","date_gmt":"2025-10-01T09:14:46","guid":{"rendered":"https:\/\/freakuence.nl\/product\/auralic-widder-g1-1\/"},"modified":"2026-04-08T16:58:17","modified_gmt":"2026-04-08T14:58:17","slug":"auralic-widder-g1-1","status":"publish","type":"product","link":"https:\/\/dev.freakuence.nl\/de\/produkt\/auralic-widder-g1-1\/","title":{"rendered":"AURALiC Widder G1.1"},"content":{"rendered":"<div class=\"product-specifications-list\">\n<div class=\"specification-item row-header\"><span class=\"spec-content\"><strong>Beschreibung Freakuence!<\/strong><\/span><\/div>\n<div class=\"specification-item row-even\"><span class=\"spec-content\">Dicker Streamer von AURALiC. Der Aries G1.1 ist ausgewogen und detailliert. Deutlich dynamisch.  <\/span><\/div>\n<div class=\"specification-item row-odd\"><span class=\"spec-content\">Ladenpreis: 2999.00<\/span><\/div>\n<div class=\"specification-item row-header\"><span class=\"spec-content\"><strong>Details<\/strong><\/span><\/div>\n<div class=\"specification-item row-even\"><span class=\"spec-content\">AURALiC ist als Marke eingestellt worden. Schade! Wir waren H\u00e4ndler der Marke und immer sehr zufrieden mit der Verarbeitungsqualit\u00e4t, die nicht zu beanstanden ist. Das ist auch der Grund, warum wir sie hier noch in den Regalen stehen haben. Roon, Tidal Connect, Qobuz Connect, Spotify Connect, alles funktioniert weiterhin reibungslos mit der neuesten Software.    <\/span><\/div>\n<div class=\"specification-item row-odd\"><span class=\"spec-content\">Machen Sie sich keine Sorgen! Wir bieten eine sehr gute 12-monatige Garantie auf gebrauchte Produkte. <\/span><\/div>\n<div class=\"specification-item row-even\"><span class=\"spec-content\">Das ist Ihre Chance, endlich Demomaterial aus dem coolsten Laden des Universums zu bekommen. Ja! Aus diesem Grund eigentlich viel mehr wert als der Neupreis, aber wir werden uns zur\u00fcckhalten. Nur f\u00fcr H\u00f6rsessions mit unseren Besuchern verwendet, hatte also keinen privaten Besitzer. <\/span><\/div>\n<div class=\"specification-item row-header\"><span class=\"spec-content\"><strong>Allgemeine Beschreibung<\/strong><\/span><\/div>\n<div class=\"specification-item row-even\"><span class=\"spec-content\">Musikstreaming in hoher Aufl\u00f6sung bis zu DSD512 und PCM 384 kHz kann entweder kabelgebunden \u00fcber Gigabit Ethernet oder kabellos \u00fcber Tri-Band WiFi erfolgen. Die Unterst\u00fctzung f\u00fcr AIFF, ALAC, APE, DIFF, DSF, FLAC, OGG, WAV und WV bietet eine gro\u00dfe Flexibilit\u00e4t bei den Dateiformaten. Digitale Ausg\u00e4nge wie AES\/EBU, Koaxial und Toslink sowie ein USB-Host f\u00fcr kompatible DACs erm\u00f6glichen eine Vielzahl von Verbindungen. Streaming-Dienste wie Amazon Music Unlimited, Qobuz, TIDAL Connect und Spotify Connect werden unterst\u00fctzt, ebenso wie Internetradio und AirPlay 2. Die Steuerung erfolgt \u00fcber die Lightning DS App f\u00fcr iOS, einen Webbrowser oder eine OpenHome-kompatible Software, und er kann als RoonReady Endpunkt eingesetzt werden. Mit einer Breite von 34 cm, einer Tiefe von 32 cm und einer H\u00f6he von 8 cm wiegt er 7,4 kg.     <\/span><\/div>\n<div class=\"specification-item row-header\"><span class=\"spec-content\"><strong>Hintergrundinformationen<\/strong><\/span><\/div>\n<div class=\"specification-item row-even\"><span class=\"spec-content\">Der AURALiC VEGA G1.1 wurde mit der gleichen Philosophie entwickelt wie die High-End-Modelle von AURALiC: kompromisslose digitale Wiedergabe. Das Designteam st\u00fctzt sich auf seinen Hintergrund in Physik und Ingenieurwesen und geht von der \u00dcberzeugung aus, dass digitale Musik reich und nat\u00fcrlich klingen sollte. Das Geh\u00e4use besteht aus schwarzem, eloxiertem Aluminium und verwendet im Inneren die Tesla-Hardwareplattform von AURALiC. Diese bietet Rechenleistung f\u00fcr fortschrittliches DSP, Upsampling und Jitter-Reduktion. Der DAC arbeitet mit einem Femto-Takt und unterst\u00fctzt Aufl\u00f6sungen bis zu 32bit\/384kHz und DSD512.    <\/span><\/div>\n<div class=\"specification-item row-header\"><span class=\"spec-content\"><strong>Geschichte der Marke<\/strong><\/span><\/div>\n<div class=\"specification-item row-even\"><span class=\"spec-content\">AURALiC wurde 2009 von Wang Xuanqian und Yuan Wang gegr\u00fcndet, die sich bei einem Konzert in Berlin kennenlernten. Ihre gemeinsame Leidenschaft f\u00fcr Musik und hochwertige Klangwiedergabe f\u00fchrte zur Gr\u00fcndung des Unternehmens. AURALiC konzentriert sich auf das Design und die Entwicklung von Audioger\u00e4ten, die sich nahtlos in moderne Innenr\u00e4ume einf\u00fcgen und einfach zu bedienen sind. Das Ziel des Unternehmens ist es, dass die Benutzer die Vorteile digitaler Musikformate genie\u00dfen k\u00f6nnen, ohne die Komplexit\u00e4t herk\u00f6mmlicher Audioger\u00e4te in Kauf nehmen zu m\u00fcssen.    Im Jahr 2025 stellte das Unternehmen seine Aktivit\u00e4ten ein.<\/span><\/div>\n<\/div>\n","protected":false},"excerpt":{"rendered":"<p>Beschreibung Freakuence! Dicker Streamer von AURALiC. Der Aries G1.1 ist ausgewogen und detailliert. Deutlich dynamisch. Ladenpreis: 2999.00 Details AURALiC ist als Marke eingestellt worden. Schade! Wir waren H\u00e4ndler der Marke und immer sehr zufrieden mit der Verarbeitungsqualit\u00e4t, die nicht zu beanstanden ist. Das ist auch der Grund, warum wir sie hier noch in den Regalen [&hellip;]<\/p>\n","protected":false},"featured_media":381857,"template":"","meta":{"_acf_changed":false,"inline_featured_image":false},"product_brand":[],"product_cat":[717,741,690],"product_tag":[571],"class_list":{"0":"post-324369","1":"product","2":"type-product","3":"status-publish","4":"has-post-thumbnail","6":"product_cat-dacs","7":"product_cat-luftschlangen","8":"product_cat-quellen","9":"product_tag-freakdemo","10":"pa_kleur-schwarz","12":"first","13":"instock","14":"sold-individually","15":"purchasable","16":"product-type-simple"},"acf":{"website":true,"show_on_homepage":false,"brand_title":"AURALiC","product_type":"Aries G1.1","color":"Schwarz","subcolor":"","reserved_status":"0"},"_links":{"self":[{"href":"https:\/\/dev.freakuence.nl\/de\/wp-json\/wp\/v2\/product\/324369","targetHints":{"allow":["GET"]}}],"collection":[{"href":"https:\/\/dev.freakuence.nl\/de\/wp-json\/wp\/v2\/product"}],"about":[{"href":"https:\/\/dev.freakuence.nl\/de\/wp-json\/wp\/v2\/types\/product"}],"wp:featuredmedia":[{"embeddable":true,"href":"https:\/\/dev.freakuence.nl\/de\/wp-json\/wp\/v2\/media\/381857"}],"wp:attachment":[{"href":"https:\/\/dev.freakuence.nl\/de\/wp-json\/wp\/v2\/media?parent=324369"}],"wp:term":[{"taxonomy":"product_brand","embeddable":true,"href":"https:\/\/dev.freakuence.nl\/de\/wp-json\/wp\/v2\/product_brand?post=324369"},{"taxonomy":"product_cat","embeddable":true,"href":"https:\/\/dev.freakuence.nl\/de\/wp-json\/wp\/v2\/product_cat?post=324369"},{"taxonomy":"product_tag","embeddable":true,"href":"https:\/\/dev.freakuence.nl\/de\/wp-json\/wp\/v2\/product_tag?post=324369"}],"curies":[{"name":"wp","href":"https:\/\/api.w.org\/{rel}","templated":true}]}}