{"id":324370,"date":"2025-10-01T11:12:18","date_gmt":"2025-10-01T09:12:18","guid":{"rendered":"https:\/\/freakuence.nl\/product\/auralic-altair-g2-2\/"},"modified":"2026-03-10T04:24:00","modified_gmt":"2026-03-10T03:24:00","slug":"auralic-altair-g2-2","status":"publish","type":"product","link":"https:\/\/dev.freakuence.nl\/de\/produkt\/auralic-altair-g2-2\/","title":{"rendered":"AURALiC Altair G2.2"},"content":{"rendered":"<div class=\"product-specifications-list\">\n<div class=\"specification-item row-header\"><span class=\"spec-content\"><strong>Beschreibung Freakuence!<\/strong><\/span><\/div>\n<div class=\"specification-item row-even\"><span class=\"spec-content\">Der Klang ist \u00fcberzeugend und l\u00e4dt dazu ein, mehr Musik zu h\u00f6ren.<\/span><\/div>\n<div class=\"specification-item row-odd\"><span class=\"spec-content\">Ladenpreis: 5999.00<\/span><\/div>\n<div class=\"specification-item row-header\"><span class=\"spec-content\"><strong>Details<\/strong><\/span><\/div>\n<div class=\"specification-item row-even\"><span class=\"spec-content\">Das ist Ihre Chance, endlich Demomaterial aus dem coolsten Laden der Welt zu bekommen. Ja! Aus diesem Grund eigentlich viel mehr wert als der Neupreis, aber wir werden uns zur\u00fcckhalten. Nur f\u00fcr H\u00f6rsessions mit unseren Besuchern verwendet, hatte also keinen privaten Besitzer. <\/span><\/div>\n<div class=\"specification-item row-header\"><span class=\"spec-content\"><strong>Allgemeine Beschreibung<\/strong><\/span><\/div>\n<div class=\"specification-item row-even\"><span class=\"spec-content\">Der AURALiC Altair G2.2 ist ein vielseitiger digitaler Audio-Streamer, der sich nahtlos in eine Vielzahl von Audio-Setups integrieren l\u00e4sst. Mit seiner Fusion DAC-Technologie kombiniert er Elemente von diskreten Ladder- und Delta-Sigma-DACs, was zu einer verfeinerten Klangwiedergabe f\u00fchrt. Die analoge Vorverst\u00e4rkersektion ist mit einer Lautst\u00e4rkeregelung mit Leiterwiderstand ausgestattet, die eine pr\u00e4zise und rauschfreie Signal\u00fcbertragung gew\u00e4hrleistet. Dank der ORFEO Class-A Ausgangsmodule kann der Altair G2.2 m\u00fchelos eine Vielzahl von Verst\u00e4rkern ansteuern. Das Ger\u00e4t unterst\u00fctzt eine breite Palette von Audioquellen, darunter Online-Streaming-Dienste, Dateien auf NAS-Laufwerken und Vinyl-Schallplatten \u00fcber einen Plattenspieler. Dank des zus\u00e4tzlichen HDMI eARC-Eingangs ist die Integration mit verschiedenen Audioger\u00e4ten ein Kinderspiel. Der Altair G2.2 bietet Flexibilit\u00e4t und Leistung f\u00fcr den anspruchsvollen Musikliebhaber.      <\/span><\/div>\n<div class=\"specification-item row-header\"><span class=\"spec-content\"><strong>Hintergrundinformationen<\/strong><\/span><\/div>\n<div class=\"specification-item row-even\"><span class=\"spec-content\">Der AURALiC ALTAIR G2.2 wurde von Xuanqian Wang, Mitbegr\u00fcnder und Chefdesigner von AURALiC, entworfen. Das Ger\u00e4t basiert auf der Tesla G3 Streaming-Plattform mit einer 64-Bit-Architektur und bis zu 25-mal mehr Rechenleistung als die Generation 1. Das Ganzmetallgeh\u00e4use besteht aus stranggepresstem Aluminium und Kupfer, um Vibrationen optimal zu d\u00e4mpfen und EMI zu reduzieren. Die interne Verdrahtung und die Komponenten wurden sorgf\u00e4ltig f\u00fcr maximale Signalintegrit\u00e4t ausgew\u00e4hlt.   <\/span><\/div>\n<div class=\"specification-item row-header\"><span class=\"spec-content\"><strong>Geschichte der Marke<\/strong><\/span><\/div>\n<div class=\"specification-item row-even\"><span class=\"spec-content\">AURALiC wurde 2009 von Wang Xuanqian und Yuan Wang gegr\u00fcndet, die sich bei einem Konzert in Berlin kennenlernten. Ihre gemeinsame Leidenschaft f\u00fcr Musik und hochwertige Klangwiedergabe f\u00fchrte zur Gr\u00fcndung des Unternehmens. AURALiC konzentriert sich auf das Design und die Entwicklung von Audioger\u00e4ten, die sich nahtlos in moderne Innenr\u00e4ume einf\u00fcgen und einfach zu bedienen sind. Das Ziel des Unternehmens ist es, dass die Benutzer die Vorteile digitaler Musikformate genie\u00dfen k\u00f6nnen, ohne die Komplexit\u00e4t herk\u00f6mmlicher Audioger\u00e4te in Kauf nehmen zu m\u00fcssen.   <\/span><\/div>\n<\/div>\n","protected":false},"excerpt":{"rendered":"<p>Beschreibung Freakuence! Der Klang ist \u00fcberzeugend und l\u00e4dt dazu ein, mehr Musik zu h\u00f6ren. Ladenpreis: 5999.00 Details Das ist Ihre Chance, endlich Demomaterial aus dem coolsten Laden der Welt zu bekommen. Ja! Aus diesem Grund eigentlich viel mehr wert als der Neupreis, aber wir werden uns zur\u00fcckhalten. Nur f\u00fcr H\u00f6rsessions mit unseren Besuchern verwendet, hatte [&hellip;]<\/p>\n","protected":false},"featured_media":334850,"template":"","meta":{"_acf_changed":false,"inline_featured_image":false},"product_brand":[],"product_cat":[549],"product_tag":[571],"class_list":{"0":"post-324370","1":"product","2":"type-product","3":"status-publish","4":"has-post-thumbnail","6":"product_cat-dac-streamer","7":"product_tag-freakdemo","8":"pa_kleur-schwarz","10":"first","11":"instock","12":"purchasable","13":"product-type-simple"},"acf":{"website":true,"show_on_homepage":false,"brand_title":"AURALiC","product_type":"Altair G2.2","color":"Schwarz","subcolor":"","reserved_status":"0"},"_links":{"self":[{"href":"https:\/\/dev.freakuence.nl\/de\/wp-json\/wp\/v2\/product\/324370","targetHints":{"allow":["GET"]}}],"collection":[{"href":"https:\/\/dev.freakuence.nl\/de\/wp-json\/wp\/v2\/product"}],"about":[{"href":"https:\/\/dev.freakuence.nl\/de\/wp-json\/wp\/v2\/types\/product"}],"wp:featuredmedia":[{"embeddable":true,"href":"https:\/\/dev.freakuence.nl\/de\/wp-json\/wp\/v2\/media\/334850"}],"wp:attachment":[{"href":"https:\/\/dev.freakuence.nl\/de\/wp-json\/wp\/v2\/media?parent=324370"}],"wp:term":[{"taxonomy":"product_brand","embeddable":true,"href":"https:\/\/dev.freakuence.nl\/de\/wp-json\/wp\/v2\/product_brand?post=324370"},{"taxonomy":"product_cat","embeddable":true,"href":"https:\/\/dev.freakuence.nl\/de\/wp-json\/wp\/v2\/product_cat?post=324370"},{"taxonomy":"product_tag","embeddable":true,"href":"https:\/\/dev.freakuence.nl\/de\/wp-json\/wp\/v2\/product_tag?post=324370"}],"curies":[{"name":"wp","href":"https:\/\/api.w.org\/{rel}","templated":true}]}}