{"id":324371,"date":"2025-10-01T11:08:58","date_gmt":"2025-10-01T09:08:58","guid":{"rendered":"https:\/\/freakuence.nl\/product\/auralic-widder-g2-2\/"},"modified":"2026-04-08T18:30:38","modified_gmt":"2026-04-08T16:30:38","slug":"auralic-widder-g2-2","status":"publish","type":"product","link":"https:\/\/dev.freakuence.nl\/de\/produkt\/auralic-widder-g2-2\/","title":{"rendered":"AURALiC Widder G2.2"},"content":{"rendered":"<div class=\"product-specifications-list\">\n<div class=\"specification-item row-header\"><span class=\"spec-content\"><strong>Beschreibung Freakuence!<\/strong><\/span><\/div>\n<div class=\"specification-item row-even\"><span class=\"spec-content\">Dicker, fetter, schwerer Streamer! Ein ernsthafter Kandidat. L\u00e4sst den Dac wirklich seine Tricks spielen. Sehr geschmeidig.   <\/span><\/div>\n<div class=\"specification-item row-odd\"><span class=\"spec-content\">Ladenpreis: 5999.00<\/span><\/div>\n<div class=\"specification-item row-header\"><span class=\"spec-content\"><strong>Details<\/strong><\/span><\/div>\n<div class=\"specification-item row-even\"><span class=\"spec-content\">AURALiC ist als Marke eingestellt worden. Schade! Wir waren H\u00e4ndler der Marke und immer sehr zufrieden mit der Verarbeitungsqualit\u00e4t, die nicht zu beanstanden ist. Das ist auch der Grund, warum wir sie hier noch in den Regalen stehen haben. Roon, Tidal Connect, Qobuz Connect, Spotify Connect, alles funktioniert weiterhin reibungslos mit der neuesten Software.    <\/span><\/div>\n<div class=\"specification-item row-odd\"><span class=\"spec-content\">Das ist Ihre Chance, endlich Demomaterial aus dem coolsten Laden der Welt zu bekommen. Ja! Aus diesem Grund eigentlich viel mehr wert als der Neupreis, aber wir werden uns zur\u00fcckhalten. Nur f\u00fcr H\u00f6rsessions mit unseren Besuchern verwendet, hatte also keinen privaten Besitzer. <\/span><\/div>\n<div class=\"specification-item row-header\"><span class=\"spec-content\"><strong>Allgemeine Beschreibung<\/strong><\/span><\/div>\n<div class=\"specification-item row-even\"><span class=\"spec-content\">Der AURALiC Aries G2.2 ist ein vielseitiger drahtloser Streaming-Transporter, der sich nahtlos in verschiedene Audio-Setups einf\u00fcgt. Mit Unterst\u00fctzung f\u00fcr verschiedene Streaming-Protokolle wie DLNA\/UPnP, OpenHome und Roon Ready bietet das Ger\u00e4t Flexibilit\u00e4t bei der Musikwiedergabe.  Mit TIDAL Connect, Spotify Connect und Apple AirPlay 2 steht Ihnen eine breite Palette an Streaming-Optionen zur Verf\u00fcgung.  <\/p>\n<p>Das Ger\u00e4t verf\u00fcgt \u00fcber die Tesla G3 Streaming-Plattform, einen 64-Bit-Quad-Core-Prozessor, der achtmal leistungsf\u00e4higer ist als sein Vorg\u00e4nger. Diese Plattform verwendet die Direct Memory Access (DMA)-Technologie, die Latenz und Jitter deutlich reduziert.   <\/p>\n<p>Das Aries G2.2 verf\u00fcgt \u00fcber ein Purer-Power-Netzteil mit doppelter Kapazit\u00e4t im Vergleich zu den Vorg\u00e4ngermodellen, das eine stabile und zuverl\u00e4ssige Stromversorgung gew\u00e4hrleistet. Das Geh\u00e4use, bekannt als Unity Chassis II, kombiniert eine \u00e4u\u00dfere Schicht aus hochwertigem Aluminium mit einer inneren Schicht aus nickelbeschichtetem Kupfer, was zu einem leisen Betrieb beitr\u00e4gt.   <\/p>\n<p>Mit der M\u00f6glichkeit, ein externes USB-CD-Laufwerk anzuschlie\u00dfen, bietet das Aries G2.2 Optionen f\u00fcr die Wiedergabe und das Rippen von CDs. Dank der Unterst\u00fctzung f\u00fcr interne NVMe SSD-Speicher und externe USB 3.0-Speicheranschl\u00fcsse k\u00f6nnen Sie Musikdateien ganz einfach speichern und wiedergeben. <\/span><\/div>\n<div class=\"specification-item row-header\"><span class=\"spec-content\"><strong>Hintergrundinformationen<\/strong><\/span><\/div>\n<div class=\"specification-item row-even\"><span class=\"spec-content\">Der AURALiC Aries G2.2 wurde von Xuanqian Wang und seinem Team mit dem Fokus auf einen reinen Signalweg und minimale Interferenzen entwickelt. Das UnityChassis II-Geh\u00e4use aus massivem Aluminium sorgt f\u00fcr optimale Abschirmung. Eine interne galvanische Isolierung trennt kritische Schaltkreise voneinander. Der Streamer verwendet eine Tesla G3-Plattform mit einer 64-Bit-Architektur und interner Kupferverkabelung f\u00fcr einen rauschfreien Signaltransport.   <\/span><\/div>\n<div class=\"specification-item row-header\"><span class=\"spec-content\"><strong>Geschichte der Marke<\/strong><\/span><\/div>\n<div class=\"specification-item row-even\"><span class=\"spec-content\">AURALiC wurde 2009 von Wang Xuanqian und Yuan Wang gegr\u00fcndet, die sich bei einem Konzert in Berlin kennenlernten. Ihre gemeinsame Leidenschaft f\u00fcr Musik und hochwertige Klangwiedergabe f\u00fchrte zur Gr\u00fcndung des Unternehmens. AURALiC konzentriert sich auf das Design und die Entwicklung von Audioger\u00e4ten, die sich nahtlos in moderne Innenr\u00e4ume einf\u00fcgen und einfach zu bedienen sind. Das Ziel des Unternehmens ist es, dass die Benutzer die Vorteile digitaler Musikformate genie\u00dfen k\u00f6nnen, ohne die Komplexit\u00e4t herk\u00f6mmlicher Audioger\u00e4te in Kauf nehmen zu m\u00fcssen.    Im Jahr 2025 stellte das Unternehmen seine Aktivit\u00e4ten ein.<\/span><\/div>\n<\/div>\n","protected":false},"excerpt":{"rendered":"<p>Beschreibung Freakuence! Dicker, fetter, schwerer Streamer! Ein ernsthafter Kandidat. L\u00e4sst den Dac wirklich seine Tricks spielen. Sehr geschmeidig. Ladenpreis: 5999.00 Details AURALiC ist als Marke eingestellt worden. Schade! Wir waren H\u00e4ndler der Marke und immer sehr zufrieden mit der Verarbeitungsqualit\u00e4t, die nicht zu beanstanden ist. Das ist auch der Grund, warum wir sie hier noch [&hellip;]<\/p>\n","protected":false},"featured_media":383466,"template":"","meta":{"_acf_changed":false,"inline_featured_image":false},"product_brand":[],"product_cat":[741,690],"product_tag":[555],"class_list":{"0":"post-324371","1":"product","2":"type-product","3":"status-publish","4":"has-post-thumbnail","6":"product_cat-luftschlangen","7":"product_cat-quellen","8":"product_tag-demo","9":"pa_kleur-schwarz","11":"first","12":"instock","13":"sold-individually","14":"purchasable","15":"product-type-simple"},"acf":{"website":true,"show_on_homepage":false,"brand_title":"AURALiC","product_type":"Aries G2.2","color":"Schwarz","subcolor":"","reserved_status":"0"},"_links":{"self":[{"href":"https:\/\/dev.freakuence.nl\/de\/wp-json\/wp\/v2\/product\/324371","targetHints":{"allow":["GET"]}}],"collection":[{"href":"https:\/\/dev.freakuence.nl\/de\/wp-json\/wp\/v2\/product"}],"about":[{"href":"https:\/\/dev.freakuence.nl\/de\/wp-json\/wp\/v2\/types\/product"}],"wp:featuredmedia":[{"embeddable":true,"href":"https:\/\/dev.freakuence.nl\/de\/wp-json\/wp\/v2\/media\/383466"}],"wp:attachment":[{"href":"https:\/\/dev.freakuence.nl\/de\/wp-json\/wp\/v2\/media?parent=324371"}],"wp:term":[{"taxonomy":"product_brand","embeddable":true,"href":"https:\/\/dev.freakuence.nl\/de\/wp-json\/wp\/v2\/product_brand?post=324371"},{"taxonomy":"product_cat","embeddable":true,"href":"https:\/\/dev.freakuence.nl\/de\/wp-json\/wp\/v2\/product_cat?post=324371"},{"taxonomy":"product_tag","embeddable":true,"href":"https:\/\/dev.freakuence.nl\/de\/wp-json\/wp\/v2\/product_tag?post=324371"}],"curies":[{"name":"wp","href":"https:\/\/api.w.org\/{rel}","templated":true}]}}