{"id":324669,"date":"2025-10-24T10:41:47","date_gmt":"2025-10-24T08:41:47","guid":{"rendered":"https:\/\/freakuence.nl\/product\/ta-caruso-r\/"},"modified":"2026-03-10T04:33:47","modified_gmt":"2026-03-10T03:33:47","slug":"ta-caruso-r","status":"publish","type":"product","link":"https:\/\/dev.freakuence.nl\/de\/produkt\/ta-caruso-r\/","title":{"rendered":"T+A Caruso R"},"content":{"rendered":"<div class=\"product-specifications-list\">\n<div class=\"specification-item row-header\"><span class=\"spec-content\"><strong>Beschreibung Freakuence!<\/strong><\/span><\/div>\n<div class=\"specification-item row-even\"><span class=\"spec-content\">Eine Spieluhr? Nein, ein W\u00fcrfel! Nett und bissig, wenn es sein muss, aber auch entspannt, wenn es erlaubt ist.  <\/span><\/div>\n<div class=\"specification-item row-odd\"><span class=\"spec-content\">Ladenpreis: 3200.00<\/span><\/div>\n<div class=\"specification-item row-header\"><span class=\"spec-content\"><strong>Allgemeine Beschreibung<\/strong><\/span><\/div>\n<div class=\"specification-item row-even\"><span class=\"spec-content\">Dieses Musiksystem bietet einen integrierten CD-Player, der mit CD-DA, CD-R und CD-RW kompatibel ist und Formate wie MP3 und WMA unterst\u00fctzt. Der Frequenzbereich reicht von 2 Hz bis 20 kHz, mit einem Signal-Rausch-Verh\u00e4ltnis von 100 dB. Der Streaming-Client unterst\u00fctzt verschiedene Formate, darunter MP3, WMA, AAC, OGG Vorbis, FLAC, WAV und ALAC, und bietet Zugriff auf Dienste wie Tidal, Deezer, Amazon Music, Qobuz und Spotify Connect. Die Netzwerkkonnektivit\u00e4t umfasst Fast Ethernet und WLAN nach dem Standard 802.11 b\/g\/n. Bluetooth-Funktionalit\u00e4t ist vorhanden, mit Unterst\u00fctzung f\u00fcr aptX\u00ae, MP3, AAC und SBC-Codecs. Das System verf\u00fcgt \u00fcber FM- und DAB+-Radio mit RDS\/RDBS-Funktionalit\u00e4t. Der Verst\u00e4rker liefert eine Nennleistung von 2 x 100 Watt an 4 Ohm und 2 x 50 Watt an 8 Ohm, mit einer Gesamtverzerrung von weniger als 0,02%. Die Eing\u00e4nge umfassen analoge und digitale Optionen sowie USB 2.0. Ausg\u00e4nge sind f\u00fcr Vorverst\u00e4rker, Subwoofer und Kopfh\u00f6rer vorhanden. Das System verwendet DSP-gesteuertes Soundmanagement und unterst\u00fctzt das Subwoofer-Management mit variablen Einstellungen zwischen 40 Hz und 150 Hz. Es ist 21 cm hoch, 29 cm breit und 29 cm tief und wiegt 7,5 kg.          <\/span><\/div>\n<div class=\"specification-item row-header\"><span class=\"spec-content\"><strong>Geschichte der Marke<\/strong><\/span><\/div>\n<div class=\"specification-item row-even\"><span class=\"spec-content\">T+A wurde 1978 in Herford, Deutschland, gegr\u00fcndet. Der Name steht f\u00fcr &#8222;Theorie und Anwendung&#8220;. Das Unternehmen konzentriert sich auf die Entwicklung und Produktion von elektronischen Systemen. Seit den Anf\u00e4ngen hat T+A mehrere Produktlinien herausgebracht, darunter Verst\u00e4rker, Lautsprecher und verwandte Komponenten. Die Marke hat eine lange Tradition in der Kombination von technischem Wissen und Anwendung in ihren Designs. Im Laufe der Jahre hat T+A mehrere Serien entwickelt, darunter die R-Serie, die es seit 1992 gibt und die einen wichtigen Teil des Angebots darstellt.     <\/span><\/div>\n<\/div>\n","protected":false},"excerpt":{"rendered":"<p>Beschreibung Freakuence! Eine Spieluhr? Nein, ein W\u00fcrfel! Nett und bissig, wenn es sein muss, aber auch entspannt, wenn es erlaubt ist. Ladenpreis: 3200.00 Allgemeine Beschreibung Dieses Musiksystem bietet einen integrierten CD-Player, der mit CD-DA, CD-R und CD-RW kompatibel ist und Formate wie MP3 und WMA unterst\u00fctzt. Der Frequenzbereich reicht von 2 Hz bis 20 kHz, [&hellip;]<\/p>\n","protected":false},"featured_media":335502,"template":"","meta":{"_acf_changed":false,"inline_featured_image":false},"product_brand":[],"product_cat":[532],"product_tag":[534],"class_list":{"0":"post-324669","1":"product","2":"type-product","3":"status-publish","4":"has-post-thumbnail","6":"product_cat-verstarker","7":"product_tag-benutzt","8":"pa_kleur-schwarz","10":"first","11":"instock","12":"purchasable","13":"product-type-simple"},"acf":{"website":true,"show_on_homepage":false,"brand_title":"T+A","product_type":"Caruso R","color":"Schwarz","subcolor":"","reserved_status":"0"},"_links":{"self":[{"href":"https:\/\/dev.freakuence.nl\/de\/wp-json\/wp\/v2\/product\/324669","targetHints":{"allow":["GET"]}}],"collection":[{"href":"https:\/\/dev.freakuence.nl\/de\/wp-json\/wp\/v2\/product"}],"about":[{"href":"https:\/\/dev.freakuence.nl\/de\/wp-json\/wp\/v2\/types\/product"}],"wp:featuredmedia":[{"embeddable":true,"href":"https:\/\/dev.freakuence.nl\/de\/wp-json\/wp\/v2\/media\/335502"}],"wp:attachment":[{"href":"https:\/\/dev.freakuence.nl\/de\/wp-json\/wp\/v2\/media?parent=324669"}],"wp:term":[{"taxonomy":"product_brand","embeddable":true,"href":"https:\/\/dev.freakuence.nl\/de\/wp-json\/wp\/v2\/product_brand?post=324669"},{"taxonomy":"product_cat","embeddable":true,"href":"https:\/\/dev.freakuence.nl\/de\/wp-json\/wp\/v2\/product_cat?post=324669"},{"taxonomy":"product_tag","embeddable":true,"href":"https:\/\/dev.freakuence.nl\/de\/wp-json\/wp\/v2\/product_tag?post=324669"}],"curies":[{"name":"wp","href":"https:\/\/api.w.org\/{rel}","templated":true}]}}