{"id":324671,"date":"2025-10-24T10:43:26","date_gmt":"2025-10-24T08:43:26","guid":{"rendered":"https:\/\/freakuence.nl\/product\/martin-logan-esl\/"},"modified":"2025-10-24T10:43:26","modified_gmt":"2025-10-24T08:43:26","slug":"martin-logan-esl","status":"publish","type":"product","link":"https:\/\/dev.freakuence.nl\/de\/produkt\/martin-logan-esl\/","title":{"rendered":"Martin Logan ESL"},"content":{"rendered":"<div class=\"product-specifications-list\">\n<div class=\"specification-item row-even\"><span class=\"spec-content\"><strong>Beschreibung Freakuence!<\/strong><\/span><\/div>\n<div class=\"specification-item row-odd\">\n<p>&nbsp;<\/p>\n<p>Sch\u00f6n! Der Diskant tanzt, die Mitte h\u00e4ngt frei im Raum. Sie nehmen ihre Arbeit ernst. Kein Schnickschnack, sondern rein. OK, spielen Sie vielleicht eine Weile mit dem Spot, denn sie sind ein bisschen pingelig. Aber Sie werden mit einem Privatkonzert belohnt.     <\/p>\n<p>&nbsp;<\/p>\n<\/div>\n<div class=\"specification-item row-even\"><span class=\"spec-content\"><strong>Details<\/strong><\/span><\/div>\n<div class=\"specification-item row-odd\"><span class=\"spec-content\">Ladenpreis: 3550.00<\/span><\/div>\n<div class=\"specification-item row-even\"><span class=\"spec-content\"><strong>Allgemeine Beschreibung<\/strong><\/span><\/div>\n<div class=\"specification-item row-odd\">\n<p>&nbsp;<\/p>\n<p>Der Lautsprecher verwendet ein gebogenes 34-Zoll-XStat\u2122-Elektrostatik-Panel f\u00fcr die Wiedergabe mittlerer und hoher Frequenzen. F\u00fcr die tiefen Frequenzen ist ein 8-Zoll-Tieft\u00f6ner mit Papiermembran integriert. Der Frequenzbereich reicht von 42 Hz bis 22 kHz, mit einer Empfindlichkeit von 91 dB bei 2,83 V\/m. Die Nennimpedanz betr\u00e4gt 6 Ohm, mit einem Minimum von 1,6 Ohm bei 20 kHz. Der Lautsprecher ist f\u00fcr Verst\u00e4rker mit einer Leistung zwischen 20 und 300 Watt pro Kanal geeignet. Seine Abmessungen sind 132,3 cm hoch, 22,9 cm breit und 41,4 cm tief. Er wiegt 16,1 kg.     <\/p>\n<p>&nbsp;<\/p>\n<\/div>\n<div class=\"specification-item row-even\"><span class=\"spec-content\"><strong>Geschichte der Marke<\/strong><\/span><\/div>\n<div class=\"specification-item row-odd\">\n<p>&nbsp;<\/p>\n<p>Martin Logan wurde von Gayle Martin Sanders und Ron Logan Sutherland gegr\u00fcndet. Die beiden Herren lernten sich in den sp\u00e4ten 1970er Jahren in einem Audiogesch\u00e4ft in Lawrence, Kansas, kennen. Kansas ist nat\u00fcrlich ein Staat in Amerika. Trotz ihres unterschiedlichen Hintergrunds (Sanders hatte eine Ausbildung in Architektur und Werbung, Sutherland in Elektrotechnik) teilten sie eine Leidenschaft f\u00fcr Musik und&#8230;. elektrostatische Lautsprecher! Der Rest ist reine Spekulation.     <\/p>\n<\/div>\n<div class=\"specification-item row-even\"><span class=\"spec-content\">Der erste Prototyp war 1980 fertig und das Team begann, mit Materialien aus der Luft- und Raumfahrt zu experimentieren, die zu einer besseren Leistung f\u00fchrten. Die Treiber wurden mit leitf\u00e4higen Beschichtungen, Isolierungen und Klebstoffen sowie einer ultraleichten Mylar-Membran zwischen zwei Statoren aus perforiertem Stahl hergestellt. <\/span><\/div>\n<div class=\"specification-item row-odd\"><span class=\"spec-content\">Der \u00d6ffentlichkeit wurde das Konzept erst 1982 auf der Consumer Electronics Show (CES) in Chicago vorgestellt. Das Design wurde mit einem CES Design and Engineering Award ausgezeichnet. Angespornt von der Resonanz, kehrten sie nach Kansas zur\u00fcck, um ihre Ideen in ein funktionierendes und marktf\u00e4higes Modell umzusetzen.  <\/span><\/div>\n<div class=\"specification-item row-even\">\n<p><span class=\"spec-content\">Die bekannte ESL-Linie geht auf das Jahr 2005 zur\u00fcck, als Martin Logan das Summit herausbrachte. Sp\u00e4ter folgten die Modelle Vista, Vantage und Stage. <\/span><\/p>\n<p>&nbsp;<\/p>\n<\/div>\n<\/div>\n","protected":false},"excerpt":{"rendered":"<p>Beschreibung Freakuence! &nbsp; Sch\u00f6n! Der Diskant tanzt, die Mitte h\u00e4ngt frei im Raum. Sie nehmen ihre Arbeit ernst. Kein Schnickschnack, sondern rein. OK, spielen Sie vielleicht eine Weile mit dem Spot, denn sie sind ein bisschen pingelig. Aber Sie werden mit einem Privatkonzert belohnt. &nbsp; Details Ladenpreis: 3550.00 Allgemeine Beschreibung &nbsp; Der Lautsprecher verwendet ein [&hellip;]<\/p>\n","protected":false},"featured_media":0,"template":"","meta":{"_acf_changed":false,"inline_featured_image":false},"product_brand":[],"product_cat":[542],"product_tag":[534],"class_list":{"0":"post-324671","1":"product","2":"type-product","3":"status-publish","5":"product_cat-redner","6":"product_tag-benutzt","7":"pa_kleur-schwarz","9":"first","10":"instock","11":"purchasable","12":"product-type-simple"},"acf":{"website":true,"show_on_homepage":false,"brand_title":"Martin Logan","product_type":"ESL","color":"Schwarz","subcolor":"","reserved_status":"0"},"_links":{"self":[{"href":"https:\/\/dev.freakuence.nl\/de\/wp-json\/wp\/v2\/product\/324671","targetHints":{"allow":["GET"]}}],"collection":[{"href":"https:\/\/dev.freakuence.nl\/de\/wp-json\/wp\/v2\/product"}],"about":[{"href":"https:\/\/dev.freakuence.nl\/de\/wp-json\/wp\/v2\/types\/product"}],"wp:attachment":[{"href":"https:\/\/dev.freakuence.nl\/de\/wp-json\/wp\/v2\/media?parent=324671"}],"wp:term":[{"taxonomy":"product_brand","embeddable":true,"href":"https:\/\/dev.freakuence.nl\/de\/wp-json\/wp\/v2\/product_brand?post=324671"},{"taxonomy":"product_cat","embeddable":true,"href":"https:\/\/dev.freakuence.nl\/de\/wp-json\/wp\/v2\/product_cat?post=324671"},{"taxonomy":"product_tag","embeddable":true,"href":"https:\/\/dev.freakuence.nl\/de\/wp-json\/wp\/v2\/product_tag?post=324671"}],"curies":[{"name":"wp","href":"https:\/\/api.w.org\/{rel}","templated":true}]}}