{"id":324799,"date":"2025-10-29T13:20:20","date_gmt":"2025-10-29T12:20:20","guid":{"rendered":"https:\/\/freakuence.nl\/product\/audioquest-red-river-rca-300cm\/"},"modified":"2026-04-08T19:53:07","modified_gmt":"2026-04-08T17:53:07","slug":"audioquest-red-river-rca-300cm","status":"publish","type":"product","link":"https:\/\/dev.freakuence.nl\/de\/produkt\/audioquest-red-river-rca-300cm\/","title":{"rendered":"AudioQuest Red River RCA 300cm"},"content":{"rendered":"<div class=\"product-specifications-list\">\n<div class=\"specification-item row-header\"><span class=\"spec-content\"><strong>Beschreibung Freakuence!<\/strong><\/span><\/div>\n<div class=\"specification-item row-even\"><span class=\"spec-content\">Dieses Kabel liefert eine neutrale und transparente Wiedergabe, mit einem offenen und detaillierten Mitteltonbereich. Die H\u00f6hen sind klar und ohne Sch\u00e4rfe, w\u00e4hrend der Bass straff und kontrolliert bleibt. Das Stereobild ist breit und gut definiert und tr\u00e4gt zu einer nat\u00fcrlichen Pr\u00e4sentation der Musik bei.  <\/span><\/div>\n<div class=\"specification-item row-odd\"><span class=\"spec-content\">Ladenpreis: 329.00<\/span><\/div>\n<div class=\"specification-item row-header\"><span class=\"spec-content\"><strong>Allgemeine Beschreibung<\/strong><\/span><\/div>\n<div class=\"specification-item row-even\"><span class=\"spec-content\">Das AudioQuest Red River 3-Meter-Cinchkabel wurde entwickelt, um eine klare und pr\u00e4zise Signal\u00fcbertragung zwischen Audioger\u00e4ten zu gew\u00e4hrleisten. Das Kabel verwendet hochwertige Materialien und eine durchdachte Konstruktion, um St\u00f6rungen zu minimieren und die Klangqualit\u00e4t zu optimieren.   <\/p>\n<p>Mit einer L\u00e4nge von 3 Metern bietet dieses Kabel gen\u00fcgend Flexibilit\u00e4t f\u00fcr verschiedene Setups, ohne dass die Signalqualit\u00e4t darunter leidet. Die robusten RCA-Anschl\u00fcsse sorgen f\u00fcr eine zuverl\u00e4ssige und dauerhafte Verbindung zwischen Ihren Audioger\u00e4ten. <\/span><\/div>\n<div class=\"specification-item row-header\"><span class=\"spec-content\"><strong>Hintergrundinformationen<\/strong><\/span><\/div>\n<div class=\"specification-item row-even\"><span class=\"spec-content\">Das AudioQuest Red River RCA (300 cm) wurde nach der Philosophie von Garth Powell und William Low entwickelt: weniger Verzerrung, mehr musikalische Wahrheit. Das Kabel enth\u00e4lt massive PSC-Leiter (Perfect Surface Copper), die die Signalverzerrung minimieren. Die 100%ige Abschirmung verhindert die Induktion von HF-Rauschen. Das Design verwendet eine dreifach ausgeglichene Geometrie und kaltgeschwei\u00dfte, vergoldete RCA-Stecker f\u00fcr optimale Leitf\u00e4higkeit ohne L\u00f6tzinn.   <\/span><\/div>\n<div class=\"specification-item row-header\"><span class=\"spec-content\"><strong>Geschichte der Marke<\/strong><\/span><\/div>\n<div class=\"specification-item row-even\"><span class=\"spec-content\">AudioQuest wurde 1980 von William E. Low in Kalifornien, USA, gegr\u00fcndet. Die Marke begann mit der manuellen Konfektionierung von Kabeln nach speziellen Designmethoden, die auf der Minimierung von Verzerrungen basieren. Seitdem hat AudioQuest eine Produktlinie entwickelt, die Interlink-Kabel, Lautsprecherkabel, Digital- und Netzwerkkabel, Netzprodukte und tragbares Zubeh\u00f6r umfasst. Das Unternehmen hat von Anfang an auf die Verwendung von gerichteten Kabeln und massiven Leitern gesetzt. Im Jahr 2012 stellte AudioQuest den DragonFly vor, einen USB-DAC. Die Produktentwicklung findet in den Vereinigten Staaten statt, w\u00e4hrend die Produktion teilweise in China und anderswo erfolgt. AudioQuest verfolgt eine Philosophie, bei der Materialauswahl, Geometrie und Verarbeitung einen direkten Einfluss auf die Leistung der Kabel haben.      <\/span><\/div>\n<\/div>\n","protected":false},"excerpt":{"rendered":"<p>Beschreibung Freakuence! Dieses Kabel liefert eine neutrale und transparente Wiedergabe, mit einem offenen und detaillierten Mitteltonbereich. Die H\u00f6hen sind klar und ohne Sch\u00e4rfe, w\u00e4hrend der Bass straff und kontrolliert bleibt. Das Stereobild ist breit und gut definiert und tr\u00e4gt zu einer nat\u00fcrlichen Pr\u00e4sentation der Musik bei. Ladenpreis: 329.00 Allgemeine Beschreibung Das AudioQuest Red River 3-Meter-Cinchkabel [&hellip;]<\/p>\n","protected":false},"featured_media":385398,"template":"","meta":{"_acf_changed":false,"inline_featured_image":false},"product_brand":[],"product_cat":[345],"product_tag":[534],"class_list":{"0":"post-324799","1":"product","2":"type-product","3":"status-publish","4":"has-post-thumbnail","6":"product_cat-speakers","7":"product_tag-benutzt","8":"pa_kleur-rot","10":"first","11":"instock","12":"sold-individually","13":"purchasable","14":"product-type-simple"},"acf":{"website":true,"show_on_homepage":false,"brand_title":"AudioQuest","product_type":"Red River RCA 300cm","color":"Rot","subcolor":"","reserved_status":"0"},"_links":{"self":[{"href":"https:\/\/dev.freakuence.nl\/de\/wp-json\/wp\/v2\/product\/324799","targetHints":{"allow":["GET"]}}],"collection":[{"href":"https:\/\/dev.freakuence.nl\/de\/wp-json\/wp\/v2\/product"}],"about":[{"href":"https:\/\/dev.freakuence.nl\/de\/wp-json\/wp\/v2\/types\/product"}],"wp:featuredmedia":[{"embeddable":true,"href":"https:\/\/dev.freakuence.nl\/de\/wp-json\/wp\/v2\/media\/385398"}],"wp:attachment":[{"href":"https:\/\/dev.freakuence.nl\/de\/wp-json\/wp\/v2\/media?parent=324799"}],"wp:term":[{"taxonomy":"product_brand","embeddable":true,"href":"https:\/\/dev.freakuence.nl\/de\/wp-json\/wp\/v2\/product_brand?post=324799"},{"taxonomy":"product_cat","embeddable":true,"href":"https:\/\/dev.freakuence.nl\/de\/wp-json\/wp\/v2\/product_cat?post=324799"},{"taxonomy":"product_tag","embeddable":true,"href":"https:\/\/dev.freakuence.nl\/de\/wp-json\/wp\/v2\/product_tag?post=324799"}],"curies":[{"name":"wp","href":"https:\/\/api.w.org\/{rel}","templated":true}]}}