{"id":324801,"date":"2025-10-29T13:21:15","date_gmt":"2025-10-29T12:21:15","guid":{"rendered":"https:\/\/freakuence.nl\/product\/audioquest-nrg-y3-300cm-2\/"},"modified":"2026-04-08T19:40:48","modified_gmt":"2026-04-08T17:40:48","slug":"audioquest-nrg-y3-300cm-2","status":"publish","type":"product","link":"https:\/\/dev.freakuence.nl\/de\/produkt\/audioquest-nrg-y3-300cm-2\/","title":{"rendered":"AudioQuest NRG-Y3 300cm"},"content":{"rendered":"<div class=\"product-specifications-list\">\n<div class=\"specification-item row-header\"><span class=\"spec-content\"><strong>Beschreibung Freakuence!<\/strong><\/span><\/div>\n<div class=\"specification-item row-even\"><span class=\"spec-content\">Kabel! Und ja, sie machen einen Unterschied, ob Sie es wollen oder nicht. Hm? <\/span><\/div>\n<div class=\"specification-item row-odd\"><span class=\"spec-content\">Ladenpreis: 259.95<\/span><\/div>\n<div class=\"specification-item row-header\"><span class=\"spec-content\"><strong>Allgemeine Beschreibung<\/strong><\/span><\/div>\n<div class=\"specification-item row-even\"><span class=\"spec-content\">Das AudioQuest NRG-Y3 ist ein Stromkabel, das die Leistung Ihrer Audio- und Videoger\u00e4te verbessert. Mit einer L\u00e4nge von 3 Metern bietet dieses Kabel gen\u00fcgend Flexibilit\u00e4t f\u00fcr verschiedene Setups. Das NRG-Y3 verwendet richtungsgesteuerte Semi-Solid Concentric Long-Grain Copper (LGC)-Leiter, die dazu beitragen, Verzerrungen zu minimieren und eine saubere Stromversorgung zu gew\u00e4hrleisten. Dar\u00fcber hinaus sorgt die ZERO-Tech-Technologie f\u00fcr eine unkomprimierte Strom\u00fcbertragung, was zu einem dynamischeren und realistischeren Klang f\u00fchrt. Die versilberten Abschirmungsdr\u00e4hte tragen zur effizienten Ableitung von HF-Rauschen bei, was die Klangqualit\u00e4t insgesamt weiter verbessert. Ganz gleich, ob Sie einen Verst\u00e4rker, DAC, Streamer oder ein anderes AV-Ger\u00e4t mit Strom versorgen m\u00f6chten, das NRG-Y3 ist eine zuverl\u00e4ssige Wahl, die zu einem besseren H\u00f6rerlebnis beitr\u00e4gt.     <\/span><\/div>\n<div class=\"specification-item row-header\"><span class=\"spec-content\"><strong>Hintergrundinformationen<\/strong><\/span><\/div>\n<div class=\"specification-item row-even\"><span class=\"spec-content\">Das AudioQuest NRG-Y3 wurde nach der Philosophie von Garth Powell entwickelt und konzentriert sich auf Rauschunterdr\u00fcckung und reine Leistungsabgabe. Das Kabel verwendet gerichtete Long-Grain Copper (LGC)-Leiter in einer halbfesten, konzentrischen Konstruktion, die Verzerrungen minimiert. Die Zero-Tech-Geometrie eliminiert Impedanzverzerrungen. Die Stecker sind vergoldet und f\u00fcr eine optimale Signalqualit\u00e4t kaltverschwei\u00dft.   <\/span><\/div>\n<div class=\"specification-item row-header\"><span class=\"spec-content\"><strong>Geschichte der Marke<\/strong><\/span><\/div>\n<div class=\"specification-item row-even\"><span class=\"spec-content\">AudioQuest wurde 1980 von William E. Low in Kalifornien, USA, gegr\u00fcndet. Die Marke begann mit der manuellen Konfektionierung von Kabeln nach speziellen Designmethoden, die auf der Minimierung von Verzerrungen basieren. Seitdem hat AudioQuest eine Produktlinie entwickelt, die Interlink-Kabel, Lautsprecherkabel, Digital- und Netzwerkkabel, Netzprodukte und tragbares Zubeh\u00f6r umfasst. Das Unternehmen hat von Anfang an auf die Verwendung von gerichteten Kabeln und massiven Leitern gesetzt. Im Jahr 2012 stellte AudioQuest den DragonFly vor, einen USB-DAC. Die Produktentwicklung findet in den Vereinigten Staaten statt, w\u00e4hrend die Produktion teilweise in China und anderswo erfolgt. AudioQuest verfolgt eine Philosophie, bei der Materialauswahl, Geometrie und Verarbeitung einen direkten Einfluss auf die Leistung der Kabel haben.      <\/span><\/div>\n<\/div>\n","protected":false},"excerpt":{"rendered":"<p>Beschreibung Freakuence! Kabel! Und ja, sie machen einen Unterschied, ob Sie es wollen oder nicht. Hm? Ladenpreis: 259.95 Allgemeine Beschreibung Das AudioQuest NRG-Y3 ist ein Stromkabel, das die Leistung Ihrer Audio- und Videoger\u00e4te verbessert. Mit einer L\u00e4nge von 3 Metern bietet dieses Kabel gen\u00fcgend Flexibilit\u00e4t f\u00fcr verschiedene Setups. Das NRG-Y3 verwendet richtungsgesteuerte Semi-Solid Concentric Long-Grain [&hellip;]<\/p>\n","protected":false},"featured_media":385363,"template":"","meta":{"_acf_changed":false,"inline_featured_image":false},"product_brand":[],"product_cat":[345],"product_tag":[534],"class_list":{"0":"post-324801","1":"product","2":"type-product","3":"status-publish","4":"has-post-thumbnail","6":"product_cat-speakers","7":"product_tag-benutzt","9":"first","10":"instock","11":"sold-individually","12":"purchasable","13":"product-type-simple"},"acf":{"website":true,"show_on_homepage":false,"brand_title":"AudioQuest","product_type":"NRG-Y3 300cm","color":"","subcolor":"","reserved_status":"0"},"_links":{"self":[{"href":"https:\/\/dev.freakuence.nl\/de\/wp-json\/wp\/v2\/product\/324801","targetHints":{"allow":["GET"]}}],"collection":[{"href":"https:\/\/dev.freakuence.nl\/de\/wp-json\/wp\/v2\/product"}],"about":[{"href":"https:\/\/dev.freakuence.nl\/de\/wp-json\/wp\/v2\/types\/product"}],"wp:featuredmedia":[{"embeddable":true,"href":"https:\/\/dev.freakuence.nl\/de\/wp-json\/wp\/v2\/media\/385363"}],"wp:attachment":[{"href":"https:\/\/dev.freakuence.nl\/de\/wp-json\/wp\/v2\/media?parent=324801"}],"wp:term":[{"taxonomy":"product_brand","embeddable":true,"href":"https:\/\/dev.freakuence.nl\/de\/wp-json\/wp\/v2\/product_brand?post=324801"},{"taxonomy":"product_cat","embeddable":true,"href":"https:\/\/dev.freakuence.nl\/de\/wp-json\/wp\/v2\/product_cat?post=324801"},{"taxonomy":"product_tag","embeddable":true,"href":"https:\/\/dev.freakuence.nl\/de\/wp-json\/wp\/v2\/product_tag?post=324801"}],"curies":[{"name":"wp","href":"https:\/\/api.w.org\/{rel}","templated":true}]}}