{"id":325017,"date":"2025-11-05T14:48:26","date_gmt":"2025-11-05T13:48:26","guid":{"rendered":"https:\/\/freakuence.nl\/product\/kef-r7-meta\/"},"modified":"2026-04-20T05:41:06","modified_gmt":"2026-04-20T03:41:06","slug":"kef-r7-meta","status":"publish","type":"product","link":"https:\/\/dev.freakuence.nl\/de\/produkt\/kef-r7-meta\/","title":{"rendered":"KEF R7 Meta"},"content":{"rendered":"<div class=\"product-specifications-list\">\n<div class=\"specification-item row-header\"><span class=\"spec-content\"><strong>Beschreibung Freakuence!<\/strong><\/span><\/div>\n<div class=\"specification-item row-even\"><span class=\"spec-content\">Gro\u00dfe S\u00e4ulen aus der sch\u00f6nen R-Linie. Klingt gro\u00dfartig und raffiniert! Die Stimmen sind sehr direkt und stehen im Vordergrund, mit einem Schlagzeug dahinter zum Beispiel. Machen Sie es sich sch\u00f6n, setzen Sie sich gut in Szene.   <\/span><\/div>\n<div class=\"specification-item row-odd\"><span class=\"spec-content\">Einzelhandelspreis: 5.250,00<\/span><\/div>\n<div class=\"specification-item row-header\"><span class=\"spec-content\"><strong>Details<\/strong><\/span><\/div>\n<div class=\"specification-item row-even\"><span class=\"spec-content\">Diese Farbe R7 Meta geht aus, weil KEF die Farbe nicht mehr liefern kann. Wir haben die letzten Exemplare vom Importeur. Also neu im Karton, volle H\u00e4ndler-Garantie. Jetzt also mit einem sch\u00f6nen Rabatt!   <\/span><\/div>\n<div class=\"specification-item row-odd\"><span class=\"spec-content\">Wir sind gerne bereit, damit zu handeln. Schicken Sie uns bitte alles, was Sie zur Verf\u00fcgung haben, wir werden gerne pr\u00fcfen, ob wir es in den Shop stellen k\u00f6nnen. <\/span><\/div>\n<div class=\"specification-item row-even\"><span class=\"spec-content\">Hier gibt es ein eingespieltes Set, damit sie beurteilt werden k\u00f6nnen.<\/span><\/div>\n<div class=\"specification-item row-header\"><span class=\"spec-content\"><strong>Allgemeine Beschreibung<\/strong><\/span><\/div>\n<div class=\"specification-item row-even\"><span class=\"spec-content\">Dieser Drei-Wege-Standlautsprecher verwendet das Uni-Q-Treibersystem der 12. Generation mit Metamaterial-Absorptionstechnologie (MAT) f\u00fcr eine kristallklare Wiedergabe von Musik und Filmen. Die beiden 16,5 cm gro\u00dfen Hybrid-Aluminium-Tieft\u00f6ner liefern eine pr\u00e4zise und dynamische Basswiedergabe. Der Frequenzbereich reicht von 33 Hz bis 50 kHz, mit einer Empfindlichkeit von 88 dB. Mit einer nominalen Impedanz von 4 Ohm und einer empfohlenen Verst\u00e4rkerleistung zwischen 15 und 250 Watt funktioniert er gut mit einer Vielzahl von Verst\u00e4rkern. Das Geh\u00e4use verf\u00fcgt \u00fcber interne Verstrebungen und Constrained Layer Damping, um unerw\u00fcnschte Vibrationen zu reduzieren. Flexible Portw\u00e4nde verhindern Resonanzen, die den Mitteltonbereich beeintr\u00e4chtigen k\u00f6nnten. Erh\u00e4ltlich in den Oberfl\u00e4chen Schwarz Hochglanz, Wei\u00df Hochglanz, Walnuss und Titanium Glanz.      <\/span><\/div>\n<div class=\"specification-item row-header\"><span class=\"spec-content\"><strong>Hintergrundinformationen<\/strong><\/span><\/div>\n<div class=\"specification-item row-even\"><span class=\"spec-content\">Die KEF R7 Meta ist ein Drei-Wege-Standlautsprecher, der mit dem Uni-Q-Treiber der 12. Generation von KEF und der innovativen MAT-Technologie ausgestattet ist, die 99 % der unerw\u00fcnschten Ger\u00e4usche hinter dem Hocht\u00f6ner absorbiert. Das Geh\u00e4use ist intern mit Constrained Layer Damping verstrebt, minimiert Resonanzen und wird in Maidstone, Gro\u00dfbritannien, sorgf\u00e4ltig abgestimmt. Ingenieure wie Jack Oclee-Brown spielen bei der Entwicklung der R-Serie eine Schl\u00fcsselrolle und konzentrieren sich auf akustische Reinheit und Pr\u00e4zision.  <\/span><\/div>\n<div class=\"specification-item row-header\"><span class=\"spec-content\"><strong>Geschichte der Marke<\/strong><\/span><\/div>\n<div class=\"specification-item row-even\"><span class=\"spec-content\">KEF wurde 1961 in Maidstone, Kent, vom ehemaligen BBC-Ringmaster Raymond Cooke gegr\u00fcndet. Der Name leitet sich von Kent Engineering &amp; Foundry ab, dem Ort, an dem sich der erste Firmensitz befand. In den Anfangsjahren entwickelte das Unternehmen Produkte aus synthetischen Materialien und mathematischen Modellen. 1973 f\u00fchrte KEF das Reference-Konzept ein, bei dem jedes Paar von Systemen elektronisch aufeinander abgestimmt wurde. In den 1980er Jahren setzte KEF digitale Technologien ein, um die Produktion zu optimieren. Im Jahr 1988 wurde das erste computergest\u00fctzte akustische Messsystem eingesetzt. Die Uni-Q-Treibertechnologie wurde 1988 eingef\u00fchrt und seitdem in mehreren Modellen eingesetzt. KEF hat mit externen Designern zusammengearbeitet, darunter Ross Lovegrove. Im Jahr 2011 wurde der Blade ver\u00f6ffentlicht, das erste Modell, das auf dem Single-Point-Source-Konzept basiert. KEF hat weltweit Niederlassungen, unter anderem in Hongkong, Deutschland, Frankreich, Japan und den USA. Der Hauptsitz und die Abteilung f\u00fcr akustische Forschung befinden sich in Maidstone.          <\/span><\/div>\n<\/div>\n","protected":false},"excerpt":{"rendered":"<p>Beschreibung Freakuence! Gro\u00dfe S\u00e4ulen aus der sch\u00f6nen R-Linie. Klingt gro\u00dfartig und raffiniert! Die Stimmen sind sehr direkt und stehen im Vordergrund, mit einem Schlagzeug dahinter zum Beispiel. Machen Sie es sich sch\u00f6n, setzen Sie sich gut in Szene. Einzelhandelspreis: 5.250,00 Details Diese Farbe R7 Meta geht aus, weil KEF die Farbe nicht mehr liefern kann. [&hellip;]<\/p>\n","protected":false},"featured_media":404590,"template":"","meta":{"_acf_changed":false,"inline_featured_image":false},"product_brand":[],"product_cat":[542],"product_tag":[564],"class_list":{"0":"post-325017","1":"product","2":"type-product","3":"status-publish","4":"has-post-thumbnail","6":"product_cat-redner","7":"product_tag-neu","8":"pa_kleur-grau","10":"first","11":"instock","12":"sold-individually","13":"purchasable","14":"product-type-simple"},"acf":{"website":true,"show_on_homepage":false,"brand_title":"KEF","product_type":"R7 Meta","color":"Grau","subcolor":"Titanium Glanz","reserved_status":"0"},"yoast_head":"<!-- This site is optimized with the Yoast SEO plugin v25.9 - https:\/\/yoast.com\/wordpress\/plugins\/seo\/ -->\n<title>KEF R7 Meta | Freakuence!<\/title>\n<meta name=\"description\" content=\"Die KEF R7 Meta Standlautsprecher bieten kristallklaren Klang und tiefe, dynamische B\u00e4sse. \u2713 Neue &amp; Gebrauchte HiFi \u2713 Kundenbewertung: 4.9 von 5 \u2713 Inzahlungnahme \u2713 H\u00f6rprobe\" \/>\n<meta name=\"robots\" content=\"noindex, follow, max-snippet:-1, max-image-preview:large, max-video-preview:-1\" \/>\n<meta property=\"og:locale\" content=\"de_DE\" \/>\n<meta property=\"og:type\" content=\"article\" \/>\n<meta property=\"og:title\" content=\"KEF R7 Meta | Freakuence!\" \/>\n<meta property=\"og:description\" content=\"Die KEF R7 Meta Standlautsprecher bieten kristallklaren Klang und tiefe, dynamische B\u00e4sse. \u2713 Neue &amp; Gebrauchte HiFi \u2713 Kundenbewertung: 4.9 von 5 \u2713 Inzahlungnahme \u2713 H\u00f6rprobe\" \/>\n<meta property=\"og:url\" content=\"https:\/\/dev.freakuence.nl\/de\/produkt\/kef-r7-meta\/\" \/>\n<meta property=\"og:site_name\" content=\"Freakuence!\" \/>\n<meta property=\"article:modified_time\" content=\"2026-04-20T03:41:06+00:00\" \/>\n<meta property=\"og:image\" content=\"https:\/\/dev.freakuence.nl\/wp-content\/uploads\/2026\/04\/17623503655277-18444-r7metatitaniumgrey.jpg\" \/>\n\t<meta property=\"og:image:width\" content=\"1200\" \/>\n\t<meta property=\"og:image:height\" content=\"1200\" \/>\n\t<meta property=\"og:image:type\" content=\"image\/jpeg\" \/>\n<meta name=\"twitter:card\" content=\"summary_large_image\" \/>\n<script type=\"application\/ld+json\" class=\"yoast-schema-graph\">{\"@context\":\"https:\/\/schema.org\",\"@graph\":[{\"@type\":\"WebPage\",\"@id\":\"https:\/\/dev.freakuence.nl\/de\/produkt\/kef-r7-meta\/\",\"url\":\"https:\/\/dev.freakuence.nl\/de\/produkt\/kef-r7-meta\/\",\"name\":\"KEF R7 Meta | Freakuence!\",\"isPartOf\":{\"@id\":\"https:\/\/dev.freakuence.nl\/de\/#website\"},\"primaryImageOfPage\":{\"@id\":\"https:\/\/dev.freakuence.nl\/de\/produkt\/kef-r7-meta\/#primaryimage\"},\"image\":{\"@id\":\"https:\/\/dev.freakuence.nl\/de\/produkt\/kef-r7-meta\/#primaryimage\"},\"thumbnailUrl\":\"https:\/\/dev.freakuence.nl\/wp-content\/uploads\/2026\/04\/17623503655277-18444-r7metatitaniumgrey.jpg\",\"datePublished\":\"2025-11-05T13:48:26+00:00\",\"dateModified\":\"2026-04-20T03:41:06+00:00\",\"description\":\"Die KEF R7 Meta Standlautsprecher bieten kristallklaren Klang und tiefe, dynamische B\u00e4sse. \u2713 Neue & Gebrauchte HiFi \u2713 Kundenbewertung: 4.9 von 5 \u2713 Inzahlungnahme \u2713 H\u00f6rprobe\",\"breadcrumb\":{\"@id\":\"https:\/\/dev.freakuence.nl\/de\/produkt\/kef-r7-meta\/#breadcrumb\"},\"inLanguage\":\"de\",\"potentialAction\":[{\"@type\":\"ReadAction\",\"target\":[\"https:\/\/dev.freakuence.nl\/de\/produkt\/kef-r7-meta\/\"]}]},{\"@type\":\"ImageObject\",\"inLanguage\":\"de\",\"@id\":\"https:\/\/dev.freakuence.nl\/de\/produkt\/kef-r7-meta\/#primaryimage\",\"url\":\"https:\/\/dev.freakuence.nl\/wp-content\/uploads\/2026\/04\/17623503655277-18444-r7metatitaniumgrey.jpg\",\"contentUrl\":\"https:\/\/dev.freakuence.nl\/wp-content\/uploads\/2026\/04\/17623503655277-18444-r7metatitaniumgrey.jpg\",\"width\":1200,\"height\":1200},{\"@type\":\"BreadcrumbList\",\"@id\":\"https:\/\/dev.freakuence.nl\/de\/produkt\/kef-r7-meta\/#breadcrumb\",\"itemListElement\":[{\"@type\":\"ListItem\",\"position\":1,\"name\":\"Startseite\",\"item\":\"https:\/\/dev.freakuence.nl\/de\/\"},{\"@type\":\"ListItem\",\"position\":2,\"name\":\"Produkte\",\"item\":\"https:\/\/dev.freakuence.nl\/de\/produkte\/\"},{\"@type\":\"ListItem\",\"position\":3,\"name\":\"KEF R7 Meta\"}]},{\"@type\":\"WebSite\",\"@id\":\"https:\/\/dev.freakuence.nl\/de\/#website\",\"url\":\"https:\/\/dev.freakuence.nl\/de\/\",\"name\":\"Freakuence!\",\"description\":\"Freakuence!\",\"publisher\":{\"@id\":\"https:\/\/dev.freakuence.nl\/de\/#organization\"},\"alternateName\":\"Freakuence\",\"potentialAction\":[{\"@type\":\"SearchAction\",\"target\":{\"@type\":\"EntryPoint\",\"urlTemplate\":\"https:\/\/dev.freakuence.nl\/de\/?s={search_term_string}\"},\"query-input\":{\"@type\":\"PropertyValueSpecification\",\"valueRequired\":true,\"valueName\":\"search_term_string\"}}],\"inLanguage\":\"de\"},{\"@type\":\"Organization\",\"@id\":\"https:\/\/dev.freakuence.nl\/de\/#organization\",\"name\":\"Freakuence!\",\"url\":\"https:\/\/dev.freakuence.nl\/de\/\",\"logo\":{\"@type\":\"ImageObject\",\"inLanguage\":\"de\",\"@id\":\"https:\/\/dev.freakuence.nl\/de\/#\/schema\/logo\/image\/\",\"url\":\"https:\/\/dev.freakuence.nl\/wp-content\/uploads\/2022\/05\/Brown_3_RGB_Freakuence-1.png\",\"contentUrl\":\"https:\/\/dev.freakuence.nl\/wp-content\/uploads\/2022\/05\/Brown_3_RGB_Freakuence-1.png\",\"width\":2560,\"height\":684,\"caption\":\"Freakuence!\"},\"image\":{\"@id\":\"https:\/\/dev.freakuence.nl\/de\/#\/schema\/logo\/image\/\"},\"sameAs\":[\"https:\/\/www.instagram.com\/freakuence_notorious_audio\/\"]}]}<\/script>\n<!-- \/ Yoast SEO plugin. -->","yoast_head_json":{"title":"KEF R7 Meta | Freakuence!","description":"Die KEF R7 Meta Standlautsprecher bieten kristallklaren Klang und tiefe, dynamische B\u00e4sse. \u2713 Neue & Gebrauchte HiFi \u2713 Kundenbewertung: 4.9 von 5 \u2713 Inzahlungnahme \u2713 H\u00f6rprobe","robots":{"index":"noindex","follow":"follow","max-snippet":"max-snippet:-1","max-image-preview":"max-image-preview:large","max-video-preview":"max-video-preview:-1"},"og_locale":"de_DE","og_type":"article","og_title":"KEF R7 Meta | Freakuence!","og_description":"Die KEF R7 Meta Standlautsprecher bieten kristallklaren Klang und tiefe, dynamische B\u00e4sse. \u2713 Neue & Gebrauchte HiFi \u2713 Kundenbewertung: 4.9 von 5 \u2713 Inzahlungnahme \u2713 H\u00f6rprobe","og_url":"https:\/\/dev.freakuence.nl\/de\/produkt\/kef-r7-meta\/","og_site_name":"Freakuence!","article_modified_time":"2026-04-20T03:41:06+00:00","og_image":[{"width":1200,"height":1200,"url":"https:\/\/dev.freakuence.nl\/wp-content\/uploads\/2026\/04\/17623503655277-18444-r7metatitaniumgrey.jpg","type":"image\/jpeg"}],"twitter_card":"summary_large_image","schema":{"@context":"https:\/\/schema.org","@graph":[{"@type":"WebPage","@id":"https:\/\/dev.freakuence.nl\/de\/produkt\/kef-r7-meta\/","url":"https:\/\/dev.freakuence.nl\/de\/produkt\/kef-r7-meta\/","name":"KEF R7 Meta | Freakuence!","isPartOf":{"@id":"https:\/\/dev.freakuence.nl\/de\/#website"},"primaryImageOfPage":{"@id":"https:\/\/dev.freakuence.nl\/de\/produkt\/kef-r7-meta\/#primaryimage"},"image":{"@id":"https:\/\/dev.freakuence.nl\/de\/produkt\/kef-r7-meta\/#primaryimage"},"thumbnailUrl":"https:\/\/dev.freakuence.nl\/wp-content\/uploads\/2026\/04\/17623503655277-18444-r7metatitaniumgrey.jpg","datePublished":"2025-11-05T13:48:26+00:00","dateModified":"2026-04-20T03:41:06+00:00","description":"Die KEF R7 Meta Standlautsprecher bieten kristallklaren Klang und tiefe, dynamische B\u00e4sse. \u2713 Neue & Gebrauchte HiFi \u2713 Kundenbewertung: 4.9 von 5 \u2713 Inzahlungnahme \u2713 H\u00f6rprobe","breadcrumb":{"@id":"https:\/\/dev.freakuence.nl\/de\/produkt\/kef-r7-meta\/#breadcrumb"},"inLanguage":"de","potentialAction":[{"@type":"ReadAction","target":["https:\/\/dev.freakuence.nl\/de\/produkt\/kef-r7-meta\/"]}]},{"@type":"ImageObject","inLanguage":"de","@id":"https:\/\/dev.freakuence.nl\/de\/produkt\/kef-r7-meta\/#primaryimage","url":"https:\/\/dev.freakuence.nl\/wp-content\/uploads\/2026\/04\/17623503655277-18444-r7metatitaniumgrey.jpg","contentUrl":"https:\/\/dev.freakuence.nl\/wp-content\/uploads\/2026\/04\/17623503655277-18444-r7metatitaniumgrey.jpg","width":1200,"height":1200},{"@type":"BreadcrumbList","@id":"https:\/\/dev.freakuence.nl\/de\/produkt\/kef-r7-meta\/#breadcrumb","itemListElement":[{"@type":"ListItem","position":1,"name":"Startseite","item":"https:\/\/dev.freakuence.nl\/de\/"},{"@type":"ListItem","position":2,"name":"Produkte","item":"https:\/\/dev.freakuence.nl\/de\/produkte\/"},{"@type":"ListItem","position":3,"name":"KEF R7 Meta"}]},{"@type":"WebSite","@id":"https:\/\/dev.freakuence.nl\/de\/#website","url":"https:\/\/dev.freakuence.nl\/de\/","name":"Freakuence!","description":"Freakuence!","publisher":{"@id":"https:\/\/dev.freakuence.nl\/de\/#organization"},"alternateName":"Freakuence","potentialAction":[{"@type":"SearchAction","target":{"@type":"EntryPoint","urlTemplate":"https:\/\/dev.freakuence.nl\/de\/?s={search_term_string}"},"query-input":{"@type":"PropertyValueSpecification","valueRequired":true,"valueName":"search_term_string"}}],"inLanguage":"de"},{"@type":"Organization","@id":"https:\/\/dev.freakuence.nl\/de\/#organization","name":"Freakuence!","url":"https:\/\/dev.freakuence.nl\/de\/","logo":{"@type":"ImageObject","inLanguage":"de","@id":"https:\/\/dev.freakuence.nl\/de\/#\/schema\/logo\/image\/","url":"https:\/\/dev.freakuence.nl\/wp-content\/uploads\/2022\/05\/Brown_3_RGB_Freakuence-1.png","contentUrl":"https:\/\/dev.freakuence.nl\/wp-content\/uploads\/2022\/05\/Brown_3_RGB_Freakuence-1.png","width":2560,"height":684,"caption":"Freakuence!"},"image":{"@id":"https:\/\/dev.freakuence.nl\/de\/#\/schema\/logo\/image\/"},"sameAs":["https:\/\/www.instagram.com\/freakuence_notorious_audio\/"]}]}},"_links":{"self":[{"href":"https:\/\/dev.freakuence.nl\/de\/wp-json\/wp\/v2\/product\/325017","targetHints":{"allow":["GET"]}}],"collection":[{"href":"https:\/\/dev.freakuence.nl\/de\/wp-json\/wp\/v2\/product"}],"about":[{"href":"https:\/\/dev.freakuence.nl\/de\/wp-json\/wp\/v2\/types\/product"}],"wp:featuredmedia":[{"embeddable":true,"href":"https:\/\/dev.freakuence.nl\/de\/wp-json\/wp\/v2\/media\/404590"}],"wp:attachment":[{"href":"https:\/\/dev.freakuence.nl\/de\/wp-json\/wp\/v2\/media?parent=325017"}],"wp:term":[{"taxonomy":"product_brand","embeddable":true,"href":"https:\/\/dev.freakuence.nl\/de\/wp-json\/wp\/v2\/product_brand?post=325017"},{"taxonomy":"product_cat","embeddable":true,"href":"https:\/\/dev.freakuence.nl\/de\/wp-json\/wp\/v2\/product_cat?post=325017"},{"taxonomy":"product_tag","embeddable":true,"href":"https:\/\/dev.freakuence.nl\/de\/wp-json\/wp\/v2\/product_tag?post=325017"}],"curies":[{"name":"wp","href":"https:\/\/api.w.org\/{rel}","templated":true}]}}