{"id":325148,"date":"2025-11-06T10:08:35","date_gmt":"2025-11-06T09:08:35","guid":{"rendered":"https:\/\/freakuence.nl\/product\/linn-majik-ds-0\/"},"modified":"2026-04-08T18:52:02","modified_gmt":"2026-04-08T16:52:02","slug":"linn-majik-ds-0","status":"publish","type":"product","link":"https:\/\/dev.freakuence.nl\/de\/produkt\/linn-majik-ds-0\/","title":{"rendered":"Linn Majik DS\/0"},"content":{"rendered":"<div class=\"product-specifications-list\">\n<div class=\"specification-item row-header\"><span class=\"spec-content\"><strong>Beschreibung Freakuence!<\/strong><\/span><\/div>\n<div class=\"specification-item row-even\"><span class=\"spec-content\">Linn und seine Streamer: immer gut. Punkt! Die Majik ist ihr Einstiegsmodell, spielt aber auf einem viel h\u00f6heren Niveau als z.B. die Bluesound. Sehr detailliert, mit einer tiefen und breiten B\u00fchne. Was auff\u00e4llt, ist der gro\u00dfe Raum um alles herum. Durch die M\u00f6glichkeit, die Abmessungen des Raums und die vorhandenen Lautsprecher einzugeben, hebt er das durchschnittliche Set auf. Tidal, Spotify, Qubuz, usw. Kein Problem mit der Linn-App. Herzlich willkommen zu einer Vorf\u00fchrung!        <\/span><\/div>\n<div class=\"specification-item row-header\"><span class=\"spec-content\"><strong>Allgemeine Beschreibung<\/strong><\/span><\/div>\n<div class=\"specification-item row-even\"><span class=\"spec-content\">Der Linn Majik DS\/0 ist ein digitaler Musikplayer, der Ihre Musiksammlung zum Leben erweckt. Mit Unterst\u00fctzung f\u00fcr verschiedene Audioformate, darunter FLAC, WAV, MP3 und AIFF, bietet das Ger\u00e4t ein vielseitiges H\u00f6rerlebnis. Der Majik DS\/0 ist so konzipiert, dass er sich \u00fcber eine Standard-Ethernet-Verbindung problemlos in Ihr Heimnetzwerk einbinden l\u00e4sst und so einen m\u00fchelosen Zugriff auf Ihre gespeicherten Musikdateien erm\u00f6glicht. Au\u00dferdem bietet er Zugang zum SHOUTcast Internetradio, so dass Sie eine gro\u00dfe Auswahl an Radiosendern aus der ganzen Welt genie\u00dfen k\u00f6nnen. Das Ger\u00e4t ist UPnP-kompatibel, was eine nahtlose Integration mit verschiedenen Medienservern und Steuerger\u00e4ten gew\u00e4hrleistet. Dank der eingebauten Lautst\u00e4rkeregelung k\u00f6nnen Sie den Majik DS\/0 direkt an einen Leistungsverst\u00e4rker anschlie\u00dfen, was eine einfache und hochwertige Einrichtung erm\u00f6glicht. Sein kompaktes und schlankes Design macht ihn zu einer stilvollen Erg\u00e4nzung f\u00fcr jede Einrichtung. Mit dem Majik DS\/0 erhalten Sie einen zuverl\u00e4ssigen und vielseitigen Musikplayer, der Ihr H\u00f6rerlebnis auf die n\u00e4chste Stufe hebt.       <\/span><\/div>\n<div class=\"specification-item row-header\"><span class=\"spec-content\"><strong>Hintergrundinformationen<\/strong><\/span><\/div>\n<div class=\"specification-item row-even\"><span class=\"spec-content\">Der Linn Majik DS\/0 ist ein Netzwerkplayer, der in Schottland von Linn Products entwickelt und hergestellt wird. Er geh\u00f6rt zur Majik-Serie und verwendet die von Linn entwickelte Klimax-Level-DAC-Technologie. Das Ger\u00e4t verwendet sorgf\u00e4ltig ausgew\u00e4hlte Komponenten mit intern symmetrischen Schaltungen f\u00fcr minimale Interferenzen. Das massive Aluminiumgeh\u00e4use schirmt elektromagnetische St\u00f6rungen ab. Linn entwickelt und fertigt fast alle Komponenten im eigenen Haus in Schottland gem\u00e4\u00df seiner &#8222;Source-First&#8220;-Philosophie.    <\/span><\/div>\n<div class=\"specification-item row-header\"><span class=\"spec-content\"><strong>Geschichte der Marke<\/strong><\/span><\/div>\n<div class=\"specification-item row-even\"><span class=\"spec-content\">Linn wurde 1973 von Ivor Tiefenbrun gegr\u00fcndet. Es begann mit der Produktion des Sondek LP12, eines Plattenspielers, der in den folgenden Jahren kontinuierlich verbessert wurde. Eine der ersten Innovationen war die Einf\u00fchrung eines externen Netzteils, des Valhalla, und weitere wichtige Entwicklungen folgten sp\u00e4ter, wie die Einf\u00fchrung des Lingo-Netzteils im Jahr 1990. Im Jahr 1986 brachte Linn den Troika-Tonabnehmer auf den Markt, der eine verbesserte Signalwiedergabe bot. In den 1990er Jahren erweiterte Linn sein Angebot um digitale Produkte, wie den Karik\/Numerik CD-Player, und brachte 1994 das Knekt Multiroom-System auf den Markt. Linn stellt fast alles selbst her. Schauen Sie sich ihre PCB-Baumaschine online an!      <\/span><\/div>\n<\/div>\n","protected":false},"excerpt":{"rendered":"<p>Beschreibung Freakuence! Linn und seine Streamer: immer gut. Punkt! Die Majik ist ihr Einstiegsmodell, spielt aber auf einem viel h\u00f6heren Niveau als z.B. die Bluesound. Sehr detailliert, mit einer tiefen und breiten B\u00fchne. Was auff\u00e4llt, ist der gro\u00dfe Raum um alles herum. Durch die M\u00f6glichkeit, die Abmessungen des Raums und die vorhandenen Lautsprecher einzugeben, hebt [&hellip;]<\/p>\n","protected":false},"featured_media":384407,"template":"","meta":{"_acf_changed":false,"inline_featured_image":false},"product_brand":[],"product_cat":[741,690],"product_tag":[534],"class_list":{"0":"post-325148","1":"product","2":"type-product","3":"status-publish","4":"has-post-thumbnail","6":"product_cat-luftschlangen","7":"product_cat-quellen","8":"product_tag-benutzt","9":"pa_kleur-schwarz","11":"first","12":"instock","13":"sold-individually","14":"purchasable","15":"product-type-simple"},"acf":{"website":true,"show_on_homepage":false,"brand_title":"Linn","product_type":"Majik DS\/0","color":"Schwarz","subcolor":"","reserved_status":"0"},"_links":{"self":[{"href":"https:\/\/dev.freakuence.nl\/de\/wp-json\/wp\/v2\/product\/325148","targetHints":{"allow":["GET"]}}],"collection":[{"href":"https:\/\/dev.freakuence.nl\/de\/wp-json\/wp\/v2\/product"}],"about":[{"href":"https:\/\/dev.freakuence.nl\/de\/wp-json\/wp\/v2\/types\/product"}],"wp:featuredmedia":[{"embeddable":true,"href":"https:\/\/dev.freakuence.nl\/de\/wp-json\/wp\/v2\/media\/384407"}],"wp:attachment":[{"href":"https:\/\/dev.freakuence.nl\/de\/wp-json\/wp\/v2\/media?parent=325148"}],"wp:term":[{"taxonomy":"product_brand","embeddable":true,"href":"https:\/\/dev.freakuence.nl\/de\/wp-json\/wp\/v2\/product_brand?post=325148"},{"taxonomy":"product_cat","embeddable":true,"href":"https:\/\/dev.freakuence.nl\/de\/wp-json\/wp\/v2\/product_cat?post=325148"},{"taxonomy":"product_tag","embeddable":true,"href":"https:\/\/dev.freakuence.nl\/de\/wp-json\/wp\/v2\/product_tag?post=325148"}],"curies":[{"name":"wp","href":"https:\/\/api.w.org\/{rel}","templated":true}]}}