{"id":325234,"date":"2025-11-06T10:28:17","date_gmt":"2025-11-06T09:28:17","guid":{"rendered":"https:\/\/freakuence.nl\/product\/cocktail-audio-n15d\/"},"modified":"2026-03-10T06:11:25","modified_gmt":"2026-03-10T05:11:25","slug":"cocktail-audio-n15d","status":"publish","type":"product","link":"https:\/\/dev.freakuence.nl\/de\/produkt\/cocktail-audio-n15d\/","title":{"rendered":"Cocktail Audio N15D"},"content":{"rendered":"<p><strong>Beschreibung Freakuence!<\/strong><\/p>\n<p>Mit dem ESS ES9018K2M Sabre32 Reference DAC an Bord liefert dieser Netzwerkplayer eine klare und detaillierte Wiedergabe, die sowohl die H\u00f6hen als auch die Tiefen gut zur Geltung bringt.  <\/p>\n<p><strong>Ladenpreis:<\/strong> 699.00<\/p>\n<p><strong>Details<\/strong><\/p>\n<p>Ausgestattet mit 2TB SSD.<\/p>\n<p><strong>Allgemeine Beschreibung<\/strong><\/p>\n<p>Der Cocktail Audio N15D ist ein vielseitiger Netzwerkplayer, der Ihr bestehendes Audiosystem um Streaming-Funktionen erweitert. Dank der Unterst\u00fctzung von Diensten wie TIDAL, Qobuz und Deezer k\u00f6nnen Sie auf eine breite Palette von Musik zugreifen.  Dar\u00fcber hinaus k\u00f6nnen Sie mit der integrierten UPnP\/DLNA-Funktionalit\u00e4t ganz einfach Musik von anderen Ger\u00e4ten in Ihrem Netzwerk streamen.  <\/p>\n<p>Eine praktische Funktion ist die M\u00f6glichkeit, eine 2,5-Zoll-Festplatte oder eine SSD zu installieren, damit Sie Ihre eigene Musiksammlung lokal speichern und verwalten k\u00f6nnen. Das N15D ist au\u00dferdem mit einem USB-DAC ausgestattet, so dass Sie es f\u00fcr eine hochwertige Klangwiedergabe an Ihren Computer anschlie\u00dfen k\u00f6nnen.   <\/p>\n<p>Die Steuerung ist einfach mit der NOVATRON Music X App, die sowohl f\u00fcr iOS als auch f\u00fcr Android verf\u00fcgbar ist. Mit dieser App k\u00f6nnen Sie das N15D aus der Ferne steuern und Ihre Musiksammlung verwalten.   <\/p>\n<p>Das N15D ist mit Roon kompatibel und bietet ein integriertes Musikerlebnis. Mit seinem kompakten Design und den verschiedenen Anschlussm\u00f6glichkeiten ist das N15D eine praktische Erg\u00e4nzung zu Ihrem Audiosystem.   <\/p>\n<p><strong>Hintergrundinformationen<\/strong><\/p>\n<p>Der Cocktail Audio N15D wurde als kompakter Netzwerk-Streamer mit High-End-DAC-Funktionalit\u00e4t entwickelt. Der Hersteller, Novatron aus S\u00fcdkorea, konzentriert sich auf die reine Signalwiedergabe und integriert einen ESS Sabre DAC f\u00fcr Pr\u00e4zision und Musikalit\u00e4t. Das Geh\u00e4use besteht aus massivem Aluminium f\u00fcr mechanische Stabilit\u00e4t und minimale Vibrationen. Die Elemente sind intern sorgf\u00e4ltig verdrahtet, wobei ein Schwerpunkt auf kurzen Signalwegen liegt.   <\/p>\n","protected":false},"excerpt":{"rendered":"<p>Beschreibung Freakuence! Mit dem ESS ES9018K2M Sabre32 Reference DAC an Bord liefert dieser Netzwerkplayer eine klare und detaillierte Wiedergabe, die sowohl die H\u00f6hen als auch die Tiefen gut zur Geltung bringt. Ladenpreis: 699.00 Details Ausgestattet mit 2TB SSD. Allgemeine Beschreibung Der Cocktail Audio N15D ist ein vielseitiger Netzwerkplayer, der Ihr bestehendes Audiosystem um Streaming-Funktionen erweitert. [&hellip;]<\/p>\n","protected":false},"featured_media":325235,"template":"","meta":{"_acf_changed":false,"inline_featured_image":false},"product_brand":[],"product_cat":[549],"product_tag":[534],"class_list":{"0":"post-325234","1":"product","2":"type-product","3":"status-publish","4":"has-post-thumbnail","6":"product_cat-dac-streamer","7":"product_tag-benutzt","8":"pa_kleur-silber","10":"first","11":"instock","12":"sold-individually","13":"purchasable","14":"product-type-simple"},"acf":{"website":true,"show_on_homepage":false,"brand_title":"Cocktail Audio","product_type":"N15D","color":"Silber","subcolor":"","reserved_status":"0"},"_links":{"self":[{"href":"https:\/\/dev.freakuence.nl\/de\/wp-json\/wp\/v2\/product\/325234","targetHints":{"allow":["GET"]}}],"collection":[{"href":"https:\/\/dev.freakuence.nl\/de\/wp-json\/wp\/v2\/product"}],"about":[{"href":"https:\/\/dev.freakuence.nl\/de\/wp-json\/wp\/v2\/types\/product"}],"wp:featuredmedia":[{"embeddable":true,"href":"https:\/\/dev.freakuence.nl\/de\/wp-json\/wp\/v2\/media\/325235"}],"wp:attachment":[{"href":"https:\/\/dev.freakuence.nl\/de\/wp-json\/wp\/v2\/media?parent=325234"}],"wp:term":[{"taxonomy":"product_brand","embeddable":true,"href":"https:\/\/dev.freakuence.nl\/de\/wp-json\/wp\/v2\/product_brand?post=325234"},{"taxonomy":"product_cat","embeddable":true,"href":"https:\/\/dev.freakuence.nl\/de\/wp-json\/wp\/v2\/product_cat?post=325234"},{"taxonomy":"product_tag","embeddable":true,"href":"https:\/\/dev.freakuence.nl\/de\/wp-json\/wp\/v2\/product_tag?post=325234"}],"curies":[{"name":"wp","href":"https:\/\/api.w.org\/{rel}","templated":true}]}}