{"id":325434,"date":"2025-11-17T15:28:41","date_gmt":"2025-11-17T14:28:41","guid":{"rendered":"https:\/\/freakuence.nl\/product\/conrad-johnson-premier-140-c1\/"},"modified":"2026-03-10T06:09:48","modified_gmt":"2026-03-10T05:09:48","slug":"conrad-johnson-premier-140-c1","status":"publish","type":"product","link":"https:\/\/dev.freakuence.nl\/de\/produkt\/conrad-johnson-premier-140-c1\/","title":{"rendered":"Conrad Johnson Premier 140 (C1)"},"content":{"rendered":"<div class=\"product-specifications-list\">\n<div class=\"specification-item row-even\"><span class=\"spec-content\"><strong>Beschreibung Freakuence!<\/strong><\/span><\/div>\n<div class=\"specification-item row-odd\"><span class=\"spec-content\"><\/p>\n<p>Sehr dicker R\u00f6hrenverst\u00e4rker. Ein Genuss. Er spielt auf h\u00f6chstem Niveau. Neugierig geworden? Schicken Sie eine Nachricht!    <\/p>\n<p><\/span><\/div>\n<div class=\"specification-item row-even\"><span class=\"spec-content\"><strong>Details<\/strong><\/span><\/div>\n<div class=\"specification-item row-odd\"><span class=\"spec-content\">Vom H\u00e4ndler D\u00e9 Hifiwinkel an den Hersteller zur\u00fcckgeschickt, um ein werksseitiges C1 Teflon-Upgrade f\u00fcr 3500,00 zu erhalten, das ihn auf das Niveau des aktuellen cj Classic 120 se bringt. Durch das Upgrade (inkl. Anpassung der Versorgungsschiene) l\u00e4uft er jetzt m\u00fchelos mit 8 KT120 R\u00f6hren und die angegebenen 2&#215;140 Watt sind sehr konservativ. Mit sch\u00f6nen NOS Philips Treiberr\u00f6hren.  <\/span><\/div>\n<div class=\"specification-item row-even\"><span class=\"spec-content\"><strong>Allgemeine Beschreibung<\/strong><\/span><\/div>\n<div class=\"specification-item row-odd\"><span class=\"spec-content\"><\/p>\n<p>Der Conrad-Johnson Premier 140 ist ein R\u00f6hrenverst\u00e4rker, der f\u00fcr seine warme und detaillierte Klangwiedergabe bekannt ist. Mit einer Leistung von 140 Watt pro Kanal bietet dieser Verst\u00e4rker genug Power f\u00fcr eine Vielzahl von Lautsprechersystemen. F\u00fcr seine Konstruktion wurden hochwertige Komponenten verwendet, darunter 6550er R\u00f6hren, die zu seiner musikalischen Leistung beitragen. Der Premier 140 verf\u00fcgt \u00fcber eine aktive Vorspannungsanpassung, die f\u00fcr thermische Stabilit\u00e4t und gleichm\u00e4\u00dfigen Betrieb sorgt. Das robuste Chassis und die Sorgfalt bei der Konstruktion unterstreichen die Qualit\u00e4t dieses Verst\u00e4rkers. F\u00fcr Liebhaber von R\u00f6hrensound bietet der Premier 140 ein beeindruckendes H\u00f6rerlebnis.     <\/p>\n<p><\/span><\/div>\n<div class=\"specification-item row-even\"><span class=\"spec-content\"><strong>Geschichte der Marke<\/strong><\/span><\/div>\n<div class=\"specification-item row-odd\"><span class=\"spec-content\"><\/p>\n<p>Gegr\u00fcndet Mitte der 1970er Jahre in den USA von zwei Freunden mit einem alles andere als musikalischen Hintergrund. Denn Dr. William Conrad und Dr. Lewis Johnson waren von Beruf Wirtschaftswissenschaftler&#8230; aber mit einer sehr gro\u00dfen audiophilen Leidenschaft.  Die Produkte von Conrad-Johnson werden mit einfachen Schaltungen realisiert, aber mit hochwertigen, ma\u00dfgeschneiderten Komponenten gebaut.  <\/p>\n<p><\/span><\/div>\n<\/div>\n","protected":false},"excerpt":{"rendered":"<p>Beschreibung Freakuence! Sehr dicker R\u00f6hrenverst\u00e4rker. Ein Genuss. Er spielt auf h\u00f6chstem Niveau. Neugierig geworden? Schicken Sie eine Nachricht! Details Vom H\u00e4ndler D\u00e9 Hifiwinkel an den Hersteller zur\u00fcckgeschickt, um ein werksseitiges C1 Teflon-Upgrade f\u00fcr 3500,00 zu erhalten, das ihn auf das Niveau des aktuellen cj Classic 120 se bringt. Durch das Upgrade (inkl. Anpassung der Versorgungsschiene) [&hellip;]<\/p>\n","protected":false},"featured_media":352728,"template":"","meta":{"_acf_changed":false,"inline_featured_image":false},"product_brand":[],"product_cat":[557],"product_tag":[534],"class_list":{"0":"post-325434","1":"product","2":"type-product","3":"status-publish","4":"has-post-thumbnail","6":"product_cat-rohrenverstarker","7":"product_tag-benutzt","8":"pa_kleur-gold","10":"first","11":"instock","12":"purchasable","13":"product-type-simple"},"acf":{"website":true,"show_on_homepage":false,"brand_title":"Conrad Johnson","product_type":"Premier 140 (C1)","color":"Gold","subcolor":"","reserved_status":"0"},"_links":{"self":[{"href":"https:\/\/dev.freakuence.nl\/de\/wp-json\/wp\/v2\/product\/325434","targetHints":{"allow":["GET"]}}],"collection":[{"href":"https:\/\/dev.freakuence.nl\/de\/wp-json\/wp\/v2\/product"}],"about":[{"href":"https:\/\/dev.freakuence.nl\/de\/wp-json\/wp\/v2\/types\/product"}],"wp:featuredmedia":[{"embeddable":true,"href":"https:\/\/dev.freakuence.nl\/de\/wp-json\/wp\/v2\/media\/352728"}],"wp:attachment":[{"href":"https:\/\/dev.freakuence.nl\/de\/wp-json\/wp\/v2\/media?parent=325434"}],"wp:term":[{"taxonomy":"product_brand","embeddable":true,"href":"https:\/\/dev.freakuence.nl\/de\/wp-json\/wp\/v2\/product_brand?post=325434"},{"taxonomy":"product_cat","embeddable":true,"href":"https:\/\/dev.freakuence.nl\/de\/wp-json\/wp\/v2\/product_cat?post=325434"},{"taxonomy":"product_tag","embeddable":true,"href":"https:\/\/dev.freakuence.nl\/de\/wp-json\/wp\/v2\/product_tag?post=325434"}],"curies":[{"name":"wp","href":"https:\/\/api.w.org\/{rel}","templated":true}]}}